{"id":99,"date":"2015-03-16T07:22:54","date_gmt":"2015-03-16T07:22:54","guid":{"rendered":"http:\/\/blogsaverroes.juntadeandalucia.es\/pre\/ceip\/?page_id=99"},"modified":"2025-10-08T11:00:59","modified_gmt":"2025-10-08T11:00:59","slug":"comedor-escolar","status":"publish","type":"page","link":"https:\/\/blogsaverroes.juntadeandalucia.es\/ceipastigi\/comedor-escolar\/","title":{"rendered":"Comedor escolar"},"content":{"rendered":"<p>Nuestro comedor es un servicio complementario que resulta de gran utilidad a las familias como ayuda para conciliar la vida laboral y familiar. Tiene una duraci\u00f3n de hasta dos horas desde que acaba la jornada escolar (de 14:00 a 16:00 horas).<\/p>\n<p>Promueve&nbsp;una alimentaci\u00f3n saludable que est\u00e1 supervisada por nutricionistas y que, entre otros aspectos, se caracteriza por:<\/p>\n<ul>\n<li>Una mayor proporci\u00f3n de verdura en los men\u00fas.<\/li>\n<li>Fruta fresca como postre al menos cuatro d\u00edas a la semana.<\/li>\n<li>Uso de aceite de oliva virgen extra.<\/li>\n<li>M\u00e1s pescado que carne, que debe ser magra.<\/li>\n<li>Prohibici\u00f3n de los alimentos precocinados y limitaci\u00f3n de los fritos.<\/li>\n<li>Apuesta por la dieta mediterr\u00e1nea y los productos ecol\u00f3gicos.<\/li>\n<\/ul>\n<p><strong>&nbsp;<\/strong><\/p>\n<p><strong>Solicitudes y bajas.<\/strong><\/p>\n<p>La solicitud de plaza deber\u00e1 realizarse en el Colegio rellenado el formulario (<a href=\"https:\/\/blogsaverroes.juntadeandalucia.es\/ceipastigi\/files\/2024\/05\/ANEXO-II.pdf\">ANEXO II<\/a>) y presentando la vida laboral actual de los padres y un certificado de empresa en el que figure el horario de trabajo.<\/p>\n<p>La solicitud de baja en el servicio de comedor deber\u00e1 presentarse tambi\u00e9n en la secretar\u00eda del Colegio cumplimentando el este modelo. (<a style=\"font-family: 'Open Sans', sans-serif;font-size: 15px;font-style: normal;font-weight: 400;color: #d54e21\" href=\"http:\/\/blogsaverroes.juntadeandalucia.es\/ceipastigi\/comedor-escolar\/solicitud_baja_paf-1\/\" rel=\"attachment wp-att-2961\">Modelo de solicitud de baja<\/a>).<\/p>\n<p><strong>Precio del Servicio.<\/strong><\/p>\n<p>El precio es <strong>5,54 euros<\/strong> al d\u00eda. Con la bonificaci\u00f3n correspondiente, si la hubiera, y multiplicando por el n\u00famero de d\u00edas de servicio de cada mes se obtiene el recibo mensual.<\/p>\n<p>El cobro del Servicio de Comedor se realiza entre el 5 y 10 del mes siguiente, por domiciliaci\u00f3n bancaria.<\/p>\n<p><strong>Empresa de catering.<\/strong><\/p>\n<p>La empresa concesionaria del servicio es HERMANOS GONZ\u00c1LEZ.<\/p>\n<p>Las AUSENCIAS del Servicio de Comedor: Tienen que ser comunicadas v\u00eda telem\u00e1tica, a trav\u00e9s la App M\u00f3vil \u201cComedor Escolar como en Casa\u201d con preaviso de 3 d\u00edas del d\u00eda de la comunicaci\u00f3n de ausencia\/presencia, tiene que existir 3 d\u00edas h\u00e1biles entre el d\u00eda de aviso y el d\u00eda de ausencia.<\/p>\n<p>SE ADJUNTA CIRCULAR DE LA EMPRESA CON TODA LA INFORMACI\u00d3N.&nbsp; &nbsp;<\/p>\n<p><a href=\"https:\/\/blogsaverroes.juntadeandalucia.es\/ceipastigi\/files\/2025\/10\/comunicacion-comedor-2025-26.pdf\">CIRCULAR<\/a>&nbsp;<\/p>\n<p><strong>Organizaci\u00f3n del Servicio<\/strong><\/p>\n<p>Nuestro Centro tiene autorizadas 115 plazas de comedor, pero actualmente contamos con 171 usuarios. El servicio est\u00e1 atendido actualmente por 6 monitores y 2 ayudantes de cocina. Puesto que la capacidad en presencia simult\u00e1nea de nuestra instalaci\u00f3n es de 54 usuarios, nos hemos visto obligados a habilitar tres espacios m\u00e1s y a realizar 2 turnos.<\/p>\n<p>&nbsp;<\/p>\n<table>\n<tbody>\n<tr>\n<td width=\"189\"><strong>TURNO<\/strong><\/td>\n<td width=\"189\"><strong>HORARIO<\/strong><\/td>\n<td width=\"189\"><strong>ALUMNADO<\/strong><\/td>\n<\/tr>\n<tr>\n<td width=\"189\">Turno 1<\/td>\n<td width=\"189\">14-14.45<\/td>\n<td width=\"189\">Infantil, 1\u00ba, 2\u00ba, 3\u00ba, 4\u00ba<\/td>\n<\/tr>\n<tr>\n<td width=\"189\">Turno 2<\/td>\n<td width=\"189\">14.45-15.30<\/td>\n<td width=\"189\">5\u00ba y 6\u00ba<\/td>\n<\/tr>\n<\/tbody>\n<\/table>\n<p>&nbsp;<\/p>\n<p>Por motivos de organizaci\u00f3n, se ha optado por distribuir los turnos por edades. Incluyendo todos los usuarios de menor edad en el primer turno.<\/p>\n<p>Tras realizar los h\u00e1bitos de higiene diarios que se concretar\u00e1n en aseo y lavado de manos, el primer turno pasa al comedor. Aqu\u00ed los monitores\/as ayudan en la ingesta a los m\u00e1s peque\u00f1os y observar\u00e1n que exista buen comportamiento a la mesa y de manipulaci\u00f3n en el consumo de alimentos, pr\u00e1cticas en la relaci\u00f3n social: fomento de la comunicaci\u00f3n, la buena convivencia y las relaciones con los compa\u00f1eros de mesa.<\/p>\n<p>Mientras tanto el 2\u00ba turno gozar\u00e1 de un rato de esparcimiento y deporte, bajo la supervisi\u00f3n de los empleados que tienen asignados.<\/p>\n<p>Posteriormente, el segundo turno pasar\u00e1 por las mismas fases que el 1\u00ba y los ni\u00f1os del primer turno pasar\u00e1n a tener un tiempo de esparcimiento y juegos hasta que sean recogidos por sus familias.<\/p>\n<p>El Servicio de Comedor es desarrollado por la empresa concesionaria, a trav\u00e9s de sus empleados con los que podr\u00e1n colaborar profesores\/as y estar\u00e1 coordinada por la direcci\u00f3n del Centro o persona que coordine el Plan de Apertura.<\/p>\n<h4><a href=\"https:\/\/blogsaverroes.juntadeandalucia.es\/ceipastigi\/files\/2024\/05\/ANEXO-II.pdf\">ANEXO II<\/a><\/h4>\n<p>&nbsp;<\/p>\n","protected":false},"excerpt":{"rendered":"<p>Nuestro comedor es un servicio complementario que resulta de gran utilidad a las familias como ayuda para conciliar la vida laboral y familiar. Tiene una&hellip;<\/p>\n","protected":false},"author":1,"featured_media":0,"parent":0,"menu_order":0,"comment_status":"closed","ping_status":"open","template":"","meta":{"ngg_post_thumbnail":0,"footnotes":"","_mc_calendar":[]},"aioseo_notices":[],"_links":{"self":[{"href":"https:\/\/blogsaverroes.juntadeandalucia.es\/ceipastigi\/wp-json\/wp\/v2\/pages\/99"}],"collection":[{"href":"https:\/\/blogsaverroes.juntadeandalucia.es\/ceipastigi\/wp-json\/wp\/v2\/pages"}],"about":[{"href":"https:\/\/blogsaverroes.juntadeandalucia.es\/ceipastigi\/wp-json\/wp\/v2\/types\/page"}],"author":[{"embeddable":true,"href":"https:\/\/blogsaverroes.juntadeandalucia.es\/ceipastigi\/wp-json\/wp\/v2\/users\/1"}],"replies":[{"embeddable":true,"href":"https:\/\/blogsaverroes.juntadeandalucia.es\/ceipastigi\/wp-json\/wp\/v2\/comments?post=99"}],"version-history":[{"count":15,"href":"https:\/\/blogsaverroes.juntadeandalucia.es\/ceipastigi\/wp-json\/wp\/v2\/pages\/99\/revisions"}],"predecessor-version":[{"id":7733,"href":"https:\/\/blogsaverroes.juntadeandalucia.es\/ceipastigi\/wp-json\/wp\/v2\/pages\/99\/revisions\/7733"}],"wp:attachment":[{"href":"https:\/\/blogsaverroes.juntadeandalucia.es\/ceipastigi\/wp-json\/wp\/v2\/media?parent=99"}],"curies":[{"name":"wp","href":"https:\/\/api.w.org\/{rel}","templated":true}]}}