{"id":2255,"date":"2019-12-13T21:31:40","date_gmt":"2019-12-13T20:31:40","guid":{"rendered":"https:\/\/blogsaverroes.juntadeandalucia.es\/ceipatlantida\/?page_id=2255"},"modified":"2019-12-13T21:34:34","modified_gmt":"2019-12-13T20:34:34","slug":"ampa-el-borreguito","status":"publish","type":"page","link":"https:\/\/blogsaverroes.juntadeandalucia.es\/ceipatlantida\/ampa-el-borreguito\/","title":{"rendered":"AMPA &#8220;EL BORREGUITO&#8221;"},"content":{"rendered":"<p>El AMPA &#8220;El Borreguito&#8221; es la asociaci\u00f3n de padres y madres del CEIP ATL\u00c1NTIDA,<\/p>\n<div>\n<h3>DATOS B\u00c1SICOS DE LA ENTIDAD:<\/h3>\n<ul>\n<li>AMPA EL BORREGUITO-(C.E.I.P.&nbsp; La Atl\u00e1ntida)<\/li>\n<li>N\u00ba de inscripci\u00f3n:444<\/li>\n<li>C\/&nbsp;Pablo Neruda&nbsp;s\/n<\/li>\n<li>11130 &#8211; Chiclana de la Frontera-C\u00e1diz<\/li>\n<li>956243942 &#8211; ampaelborreguito1@hotmail.com<\/li>\n<\/ul>\n<\/div>\n<p>Enlaces de inter\u00e9s del AMPA &#8220;EL BORREGUITO&#8221;.<\/p>\n<p><a href=\"https:\/\/sites.google.com\/site\/ampaelborreguito\/home\">WEB<\/a><\/p>\n<p><a href=\"https:\/\/www.facebook.com\/people\/Ampa-EL-Borreguito\/100011759049059\">FACEBOOK<\/a><\/p>\n<p>Otros enlaces de inter\u00e9s:<\/p>\n<div><a href=\"http:\/\/www.fedapacadiz.org\">FEDAPA<\/a> (Federaci\u00f3n de asociaciones de padres)<\/div>\n<div>\n<a href=\"http:\/\/www.codapa.org\">CODAPA<\/a><br \/>\nConfederaci\u00f3n Andaluza de asociaciones de madres y padres<\/div>\n<div>&nbsp;<\/div>\n","protected":false},"excerpt":{"rendered":"<p>El AMPA &#8220;El Borreguito&#8221; es la asociaci\u00f3n de padres y madres del CEIP ATL\u00c1NTIDA, DATOS B\u00c1SICOS DE LA ENTIDAD: AMPA EL BORREGUITO-(C.E.I.P.&nbsp; La Atl\u00e1ntida) N\u00ba de inscripci\u00f3n:444 C\/&nbsp;Pablo Neruda&nbsp;s\/n 11130 &#8211; Chiclana de la&#46;&#46;&#46;<\/p>\n","protected":false},"author":8119,"featured_media":0,"parent":0,"menu_order":0,"comment_status":"closed","ping_status":"closed","template":"","meta":{"ngg_post_thumbnail":0,"footnotes":"","_mc_calendar":[]},"aioseo_notices":[],"_links":{"self":[{"href":"https:\/\/blogsaverroes.juntadeandalucia.es\/ceipatlantida\/wp-json\/wp\/v2\/pages\/2255"}],"collection":[{"href":"https:\/\/blogsaverroes.juntadeandalucia.es\/ceipatlantida\/wp-json\/wp\/v2\/pages"}],"about":[{"href":"https:\/\/blogsaverroes.juntadeandalucia.es\/ceipatlantida\/wp-json\/wp\/v2\/types\/page"}],"author":[{"embeddable":true,"href":"https:\/\/blogsaverroes.juntadeandalucia.es\/ceipatlantida\/wp-json\/wp\/v2\/users\/8119"}],"replies":[{"embeddable":true,"href":"https:\/\/blogsaverroes.juntadeandalucia.es\/ceipatlantida\/wp-json\/wp\/v2\/comments?post=2255"}],"version-history":[{"count":4,"href":"https:\/\/blogsaverroes.juntadeandalucia.es\/ceipatlantida\/wp-json\/wp\/v2\/pages\/2255\/revisions"}],"predecessor-version":[{"id":2260,"href":"https:\/\/blogsaverroes.juntadeandalucia.es\/ceipatlantida\/wp-json\/wp\/v2\/pages\/2255\/revisions\/2260"}],"wp:attachment":[{"href":"https:\/\/blogsaverroes.juntadeandalucia.es\/ceipatlantida\/wp-json\/wp\/v2\/media?parent=2255"}],"curies":[{"name":"wp","href":"https:\/\/api.w.org\/{rel}","templated":true}]}}