{"id":2294,"date":"2019-12-15T19:20:08","date_gmt":"2019-12-15T18:20:08","guid":{"rendered":"https:\/\/blogsaverroes.juntadeandalucia.es\/ceipatlantida\/?page_id=2294"},"modified":"2024-01-16T12:58:05","modified_gmt":"2024-01-16T11:58:05","slug":"documentos-matriculacion-admision","status":"publish","type":"page","link":"https:\/\/blogsaverroes.juntadeandalucia.es\/ceipatlantida\/documentos-matriculacion-admision\/","title":{"rendered":"Documentos Matriculaci\u00f3n \/ Admisi\u00f3n"},"content":{"rendered":"<p><span style=\"color: #0000ff\"><b>INFORMACI\u00d3N JUNTA DE ANDALUCIA<\/b><\/span><\/p>\n<p>\u2192 <a href=\"https:\/\/www.juntadeandalucia.es\/educacion\/portales\/web\/escolarizacion\/infantil-a-bachillerato\/normativa\">https:\/\/www.juntadeandalucia.es\/educacion\/portales\/web\/escolarizacion\/infantil-a-bachillerato\/normativa<\/a><\/p>\n<p><span style=\"color: #0000ff\"><strong>DOCUMENTOS SOLO PARA EL PER\u00cdODO DE ADMISI\u00d3N Y MATRICULACI\u00d3N:<\/strong><\/span><\/p>\n<p>\u2192 <a href=\"https:\/\/www.juntadeandalucia.es\/educacion\/portales\/web\/escolarizacion\/infantil-a-bachillerato\/impresos\">&nbsp;IMPRESOS<\/a><\/p>\n<p><span style=\"color: #ff0000\"><strong>VIDEOTUTORIALES<\/strong><\/span><\/p>\n<p>\u2192 <a href=\"https:\/\/www.youtube.com\/watch?time_continue=2&amp;v=lpo7_XfWiCw&amp;feature=emb_logo\">VIDEO-TUTORIAL MATRICULACI\u00d3N TELEM\u00c1TICA &#8211; (SOBRE DE MATR\u00cdCULA)<\/a><\/p>\n<p>\u2192 <a href=\"https:\/\/www.youtube.com\/watch?v=V0U7eX0L7ro&amp;feature=youtu.be\">TUTORIAL TELETRAMITACI\u00d3N (YOUTUBE)<\/a><\/p>\n<p>\u2192 <a href=\"https:\/\/blogsaverroes.juntadeandalucia.es\/ceipatlantida\/files\/2020\/05\/Sobre_electronico_de_matricula.pdf\">MANUAL TELETRAMITACI\u00d3N SOBRE ELECTR\u00d3NICO MATR\u00cdCULA<\/a> (PDF)<\/p>\n<p><span style=\"color: #0000ff\"><strong>DOCUMENTOS IMPRIMIBLES:<\/strong><\/span><\/p>\n<p>\u2192 <a href=\"https:\/\/blogsaverroes.juntadeandalucia.es\/ceipatlantida\/files\/2021\/02\/ANEXO-IV-Matr\u00edcula-Segundo-Ciclo-Ed.-Infantil.pdf\">ANEXO IV &#8211; Matr\u00edcula Segundo Ciclo Ed. Infantil<\/a> (pdf autorellenable)<\/p>\n<p>\u2192 <a href=\"https:\/\/blogsaverroes.juntadeandalucia.es\/ceipatlantida\/files\/2021\/02\/ANEXO-V-Matr\u00edcula-Ed.-Primaria.pdf\">ANEXO V &#8211; Matr\u00edcula Ed. Primaria<\/a> (pdf autorellenable)<\/p>\n<p>\u2192 <a href=\"https:\/\/blogsaverroes.juntadeandalucia.es\/ceipatlantida\/files\/2021\/02\/ANEXO-RELIGION-Solicitud-para-recibir-la-ense\u00f1anza-de-religi\u00f3n.pdf\">ANEXO RELIGION &#8211; Solicitud para recibir la ense\u00f1anza de religi\u00f3n<\/a> (incluir en la matr\u00edcula)<\/p>\n<p>\u2192 <a href=\"https:\/\/blogsaverroes.juntadeandalucia.es\/ceipatlantida\/files\/2020\/05\/ANEXO-II-SOLICITUD-COMEDOR-AULA-MATINAL-ACTIVIDADES-EXTRAESCOLARES.pdf\">ANEXO II &#8211; Solicitud Comedor &#8211; aula matinal &#8211; actividades extraescolares (PDF)<\/a><\/p>\n<p>\u2192 <a href=\"https:\/\/www.juntadeandalucia.es\/educacion\/portals\/delegate\/content\/6c4342f7-1581-4c26-bc7e-2e49b4b64cee\/Anexo%20II.-%20Servicio%20de%20Aula%20Matinal,%20Comedor%20Escolar%20y%20actividades%20Extraescolares\">ANEXO II &#8211; Solicitud Comedro &#8211; aula matinal &#8211; actividades extraescolares &#8211; Otro enlace<\/a><\/p>\n<p>\u2192 <a href=\"https:\/\/www.juntadeandalucia.es\/haciendayadministracionpublica\/rpa-icms-doc\/icmsDescargaDoc.do?tipo=4b40ba71bf0bae77c7a9e6765035191a&amp;id=4aeeaa35f34f6d429505832acc6de2f3\">ANEXO V &#8211; Bonificaci\u00f3n para los servicios complementarios<\/a><\/p>\n<p>\u2192 <a href=\"https:\/\/blogsaverroes.juntadeandalucia.es\/ceipatlantida\/files\/2020\/05\/ANEXO-III-SOLICITUD-TRANSPORTE-ESCOLAR-DOCUMENTO-DEL-CENTRO.pdf\">ANEXO III &#8211; Solicitud Transporte Escolar&nbsp; &#8211; &nbsp;<\/a><a href=\"https:\/\/blogsaverroes.juntadeandalucia.es\/ceipatlantida\/files\/2020\/05\/ANEXO-III-SOLICITUD-TRANSPORTE-ESCOLAR-DOCUMENTO-DEL-CENTRO.pdf\">DOCUMENTO DEL CENTRO (20\/21) (PDF)<\/a><\/p>\n<p><span style=\"color: #0000ff\"><strong>TUTORIALES Y MANUALES<\/strong><\/span><\/p>\n<p>\u2192 <a href=\"https:\/\/www.youtube.com\/watch?v=cVDQCmtoZ8Q&amp;feature=youtu.be\">TUTORIAL SOLICITUD AYUDA TRANSPORTE ESCOLAR (YOUTUBE)<\/a><\/p>\n<p>\u2192 <a href=\"https:\/\/juntadeandalucia.es\/boja\/2019\/242\/BOJA19-242-00007-18674-01_00166788.pdf\">ENLACE A LA NORMATIVA PARA SOLICITAR AYUDA AL TRANSPORTE ESCOLAR<\/a><\/p>\n<p>\u2192 <a href=\"https:\/\/blogsaverroes.juntadeandalucia.es\/ceipatlantida\/files\/2021\/03\/Tutorial-para-la-solicitud-de-admisi\u00f3n-en-centro-docentes-p\u00fablico-por-Secretar\u00eda-Virtual.pdf\">Tutorial para la solicitud de admisi\u00f3n en centro docentes p\u00fablico por Secretar\u00eda Virtual<\/a><\/p>\n<p><strong><span style=\"color: #0000ff\">OTROS ENLACES DE INTER\u00c9S<\/span><\/strong><\/p>\n<p>\u2192 <a href=\"https:\/\/portals.ced.junta-andalucia.es\/educacion\/portals\/web\/ced\/servicios-complementarios\">ACCESO AL PORTAL DE LA FAMILIA PARA SOLICITUDES DE SERVICIOS COMPLEMENTARIOS &#8211; AULA MATINAL &#8211; COMEDOR &#8211; ACTIVIDADES EXTRAESCOLARES (JUNTA DE ANDALUCIA)<\/a><\/p>\n<p>\u2192 <a href=\"https:\/\/portals.ced.junta-andalucia.es\/educacion\/portals\/delegate\/content\/df3f1219-891c-4576-94e6-e6a5ec2b0a38\/Anexo%20VI.-%20Autorizaci%C3%B3n%20de%20proyectos%20para%20la%20utilizaci%C3%B3n%20de%20las%20instalaciones%20de%20los%20centros%20docentes%20p%C3%BAblicos%20fuera%20del%20horario%20escolar\">ANEXO VI. SOLICITUD DE USO DE INSTALACIONES DEL CENTRO EN HORARIO EXTRAESCOLAR.<\/a><\/p>\n<p>&nbsp;<\/p>\n<p><span style=\"color: #0000ff\"><strong>DOCUMENTOS PARA TODO EL CURSO<\/strong><\/span><\/p>\n<p>\u2192 <a href=\"https:\/\/blogsaverroes.juntadeandalucia.es\/ceipatlantida\/files\/2019\/12\/ANEXO-III-ADMISI\u00d3N-INFANTIL.pdf\">ANEXO III &#8211; ADMISI\u00d3N INFANTIL<\/a><\/p>\n<p>\u2192 <a href=\"https:\/\/blogsaverroes.juntadeandalucia.es\/ceipatlantida\/files\/2019\/12\/ANEXO-XI-ADMISI\u00d3N-PRIMARIA.pdf\">ANEXO IX<\/a><a href=\"https:\/\/blogsaverroes.juntadeandalucia.es\/ceipatlantida\/files\/2019\/12\/ANEXO-XI-ADMISI\u00d3N-PRIMARIA.pdf\"> &#8211; ADMISI\u00d3N PRIMARIA<\/a><\/p>\n<p><a href=\"https:\/\/www.juntadeandalucia.es\/educacion\/secretariavirtual\/accesoTramite\/462\/\">ACCESO TELEM\u00c1TICO<\/a><\/p>\n<p><a href=\"https:\/\/blogsaverroes.juntadeandalucia.es\/ceipatlantida\/files\/2020\/05\/Tutorial-para-la-Solicitud-de-admisio\u0301n-en-centros-docentes-pu\u0301blicos-telem\u00e1ticamente.pdf\">Tutorial para la Solicitud de admisio\u0301n en centros docentes pu\u0301blicos telem\u00e1ticamente<\/a><\/p>\n<p>&nbsp;<\/p>\n<p>&nbsp;<\/p>\n","protected":false},"excerpt":{"rendered":"<p>INFORMACI\u00d3N JUNTA DE ANDALUCIA \u2192 https:\/\/www.juntadeandalucia.es\/educacion\/portales\/web\/escolarizacion\/infantil-a-bachillerato\/normativa DOCUMENTOS SOLO PARA EL PER\u00cdODO DE ADMISI\u00d3N Y MATRICULACI\u00d3N: \u2192 &nbsp;IMPRESOS VIDEOTUTORIALES \u2192 VIDEO-TUTORIAL MATRICULACI\u00d3N TELEM\u00c1TICA &#8211; (SOBRE DE MATR\u00cdCULA) \u2192 TUTORIAL TELETRAMITACI\u00d3N (YOUTUBE) \u2192 MANUAL TELETRAMITACI\u00d3N SOBRE&#46;&#46;&#46;<\/p>\n","protected":false},"author":8119,"featured_media":0,"parent":0,"menu_order":0,"comment_status":"closed","ping_status":"closed","template":"","meta":{"ngg_post_thumbnail":0,"footnotes":"","_mc_calendar":[]},"aioseo_notices":[],"_links":{"self":[{"href":"https:\/\/blogsaverroes.juntadeandalucia.es\/ceipatlantida\/wp-json\/wp\/v2\/pages\/2294"}],"collection":[{"href":"https:\/\/blogsaverroes.juntadeandalucia.es\/ceipatlantida\/wp-json\/wp\/v2\/pages"}],"about":[{"href":"https:\/\/blogsaverroes.juntadeandalucia.es\/ceipatlantida\/wp-json\/wp\/v2\/types\/page"}],"author":[{"embeddable":true,"href":"https:\/\/blogsaverroes.juntadeandalucia.es\/ceipatlantida\/wp-json\/wp\/v2\/users\/8119"}],"replies":[{"embeddable":true,"href":"https:\/\/blogsaverroes.juntadeandalucia.es\/ceipatlantida\/wp-json\/wp\/v2\/comments?post=2294"}],"version-history":[{"count":35,"href":"https:\/\/blogsaverroes.juntadeandalucia.es\/ceipatlantida\/wp-json\/wp\/v2\/pages\/2294\/revisions"}],"predecessor-version":[{"id":4204,"href":"https:\/\/blogsaverroes.juntadeandalucia.es\/ceipatlantida\/wp-json\/wp\/v2\/pages\/2294\/revisions\/4204"}],"wp:attachment":[{"href":"https:\/\/blogsaverroes.juntadeandalucia.es\/ceipatlantida\/wp-json\/wp\/v2\/media?parent=2294"}],"curies":[{"name":"wp","href":"https:\/\/api.w.org\/{rel}","templated":true}]}}