{"id":2471,"date":"2020-01-03T10:38:45","date_gmt":"2020-01-03T09:38:45","guid":{"rendered":"https:\/\/blogsaverroes.juntadeandalucia.es\/ceipatlantida\/?page_id=2471"},"modified":"2021-02-22T13:23:29","modified_gmt":"2021-02-22T12:23:29","slug":"actividades-programadas-por-el-ampa","status":"publish","type":"page","link":"https:\/\/blogsaverroes.juntadeandalucia.es\/ceipatlantida\/actividades-programadas-por-el-ampa\/","title":{"rendered":"ACTIVIDADES PROGRAMADAS POR EL AMPA"},"content":{"rendered":"<p><span style=\"color: #3366ff\"><em><strong>CALENDARIO DE ACTUACI\u00d3N DE LAS ACTIVIDADES PROGRAMADAS POR EL AMPA &#8220;EL BORREGUITO&#8221; DEL CEIP ATL\u00c1NTIDA.<\/strong><\/em><\/span><\/p>\n<table style=\"width: 665px\">\n<tbody>\n<tr>\n<td style=\"width: 118px\"><span style=\"color: #3366ff\">MES<\/span><\/td>\n<td style=\"width: 206.8px\"><span style=\"color: #3366ff\">FECHA<\/span><\/td>\n<td style=\"width: 796.2px\"><span style=\"color: #3366ff\">ACTIVIDAD<\/span><\/td>\n<\/tr>\n<tr>\n<td style=\"width: 118px\"><span style=\"color: #3366ff\">SEPTIEMBRE<\/span><\/td>\n<td style=\"width: 206.8px\">* Del 1 al 30<\/td>\n<td style=\"width: 796.2px\">* Inscripci\u00f3n en la asociaci\u00f3n.<\/td>\n<\/tr>\n<tr>\n<td style=\"width: 118px\"><span style=\"color: #3366ff\">OCTUBRE<\/span><\/td>\n<td style=\"width: 206.8px\">* Del 20 al 25<\/p>\n<p>* Del 25 a 30<\/td>\n<td style=\"width: 796.2px\">* Concurso del oto\u00f1o (manualidades).<\/p>\n<p>* Concurso de Halloween (relatos de terror y manualidades).<\/td>\n<\/tr>\n<tr>\n<td style=\"width: 118px\"><span style=\"color: #3366ff\">NOVIEMBRE<\/span><\/td>\n<td style=\"width: 206.8px\">* Del 11 al 15<\/td>\n<td style=\"width: 796.2px\">* Semana del Flamenco.<\/td>\n<\/tr>\n<tr>\n<td style=\"width: 118px\"><span style=\"color: #3366ff\">DICIEMBRE<\/span><\/td>\n<td style=\"width: 206.8px\">* Del 15 al 20<\/p>\n<p>* D\u00eda 20<\/td>\n<td style=\"width: 796.2px\">* Concurso de tarjetas navide\u00f1as.<\/p>\n<p>* Visita de los Reyes Magos y entrega de premios Navidad.<\/td>\n<\/tr>\n<tr>\n<td style=\"width: 118px\"><span style=\"color: #3366ff\">ENERO<\/span><\/td>\n<td style=\"width: 206.8px\">&nbsp;<\/td>\n<td style=\"width: 796.2px\">&nbsp;<\/td>\n<\/tr>\n<tr>\n<td style=\"width: 118px\"><span style=\"color: #3366ff\">FEBRERO<\/span><\/td>\n<td style=\"width: 206.8px\">* D\u00eda 16<\/p>\n<p>* D\u00eda 26<\/td>\n<td style=\"width: 796.2px\">* Carnaval<\/p>\n<p>* D\u00eda de Andaluc\u00eda<\/td>\n<\/tr>\n<tr>\n<td style=\"width: 118px\"><span style=\"color: #3366ff\">MARZO<\/span><\/td>\n<td style=\"width: 206.8px\">&nbsp;<\/td>\n<td style=\"width: 796.2px\">&nbsp;<\/td>\n<\/tr>\n<tr>\n<td style=\"width: 118px\"><span style=\"color: #3366ff\">ABRIL<\/span><\/td>\n<td style=\"width: 206.8px\">* D\u00eda 23<\/td>\n<td style=\"width: 796.2px\">* Feria del Libro<\/td>\n<\/tr>\n<tr>\n<td style=\"width: 118px\"><span style=\"color: #3366ff\">MAYO<\/span><\/td>\n<td style=\"width: 206.8px\">&nbsp;<\/td>\n<td style=\"width: 796.2px\">&nbsp;<\/td>\n<\/tr>\n<tr>\n<td style=\"width: 118px\"><span style=\"color: #3366ff\">JUNIO<\/span><\/td>\n<td style=\"width: 206.8px\">* Fiesta Fin de Curso<\/td>\n<td style=\"width: 796.2px\">* Despedida del alumnado de 6\u00ba de primaria.<\/p>\n<p>* Graduaci\u00f3n infantil 5 a\u00f1os.<\/td>\n<\/tr>\n<\/tbody>\n<\/table>\n<p>&nbsp;<\/p>\n","protected":false},"excerpt":{"rendered":"<p>CALENDARIO DE ACTUACI\u00d3N DE LAS ACTIVIDADES PROGRAMADAS POR EL AMPA &#8220;EL BORREGUITO&#8221; DEL CEIP ATL\u00c1NTIDA. MES FECHA ACTIVIDAD SEPTIEMBRE * Del 1 al 30 * Inscripci\u00f3n en la asociaci\u00f3n. OCTUBRE * Del 20 al&#46;&#46;&#46;<\/p>\n","protected":false},"author":8119,"featured_media":0,"parent":0,"menu_order":0,"comment_status":"closed","ping_status":"closed","template":"","meta":{"ngg_post_thumbnail":0,"footnotes":"","_mc_calendar":[]},"aioseo_notices":[],"_links":{"self":[{"href":"https:\/\/blogsaverroes.juntadeandalucia.es\/ceipatlantida\/wp-json\/wp\/v2\/pages\/2471"}],"collection":[{"href":"https:\/\/blogsaverroes.juntadeandalucia.es\/ceipatlantida\/wp-json\/wp\/v2\/pages"}],"about":[{"href":"https:\/\/blogsaverroes.juntadeandalucia.es\/ceipatlantida\/wp-json\/wp\/v2\/types\/page"}],"author":[{"embeddable":true,"href":"https:\/\/blogsaverroes.juntadeandalucia.es\/ceipatlantida\/wp-json\/wp\/v2\/users\/8119"}],"replies":[{"embeddable":true,"href":"https:\/\/blogsaverroes.juntadeandalucia.es\/ceipatlantida\/wp-json\/wp\/v2\/comments?post=2471"}],"version-history":[{"count":5,"href":"https:\/\/blogsaverroes.juntadeandalucia.es\/ceipatlantida\/wp-json\/wp\/v2\/pages\/2471\/revisions"}],"predecessor-version":[{"id":3369,"href":"https:\/\/blogsaverroes.juntadeandalucia.es\/ceipatlantida\/wp-json\/wp\/v2\/pages\/2471\/revisions\/3369"}],"wp:attachment":[{"href":"https:\/\/blogsaverroes.juntadeandalucia.es\/ceipatlantida\/wp-json\/wp\/v2\/media?parent=2471"}],"curies":[{"name":"wp","href":"https:\/\/api.w.org\/{rel}","templated":true}]}}