{"id":2544,"date":"2020-02-14T16:55:53","date_gmt":"2020-02-14T15:55:53","guid":{"rendered":"https:\/\/blogsaverroes.juntadeandalucia.es\/ceipatlantida\/?page_id=2544"},"modified":"2020-02-14T17:04:09","modified_gmt":"2020-02-14T16:04:09","slug":"nuestra-biblioteca","status":"publish","type":"page","link":"https:\/\/blogsaverroes.juntadeandalucia.es\/ceipatlantida\/nuestra-biblioteca\/","title":{"rendered":"Nuestra Biblioteca"},"content":{"rendered":"<p>Desde el curso pasado contamos con una biblioteca reformada, con una decoraci\u00f3n estupenda, y adaptada para todos los niveles.<\/p>\n<p>En ella se encuentra zona de lectura para mayores con sus mesas y sillas insonorizadas, y un ric\u00f3n para los m\u00e1s peques donde se realizan cuentacuentos.<\/p>\n<p>Contamos con una variedad de t\u00edtulos que nuestro alumnado podr\u00e1 adquirir como pr\u00e9stamo durante 15 d\u00edas para poder leerlos.<\/p>\n<p>Algunas fotos de nuestra biblioteca.<\/p>\n<p><a href=\"https:\/\/photos.google.com\/album\/AF1QipMtz5xlBCQo7WYojKr9P6wQ_OFcMI1P5tZcWRIS\/photo\/AF1QipO-L4ggWvI8snZaBHQsGeeXd5STWteQQqIsmNwW\">GALERIA DE FOTOS<\/a><\/p>\n<p>&nbsp;<\/p>\n<p>&nbsp;<\/p>\n","protected":false},"excerpt":{"rendered":"<p>Desde el curso pasado contamos con una biblioteca reformada, con una decoraci\u00f3n estupenda, y adaptada para todos los niveles. En ella se encuentra zona de lectura para mayores con sus mesas y sillas insonorizadas,&#46;&#46;&#46;<\/p>\n","protected":false},"author":8119,"featured_media":0,"parent":0,"menu_order":0,"comment_status":"closed","ping_status":"closed","template":"","meta":{"ngg_post_thumbnail":0,"footnotes":"","_mc_calendar":[]},"aioseo_notices":[],"_links":{"self":[{"href":"https:\/\/blogsaverroes.juntadeandalucia.es\/ceipatlantida\/wp-json\/wp\/v2\/pages\/2544"}],"collection":[{"href":"https:\/\/blogsaverroes.juntadeandalucia.es\/ceipatlantida\/wp-json\/wp\/v2\/pages"}],"about":[{"href":"https:\/\/blogsaverroes.juntadeandalucia.es\/ceipatlantida\/wp-json\/wp\/v2\/types\/page"}],"author":[{"embeddable":true,"href":"https:\/\/blogsaverroes.juntadeandalucia.es\/ceipatlantida\/wp-json\/wp\/v2\/users\/8119"}],"replies":[{"embeddable":true,"href":"https:\/\/blogsaverroes.juntadeandalucia.es\/ceipatlantida\/wp-json\/wp\/v2\/comments?post=2544"}],"version-history":[{"count":4,"href":"https:\/\/blogsaverroes.juntadeandalucia.es\/ceipatlantida\/wp-json\/wp\/v2\/pages\/2544\/revisions"}],"predecessor-version":[{"id":2549,"href":"https:\/\/blogsaverroes.juntadeandalucia.es\/ceipatlantida\/wp-json\/wp\/v2\/pages\/2544\/revisions\/2549"}],"wp:attachment":[{"href":"https:\/\/blogsaverroes.juntadeandalucia.es\/ceipatlantida\/wp-json\/wp\/v2\/media?parent=2544"}],"curies":[{"name":"wp","href":"https:\/\/api.w.org\/{rel}","templated":true}]}}