{"id":2636,"date":"2020-02-24T22:27:22","date_gmt":"2020-02-24T21:27:22","guid":{"rendered":"https:\/\/blogsaverroes.juntadeandalucia.es\/ceipatlantida\/?page_id=2636"},"modified":"2026-01-23T13:56:10","modified_gmt":"2026-01-23T12:56:10","slug":"proyecto-de-centro","status":"publish","type":"page","link":"https:\/\/blogsaverroes.juntadeandalucia.es\/ceipatlantida\/proyecto-de-centro\/","title":{"rendered":"Proyecto de Centro"},"content":{"rendered":"<p>El Proyecto de Centro es un documento integrado por:<\/p>\n<ul>\n<li><strong>PROYECTO EDUCATIVO.<\/strong><\/li>\n<li><strong>REGLAMENTO DE ORGANIZACI\u00d3NCI\u00d3N Y FUNCIONAMIENTO. <\/strong><\/li>\n<li><strong>PROYECTO DE GESTI\u00d3N<\/strong>.<\/li>\n<\/ul>\n<p><a href=\"https:\/\/drive.google.com\/drive\/folders\/1R_8bQcoBzlCu0tZ2yhliQtFrFFHANW4W?usp=sharing\"><strong>PLAN DE CENTRO<\/strong><\/a> &#8211;&gt; Documento actualizado a fecha de 03-11-2025.<\/p>\n<p>&nbsp;<\/p>\n<p>&nbsp;<\/p>\n","protected":false},"excerpt":{"rendered":"<p>El Proyecto de Centro es un documento integrado por: PROYECTO EDUCATIVO. REGLAMENTO DE ORGANIZACI\u00d3NCI\u00d3N Y FUNCIONAMIENTO. PROYECTO DE GESTI\u00d3N. PLAN DE CENTRO &#8211;&gt; Documento actualizado a fecha de 03-11-2025. &nbsp; &nbsp;<\/p>\n","protected":false},"author":8119,"featured_media":0,"parent":0,"menu_order":0,"comment_status":"closed","ping_status":"closed","template":"","meta":{"ngg_post_thumbnail":0,"footnotes":"","_mc_calendar":[]},"aioseo_notices":[],"_links":{"self":[{"href":"https:\/\/blogsaverroes.juntadeandalucia.es\/ceipatlantida\/wp-json\/wp\/v2\/pages\/2636"}],"collection":[{"href":"https:\/\/blogsaverroes.juntadeandalucia.es\/ceipatlantida\/wp-json\/wp\/v2\/pages"}],"about":[{"href":"https:\/\/blogsaverroes.juntadeandalucia.es\/ceipatlantida\/wp-json\/wp\/v2\/types\/page"}],"author":[{"embeddable":true,"href":"https:\/\/blogsaverroes.juntadeandalucia.es\/ceipatlantida\/wp-json\/wp\/v2\/users\/8119"}],"replies":[{"embeddable":true,"href":"https:\/\/blogsaverroes.juntadeandalucia.es\/ceipatlantida\/wp-json\/wp\/v2\/comments?post=2636"}],"version-history":[{"count":8,"href":"https:\/\/blogsaverroes.juntadeandalucia.es\/ceipatlantida\/wp-json\/wp\/v2\/pages\/2636\/revisions"}],"predecessor-version":[{"id":4515,"href":"https:\/\/blogsaverroes.juntadeandalucia.es\/ceipatlantida\/wp-json\/wp\/v2\/pages\/2636\/revisions\/4515"}],"wp:attachment":[{"href":"https:\/\/blogsaverroes.juntadeandalucia.es\/ceipatlantida\/wp-json\/wp\/v2\/media?parent=2636"}],"curies":[{"name":"wp","href":"https:\/\/api.w.org\/{rel}","templated":true}]}}