{"id":2650,"date":"2020-02-29T14:20:20","date_gmt":"2020-02-29T13:20:20","guid":{"rendered":"https:\/\/blogsaverroes.juntadeandalucia.es\/ceipatlantida\/?page_id=2650"},"modified":"2026-01-23T13:29:59","modified_gmt":"2026-01-23T12:29:59","slug":"profesorado","status":"publish","type":"page","link":"https:\/\/blogsaverroes.juntadeandalucia.es\/ceipatlantida\/profesorado\/","title":{"rendered":"Profesorado"},"content":{"rendered":"<p>PROFESORADO ACTUAL DEL CURSO 2025-2026<\/p>\n<table style=\"width: 79.5065%;height: 1418px\" width=\"100%\" cellspacing=\"0\" cellpadding=\"4\">\n<colgroup>\n<col width=\"68*\">\n<col width=\"111*\">\n<col width=\"77*\"> <\/colgroup>\n<tbody>\n<tr style=\"height: 24px\" valign=\"top\">\n<td style=\"width: 27%;height: 24px\" bgcolor=\"#cccccc\" width=\"27%\"><b>NIVEL EDUCATIVO<\/b><\/td>\n<td style=\"width: 43%;height: 24px\" bgcolor=\"#cccccc\" width=\"43%\"><b>TUTOR\/A<\/b><\/td>\n<td style=\"width: 12.6075%;height: 24px\" bgcolor=\"#cccccc\" width=\"30%\"><b>ESPECIALIDAD<\/b><\/td>\n<\/tr>\n<tr style=\"height: 24px\" valign=\"top\">\n<td style=\"width: 27%;height: 24px\" width=\"27%\">3 A\u00d1OS A<\/td>\n<td style=\"width: 43%;height: 24px\" width=\"43%\">Beltr\u00e1n Bellido, Isabel M.\u00aa<\/td>\n<td style=\"width: 12.6075%;height: 24px\" width=\"30%\">Educaci\u00f3n Infantil<\/td>\n<\/tr>\n<tr style=\"height: 24px\" valign=\"top\">\n<td style=\"width: 27%;height: 24px\" width=\"27%\">3 A\u00d1OS B<\/td>\n<td style=\"width: 43%;height: 24px\" width=\"43%\">Serv\u00e1n Vela, Ana<\/td>\n<td style=\"width: 12.6075%;height: 24px\" width=\"30%\">Educaci\u00f3n Infantil<\/td>\n<\/tr>\n<tr style=\"height: 24px\" valign=\"top\">\n<td style=\"width: 27%;height: 24px\" width=\"27%\">4 A\u00d1OS A<\/td>\n<td style=\"width: 43%;height: 24px\" width=\"43%\">Rodr\u00edguez Mart\u00ednez, Desir\u00e9e<\/td>\n<td style=\"width: 12.6075%;height: 24px\" width=\"30%\">Educaci\u00f3n Infantil<\/td>\n<\/tr>\n<tr style=\"height: 24px\" valign=\"top\">\n<td style=\"width: 27%;height: 24px\" width=\"27%\">5 A\u00d1OS A<\/td>\n<td style=\"width: 43%;height: 24px\" width=\"43%\">Villar Flores, Carmen<\/td>\n<td style=\"width: 12.6075%;height: 24px\" width=\"30%\">Educaci\u00f3n Infantil<\/td>\n<\/tr>\n<tr style=\"height: 24px\" valign=\"top\">\n<td style=\"width: 27%;height: 24px\" width=\"27%\">5 A\u00d1OS B<\/td>\n<td style=\"width: 43%;height: 24px\" width=\"43%\">Zamora Fern\u00e1ndez, Amaia<\/td>\n<td style=\"width: 12.6075%;height: 24px\" width=\"30%\">Educaci\u00f3n Infantil&nbsp;<\/td>\n<\/tr>\n<tr style=\"height: 24px\" valign=\"top\">\n<td style=\"width: 27%;height: 24px\" width=\"27%\">REFUERZO INFANTIL<\/td>\n<td style=\"width: 43%;height: 24px\" width=\"43%\">Fern\u00e1ndez Mu\u00f1oz, M.\u00aa Mercedes<\/td>\n<td style=\"width: 12.6075%;height: 24px\" width=\"30%\">Educaci\u00f3n Infantil&nbsp;<\/td>\n<\/tr>\n<tr style=\"height: 24px\" valign=\"top\">\n<td style=\"width: 27%;height: 24px\" width=\"27%\">1\u00ba A<\/td>\n<td style=\"width: 43%;height: 24px\" width=\"43%\">Vel\u00e1zquez Montero, Mar\u00eda del Rosario<\/td>\n<td style=\"width: 12.6075%;height: 24px\" width=\"30%\">Educaci\u00f3n Primaria<\/td>\n<\/tr>\n<tr style=\"height: 24px\" valign=\"top\">\n<td style=\"width: 27%;height: 24px\" width=\"27%\">1\u00ba B<\/td>\n<td style=\"width: 43%;height: 24px\" width=\"43%\">M\u00e1rquez Guerrero, Mar\u00eda del Carmen<\/td>\n<td style=\"width: 12.6075%;height: 24px\" width=\"30%\">Educaci\u00f3n Primaria<\/td>\n<\/tr>\n<tr style=\"height: 24px\" valign=\"top\">\n<td style=\"width: 27%;height: 24px\" width=\"27%\">2\u00ba A<\/td>\n<td style=\"width: 43%;height: 24px\" width=\"43%\">Cabo Berna, Montserrat<\/td>\n<td style=\"width: 12.6075%;height: 24px\" width=\"30%\">Educaci\u00f3n Primaria&nbsp;<\/td>\n<\/tr>\n<tr style=\"height: 24px\" valign=\"top\">\n<td style=\"width: 27%;height: 24px\" width=\"27%\">2\u00ba B<\/td>\n<td style=\"width: 43%;height: 24px\" width=\"43%\">Olmedo Ligero, Catalina&nbsp;<\/td>\n<td style=\"width: 12.6075%;height: 24px\" width=\"30%\">Educaci\u00f3n Primaria&nbsp;<\/td>\n<\/tr>\n<tr style=\"height: 48px\" valign=\"top\">\n<td style=\"width: 27%;height: 48px\" width=\"27%\">3\u00ba A<\/td>\n<td style=\"width: 43%;height: 48px\" width=\"43%\">M\u00e1rquez Garrido, Manuel Tom\u00e1s<\/td>\n<td style=\"width: 12.6075%;height: 48px\" width=\"30%\">Lengua Extranjera (Ingl\u00e9s)<\/td>\n<\/tr>\n<tr style=\"height: 24px\" valign=\"top\">\n<td style=\"width: 27%;height: 24px\" width=\"27%\">3\u00ba B<\/td>\n<td style=\"width: 43%;height: 24px\" width=\"43%\">Rodr\u00edguez Cerdeiras, Mar\u00eda Jes\u00fas<\/td>\n<td style=\"width: 12.6075%;height: 24px\" width=\"30%\">Educaci\u00f3n Primaria&nbsp;<\/td>\n<\/tr>\n<tr style=\"height: 48px\" valign=\"top\">\n<td style=\"width: 27%;height: 48px\" width=\"27%\">3\u00ba C<\/td>\n<td style=\"width: 43%;height: 48px\" width=\"43%\">Quero Calero, Nazaret<\/td>\n<td style=\"width: 12.6075%;height: 48px\" width=\"30%\">Lengua Extranjera (Ingl\u00e9s)<\/td>\n<\/tr>\n<tr style=\"height: 48px\" valign=\"top\">\n<td style=\"width: 27%;height: 48px\" width=\"27%\">4\u00ba A<\/td>\n<td style=\"width: 43%;height: 48px\" width=\"43%\">De Alba Canto, Antonio<\/td>\n<td style=\"width: 12.6075%;height: 48px\" width=\"30%\">Lengua Extranjera (Ingl\u00e9s)<\/td>\n<\/tr>\n<tr style=\"height: 24px\" valign=\"top\">\n<td style=\"width: 27%;height: 24px\" width=\"27%\">4\u00ba B<\/td>\n<td style=\"width: 43%;height: 24px\" width=\"43%\">L\u00f3pez Mora, Julio<\/td>\n<td style=\"width: 12.6075%;height: 24px\" width=\"30%\">Educaci\u00f3n Primaria&nbsp;<\/td>\n<\/tr>\n<tr style=\"height: 24px\" valign=\"top\">\n<td style=\"width: 27%;height: 24px\" width=\"27%\">4\u00ba C<\/td>\n<td style=\"width: 43%;height: 24px\" width=\"43%\">&nbsp;R\u00edos Mart\u00edn, Esther&nbsp;&nbsp;<\/td>\n<td style=\"width: 12.6075%;height: 24px\" width=\"30%\">Educaci\u00f3n Primaria<\/td>\n<\/tr>\n<tr style=\"height: 24px\" valign=\"top\">\n<td style=\"width: 27%;height: 24px\" width=\"27%\">4\u00ba D<\/td>\n<td style=\"width: 43%;height: 24px\" width=\"43%\">Ana M.\u00aa Mora Estrada&nbsp; &nbsp;<\/td>\n<td style=\"width: 12.6075%;height: 24px\" width=\"30%\">Educaci\u00f3n Primaria&nbsp;<\/td>\n<\/tr>\n<tr style=\"height: 24px\" valign=\"top\">\n<td style=\"width: 27%;height: 24px\" width=\"27%\">5\u00ba A<\/td>\n<td style=\"width: 43%;height: 24px\" width=\"43%\">Andreu Guerrero, Milagrosa<\/td>\n<td style=\"width: 12.6075%;height: 24px\" width=\"30%\">Educaci\u00f3n Primaria<\/td>\n<\/tr>\n<tr style=\"height: 48px\" valign=\"top\">\n<td style=\"width: 27%;height: 48px\" width=\"27%\">5\u00ba B<\/td>\n<td style=\"width: 43%;height: 48px\" width=\"43%\">&nbsp;Fern\u00e1ndez Ruiz, Gloria<\/td>\n<td style=\"width: 12.6075%;height: 48px\" width=\"30%\">Lengua Extranjera (Franc\u00e9s)<\/td>\n<\/tr>\n<tr style=\"height: 24px\" valign=\"top\">\n<td style=\"width: 27%;height: 24px\" width=\"27%\">5\u00ba C<\/td>\n<td style=\"width: 43%;height: 24px\" width=\"43%\">Albalate Mateo, Miguel \u00c1ngel<\/td>\n<td style=\"width: 12.6075%;height: 24px\" width=\"30%\">M\u00fasica<\/td>\n<\/tr>\n<tr style=\"height: 24px\" valign=\"top\">\n<td style=\"width: 27%;height: 24px\" width=\"27%\">6\u00ba A<\/td>\n<td style=\"width: 43%;height: 24px\" width=\"43%\">Rodr\u00edguez Osuna, Francisco Jes\u00fas&nbsp;&nbsp;<\/td>\n<td style=\"width: 12.6075%;height: 24px\" width=\"30%\">Educaci\u00f3n F\u00edsica&nbsp;<\/td>\n<\/tr>\n<tr style=\"height: 24px\" valign=\"top\">\n<td style=\"width: 27%;height: 24px\" width=\"27%\">6\u00ba B<\/td>\n<td style=\"width: 43%;height: 24px\" width=\"43%\">Peralta P\u00e9rez, Isabel Mar\u00eda<\/td>\n<td style=\"width: 12.6075%;height: 24px\" width=\"30%\">Educaci\u00f3n Primaria<\/td>\n<\/tr>\n<tr style=\"height: 35px\" valign=\"top\">\n<td style=\"width: 27%;height: 35px\" width=\"27%\">REFUERZO PRIMARIA<\/td>\n<td style=\"width: 43%;height: 35px\" width=\"43%\">Canto Fornell, Manuela<\/td>\n<td style=\"width: 12.6075%;height: 35px\" width=\"30%\">Educaci\u00f3n Primaria<\/td>\n<\/tr>\n<tr style=\"height: 48px\" valign=\"top\">\n<td style=\"width: 27%;height: 48px\" width=\"27%\">INGLES 1<\/td>\n<td style=\"width: 43%;height: 48px\" width=\"43%\">M\u00e1rquez Garrido, Manuel Tom\u00e1s<\/td>\n<td style=\"width: 12.6075%;height: 48px\" width=\"30%\">Lengua Extranjera (Ingl\u00e9s)<\/td>\n<\/tr>\n<tr style=\"height: 48px\" valign=\"top\">\n<td style=\"width: 27%;height: 48px\" width=\"27%\">INGLES 2<\/td>\n<td style=\"width: 43%;height: 48px\" width=\"43%\">De Alba Canto, Antonio<\/td>\n<td style=\"width: 12.6075%;height: 48px\" width=\"30%\">&nbsp;Lengua Extranjera (Ingl\u00e9s)<\/td>\n<\/tr>\n<tr style=\"height: 48px\" valign=\"top\">\n<td style=\"width: 27%;height: 48px\" width=\"27%\">INGLES 3<\/td>\n<td style=\"width: 43%;height: 48px\" width=\"43%\">Quero Calero, Nazaret<\/td>\n<td style=\"width: 12.6075%;height: 48px\" width=\"30%\">&nbsp;Lengua Extranjera (Ingl\u00e9s)<\/td>\n<\/tr>\n<tr style=\"height: 46px\" valign=\"top\">\n<td style=\"width: 27%;height: 46px\" width=\"27%\">FRANC\u00c9S<\/td>\n<td style=\"width: 43%;height: 46px\" width=\"43%\">Fern\u00e1ndez Ruiz, Gloria<\/td>\n<td style=\"width: 12.6075%;height: 46px\" width=\"30%\">&nbsp;Lengua Extranjera (Franc\u00e9s)<\/td>\n<\/tr>\n<tr style=\"height: 28px\" valign=\"top\">\n<td style=\"width: 27%;height: 28px\" width=\"27%\">ED. F\u00cdSICA 1<\/td>\n<td style=\"width: 43%;height: 28px\" width=\"43%\">Vera Torrej\u00f3n, Cristina<\/td>\n<td style=\"width: 12.6075%;height: 28px\" width=\"30%\">Educaci\u00f3n F\u00edsica<\/td>\n<\/tr>\n<tr style=\"height: 30px\" valign=\"top\">\n<td style=\"width: 27%;height: 30px\" width=\"27%\">ED. F\u00cdSICA 2<\/td>\n<td style=\"width: 43%;height: 30px\" width=\"43%\">Quintana Morales, Sara<\/td>\n<td style=\"width: 12.6075%;height: 30px\" width=\"30%\">Educaci\u00f3n F\u00edsica&nbsp;<\/td>\n<\/tr>\n<tr style=\"height: 29px\" valign=\"top\">\n<td style=\"width: 27%;height: 29px\" width=\"27%\">ED. F\u00cdSICA 3<\/td>\n<td style=\"width: 43%;height: 29px\" width=\"43%\">Rodr\u00edguez Osuna, Francisco Jes\u00fas<\/td>\n<td style=\"width: 12.6075%;height: 29px\" width=\"30%\">Educaci\u00f3n F\u00edsica&nbsp;<\/td>\n<\/tr>\n<tr>\n<td style=\"width: 27%\">ZTS<\/td>\n<td style=\"width: 43%\">Delgado Ram\u00edrez, Bego\u00f1a<\/td>\n<td style=\"width: 12.6075%\">Educaci\u00f3n Primaria<\/td>\n<\/tr>\n<tr style=\"height: 42px\" valign=\"top\">\n<td style=\"width: 27%;height: 42px\" width=\"27%\">RELIGI\u00d3N 1<\/td>\n<td style=\"width: 43%;height: 42px\" width=\"43%\">Mar\u00edn S\u00e1nchez, Susana<\/td>\n<td style=\"width: 12.6075%;height: 42px\" width=\"30%\">PROFESORA DE RELIGI\u00d3N<\/td>\n<\/tr>\n<tr style=\"height: 42px\" valign=\"top\">\n<td style=\"width: 27%;height: 42px\" width=\"27%\">RELIGI\u00d3N 2<\/td>\n<td style=\"width: 43%;height: 42px\" width=\"43%\">Barroso Casta\u00f1o, Asunci\u00f3n<\/td>\n<td style=\"width: 12.6075%;height: 42px\" width=\"30%\">PROFESORA DE RELIGI\u00d3N<\/td>\n<\/tr>\n<tr style=\"height: 49px\" valign=\"top\">\n<td style=\"width: 27%;height: 49px\" width=\"27%\">RELIGI\u00d3N 3<\/td>\n<td style=\"width: 43%;height: 49px\" width=\"43%\">G\u00f3mez Mari\u00f1as, M\u00aa Tamara<\/td>\n<td style=\"width: 12.6075%;height: 49px\" width=\"30%\">PROFESORA DE RELIGI\u00d3N<\/td>\n<\/tr>\n<tr style=\"height: 30px\" valign=\"top\">\n<td style=\"width: 27%;height: 30px\" width=\"27%\">M\u00daSICA 1<\/td>\n<td style=\"width: 43%;height: 30px\" width=\"43%\">Rosado Bernal, \u00c1lvaro<\/td>\n<td style=\"width: 12.6075%;height: 30px\" width=\"30%\">M\u00fasica<\/td>\n<\/tr>\n<tr style=\"height: 24px\">\n<td style=\"width: 27%;height: 24px\">M\u00daSICA 2<\/td>\n<td style=\"width: 43%;height: 24px\">Albalate Mateo, Miguel \u00c1ngel<\/td>\n<td style=\"width: 12.6075%;height: 24px\">M\u00fasica<\/td>\n<\/tr>\n<tr style=\"height: 48px\" valign=\"top\">\n<td style=\"width: 27%;height: 48px\" width=\"27%\">PT 1<\/td>\n<td style=\"width: 43%;height: 48px\" width=\"43%\">V\u00e1zquez Romero, D\u00e9bora<\/td>\n<td style=\"width: 12.6075%;height: 48px\" width=\"30%\">Pedagog\u00eda Terap\u00e9utica<\/td>\n<\/tr>\n<tr style=\"height: 48px\" valign=\"top\">\n<td style=\"width: 27%;height: 48px\" width=\"27%\">PT 2<\/td>\n<td style=\"width: 43%;height: 48px\" width=\"43%\">L\u00e9rida Rodr\u00edguez<\/td>\n<td style=\"width: 12.6075%;height: 48px\" width=\"30%\">Pedagog\u00eda Terap\u00e9utica<\/td>\n<\/tr>\n<tr style=\"height: 48px\">\n<td style=\"width: 27%;height: 48px\">PT 3 (Aula Espec\u00edfica)<\/td>\n<td style=\"width: 43%;height: 48px\">Revuelta Rold\u00e1n, David<\/td>\n<td style=\"width: 12.6075%;height: 48px\">Pedagog\u00eda Terap\u00e9utica<\/td>\n<\/tr>\n<tr style=\"height: 34px\" valign=\"top\">\n<td style=\"width: 27%;height: 34px\" width=\"27%\">A Y L<\/td>\n<td style=\"width: 43%;height: 34px\" width=\"43%\">L\u00f3pez Mart\u00edn, Mar\u00eda<\/td>\n<td style=\"width: 12.6075%;height: 34px\" width=\"30%\">Audici\u00f3n y Lenguaje&nbsp;<\/td>\n<\/tr>\n<tr style=\"height: 30px\" valign=\"top\">\n<td style=\"width: 27%;height: 30px\" width=\"27%\">SECRETARIA<\/td>\n<td style=\"width: 43%;height: 30px\" width=\"43%\">R\u00edos Mart\u00edn, Esther<\/td>\n<td style=\"width: 12.6075%;height: 30px\" width=\"30%\">Educaci\u00f3n Primaria&nbsp;<\/td>\n<\/tr>\n<tr style=\"height: 30px\" valign=\"top\">\n<td style=\"width: 27%;height: 30px\" width=\"27%\">JEFATURA<\/td>\n<td style=\"width: 43%;height: 30px\" width=\"43%\">Vera Torrej\u00f3n, Cristina<\/td>\n<td style=\"width: 12.6075%;height: 30px\" width=\"30%\">Educaci\u00f3n F\u00edsica<\/td>\n<\/tr>\n<tr style=\"height: 33px\" valign=\"top\">\n<td style=\"width: 27%;height: 33px\" width=\"27%\">DIRECCI\u00d3N<\/td>\n<td style=\"width: 43%;height: 33px\" width=\"43%\">Rosado Bernal, \u00c1lvaro<\/td>\n<td style=\"width: 12.6075%;height: 33px\" width=\"30%\">M\u00fasica&nbsp;<\/td>\n<\/tr>\n<\/tbody>\n<\/table>\n","protected":false},"excerpt":{"rendered":"<p>PROFESORADO ACTUAL DEL CURSO 2025-2026 NIVEL EDUCATIVO TUTOR\/A ESPECIALIDAD 3 A\u00d1OS A Beltr\u00e1n Bellido, Isabel M.\u00aa Educaci\u00f3n Infantil 3 A\u00d1OS B Serv\u00e1n Vela, Ana Educaci\u00f3n Infantil 4 A\u00d1OS A Rodr\u00edguez Mart\u00ednez, Desir\u00e9e Educaci\u00f3n Infantil&#46;&#46;&#46;<\/p>\n","protected":false},"author":8119,"featured_media":0,"parent":0,"menu_order":0,"comment_status":"closed","ping_status":"closed","template":"","meta":{"ngg_post_thumbnail":0,"footnotes":"","_mc_calendar":[]},"aioseo_notices":[],"_links":{"self":[{"href":"https:\/\/blogsaverroes.juntadeandalucia.es\/ceipatlantida\/wp-json\/wp\/v2\/pages\/2650"}],"collection":[{"href":"https:\/\/blogsaverroes.juntadeandalucia.es\/ceipatlantida\/wp-json\/wp\/v2\/pages"}],"about":[{"href":"https:\/\/blogsaverroes.juntadeandalucia.es\/ceipatlantida\/wp-json\/wp\/v2\/types\/page"}],"author":[{"embeddable":true,"href":"https:\/\/blogsaverroes.juntadeandalucia.es\/ceipatlantida\/wp-json\/wp\/v2\/users\/8119"}],"replies":[{"embeddable":true,"href":"https:\/\/blogsaverroes.juntadeandalucia.es\/ceipatlantida\/wp-json\/wp\/v2\/comments?post=2650"}],"version-history":[{"count":7,"href":"https:\/\/blogsaverroes.juntadeandalucia.es\/ceipatlantida\/wp-json\/wp\/v2\/pages\/2650\/revisions"}],"predecessor-version":[{"id":4512,"href":"https:\/\/blogsaverroes.juntadeandalucia.es\/ceipatlantida\/wp-json\/wp\/v2\/pages\/2650\/revisions\/4512"}],"wp:attachment":[{"href":"https:\/\/blogsaverroes.juntadeandalucia.es\/ceipatlantida\/wp-json\/wp\/v2\/media?parent=2650"}],"curies":[{"name":"wp","href":"https:\/\/api.w.org\/{rel}","templated":true}]}}