{"id":2880,"date":"2020-04-28T15:32:37","date_gmt":"2020-04-28T14:32:37","guid":{"rendered":"https:\/\/blogsaverroes.juntadeandalucia.es\/ceipatlantida\/?page_id=2880"},"modified":"2020-04-28T15:40:52","modified_gmt":"2020-04-28T14:40:52","slug":"pasen","status":"publish","type":"page","link":"https:\/\/blogsaverroes.juntadeandalucia.es\/ceipatlantida\/pasen\/","title":{"rendered":"PASEN"},"content":{"rendered":"<p>En esta secci\u00f3n tendr\u00e1 todos los tutoriales que las familias deber\u00e1n usar para poder activar IPASEN.<\/p>\n<p>Si se encuentra con dificultades a la hora de realizar el registro, pongase en contacto con el tutor\/a de su hijo\/a, ellos\/as nos notificar\u00e1n las incidencias.<\/p>\n<p>&nbsp;<\/p>\n<h1 class=\"title style-scope ytd-video-primary-info-renderer\">C\u00f3mo realizar autologin a trav\u00e9s del navegador de un ordenador.<\/h1>\n<p><iframe loading=\"lazy\" title=\"PASEN. \u00bfC\u00f3mo hacer el autologin?\" width=\"500\" height=\"281\" src=\"https:\/\/www.youtube.com\/embed\/3z6eWjQWnuc?feature=oembed&#038;wmode=opaque\" frameborder=\"0\" allow=\"accelerometer; autoplay; clipboard-write; encrypted-media; gyroscope; picture-in-picture; web-share\" referrerpolicy=\"strict-origin-when-cross-origin\" allowfullscreen><\/iframe><\/p>\n<p>&nbsp;<\/p>\n<h1 class=\"title style-scope ytd-video-primary-info-renderer\">C\u00f3mo realizar autologin, instalar y utilizar iPasen en el m\u00f3vil o tablet.<\/h1>\n<p><iframe loading=\"lazy\" title=\"Autologin, instalaci\u00f3n y configuraci\u00f3n ipasen\" width=\"500\" height=\"281\" src=\"https:\/\/www.youtube.com\/embed\/bjQmLlB_v14?feature=oembed&#038;wmode=opaque\" frameborder=\"0\" allow=\"accelerometer; autoplay; clipboard-write; encrypted-media; gyroscope; picture-in-picture; web-share\" referrerpolicy=\"strict-origin-when-cross-origin\" allowfullscreen><\/iframe><\/p>\n<p>&nbsp;<\/p>\n<h1 class=\"title style-scope ytd-video-primary-info-renderer\">Enviar mensajes a los\/as tutores\/as por IPASEN<\/h1>\n<p><iframe loading=\"lazy\" title=\"Enviar comunicaciones al profesorado usando iPasen\" width=\"500\" height=\"281\" src=\"https:\/\/www.youtube.com\/embed\/RnQz2uH3EtM?feature=oembed&#038;wmode=opaque\" frameborder=\"0\" allow=\"accelerometer; autoplay; clipboard-write; encrypted-media; gyroscope; picture-in-picture; web-share\" referrerpolicy=\"strict-origin-when-cross-origin\" allowfullscreen><\/iframe><\/p>\n<p>&nbsp;<\/p>\n<h1 class=\"title style-scope ytd-video-primary-info-renderer\">\u00bfQu\u00e9 es Pasen?<\/h1>\n<p><iframe loading=\"lazy\" title=\"PASEN\" width=\"500\" height=\"281\" src=\"https:\/\/www.youtube.com\/embed\/7ShGT1uK_Wg?start=8&#038;feature=oembed&#038;wmode=opaque\" frameborder=\"0\" allow=\"accelerometer; autoplay; clipboard-write; encrypted-media; gyroscope; picture-in-picture; web-share\" referrerpolicy=\"strict-origin-when-cross-origin\" allowfullscreen><\/iframe><\/p>\n<p>&nbsp;<\/p>\n<h1 class=\"title style-scope ytd-video-primary-info-renderer\">Enlaces a la web de la Junta de Andaluc\u00eda.<\/h1>\n<p><a href=\"http:\/\/www.juntadeandalucia.es\/educacion\/portals\/web\/ced\/pasen\">NOVEDADES PASEN<\/a><\/p>\n<p><a href=\"https:\/\/www.juntadeandalucia.es\/educacion\/portalseneca\/web\/pasen\/inicio\">PASEN SEGUIMIENTO EDUCATIVO 2.0.<\/a><\/p>\n<p>&nbsp;<\/p>\n<p>&nbsp;<\/p>\n","protected":false},"excerpt":{"rendered":"<p>En esta secci\u00f3n tendr\u00e1 todos los tutoriales que las familias deber\u00e1n usar para poder activar IPASEN. Si se encuentra con dificultades a la hora de realizar el registro, pongase en contacto con el tutor\/a&#46;&#46;&#46;<\/p>\n","protected":false},"author":8119,"featured_media":0,"parent":0,"menu_order":0,"comment_status":"closed","ping_status":"closed","template":"","meta":{"ngg_post_thumbnail":0,"footnotes":"","_mc_calendar":[]},"aioseo_notices":[],"_links":{"self":[{"href":"https:\/\/blogsaverroes.juntadeandalucia.es\/ceipatlantida\/wp-json\/wp\/v2\/pages\/2880"}],"collection":[{"href":"https:\/\/blogsaverroes.juntadeandalucia.es\/ceipatlantida\/wp-json\/wp\/v2\/pages"}],"about":[{"href":"https:\/\/blogsaverroes.juntadeandalucia.es\/ceipatlantida\/wp-json\/wp\/v2\/types\/page"}],"author":[{"embeddable":true,"href":"https:\/\/blogsaverroes.juntadeandalucia.es\/ceipatlantida\/wp-json\/wp\/v2\/users\/8119"}],"replies":[{"embeddable":true,"href":"https:\/\/blogsaverroes.juntadeandalucia.es\/ceipatlantida\/wp-json\/wp\/v2\/comments?post=2880"}],"version-history":[{"count":5,"href":"https:\/\/blogsaverroes.juntadeandalucia.es\/ceipatlantida\/wp-json\/wp\/v2\/pages\/2880\/revisions"}],"predecessor-version":[{"id":2886,"href":"https:\/\/blogsaverroes.juntadeandalucia.es\/ceipatlantida\/wp-json\/wp\/v2\/pages\/2880\/revisions\/2886"}],"wp:attachment":[{"href":"https:\/\/blogsaverroes.juntadeandalucia.es\/ceipatlantida\/wp-json\/wp\/v2\/media?parent=2880"}],"curies":[{"name":"wp","href":"https:\/\/api.w.org\/{rel}","templated":true}]}}