{"id":3015,"date":"2020-06-19T09:18:12","date_gmt":"2020-06-19T08:18:12","guid":{"rendered":"https:\/\/blogsaverroes.juntadeandalucia.es\/ceipatlantida\/?page_id=3015"},"modified":"2022-11-29T20:18:59","modified_gmt":"2022-11-29T19:18:59","slug":"plan-de-autoproteccion","status":"publish","type":"page","link":"https:\/\/blogsaverroes.juntadeandalucia.es\/ceipatlantida\/plan-de-autoproteccion\/","title":{"rendered":"Plan de Autoprotecci\u00f3n"},"content":{"rendered":"<p>En esta secci\u00f3n pondremos todo lo relacionado con la seguridad del centro.<\/p>\n<p><a href=\"https:\/\/blogsaverroes.juntadeandalucia.es\/ceipatlantida\/files\/2022\/11\/PG-AUTOPROTECCI\u00d3N-2022-23-REVISI\u00d3N-2022-10-12.pdf\">PG AUTOPROTECCI\u00d3N 2022-23 &#8211; REVISI\u00d3N 2022-10-12<\/a><\/p>\n<p><a href=\"https:\/\/blogsaverroes.juntadeandalucia.es\/ceipatlantida\/files\/2022\/11\/PLAN-DE-ACTUACI\u00d3N-CONTRA-EL-COVID-19-2022-23.pdf\">PLAN DE ACTUACI\u00d3N CONTRA EL COVID-19 2022-23<\/a><\/p>\n","protected":false},"excerpt":{"rendered":"<p>En esta secci\u00f3n pondremos todo lo relacionado con la seguridad del centro. PG AUTOPROTECCI\u00d3N 2022-23 &#8211; REVISI\u00d3N 2022-10-12 PLAN DE ACTUACI\u00d3N CONTRA EL COVID-19 2022-23<\/p>\n","protected":false},"author":8119,"featured_media":0,"parent":0,"menu_order":0,"comment_status":"closed","ping_status":"closed","template":"","meta":{"ngg_post_thumbnail":0,"footnotes":"","_mc_calendar":[]},"aioseo_notices":[],"_links":{"self":[{"href":"https:\/\/blogsaverroes.juntadeandalucia.es\/ceipatlantida\/wp-json\/wp\/v2\/pages\/3015"}],"collection":[{"href":"https:\/\/blogsaverroes.juntadeandalucia.es\/ceipatlantida\/wp-json\/wp\/v2\/pages"}],"about":[{"href":"https:\/\/blogsaverroes.juntadeandalucia.es\/ceipatlantida\/wp-json\/wp\/v2\/types\/page"}],"author":[{"embeddable":true,"href":"https:\/\/blogsaverroes.juntadeandalucia.es\/ceipatlantida\/wp-json\/wp\/v2\/users\/8119"}],"replies":[{"embeddable":true,"href":"https:\/\/blogsaverroes.juntadeandalucia.es\/ceipatlantida\/wp-json\/wp\/v2\/comments?post=3015"}],"version-history":[{"count":9,"href":"https:\/\/blogsaverroes.juntadeandalucia.es\/ceipatlantida\/wp-json\/wp\/v2\/pages\/3015\/revisions"}],"predecessor-version":[{"id":3872,"href":"https:\/\/blogsaverroes.juntadeandalucia.es\/ceipatlantida\/wp-json\/wp\/v2\/pages\/3015\/revisions\/3872"}],"wp:attachment":[{"href":"https:\/\/blogsaverroes.juntadeandalucia.es\/ceipatlantida\/wp-json\/wp\/v2\/media?parent=3015"}],"curies":[{"name":"wp","href":"https:\/\/api.w.org\/{rel}","templated":true}]}}