{"id":3046,"date":"2020-06-26T10:31:13","date_gmt":"2020-06-26T09:31:13","guid":{"rendered":"https:\/\/blogsaverroes.juntadeandalucia.es\/ceipatlantida\/?page_id=3046"},"modified":"2020-06-26T10:31:13","modified_gmt":"2020-06-26T09:31:13","slug":"punto-de-recogida-cheque-libro","status":"publish","type":"page","link":"https:\/\/blogsaverroes.juntadeandalucia.es\/ceipatlantida\/punto-de-recogida-cheque-libro\/","title":{"rendered":"PUNTO DE RECOGIDA &#8211; CHEQUE LIBRO"},"content":{"rendered":"<p>En esta secci\u00f3n ten\u00e9is toda la informaci\u00f3n sobre la nueva plataforma de la Junta de Andaluc\u00eda para la recogida de documentos llamado PUNTO DE RECOGIDA.<\/p>\n<p>Enlace directo al PUNTO DE RECOGIDA:<\/p>\n<p><a href=\"https:\/\/seneca.juntadeandalucia.es\/seneca\/puntoderecogida\/index.html\">https:\/\/seneca.juntadeandalucia.es\/seneca\/puntoderecogida\/index.html<\/a><\/p>\n<p>(Se necesita el codigo IAnde para entrar &#8211; el mismo que se us\u00f3 para las matriculaciones online).<\/p>\n<p>VIDEOS.<\/p>\n<p>Para recogida de documentos por IPASEN.<\/p>\n<p><iframe loading=\"lazy\" title=\"(DESACTUALIZADO) IPASEN 4: Punto de Recogida de Documentos\" width=\"500\" height=\"281\" src=\"https:\/\/www.youtube.com\/embed\/ewK-h2s6Snc?feature=oembed&#038;wmode=opaque\" frameborder=\"0\" allow=\"accelerometer; autoplay; clipboard-write; encrypted-media; gyroscope; picture-in-picture; web-share\" referrerpolicy=\"strict-origin-when-cross-origin\" allowfullscreen><\/iframe><\/p>\n<p>&nbsp;<\/p>\n<p>&nbsp;<\/p>\n","protected":false},"excerpt":{"rendered":"<p>En esta secci\u00f3n ten\u00e9is toda la informaci\u00f3n sobre la nueva plataforma de la Junta de Andaluc\u00eda para la recogida de documentos llamado PUNTO DE RECOGIDA. Enlace directo al PUNTO DE RECOGIDA: https:\/\/seneca.juntadeandalucia.es\/seneca\/puntoderecogida\/index.html (Se necesita&#46;&#46;&#46;<\/p>\n","protected":false},"author":8119,"featured_media":0,"parent":0,"menu_order":0,"comment_status":"closed","ping_status":"closed","template":"","meta":{"ngg_post_thumbnail":0,"footnotes":"","_mc_calendar":[]},"aioseo_notices":[],"_links":{"self":[{"href":"https:\/\/blogsaverroes.juntadeandalucia.es\/ceipatlantida\/wp-json\/wp\/v2\/pages\/3046"}],"collection":[{"href":"https:\/\/blogsaverroes.juntadeandalucia.es\/ceipatlantida\/wp-json\/wp\/v2\/pages"}],"about":[{"href":"https:\/\/blogsaverroes.juntadeandalucia.es\/ceipatlantida\/wp-json\/wp\/v2\/types\/page"}],"author":[{"embeddable":true,"href":"https:\/\/blogsaverroes.juntadeandalucia.es\/ceipatlantida\/wp-json\/wp\/v2\/users\/8119"}],"replies":[{"embeddable":true,"href":"https:\/\/blogsaverroes.juntadeandalucia.es\/ceipatlantida\/wp-json\/wp\/v2\/comments?post=3046"}],"version-history":[{"count":1,"href":"https:\/\/blogsaverroes.juntadeandalucia.es\/ceipatlantida\/wp-json\/wp\/v2\/pages\/3046\/revisions"}],"predecessor-version":[{"id":3047,"href":"https:\/\/blogsaverroes.juntadeandalucia.es\/ceipatlantida\/wp-json\/wp\/v2\/pages\/3046\/revisions\/3047"}],"wp:attachment":[{"href":"https:\/\/blogsaverroes.juntadeandalucia.es\/ceipatlantida\/wp-json\/wp\/v2\/media?parent=3046"}],"curies":[{"name":"wp","href":"https:\/\/api.w.org\/{rel}","templated":true}]}}