{"id":3162,"date":"2020-09-17T11:22:28","date_gmt":"2020-09-17T10:22:28","guid":{"rendered":"https:\/\/blogsaverroes.juntadeandalucia.es\/ceipatlantida\/?page_id=3162"},"modified":"2026-01-22T13:42:21","modified_gmt":"2026-01-22T12:42:21","slug":"comedor","status":"publish","type":"page","link":"https:\/\/blogsaverroes.juntadeandalucia.es\/ceipatlantida\/comedor\/","title":{"rendered":"COMEDOR 2025-26"},"content":{"rendered":"<p><span style=\"color: #ff0000\"><strong>INFORMACI\u00d3N<\/strong><\/span><\/p>\n<p>Aqu\u00ed se expondr\u00e1 la informaci\u00f3n sobre Comedor durante el curso escolar 2025-2026.<\/p>\n<p><a href=\"https:\/\/blogsaverroes.juntadeandalucia.es\/ceipatlantida\/files\/2026\/01\/comunicado-web-a-las-familias-comedor.png\"><img loading=\"lazy\" decoding=\"async\" class=\"aligncenter  wp-image-4502\" src=\"https:\/\/blogsaverroes.juntadeandalucia.es\/ceipatlantida\/files\/2026\/01\/comunicado-web-a-las-familias-comedor-300x183.png\" alt=\"\" width=\"511\" height=\"312\" srcset=\"https:\/\/blogsaverroes.juntadeandalucia.es\/ceipatlantida\/files\/2026\/01\/comunicado-web-a-las-familias-comedor-300x183.png 300w, https:\/\/blogsaverroes.juntadeandalucia.es\/ceipatlantida\/files\/2026\/01\/comunicado-web-a-las-familias-comedor-1024x626.png 1024w, https:\/\/blogsaverroes.juntadeandalucia.es\/ceipatlantida\/files\/2026\/01\/comunicado-web-a-las-familias-comedor-768x470.png 768w, https:\/\/blogsaverroes.juntadeandalucia.es\/ceipatlantida\/files\/2026\/01\/comunicado-web-a-las-familias-comedor.png 1305w\" sizes=\"(max-width: 511px) 100vw, 511px\" \/><\/a><\/p>\n<p>&nbsp;<\/p>\n<p>A continuaci\u00f3n, adjuntamos el documento de registro de las familias al sitio web de la empresa de comedor &#8220;Mediterr\u00e1nea&#8221;.<\/p>\n<p><a href=\"https:\/\/drive.google.com\/file\/d\/1M3inoUX3SLAJIPY0HH1JSrFn7JFpjGUk\/view?usp=sharing\">REGISTRO DE LAS FAMILIAS<\/a><\/p>\n<p>&nbsp;<\/p>\n<p>&nbsp;<\/p>\n<p>&nbsp;<\/p>\n<p>&nbsp;<\/p>\n<p>&nbsp;<\/p>\n<p>&nbsp;<\/p>\n<p>&nbsp;<\/p>\n<p>&nbsp;<\/p>\n","protected":false},"excerpt":{"rendered":"<p>INFORMACI\u00d3N Aqu\u00ed se expondr\u00e1 la informaci\u00f3n sobre Comedor durante el curso escolar 2025-2026. &nbsp; A continuaci\u00f3n, adjuntamos el documento de registro de las familias al sitio web de la empresa de comedor &#8220;Mediterr\u00e1nea&#8221;. REGISTRO&#46;&#46;&#46;<\/p>\n","protected":false},"author":8119,"featured_media":0,"parent":0,"menu_order":0,"comment_status":"closed","ping_status":"closed","template":"","meta":{"ngg_post_thumbnail":0,"footnotes":"","_mc_calendar":[]},"aioseo_notices":[],"_links":{"self":[{"href":"https:\/\/blogsaverroes.juntadeandalucia.es\/ceipatlantida\/wp-json\/wp\/v2\/pages\/3162"}],"collection":[{"href":"https:\/\/blogsaverroes.juntadeandalucia.es\/ceipatlantida\/wp-json\/wp\/v2\/pages"}],"about":[{"href":"https:\/\/blogsaverroes.juntadeandalucia.es\/ceipatlantida\/wp-json\/wp\/v2\/types\/page"}],"author":[{"embeddable":true,"href":"https:\/\/blogsaverroes.juntadeandalucia.es\/ceipatlantida\/wp-json\/wp\/v2\/users\/8119"}],"replies":[{"embeddable":true,"href":"https:\/\/blogsaverroes.juntadeandalucia.es\/ceipatlantida\/wp-json\/wp\/v2\/comments?post=3162"}],"version-history":[{"count":52,"href":"https:\/\/blogsaverroes.juntadeandalucia.es\/ceipatlantida\/wp-json\/wp\/v2\/pages\/3162\/revisions"}],"predecessor-version":[{"id":4503,"href":"https:\/\/blogsaverroes.juntadeandalucia.es\/ceipatlantida\/wp-json\/wp\/v2\/pages\/3162\/revisions\/4503"}],"wp:attachment":[{"href":"https:\/\/blogsaverroes.juntadeandalucia.es\/ceipatlantida\/wp-json\/wp\/v2\/media?parent=3162"}],"curies":[{"name":"wp","href":"https:\/\/api.w.org\/{rel}","templated":true}]}}