{"id":3304,"date":"2020-12-14T10:05:12","date_gmt":"2020-12-14T09:05:12","guid":{"rendered":"https:\/\/blogsaverroes.juntadeandalucia.es\/ceipatlantida\/?page_id=3304"},"modified":"2026-01-23T18:21:26","modified_gmt":"2026-01-23T17:21:26","slug":"efemerides-2","status":"publish","type":"page","link":"https:\/\/blogsaverroes.juntadeandalucia.es\/ceipatlantida\/efemerides-2\/","title":{"rendered":"EFEM\u00c9RIDES"},"content":{"rendered":"<p>En esta secci\u00f3n se colgar\u00e1n los v\u00eddeos, fotos y documentos interesantes que se van haciendo durante cada a\u00f1o.<\/p>\n<p><strong>2019-20 (a\u00f1o del covid)<\/strong><\/p>\n<p><a href=\"https:\/\/blogsaverroes.juntadeandalucia.es\/ceipatlantida\/efemerides-2020-21\/\"><strong>2020-21<\/strong><\/a><\/p>\n<p><a href=\"https:\/\/blogsaverroes.juntadeandalucia.es\/ceipatlantida\/efemerides-2021-22\/\"><strong>2021-22<\/strong><\/a><\/p>\n<p><a href=\"https:\/\/blogsaverroes.juntadeandalucia.es\/ceipatlantida\/efemerides-2022-23\/\"><strong>2022-23<\/strong><\/a><\/p>\n<p>&nbsp;<\/p>\n","protected":false},"excerpt":{"rendered":"<p>En esta secci\u00f3n se colgar\u00e1n los v\u00eddeos, fotos y documentos interesantes que se van haciendo durante cada a\u00f1o. 2019-20 (a\u00f1o del covid) 2020-21 2021-22 2022-23 &nbsp;<\/p>\n","protected":false},"author":8119,"featured_media":0,"parent":0,"menu_order":0,"comment_status":"closed","ping_status":"closed","template":"","meta":{"ngg_post_thumbnail":0,"footnotes":"","_mc_calendar":[]},"aioseo_notices":[],"_links":{"self":[{"href":"https:\/\/blogsaverroes.juntadeandalucia.es\/ceipatlantida\/wp-json\/wp\/v2\/pages\/3304"}],"collection":[{"href":"https:\/\/blogsaverroes.juntadeandalucia.es\/ceipatlantida\/wp-json\/wp\/v2\/pages"}],"about":[{"href":"https:\/\/blogsaverroes.juntadeandalucia.es\/ceipatlantida\/wp-json\/wp\/v2\/types\/page"}],"author":[{"embeddable":true,"href":"https:\/\/blogsaverroes.juntadeandalucia.es\/ceipatlantida\/wp-json\/wp\/v2\/users\/8119"}],"replies":[{"embeddable":true,"href":"https:\/\/blogsaverroes.juntadeandalucia.es\/ceipatlantida\/wp-json\/wp\/v2\/comments?post=3304"}],"version-history":[{"count":11,"href":"https:\/\/blogsaverroes.juntadeandalucia.es\/ceipatlantida\/wp-json\/wp\/v2\/pages\/3304\/revisions"}],"predecessor-version":[{"id":3921,"href":"https:\/\/blogsaverroes.juntadeandalucia.es\/ceipatlantida\/wp-json\/wp\/v2\/pages\/3304\/revisions\/3921"}],"wp:attachment":[{"href":"https:\/\/blogsaverroes.juntadeandalucia.es\/ceipatlantida\/wp-json\/wp\/v2\/media?parent=3304"}],"curies":[{"name":"wp","href":"https:\/\/api.w.org\/{rel}","templated":true}]}}