{"id":35,"date":"2015-03-13T08:21:43","date_gmt":"2015-03-13T08:21:43","guid":{"rendered":"http:\/\/blogsaverroes.juntadeandalucia.es\/pre\/ceip\/?page_id=35"},"modified":"2026-01-23T17:40:03","modified_gmt":"2026-01-23T16:40:03","slug":"el-centro-2","status":"publish","type":"page","link":"https:\/\/blogsaverroes.juntadeandalucia.es\/ceipatlantida\/el-centro-2\/","title":{"rendered":"Datos del centro"},"content":{"rendered":"<p><a href=\"https:\/\/www.google.es\/maps\/place\/C.E.I.P+%22La+Atl%C3%A1ntida%22\/@36.4094089,-6.1476509,529m\/data=!3m2!1e3!4b1!4m6!3m5!1s0xd0c348419b8de19:0x8c9a6b57d7dc7a68!8m2!3d36.4094046!4d-6.145076!16s%2Fg%2F1hc1v0vtt?entry=ttu\">https:\/\/www.google.es\/maps\/place\/C.E.I.P+%22La+Atl%C3%A1ntida%22\/@36.4094089,-6.1476509,529m\/data=!3m2!1e3!4b1!4m6!3m5!1s0xd0c348419b8de19:0x8c9a6b57d7dc7a68!8m2!3d36.4094046!4d-6.145076!16s%2Fg%2F1hc1v0vtt?entry=ttu<\/a><\/p>\n<h4><strong>Datos de contacto<\/strong><\/h4>\n<p>COLEGIO DE EDUCACI\u00d3N INFANTIL Y PRIMARIA &#8220;LA ATL\u00c1NTIDA&#8221;.<\/p>\n<p>&nbsp;<\/p>\n<p><strong>Direcci\u00f3n:<\/strong>&nbsp; C\/ PABLO NERUDA SN &#8211; CP. 11130 Chiclana de la Frontera (C\u00e1diz)<\/p>\n<p><strong>Tel\u00e9fono \/ FAX: <\/strong>956 24 39 42 \/ 956 24 39 44 (fax)<br \/>\n<strong>Email: <\/strong>11006917.edu@juntadeandalucia.es<\/p>\n<h4><strong>Oferta educativa<\/strong><\/h4>\n<p>Educaci\u00f3n Infantil y Educaci\u00f3n Primaria.<\/p>\n<p>Nuestro centro educativo desarrolla los siguientes Planes, Programas y Proyectos, aprobados en el Plan de Centro:<\/p>\n<p align=\"justify\"><strong><span style=\"color: #2a6099\"><span style=\"font-family: Arial, sans-serif\"><span style=\"font-size: small\">*<span style=\"color: #000000\"> Plan de Apertura de Centros Docentes.<\/span><\/span><\/span><\/span><\/strong><\/p>\n<p align=\"justify\"><strong><span style=\"color: #000000\"><span style=\"font-family: Arial, sans-serif\"><span style=\"font-size: small\">* Plan de Salud Laboral y Prevenci\u00f3n de Riesgos laborales.<\/span><\/span><\/span><\/strong><\/p>\n<p align=\"justify\"><strong><span style=\"color: #000000\"><span style=\"font-family: Arial, sans-serif\"><span style=\"font-size: small\">* Programa para participaci\u00f3n en la Red Andaluza \u201cEscuela: Espacio de Paz\u201d.<\/span><\/span><\/span><\/strong><\/p>\n<p align=\"justify\"><strong><span style=\"color: #000000\"><span style=\"font-family: Arial, sans-serif\"><span style=\"font-size: small\">* Plan de Igualdad entre Hombres y Mujeres en la educaci\u00f3n.<\/span><\/span><\/span><\/strong><\/p>\n<p align=\"justify\"><strong><span style=\"color: #000000\"><span style=\"font-family: Arial, sans-serif\"><span style=\"font-size: small\">* Organizaci\u00f3n y funcionamiento de Bibliotecas Escolares.<\/span><\/span><\/span><\/strong><\/p>\n<p align=\"justify\"><strong><span style=\"color: #000000\"><span style=\"font-family: Arial, sans-serif\"><span style=\"font-size: small\">* Pr\u00e1cticum Grado Maestro I y II.<\/span><\/span><\/span><\/strong><\/p>\n<p align=\"justify\"><strong><span style=\"color: #000000\"><span style=\"font-family: Arial, sans-serif\"><span style=\"font-size: small\">* Transformaci\u00f3n Digital Educativa (TDE).<\/span><\/span><\/span><\/strong><\/p>\n<p align=\"justify\"><strong><span style=\"color: #000000\"><span style=\"font-family: Arial, sans-serif\"><span style=\"font-size: small\">* Pacto de Estado contra la Violencia de G\u00e9nero.<\/span><\/span><\/span><\/strong><\/p>\n<p align=\"justify\"><strong><span style=\"color: #000000\"><span style=\"font-family: Arial, sans-serif\"><span style=\"font-size: small\">* Programa de Formaci\u00f3n del Profesorado.<\/span><\/span><\/span><\/strong><\/p>\n<p align=\"justify\"><strong><span style=\"color: #000000\"><span style=\"font-family: Arial, sans-serif\"><span style=\"font-size: small\">* Programa de Refuerzo ,Orientaci\u00f3n y Apoyo (PROA).<\/span><\/span><\/span><\/strong><\/p>\n<p align=\"justify\"><strong><span style=\"color: #000000\"><span style=\"font-family: Arial, sans-serif\"><span style=\"font-size: small\">* Programa de Refuerzo de la Lengua Extranjera (PREX).<\/span><\/span><\/span><\/strong><\/p>\n<p align=\"justify\"><strong><span style=\"color: #000000\"><span style=\"font-family: Arial, sans-serif\"><span style=\"font-size: small\">* Plan Director.<\/span><\/span><\/span><\/strong><\/p>\n<p align=\"justify\"><strong><span style=\"color: #000000\"><span style=\"font-family: Arial, sans-serif\"><span style=\"font-size: small\">* Plan de Convivencia.<\/span><\/span><\/span><\/strong><\/p>\n<p align=\"justify\"><strong><span style=\"color: #000000\"><span style=\"font-family: Arial, sans-serif\"><span style=\"font-size: small\">* Plan de Bienestar y Protecci\u00f3n de la Infancia y la Adolescencia.<\/span><\/span><\/span><\/strong><\/p>\n<p align=\"justify\"><strong><span style=\"color: #000000\"><span style=\"font-family: Arial, sans-serif\"><span style=\"font-size: small\">* Programa Investiga y Descubre.<\/span><\/span><\/span><\/strong><\/p>\n<p align=\"justify\"><strong><span style=\"color: #000000\"><span style=\"font-family: Arial, sans-serif\"><span style=\"font-size: small\">* Programa de Innovaci\u00f3n Educativa &#8220;DUA digital en el CEIP La Atl\u00e1ntida&#8221; y &#8220;Huerto escolar&#8221;.<\/span><\/span><\/span><\/strong><\/p>\n<p align=\"justify\"><strong><span style=\"color: #000000\"><span style=\"font-family: Arial, sans-serif\"><span style=\"font-size: small\"> * C\u00f3digo Escuela 4.0.<\/span><\/span><\/span><\/strong><\/p>\n<p align=\"justify\"><strong><span style=\"color: #2a6099\"><span style=\"font-family: Arial, sans-serif\"><span style=\"font-size: small\"> <span style=\"color: #000000\">* Programa de H\u00e1bitos Saludables (Creciendo en Salud).<\/span><\/span><\/span><\/span><\/strong><\/p>\n<p align=\"justify\"><strong><span style=\"color: #000000\"><span style=\"font-family: Arial, sans-serif\"><span style=\"font-size: small\"> * Programa de Atenci\u00f3n Socioeducativa ZTS.<\/span><\/span><\/span><\/strong><\/p>\n<p align=\"justify\"><strong><span style=\"color: #000000\"><span style=\"font-family: Arial, sans-serif\"><span style=\"font-size: small\">* Proa +, FSE + &#8220;Transf\u00f3rmate&#8221;.<\/span><\/span><\/span><\/strong><\/p>\n<p align=\"justify\"><strong><span style=\"color: #000000\"><span style=\"font-family: Arial, sans-serif\"><span style=\"font-size: small\">* Programa + Equidad.<\/span><\/span><\/span><\/strong><\/p>\n<p align=\"justify\"><strong><span style=\"color: #000000\"><span style=\"font-family: Arial, sans-serif\"><span style=\"font-size: small\">* Programa + Deporte.<\/span><\/span><\/span><\/strong><\/p>\n<p align=\"justify\"><strong><span style=\"color: #000000\"><span style=\"font-family: Arial, sans-serif\"><span style=\"font-size: small\">* Programa Aldea.<\/span><\/span><\/span><\/strong><\/p>\n<p align=\"justify\"><strong><span style=\"color: #000000\"><span style=\"font-family: Arial, sans-serif\"><span style=\"font-size: small\">* Proyecto Aulas Verdes Abiertas.<\/span><\/span><\/span><\/strong><\/p>\n<p align=\"justify\"><strong><span style=\"color: #000000\"><span style=\"font-family: Arial, sans-serif\"><span style=\"font-size: small\">* Programa Red Andaluza Ecoescuela.<\/span><\/span><\/span><\/strong><\/p>\n<p align=\"justify\"><strong><span style=\"color: #000000\"><span style=\"font-family: Arial, sans-serif\"><span style=\"font-size: small\">* Programa Red Escuelas Promotoras de la Salud de Andaluc\u00eda (RED EPSA).<\/span><\/span><\/span><\/strong><\/p>\n<p>A su vez, nuestro Exmo. Ayuntamiento de Chiclana, a trav\u00e9s de sus delegaciones, ofrecen diferentes actividades y talleres.<\/p>\n<h4><strong>HORARIOS<\/strong><\/h4>\n<h4>HORARIO DEL ALUMNADO<\/h4>\n<table style=\"width: 62.4975%\">\n<tbody>\n<tr>\n<td style=\"width: 19.8664%;text-align: center\">LUNES<\/td>\n<td style=\"width: 19.8664%;text-align: center\">MARTES<\/td>\n<td style=\"width: 19.8664%;text-align: center\">MI\u00c9RCOLES<\/td>\n<td style=\"width: 19.8664%;text-align: center\">JUEVES<\/td>\n<td style=\"width: 22.7048%;text-align: center\">VIERNES<\/td>\n<\/tr>\n<tr>\n<td style=\"width: 19.8664%;text-align: center\">09:00 a 14:00<\/td>\n<td style=\"width: 19.8664%;text-align: center\">09:00 a 14:00<\/td>\n<td style=\"width: 19.8664%;text-align: center\">09:00 a 14:00<\/td>\n<td style=\"width: 19.8664%;text-align: center\">09:00 a 14:00<\/td>\n<td style=\"width: 22.7048%;text-align: center\">09:00 a 14:00<\/td>\n<\/tr>\n<\/tbody>\n<\/table>\n<h4>HORARIO DEL PROFESORADO<\/h4>\n<table style=\"width: 62.5414%\">\n<tbody>\n<tr>\n<td style=\"text-align: center;width: 19.6532%\">LUNES<\/td>\n<td style=\"text-align: center;width: 19.6532%\">MARTES<\/td>\n<td style=\"text-align: center;width: 19.6532%\">MI\u00c9RCOLES<\/td>\n<td style=\"text-align: center;width: 19.6532%\">JUEVES<\/td>\n<td style=\"text-align: center;width: 39.8844%\">VIERNES<\/td>\n<\/tr>\n<tr>\n<td style=\"text-align: center;width: 19.6532%\">09:00 a 14:00<\/td>\n<td style=\"text-align: center;width: 19.6532%\">09:00 a 14:00<\/td>\n<td style=\"text-align: center;width: 19.6532%\">09:00 a 14:00<\/td>\n<td style=\"text-align: center;width: 19.6532%\">09:00 a 14:00<\/td>\n<td style=\"text-align: center;width: 39.8844%\">09:00 a 14:00<\/td>\n<\/tr>\n<tr>\n<td style=\"text-align: center;width: 19.6532%\">16:00 a 19:00<\/td>\n<td style=\"text-align: center;width: 19.6532%\">&nbsp;<\/td>\n<td style=\"text-align: center;width: 19.6532%\">&nbsp;<\/td>\n<td style=\"text-align: center;width: 19.6532%\">&nbsp;<\/td>\n<td style=\"text-align: center;width: 39.8844%\">&nbsp;<\/td>\n<\/tr>\n<\/tbody>\n<\/table>\n<h4>HORARIO DE ATENCI\u00d3N A LAS FAMILIAS<\/h4>\n<table>\n<tbody>\n<tr>\n<td style=\"text-align: center\">LUNES<\/td>\n<\/tr>\n<tr>\n<td>16:00 a 17:00<\/td>\n<\/tr>\n<\/tbody>\n<\/table>\n<h4>HORARIO DE SECRETAR\u00cdA<\/h4>\n<table style=\"width: 68.8549%\">\n<tbody>\n<tr>\n<td style=\"text-align: center;width: 19.6532%\">LUNES<\/td>\n<td style=\"text-align: center;width: 19.6532%\">MARTES<\/td>\n<td style=\"text-align: center;width: 19.6532%\">MI\u00c9RCOLES<\/td>\n<td style=\"text-align: center;width: 19.6532%\">JUEVES<\/td>\n<td style=\"text-align: center;width: 52.0231%\">VIERNES<\/td>\n<\/tr>\n<tr>\n<td style=\"text-align: center;width: 19.6532%\">09:20 a 11:30<\/p>\n<p>12:00 a 13:45<\/td>\n<td style=\"text-align: center;width: 19.6532%\">09:20 a 11:30<\/p>\n<p>12:00 a 13:45<\/td>\n<td style=\"text-align: center;width: 19.6532%\">09:20 a 11:30<\/p>\n<p>12:00 a 13:45<\/td>\n<td style=\"text-align: center;width: 19.6532%\">09:20 a 11:30<\/p>\n<p>12:00 a 13:45<\/td>\n<td style=\"text-align: center;width: 52.0231%\">09:20 a 11:30<\/p>\n<p>12:00 a 13:45<\/td>\n<\/tr>\n<\/tbody>\n<\/table>\n<h4>HORARIO DE LA ASOCIACI\u00d3N DE MADRES Y PADRES DEL ALUMNADO (AMPA)<\/h4>\n<table style=\"width: 18.8455%;height: 76px\">\n<tbody>\n<tr style=\"height: 24px\">\n<td style=\"height: 24px;text-align: center;width: 100%\">MARTES<\/td>\n<\/tr>\n<tr style=\"height: 52px\">\n<td style=\"height: 52px;text-align: center;width: 100%\">09:20 a 10:30<\/td>\n<\/tr>\n<\/tbody>\n<\/table>\n<h4>HORARIO DEL PLAN DE APERTURA<\/h4>\n<p><strong>AULA MATINAL<\/strong><\/p>\n<table style=\"width: 60.5367%;height: 48px\">\n<tbody>\n<tr style=\"height: 24px\">\n<td style=\"height: 24px;text-align: center;width: 19.6532%\">LUNES<\/td>\n<td style=\"height: 24px;text-align: center;width: 19.6532%\">MARTES<\/td>\n<td style=\"height: 24px;text-align: center;width: 19.6532%\">MI\u00c9RCOLES<\/td>\n<td style=\"height: 24px;text-align: center;width: 19.6532%\">JUEVES<\/td>\n<td style=\"height: 24px;text-align: center;width: 36.0308%\">VIERNES<\/td>\n<\/tr>\n<tr style=\"height: 24px\">\n<td style=\"height: 24px;text-align: center;width: 19.6532%\">07:30 a 09:00<\/td>\n<td style=\"height: 24px;text-align: center;width: 19.6532%\">07:30 a 09:00<\/td>\n<td style=\"height: 24px;text-align: center;width: 19.6532%\">07:30 a 09:00<\/td>\n<td style=\"height: 24px;text-align: center;width: 19.6532%\">07:30 a 09:00<\/td>\n<td style=\"height: 24px;text-align: center;width: 36.0308%\">07:30 a 09:00<\/td>\n<\/tr>\n<\/tbody>\n<\/table>\n<p><strong>COMEDOR<\/strong><\/p>\n<table style=\"width: 60.2363%\">\n<tbody>\n<tr>\n<td style=\"width: 19.6532%;text-align: center\">LUNES<\/td>\n<td style=\"width: 19.6532%;text-align: center\">MARTES<\/td>\n<td style=\"width: 19.6532%;text-align: center\">MI\u00c9RCOLES<\/td>\n<td style=\"width: 19.6532%;text-align: center\">JUEVES<\/td>\n<td style=\"width: 35.4528%;text-align: center\">VIERNES<\/td>\n<\/tr>\n<tr>\n<td style=\"width: 19.6532%;text-align: center\">14:00 a 16:00<\/td>\n<td style=\"width: 19.6532%;text-align: center\">14:00 a 16:00<\/td>\n<td style=\"width: 19.6532%;text-align: center\">14:00 a 16:00<\/td>\n<td style=\"width: 19.6532%;text-align: center\">14:00 a 16:00<\/td>\n<td style=\"width: 35.4528%;text-align: center\">14:00 a 16:00<\/td>\n<\/tr>\n<\/tbody>\n<\/table>\n<p><strong>ACTIVIDADES EXTRAESCOLARES<\/strong><\/p>\n<table style=\"width: 59.8352%\">\n<tbody>\n<tr>\n<td style=\"text-align: center;width: 19.6532%\">LUNES<\/td>\n<td style=\"text-align: center;width: 19.6532%\">MARTES<\/td>\n<td style=\"text-align: center;width: 19.6532%\">MI\u00c9RCOLES<\/td>\n<td style=\"text-align: center;width: 19.6532%\">JUEVES<\/td>\n<td style=\"text-align: center;width: 34.6821%\">VIERNES<\/td>\n<\/tr>\n<tr>\n<td style=\"text-align: center;width: 19.6532%\">16:00 a 18:00<\/td>\n<td style=\"text-align: center;width: 19.6532%\">16:00 a 18:00<\/td>\n<td style=\"text-align: center;width: 19.6532%\">16:00 a 18:00<\/td>\n<td style=\"text-align: center;width: 19.6532%\">16:00 a 18:00<\/td>\n<td style=\"text-align: center;width: 34.6821%\">16:00 a 18:00<\/td>\n<\/tr>\n<\/tbody>\n<\/table>\n<h4><strong>Instalaciones<\/strong><\/h4>\n<p>Actualmente el centro ofrece como instalaciones un total de 18 aulas de Educaci\u00f3n Primaria, 9 aulas de Educaci\u00f3n Infantil, 1 Aula Espec\u00edfica, 1 aula de Inform\u00e1tica, 1 Biblioteca, 1 pabell\u00f3n deportivo cubierto, 1 aula de psicomotricidad, 2 pistas de f\u00fatbol sala, y una zona de huerto escolar con bancales y zonas de arboleda y jardines.<\/p>\n","protected":false},"excerpt":{"rendered":"<p>https:\/\/www.google.es\/maps\/place\/C.E.I.P+%22La+Atl%C3%A1ntida%22\/@36.4094089,-6.1476509,529m\/data=!3m2!1e3!4b1!4m6!3m5!1s0xd0c348419b8de19:0x8c9a6b57d7dc7a68!8m2!3d36.4094046!4d-6.145076!16s%2Fg%2F1hc1v0vtt?entry=ttu Datos de contacto COLEGIO DE EDUCACI\u00d3N INFANTIL Y PRIMARIA &#8220;LA ATL\u00c1NTIDA&#8221;. &nbsp; Direcci\u00f3n:&nbsp; C\/ PABLO NERUDA SN &#8211; CP. 11130 Chiclana de la Frontera (C\u00e1diz) Tel\u00e9fono \/ FAX: 956 24 39 42 \/&#46;&#46;&#46;<\/p>\n","protected":false},"author":1,"featured_media":0,"parent":0,"menu_order":0,"comment_status":"closed","ping_status":"open","template":"","meta":{"ngg_post_thumbnail":0,"footnotes":"","_mc_calendar":[]},"aioseo_notices":[],"_links":{"self":[{"href":"https:\/\/blogsaverroes.juntadeandalucia.es\/ceipatlantida\/wp-json\/wp\/v2\/pages\/35"}],"collection":[{"href":"https:\/\/blogsaverroes.juntadeandalucia.es\/ceipatlantida\/wp-json\/wp\/v2\/pages"}],"about":[{"href":"https:\/\/blogsaverroes.juntadeandalucia.es\/ceipatlantida\/wp-json\/wp\/v2\/types\/page"}],"author":[{"embeddable":true,"href":"https:\/\/blogsaverroes.juntadeandalucia.es\/ceipatlantida\/wp-json\/wp\/v2\/users\/1"}],"replies":[{"embeddable":true,"href":"https:\/\/blogsaverroes.juntadeandalucia.es\/ceipatlantida\/wp-json\/wp\/v2\/comments?post=35"}],"version-history":[{"count":34,"href":"https:\/\/blogsaverroes.juntadeandalucia.es\/ceipatlantida\/wp-json\/wp\/v2\/pages\/35\/revisions"}],"predecessor-version":[{"id":4517,"href":"https:\/\/blogsaverroes.juntadeandalucia.es\/ceipatlantida\/wp-json\/wp\/v2\/pages\/35\/revisions\/4517"}],"wp:attachment":[{"href":"https:\/\/blogsaverroes.juntadeandalucia.es\/ceipatlantida\/wp-json\/wp\/v2\/media?parent=35"}],"curies":[{"name":"wp","href":"https:\/\/api.w.org\/{rel}","templated":true}]}}