{"id":3521,"date":"2021-06-16T17:02:06","date_gmt":"2021-06-16T16:02:06","guid":{"rendered":"https:\/\/blogsaverroes.juntadeandalucia.es\/ceipatlantida\/?page_id=3521"},"modified":"2021-06-16T17:02:06","modified_gmt":"2021-06-16T16:02:06","slug":"talento-de-la-atlantida","status":"publish","type":"page","link":"https:\/\/blogsaverroes.juntadeandalucia.es\/ceipatlantida\/talento-de-la-atlantida\/","title":{"rendered":"TALENTO DE LA ATL\u00c1NTIDA"},"content":{"rendered":"<p>En esta secci\u00f3n se expondr\u00e1 las actividades que desde el Programa de Estimulaci\u00f3n Cognitiva para alumnado de Altas Capacidades, se est\u00e1 desarrollando desde el centro.<\/p>\n<p>A continuaci\u00f3n ten\u00e9is el enlace a la WEB realizada por el alumnado del centro, os animo a visitarla y ver sus actividades.<\/p>\n<p>ENLACE: <a href=\"https:\/\/sites.google.com\/ceipatlantida.com\/eltalentodeatlantida\/inicio\">https:\/\/sites.google.com\/ceipatlantida.com\/eltalentodeatlantida\/inicio<\/a><\/p>\n<p>Espero que os guste y lo disfrut\u00e9is igual que lo hacemos los docentes y alumnado del centro.<\/p>\n<p>&nbsp;<\/p>\n","protected":false},"excerpt":{"rendered":"<p>En esta secci\u00f3n se expondr\u00e1 las actividades que desde el Programa de Estimulaci\u00f3n Cognitiva para alumnado de Altas Capacidades, se est\u00e1 desarrollando desde el centro. A continuaci\u00f3n ten\u00e9is el enlace a la WEB realizada&#46;&#46;&#46;<\/p>\n","protected":false},"author":8119,"featured_media":0,"parent":0,"menu_order":0,"comment_status":"closed","ping_status":"closed","template":"","meta":{"ngg_post_thumbnail":0,"footnotes":"","_mc_calendar":[]},"aioseo_notices":[],"_links":{"self":[{"href":"https:\/\/blogsaverroes.juntadeandalucia.es\/ceipatlantida\/wp-json\/wp\/v2\/pages\/3521"}],"collection":[{"href":"https:\/\/blogsaverroes.juntadeandalucia.es\/ceipatlantida\/wp-json\/wp\/v2\/pages"}],"about":[{"href":"https:\/\/blogsaverroes.juntadeandalucia.es\/ceipatlantida\/wp-json\/wp\/v2\/types\/page"}],"author":[{"embeddable":true,"href":"https:\/\/blogsaverroes.juntadeandalucia.es\/ceipatlantida\/wp-json\/wp\/v2\/users\/8119"}],"replies":[{"embeddable":true,"href":"https:\/\/blogsaverroes.juntadeandalucia.es\/ceipatlantida\/wp-json\/wp\/v2\/comments?post=3521"}],"version-history":[{"count":1,"href":"https:\/\/blogsaverroes.juntadeandalucia.es\/ceipatlantida\/wp-json\/wp\/v2\/pages\/3521\/revisions"}],"predecessor-version":[{"id":3522,"href":"https:\/\/blogsaverroes.juntadeandalucia.es\/ceipatlantida\/wp-json\/wp\/v2\/pages\/3521\/revisions\/3522"}],"wp:attachment":[{"href":"https:\/\/blogsaverroes.juntadeandalucia.es\/ceipatlantida\/wp-json\/wp\/v2\/media?parent=3521"}],"curies":[{"name":"wp","href":"https:\/\/api.w.org\/{rel}","templated":true}]}}