{"id":3798,"date":"2022-09-30T19:28:39","date_gmt":"2022-09-30T18:28:39","guid":{"rendered":"https:\/\/blogsaverroes.juntadeandalucia.es\/ceipatlantida\/?page_id=3798"},"modified":"2022-09-30T19:28:39","modified_gmt":"2022-09-30T18:28:39","slug":"efemerides-2020-21","status":"publish","type":"page","link":"https:\/\/blogsaverroes.juntadeandalucia.es\/ceipatlantida\/efemerides-2020-21\/","title":{"rendered":"EFEM\u00c9RIDES 2020-21"},"content":{"rendered":"<p>En esta secci\u00f3n expondremos las actividades que la comunidad educativa ir\u00e1 realizando durante el curso 2021-22<\/p>\n<p>En esta secci\u00f3n se colgar\u00e1n los v\u00eddeos, fotos y documentos que recojan las actividades que se realizar\u00e1n durante el curso 20-21 en nuestro centro.<\/p>\n<p><em><strong>CURSO 2020-21.<\/strong><\/em><\/p>\n<p><strong>OTO\u00d1O 20-21<\/strong><\/p>\n<p><span class=\"embed-youtube\">[youtube https:\/\/www.youtube.com\/watch?v=9uuLZYtFgBM?version=3&amp;rel=1&amp;fs=1&amp;autohide=2&amp;showsearch=0&amp;showinfo=1&amp;iv_load_policy=1&amp;wmode=transparent]<\/span><\/p>\n<p><strong>D\u00cdA DEL FLAMENCO<\/strong><\/p>\n<p><span class=\"embed-youtube\">[youtube https:\/\/www.youtube.com\/watch?v=jz-xS9SfqVQ?version=3&amp;rel=1&amp;fs=1&amp;autohide=2&amp;showsearch=0&amp;showinfo=1&amp;iv_load_policy=1&amp;start=40&amp;wmode=transparent]<\/span><\/p>\n<p><strong>D\u00cdA DE LA CONSTITUCI\u00d3N<\/strong><\/p>\n<p><span class=\"embed-youtube\">[youtube https:\/\/www.youtube.com\/watch?v=vquGDauoL5U?version=3&amp;rel=1&amp;fs=1&amp;autohide=2&amp;showsearch=0&amp;showinfo=1&amp;iv_load_policy=1&amp;wmode=transparent]<\/span><\/p>\n<p><strong>NAVIDAD 20-21<\/strong><\/p>\n<p><iframe loading=\"lazy\" src=\"https:\/\/www.youtube.com\/embed\/4nxSy1JVfw8?feature=oembed\" width=\"679\" height=\"382\" frameborder=\"0\"><\/iframe><\/p>\n<p><iframe loading=\"lazy\" src=\"https:\/\/www.youtube.com\/embed\/QACQR-vpcS0?feature=oembed\" width=\"679\" height=\"382\" frameborder=\"0\"><\/iframe><\/p>\n<p><strong>ACTIVIDADES CIUDADES SOSTENIBLES<\/strong><\/p>\n<p><a href=\"https:\/\/www.facebook.com\/story.php?story_fbid=157287279531736&amp;id=102548608338937&amp;scmts=scwspsdd\">https:\/\/www.facebook.com\/story.php?story_fbid=157287279531736&amp;id=102548608338937&amp;scmts=scwspsdd<\/a><\/p>\n<p><strong>D\u00cdAS DE LA PAZ<\/strong><\/p>\n<p><a href=\"https:\/\/www.facebook.com\/story.php?story_fbid=157281009532363&amp;id=102548608338937&amp;scmts=scwspsdd\">https:\/\/www.facebook.com\/story.php?story_fbid=157281009532363&amp;id=102548608338937&amp;scmts=scwspsdd<\/a><\/p>\n<p><a href=\"https:\/\/www.facebook.com\/story.php?story_fbid=157282439532220&amp;id=102548608338937&amp;scmts=scwspsdd\">https:\/\/www.facebook.com\/story.php?story_fbid=157282439532220&amp;id=102548608338937&amp;scmts=scwspsdd<\/a><\/p>\n<p><a href=\"https:\/\/www.facebook.com\/CEIP-Atl%C3%A1ntida-Chiclana-102548608338937\">https:\/\/www.facebook.com\/CEIP-Atl%C3%A1ntida-Chiclana-102548608338937<\/a><\/p>\n<p><iframe loading=\"lazy\" src=\"https:\/\/www.youtube.com\/embed\/ta9wot3cxlk?feature=oembed\" width=\"679\" height=\"382\" frameborder=\"0\"><\/iframe><\/p>\n<p><strong>CARNAVAL<\/strong><\/p>\n<p><iframe loading=\"lazy\" src=\"https:\/\/www.youtube.com\/embed\/2Is3NSzqjEs?feature=oembed\" width=\"679\" height=\"382\" frameborder=\"0\"><\/iframe><\/p>\n<p><strong>D\u00cdA DE ANDALUC\u00cdA<\/strong><\/p>\n<p><iframe loading=\"lazy\" src=\"https:\/\/www.youtube.com\/embed\/VvJIEGKKRRQ?feature=oembed\" width=\"679\" height=\"382\" frameborder=\"0\"><\/iframe><\/p>\n<p><strong>D\u00cdA DE LA MUJER<\/strong><\/p>\n<p>(COLABORACI\u00d3N CON EL CEIP FEDERICO GARC\u00cdA LORCA)<\/p>\n<p><iframe loading=\"lazy\" src=\"https:\/\/www.youtube.com\/embed\/tqkpjGuhknk?start=33&amp;feature=oembed\" width=\"679\" height=\"382\" frameborder=\"0\"><\/iframe><\/p>\n<p><strong>D\u00cdA INTERNACIONAL DE LA FAMILIA<\/strong><\/p>\n<p><iframe loading=\"lazy\" src=\"https:\/\/www.youtube.com\/embed\/5WN7KqZzdq0?feature=oembed\" width=\"679\" height=\"382\" frameborder=\"0\"><\/iframe><\/p>\n<p><strong>PROYECTO \u201cSEMBRAMOS NUESTRO COLE\u201d.<\/strong><\/p>\n<p><iframe loading=\"lazy\" src=\"https:\/\/www.youtube.com\/embed\/PRCAKrBxTmM?feature=oembed\" width=\"679\" height=\"382\" frameborder=\"0\"><\/iframe><\/p>\n<p><strong>D\u00cdA DEL LIBRO<\/strong><\/p>\n<p><iframe loading=\"lazy\" src=\"https:\/\/www.youtube.com\/embed\/llWOsGMQLlw?feature=oembed\" width=\"679\" height=\"382\" frameborder=\"0\"><\/iframe><\/p>\n<p><strong>FIN DE CURSO \u201d BAILE\u201d<br \/>\n<\/strong><\/p>\n<p><iframe loading=\"lazy\" src=\"https:\/\/www.youtube.com\/embed\/DIgHXMTrO6A?feature=oembed\" width=\"679\" height=\"382\" frameborder=\"0\"><\/iframe><\/p>\n<p>&nbsp;<\/p>\n","protected":false},"excerpt":{"rendered":"<p>En esta secci\u00f3n expondremos las actividades que la comunidad educativa ir\u00e1 realizando durante el curso 2021-22 En esta secci\u00f3n se colgar\u00e1n los v\u00eddeos, fotos y documentos que recojan las actividades que se realizar\u00e1n durante&#46;&#46;&#46;<\/p>\n","protected":false},"author":8119,"featured_media":0,"parent":0,"menu_order":0,"comment_status":"closed","ping_status":"closed","template":"","meta":{"ngg_post_thumbnail":0,"footnotes":"","_mc_calendar":[]},"aioseo_notices":[],"_links":{"self":[{"href":"https:\/\/blogsaverroes.juntadeandalucia.es\/ceipatlantida\/wp-json\/wp\/v2\/pages\/3798"}],"collection":[{"href":"https:\/\/blogsaverroes.juntadeandalucia.es\/ceipatlantida\/wp-json\/wp\/v2\/pages"}],"about":[{"href":"https:\/\/blogsaverroes.juntadeandalucia.es\/ceipatlantida\/wp-json\/wp\/v2\/types\/page"}],"author":[{"embeddable":true,"href":"https:\/\/blogsaverroes.juntadeandalucia.es\/ceipatlantida\/wp-json\/wp\/v2\/users\/8119"}],"replies":[{"embeddable":true,"href":"https:\/\/blogsaverroes.juntadeandalucia.es\/ceipatlantida\/wp-json\/wp\/v2\/comments?post=3798"}],"version-history":[{"count":2,"href":"https:\/\/blogsaverroes.juntadeandalucia.es\/ceipatlantida\/wp-json\/wp\/v2\/pages\/3798\/revisions"}],"predecessor-version":[{"id":3800,"href":"https:\/\/blogsaverroes.juntadeandalucia.es\/ceipatlantida\/wp-json\/wp\/v2\/pages\/3798\/revisions\/3800"}],"wp:attachment":[{"href":"https:\/\/blogsaverroes.juntadeandalucia.es\/ceipatlantida\/wp-json\/wp\/v2\/media?parent=3798"}],"curies":[{"name":"wp","href":"https:\/\/api.w.org\/{rel}","templated":true}]}}