{"id":3801,"date":"2022-09-30T19:27:58","date_gmt":"2022-09-30T18:27:58","guid":{"rendered":"https:\/\/blogsaverroes.juntadeandalucia.es\/ceipatlantida\/?page_id=3801"},"modified":"2022-09-30T19:27:58","modified_gmt":"2022-09-30T18:27:58","slug":"efemerides-2021-22","status":"publish","type":"page","link":"https:\/\/blogsaverroes.juntadeandalucia.es\/ceipatlantida\/efemerides-2021-22\/","title":{"rendered":"EFEM\u00c9RIDES 2021-22"},"content":{"rendered":"<p>En esta secci\u00f3n exponemos los v\u00eddeos de los trabajos que realiza la comunidad educativa a lo largo del curso 2021-22.<\/p>\n<p><strong>HALLOWEEN 21-22<\/strong><\/p>\n<p><iframe loading=\"lazy\" title=\"HALLOWEEN 21 22\" width=\"500\" height=\"281\" src=\"https:\/\/www.youtube.com\/embed\/tE7ykXTBHkY?feature=oembed&#038;wmode=opaque\" frameborder=\"0\" allow=\"accelerometer; autoplay; clipboard-write; encrypted-media; gyroscope; picture-in-picture; web-share\" referrerpolicy=\"strict-origin-when-cross-origin\" allowfullscreen><\/iframe><\/p>\n<p><strong>PROYECTOS ABP<\/strong><\/p>\n<p><iframe loading=\"lazy\" title=\"PROYECTOS ABP\" width=\"500\" height=\"281\" src=\"https:\/\/www.youtube.com\/embed\/PaSK-RksCvQ?feature=oembed&#038;wmode=opaque\" frameborder=\"0\" allow=\"accelerometer; autoplay; clipboard-write; encrypted-media; gyroscope; picture-in-picture; web-share\" referrerpolicy=\"strict-origin-when-cross-origin\" allowfullscreen><\/iframe><\/p>\n<p><strong>D\u00cdA INTERNACIONAL DEL FLAMENCO 21-22<\/strong><\/p>\n<p><iframe loading=\"lazy\" title=\"16N D\u00cdA INTERNACIONAL DEL FLAMENCO\" width=\"500\" height=\"281\" src=\"https:\/\/www.youtube.com\/embed\/TBLrkNmy8Ss?feature=oembed&#038;wmode=opaque\" frameborder=\"0\" allow=\"accelerometer; autoplay; clipboard-write; encrypted-media; gyroscope; picture-in-picture; web-share\" referrerpolicy=\"strict-origin-when-cross-origin\" allowfullscreen><\/iframe><\/p>\n<p><strong>EL OTO\u00d1O &#8211; 2021-22<\/strong><\/p>\n<p><iframe loading=\"lazy\" title=\"EL OTO\u00d1O EN EL CEIP ATL\u00c1NTIDA. CURSO 2021-2022\" width=\"500\" height=\"281\" src=\"https:\/\/www.youtube.com\/embed\/XWDnzvl03vc?feature=oembed&#038;wmode=opaque\" frameborder=\"0\" allow=\"accelerometer; autoplay; clipboard-write; encrypted-media; gyroscope; picture-in-picture; web-share\" referrerpolicy=\"strict-origin-when-cross-origin\" allowfullscreen><\/iframe><\/p>\n<p><strong>RINC\u00d3N DE LECTURA (INNAUGURACI\u00d3N)<\/strong><\/p>\n<p><iframe loading=\"lazy\" title=\"READING CORNER &quot;Rinc\u00f3n de Lectura&quot;\" width=\"500\" height=\"281\" src=\"https:\/\/www.youtube.com\/embed\/t_bEnqZwOcA?feature=oembed&#038;wmode=opaque\" frameborder=\"0\" allow=\"accelerometer; autoplay; clipboard-write; encrypted-media; gyroscope; picture-in-picture; web-share\" referrerpolicy=\"strict-origin-when-cross-origin\" allowfullscreen><\/iframe><\/p>\n<p><strong>D\u00cdA DE LA CONSTITUCI\u00d3N 21-22<\/strong><\/p>\n<p><iframe loading=\"lazy\" title=\"D\u00cdA DE LA CONSTITUCI\u00d3N CURSO 21-22\" width=\"500\" height=\"281\" src=\"https:\/\/www.youtube.com\/embed\/55giPKE97QA?feature=oembed&#038;wmode=opaque\" frameborder=\"0\" allow=\"accelerometer; autoplay; clipboard-write; encrypted-media; gyroscope; picture-in-picture; web-share\" referrerpolicy=\"strict-origin-when-cross-origin\" allowfullscreen><\/iframe><\/p>\n<p><strong>JUNTOS CON UCRANIA&nbsp;<\/strong><\/p>\n<p><iframe loading=\"lazy\" title=\"JUNTOS CON UCRANIA\" width=\"500\" height=\"281\" src=\"https:\/\/www.youtube.com\/embed\/dRaag5tckbI?feature=oembed&#038;wmode=opaque\" frameborder=\"0\" allow=\"accelerometer; autoplay; clipboard-write; encrypted-media; gyroscope; picture-in-picture; web-share\" referrerpolicy=\"strict-origin-when-cross-origin\" allowfullscreen><\/iframe><\/p>\n<p><strong>EXPOSICI\u00d3N PASOS DE SEMANA SANTA 21-22<\/strong><\/p>\n<p><iframe loading=\"lazy\" title=\"EXPOSICI\u00d3N DE PASOS DE SEMANA SANTA. CURSO 2021-2022\" width=\"500\" height=\"281\" src=\"https:\/\/www.youtube.com\/embed\/mjZK3m6kkmU?feature=oembed&#038;wmode=opaque\" frameborder=\"0\" allow=\"accelerometer; autoplay; clipboard-write; encrypted-media; gyroscope; picture-in-picture; web-share\" referrerpolicy=\"strict-origin-when-cross-origin\" allowfullscreen><\/iframe><\/p>\n<p><strong>D\u00cdA DEL LIBRO 21-22<\/strong><\/p>\n<p><iframe loading=\"lazy\" title=\"D\u00cdA DEL LIBRO EN EL CEIP ATL\u00c1NTIDA. CURSO 21\/22\" width=\"500\" height=\"281\" src=\"https:\/\/www.youtube.com\/embed\/Gi4FyWCfcXk?feature=oembed&#038;wmode=opaque\" frameborder=\"0\" allow=\"accelerometer; autoplay; clipboard-write; encrypted-media; gyroscope; picture-in-picture; web-share\" referrerpolicy=\"strict-origin-when-cross-origin\" allowfullscreen><\/iframe><\/p>\n<p><strong>PROYECTOS ABP &#8211; ANIMALES<\/strong><\/p>\n<p><iframe loading=\"lazy\" title=\"PROYECTO ABP LOS ANIMALES 2\u00ba EP.\" width=\"500\" height=\"281\" src=\"https:\/\/www.youtube.com\/embed\/h0qUb6SzYgo?feature=oembed&#038;wmode=opaque\" frameborder=\"0\" allow=\"accelerometer; autoplay; clipboard-write; encrypted-media; gyroscope; picture-in-picture; web-share\" referrerpolicy=\"strict-origin-when-cross-origin\" allowfullscreen><\/iframe><\/p>\n<p>&nbsp;<\/p>\n<p>&nbsp;<\/p>\n","protected":false},"excerpt":{"rendered":"<p>En esta secci\u00f3n exponemos los v\u00eddeos de los trabajos que realiza la comunidad educativa a lo largo del curso 2021-22. HALLOWEEN 21-22 PROYECTOS ABP D\u00cdA INTERNACIONAL DEL FLAMENCO 21-22 EL OTO\u00d1O &#8211; 2021-22 RINC\u00d3N&#46;&#46;&#46;<\/p>\n","protected":false},"author":8119,"featured_media":0,"parent":0,"menu_order":0,"comment_status":"closed","ping_status":"closed","template":"","meta":{"ngg_post_thumbnail":0,"footnotes":"","_mc_calendar":[]},"aioseo_notices":[],"_links":{"self":[{"href":"https:\/\/blogsaverroes.juntadeandalucia.es\/ceipatlantida\/wp-json\/wp\/v2\/pages\/3801"}],"collection":[{"href":"https:\/\/blogsaverroes.juntadeandalucia.es\/ceipatlantida\/wp-json\/wp\/v2\/pages"}],"about":[{"href":"https:\/\/blogsaverroes.juntadeandalucia.es\/ceipatlantida\/wp-json\/wp\/v2\/types\/page"}],"author":[{"embeddable":true,"href":"https:\/\/blogsaverroes.juntadeandalucia.es\/ceipatlantida\/wp-json\/wp\/v2\/users\/8119"}],"replies":[{"embeddable":true,"href":"https:\/\/blogsaverroes.juntadeandalucia.es\/ceipatlantida\/wp-json\/wp\/v2\/comments?post=3801"}],"version-history":[{"count":1,"href":"https:\/\/blogsaverroes.juntadeandalucia.es\/ceipatlantida\/wp-json\/wp\/v2\/pages\/3801\/revisions"}],"predecessor-version":[{"id":3802,"href":"https:\/\/blogsaverroes.juntadeandalucia.es\/ceipatlantida\/wp-json\/wp\/v2\/pages\/3801\/revisions\/3802"}],"wp:attachment":[{"href":"https:\/\/blogsaverroes.juntadeandalucia.es\/ceipatlantida\/wp-json\/wp\/v2\/media?parent=3801"}],"curies":[{"name":"wp","href":"https:\/\/api.w.org\/{rel}","templated":true}]}}