{"id":3908,"date":"2023-02-06T08:57:28","date_gmt":"2023-02-06T07:57:28","guid":{"rendered":"https:\/\/blogsaverroes.juntadeandalucia.es\/ceipatlantida\/?page_id=3908"},"modified":"2026-01-22T13:53:13","modified_gmt":"2026-01-22T12:53:13","slug":"consejo-escolar","status":"publish","type":"page","link":"https:\/\/blogsaverroes.juntadeandalucia.es\/ceipatlantida\/consejo-escolar\/","title":{"rendered":"Consejo Escolar"},"content":{"rendered":"<p>El Consejo Escolar es el \u00f3rgano del centro decisivo, con poder de modificar cualquier aspecto de organizaci\u00f3n y funcionamiento del centro.<\/p>\n<p>Las decisiones que se toman siempre se atienen a la mayor\u00eda de votos.<\/p>\n<p>El tiempo de estancia de los miembros es de 2 a\u00f1os.<\/p>\n<p>A continuaci\u00f3n se exponen los miembros actuales que representan al CONSEJO ESCOLAR, cada uno de un sector diferente (PROFESORADO, PADRES Y MADRES DEL CENTRO, ADMINISTRACI\u00d3N Y AYUNTAMIENTO).<\/p>\n<table width=\"100%\" cellspacing=\"0\" cellpadding=\"4\">\n<colgroup>\n<col width=\"256*\"> <\/colgroup>\n<tbody>\n<tr>\n<td valign=\"top\" bgcolor=\"#ffbf00\" width=\"100%\">Presidente:<\/td>\n<\/tr>\n<tr>\n<td valign=\"top\" width=\"100%\">D. \u00c1LVARO ROSADO BERNAL (Director del centro)<\/td>\n<\/tr>\n<tr>\n<td valign=\"top\" bgcolor=\"#ffbf00\" width=\"100%\">Jefatura de Estudios:<\/td>\n<\/tr>\n<tr>\n<td valign=\"top\" width=\"100%\">D\u00aa. CRISTINA VERA TORREJ\u00d3N<\/td>\n<\/tr>\n<tr>\n<td valign=\"top\" bgcolor=\"#ffbf00\" width=\"100%\">Secretaria del Consejo Escolar.<\/td>\n<\/tr>\n<tr>\n<td valign=\"top\" width=\"100%\">D\u00aa. ESTHER RIOS MART\u00cdN<\/td>\n<\/tr>\n<tr>\n<td valign=\"top\" bgcolor=\"#ffbf00\" width=\"100%\">Representantes del personal docente:<\/td>\n<\/tr>\n<tr>\n<td valign=\"top\" width=\"100%\">D\u00aa. SUSANA MAR\u00cdN S\u00c1NCHEZ<\/td>\n<\/tr>\n<tr>\n<td valign=\"top\" width=\"100%\">D\u00aa. D\u00c9BORA V\u00c1ZQUEZ ROMERO<\/td>\n<\/tr>\n<tr>\n<td valign=\"top\" width=\"100%\">D\u00aa. GLORIA FERN\u00c1NDEZ RUIZ<\/td>\n<\/tr>\n<tr>\n<td valign=\"top\" width=\"100%\">D.&nbsp; ANA MAR\u00cdA MORA ESTRADA<\/td>\n<\/tr>\n<tr>\n<td valign=\"top\" width=\"100%\">D. ANTONIO DE ALBA CANTO<\/td>\n<\/tr>\n<tr>\n<td valign=\"top\" width=\"100%\">D. MANUEL TOM\u00c1S M\u00c1RQUEZ GARRIDO<\/td>\n<\/tr>\n<tr>\n<td valign=\"top\" width=\"100%\">D\u00aa. MILAGROSA ANDREU GUERRERO<\/td>\n<\/tr>\n<tr>\n<td valign=\"top\" width=\"100%\">D\u00aa. SARA QUINTANA MORALES<\/td>\n<\/tr>\n<tr>\n<td valign=\"top\" bgcolor=\"#ffbf00\" width=\"100%\">Representantes de Padres\/Madres del centro:<\/td>\n<\/tr>\n<tr>\n<td valign=\"top\" width=\"100%\">D\u00aa. EVA FLORES FORNEL<\/td>\n<\/tr>\n<tr>\n<td valign=\"top\" width=\"100%\">D\u00aa. MIRIAM ALBA PERI\u00d1\u00c1N<\/td>\n<\/tr>\n<tr>\n<td valign=\"top\" width=\"100%\">D\u00aa. CRISTINA FORERO PEREIRA<\/td>\n<\/tr>\n<tr>\n<td valign=\"top\" width=\"100%\">D\u00aa. NATALIA VERA CANTO<\/td>\n<\/tr>\n<tr>\n<td valign=\"top\" width=\"100%\">D\u00aa. LAURA BAJO MOTA<\/td>\n<\/tr>\n<tr>\n<td valign=\"top\" width=\"100%\">D\u00aa. JUANA LE\u00d3N PAN\u00c9S<\/td>\n<\/tr>\n<tr>\n<td valign=\"top\" width=\"100%\">D\u00aa SONIA GARRIDO CANTO.<\/td>\n<\/tr>\n<tr>\n<td valign=\"top\" width=\"100%\">D\u00aa. MAR\u00cdA DEL COBRE CHMAM\u00d3N CARRACEDO<\/td>\n<\/tr>\n<tr>\n<td valign=\"top\" bgcolor=\"#ffbf00\" width=\"100%\">Representante del Ayuntamiento:<\/td>\n<\/tr>\n<tr>\n<td valign=\"top\" width=\"100%\">D\u00aa. MAR\u00cdA JOS\u00c9 BATISTA MU\u00d1OZ<\/td>\n<\/tr>\n<tr>\n<td valign=\"top\" bgcolor=\"#ffbf00\" width=\"100%\">Representante del AMPA:<\/td>\n<\/tr>\n<tr>\n<td valign=\"top\" width=\"100%\">D\u00aa. NATALIA VERA CANTO.<\/td>\n<\/tr>\n<tr>\n<td valign=\"top\" bgcolor=\"#ffbf00\" width=\"100%\">Representante del P.A.S.:<\/td>\n<\/tr>\n<tr>\n<td valign=\"top\" width=\"100%\">ARACELI L\u00d3PEZ TORR\u00daS<\/td>\n<\/tr>\n<\/tbody>\n<\/table>\n<p>Todos los miembros del Consejo Escolar puede darse de baja por los siguientes motivos:<\/p>\n<ul>\n<li>PADRES Y MADRES: No tener hijos\/as matriculados en el centro.<\/li>\n<li>PROFESORADO: Haber sido trasladado a otro centro o cargo en la administraci\u00f3n.<\/li>\n<li>AYUNTAMIENTO: No ser miembro concejal del Ayuntamiento.<\/li>\n<li>ADMINISTRACI\u00d3N: Haber sido trasladado a otro centro.<\/li>\n<\/ul>\n","protected":false},"excerpt":{"rendered":"<p>El Consejo Escolar es el \u00f3rgano del centro decisivo, con poder de modificar cualquier aspecto de organizaci\u00f3n y funcionamiento del centro. Las decisiones que se toman siempre se atienen a la mayor\u00eda de votos.&#46;&#46;&#46;<\/p>\n","protected":false},"author":8119,"featured_media":0,"parent":0,"menu_order":0,"comment_status":"closed","ping_status":"closed","template":"","meta":{"ngg_post_thumbnail":0,"footnotes":"","_mc_calendar":[]},"aioseo_notices":[],"_links":{"self":[{"href":"https:\/\/blogsaverroes.juntadeandalucia.es\/ceipatlantida\/wp-json\/wp\/v2\/pages\/3908"}],"collection":[{"href":"https:\/\/blogsaverroes.juntadeandalucia.es\/ceipatlantida\/wp-json\/wp\/v2\/pages"}],"about":[{"href":"https:\/\/blogsaverroes.juntadeandalucia.es\/ceipatlantida\/wp-json\/wp\/v2\/types\/page"}],"author":[{"embeddable":true,"href":"https:\/\/blogsaverroes.juntadeandalucia.es\/ceipatlantida\/wp-json\/wp\/v2\/users\/8119"}],"replies":[{"embeddable":true,"href":"https:\/\/blogsaverroes.juntadeandalucia.es\/ceipatlantida\/wp-json\/wp\/v2\/comments?post=3908"}],"version-history":[{"count":5,"href":"https:\/\/blogsaverroes.juntadeandalucia.es\/ceipatlantida\/wp-json\/wp\/v2\/pages\/3908\/revisions"}],"predecessor-version":[{"id":4505,"href":"https:\/\/blogsaverroes.juntadeandalucia.es\/ceipatlantida\/wp-json\/wp\/v2\/pages\/3908\/revisions\/4505"}],"wp:attachment":[{"href":"https:\/\/blogsaverroes.juntadeandalucia.es\/ceipatlantida\/wp-json\/wp\/v2\/media?parent=3908"}],"curies":[{"name":"wp","href":"https:\/\/api.w.org\/{rel}","templated":true}]}}