{"id":44,"date":"2015-03-13T08:42:15","date_gmt":"2015-03-13T08:42:15","guid":{"rendered":"http:\/\/blogsaverroes.juntadeandalucia.es\/pre\/ceip\/?page_id=44"},"modified":"2026-01-23T18:03:51","modified_gmt":"2026-01-23T17:03:51","slug":"planes-y-proyectos","status":"publish","type":"page","link":"https:\/\/blogsaverroes.juntadeandalucia.es\/ceipatlantida\/planes-y-proyectos\/","title":{"rendered":"Planes, Programas y Proyectos"},"content":{"rendered":"<p><img loading=\"lazy\" decoding=\"async\" class=\"alignnone size-medium wp-image-1667\" src=\"https:\/\/blogsaverroes.juntadeandalucia.es\/ceipatlantida\/files\/2015\/03\/planes-300x150.png\" alt=\"planes\" width=\"300\" height=\"150\" srcset=\"https:\/\/blogsaverroes.juntadeandalucia.es\/ceipatlantida\/files\/2015\/03\/planes-300x150.png 300w, https:\/\/blogsaverroes.juntadeandalucia.es\/ceipatlantida\/files\/2015\/03\/planes.png 640w\" sizes=\"(max-width: 300px) 100vw, 300px\" \/><\/p>\n<p>Actualmente, los Planes, Programas y Proyectos que se desarrollan en nuestro centro educativo son:<\/p>\n<ul>\n<li><strong><strong><strong>Plan de Igualdad de G\u00e9nero de Educaci\u00f3n en Andaluc\u00eda&nbsp;<\/strong><\/strong><\/strong><strong><strong><br \/>\n<\/strong><\/strong><\/p>\n<ul>\n<li><strong>Coordinadora: <\/strong>Isabel M\u00aa Peralta P\u00e9rez<strong>.<br \/>\n<\/strong><\/li>\n<\/ul>\n<\/li>\n<li><strong>Plan de Apertura de Centros Docentes<\/strong><strong><br \/>\n<\/strong><\/p>\n<ul>\n<li><strong>Coordinadora: <\/strong>Esther R\u00edos Mart\u00edn.<strong><br \/>\n<\/strong><\/li>\n<\/ul>\n<\/li>\n<li><strong>Bibliotecas Escolares.&nbsp;<\/strong>\n<ul>\n<li><strong>Coordinadora:<\/strong> Cristina Vera Torrej\u00f3n.<\/li>\n<\/ul>\n<\/li>\n<li><strong>Programa de H\u00e1bitos de Vida Saludable (Creciendo en salud)<\/strong>\n<ul>\n<li><strong>Coordinadora: <\/strong>D\u00e9bora V\u00e1zquez Romero.<strong><br \/>\n<\/strong><\/li>\n<\/ul>\n<\/li>\n<li><strong>Red Andaluza: Escuela, Espacio de Paz y Convivencia Positiva&nbsp;<\/strong><strong><br \/>\n<\/strong><\/p>\n<ul>\n<li><strong>Coordinadora: <\/strong>Sara Quintana Morales.<strong><br \/>\n<\/strong><\/li>\n<\/ul>\n<\/li>\n<li><strong>Transformaci\u00f3n Digital Educativa (TDE)<\/strong><strong><br \/>\n<\/strong><\/p>\n<ul>\n<li><strong>Coordinador: <\/strong>\u00c1lvaro Rosado Bernal.<\/li>\n<\/ul>\n<\/li>\n<li><strong>Proyecto Pacto: Prevenci\u00f3n de la Violencia de G\u00e9nero<\/strong>\n<ul>\n<li><strong>Coordinadora:&nbsp;<\/strong>Isabel M\u00aa Peralta P\u00e9rez<strong>.<\/strong><\/li>\n<\/ul>\n<\/li>\n<li><strong>Proyecto de Autoprotecci\u00f3n<\/strong>&nbsp;\n<ul>\n<li><strong>Coordinadora:<\/strong> Esther R\u00edos Mart\u00edn.<strong><strong><br \/>\n<\/strong><\/strong><\/li>\n<\/ul>\n<\/li>\n<li><strong><strong>Programa + Deporte<\/strong><\/strong><strong><br \/>\n<\/strong><\/p>\n<ul style=\"list-style-type: circle\">\n<li><strong>Coordinador: <\/strong>Francisco Jes\u00fas Rodr\u00edguez Osuna.<\/li>\n<\/ul>\n<\/li>\n<\/ul>\n<ul style=\"list-style-type: circle\">\n<li><strong>Programa + Deporte<\/strong><\/li>\n<\/ul>\n<p>&nbsp;<\/p>\n","protected":false},"excerpt":{"rendered":"<p>Actualmente, los Planes, Programas y Proyectos que se desarrollan en nuestro centro educativo son: Plan de Igualdad de G\u00e9nero de Educaci\u00f3n en Andaluc\u00eda&nbsp; Coordinadora: Isabel M\u00aa Peralta P\u00e9rez. Plan de Apertura de Centros Docentes&#46;&#46;&#46;<\/p>\n","protected":false},"author":1,"featured_media":0,"parent":0,"menu_order":0,"comment_status":"closed","ping_status":"closed","template":"","meta":{"ngg_post_thumbnail":0,"footnotes":"","_mc_calendar":[]},"aioseo_notices":[],"_links":{"self":[{"href":"https:\/\/blogsaverroes.juntadeandalucia.es\/ceipatlantida\/wp-json\/wp\/v2\/pages\/44"}],"collection":[{"href":"https:\/\/blogsaverroes.juntadeandalucia.es\/ceipatlantida\/wp-json\/wp\/v2\/pages"}],"about":[{"href":"https:\/\/blogsaverroes.juntadeandalucia.es\/ceipatlantida\/wp-json\/wp\/v2\/types\/page"}],"author":[{"embeddable":true,"href":"https:\/\/blogsaverroes.juntadeandalucia.es\/ceipatlantida\/wp-json\/wp\/v2\/users\/1"}],"replies":[{"embeddable":true,"href":"https:\/\/blogsaverroes.juntadeandalucia.es\/ceipatlantida\/wp-json\/wp\/v2\/comments?post=44"}],"version-history":[{"count":13,"href":"https:\/\/blogsaverroes.juntadeandalucia.es\/ceipatlantida\/wp-json\/wp\/v2\/pages\/44\/revisions"}],"predecessor-version":[{"id":4520,"href":"https:\/\/blogsaverroes.juntadeandalucia.es\/ceipatlantida\/wp-json\/wp\/v2\/pages\/44\/revisions\/4520"}],"wp:attachment":[{"href":"https:\/\/blogsaverroes.juntadeandalucia.es\/ceipatlantida\/wp-json\/wp\/v2\/media?parent=44"}],"curies":[{"name":"wp","href":"https:\/\/api.w.org\/{rel}","templated":true}]}}