{"id":77,"date":"2015-03-16T06:54:56","date_gmt":"2015-03-16T06:54:56","guid":{"rendered":"http:\/\/blogsaverroes.juntadeandalucia.es\/pre\/ceip\/?page_id=77"},"modified":"2020-10-05T09:14:08","modified_gmt":"2020-10-05T08:14:08","slug":"secretaria","status":"publish","type":"page","link":"https:\/\/blogsaverroes.juntadeandalucia.es\/ceipatlantida\/secretaria\/","title":{"rendered":"Secretar\u00eda"},"content":{"rendered":"<p><strong>En este espacio encontrar\u00e1s todo lo relacionado con la Secretar\u00eda del Centro.<\/strong><\/p>\n<p><span style=\"color: #3366ff\"><strong>PERSONAL ENCARGADO DE LA SECRETAR\u00cdA.<\/strong><\/span><\/p>\n<p><span style=\"color: #3366ff\">SECRETARIA:<\/span> D\u00aa. Silvia Her\u00e9dia Peri\u00f1\u00e1n.<\/p>\n<p><span style=\"color: #3366ff\">PERSONAL DE ADMINISTRACI\u00d3N Y SERVICIOS:<\/span> D. Enr\u00edquez Joaqu\u00edn Mart\u00ednez G\u00f3mez<\/p>\n<p>&nbsp;<\/p>\n<p><strong><span style=\"color: #0000ff\">FUNCIONES:<\/span><\/strong><\/p>\n<p>La Secretar\u00eda tiene unas funciones establecidas en el Decreto 328\/2010, y en el se especifican las funciones de la secretar\u00eda que son:<\/p>\n<p>on competencias de la secretar\u00eda:<\/p>\n<p>a) Ordenar el r\u00e9gimen administrativo del centro, de conformidad con las directrices de la direcci\u00f3n.<\/p>\n<p>b) Ejercer la secretar\u00eda de los \u00f3rganos colegiados de gobierno del centro, establecer el plan de reuniones de dichos \u00f3rganos, levantar acta de las sesiones y dar fe de los acuerdos, todo ello con el visto bueno de la direcci\u00f3n.<\/p>\n<p>c) Custodiar los libros oficiales y archivos del centro.<\/p>\n<p>d) Expedir, con el visto bueno de la direcci\u00f3n, las certificaciones que soliciten las autoridades y las personas interesadas.<\/p>\n<p>e) Realizar el inventario general del centro y mantenerlo actualizado.<\/p>\n<p>f) Adquirir el material y el equipamiento del centro, custodiar y gestionar la utilizaci\u00f3n del mismo y velar por su mantenimiento en todos los aspectos, de acuerdo con la normativa vigente y las indicaciones de la direcci\u00f3n, sin perjuicio de las facultades que en materia de contrataci\u00f3n corresponden a la persona titular de la direcci\u00f3n, de conformidad con lo recogido en el art\u00edculo 70.1.k)<\/p>\n<p>g) Ejercer, por delegaci\u00f3n de la direcci\u00f3n y bajo su autoridad, la jefatura del personal de administraci\u00f3n y servicios y de atenci\u00f3n educativa complementaria adscrito al centro y controlar la asistencia al trabajo del mismo.<\/p>\n<p>h) Elaborar, en colaboraci\u00f3n con los restantes miembros del equipo directivo, el horario del personal de administraci\u00f3n y servicios y de atenci\u00f3n educativa complementaria, as\u00ed como velar por su estricto cumplimiento.<\/p>\n<p>i) Elaborar el anteproyecto de presupuesto de ingresos y gastos del centro.<\/p>\n<p>j) Ordenar el r\u00e9gimen econ\u00f3mico del centro, de conformidad con las instrucciones de la direcci\u00f3n, realizar la contabilidad y rendir cuentas ante la Consejer\u00eda competente en materia de educaci\u00f3n y los \u00f3rganos a los que se refiere el art\u00edculo 25.4.<\/p>\n<p>k) Cualesquiera otras que le sean atribuidas en el Plan de Centro o por Orden de la persona titular de la Consejer\u00eda competente en materia de educaci\u00f3n.<\/p>\n<p>&nbsp;<\/p>\n<p><span style=\"color: #0000ff\"><strong>DOCUMENTOS DEL CENTRO<\/strong><\/span><\/p>\n<p><a href=\"https:\/\/blogsaverroes.juntadeandalucia.es\/ceipatlantida\/files\/2020\/10\/MODELO-DE-SOLICITUD-PARA-FAMILIAS-DIRECCI\u00d3N-BIEN.pdf\">MODELO DE SOLICITUD AL CENTRO &#8211; PARA LAS FAMILIAS<\/a><\/p>\n<p><span style=\"color: #0000ff\"><a style=\"color: #0000ff\" href=\"https:\/\/blogsaverroes.juntadeandalucia.es\/ceipatlantida\/documentos-matriculacion-admision\/\">Solicitud Escolarizaci\u00f3n<\/a><\/span><\/p>\n<p><span style=\"color: #0000ff\"><strong>DOCUMENTOS&nbsp; PARA TODO EL CURSO<\/strong><\/span><\/p>\n<p>\u2192 <a href=\"https:\/\/blogsaverroes.juntadeandalucia.es\/ceipatlantida\/files\/2019\/12\/ANEXO-III-ADMISI\u00d3N-INFANTIL.pdf\">ANEXO III \u2013 ADMISI\u00d3N INFANTIL<\/a><\/p>\n<p>\u2192 <a href=\"https:\/\/blogsaverroes.juntadeandalucia.es\/ceipatlantida\/files\/2019\/12\/ANEXO-XI-ADMISI\u00d3N-PRIMARIA.pdf\">ANEXO XI \u2013 ADMISI\u00d3N PRIMARIA<\/a><\/p>\n<p><a href=\"https:\/\/www.juntadeandalucia.es\/educacion\/secretariavirtual\/accesoTramite\/462\/\">ACCESO TELEM\u00c1TICO<\/a><\/p>\n<p><a href=\"https:\/\/blogsaverroes.juntadeandalucia.es\/ceipatlantida\/files\/2020\/05\/Tutorial-para-la-Solicitud-de-admisio\u0301n-en-centros-docentes-pu\u0301blicos-telem\u00e1ticamente.pdf\">Tutorial para la Solicitud de admisio\u0301n en centros docentes pu\u0301blicos telem\u00e1ticamente<\/a><\/p>\n<p>&nbsp;<\/p>\n<p><span style=\"color: #3366ff\"><strong>ENLACES DE INTERES<\/strong><\/span><\/p>\n<p><a href=\"http:\/\/www.juntadeandalucia.es\/educacion\/portals\/web\/escolarizacion\/infantil-a-bachillerato\/impresos\"><span style=\"color: #3366ff\">IMPRESOS PARA LA MATRICULACI\u00d3N &#8211; JUNTA DE ANDALUCIA<\/span><\/a><\/p>\n<p>&nbsp;<\/p>\n<p>&nbsp;<\/p>\n","protected":false},"excerpt":{"rendered":"<p>En este espacio encontrar\u00e1s todo lo relacionado con la Secretar\u00eda del Centro. PERSONAL ENCARGADO DE LA SECRETAR\u00cdA. SECRETARIA: D\u00aa. Silvia Her\u00e9dia Peri\u00f1\u00e1n. PERSONAL DE ADMINISTRACI\u00d3N Y SERVICIOS: D. Enr\u00edquez Joaqu\u00edn Mart\u00ednez G\u00f3mez &nbsp; FUNCIONES:&#46;&#46;&#46;<\/p>\n","protected":false},"author":1,"featured_media":0,"parent":0,"menu_order":0,"comment_status":"closed","ping_status":"open","template":"page-cs.php","meta":{"ngg_post_thumbnail":0,"footnotes":"","_mc_calendar":[]},"aioseo_notices":[],"_links":{"self":[{"href":"https:\/\/blogsaverroes.juntadeandalucia.es\/ceipatlantida\/wp-json\/wp\/v2\/pages\/77"}],"collection":[{"href":"https:\/\/blogsaverroes.juntadeandalucia.es\/ceipatlantida\/wp-json\/wp\/v2\/pages"}],"about":[{"href":"https:\/\/blogsaverroes.juntadeandalucia.es\/ceipatlantida\/wp-json\/wp\/v2\/types\/page"}],"author":[{"embeddable":true,"href":"https:\/\/blogsaverroes.juntadeandalucia.es\/ceipatlantida\/wp-json\/wp\/v2\/users\/1"}],"replies":[{"embeddable":true,"href":"https:\/\/blogsaverroes.juntadeandalucia.es\/ceipatlantida\/wp-json\/wp\/v2\/comments?post=77"}],"version-history":[{"count":11,"href":"https:\/\/blogsaverroes.juntadeandalucia.es\/ceipatlantida\/wp-json\/wp\/v2\/pages\/77\/revisions"}],"predecessor-version":[{"id":3198,"href":"https:\/\/blogsaverroes.juntadeandalucia.es\/ceipatlantida\/wp-json\/wp\/v2\/pages\/77\/revisions\/3198"}],"wp:attachment":[{"href":"https:\/\/blogsaverroes.juntadeandalucia.es\/ceipatlantida\/wp-json\/wp\/v2\/media?parent=77"}],"curies":[{"name":"wp","href":"https:\/\/api.w.org\/{rel}","templated":true}]}}