{"id":113,"date":"2015-03-16T08:06:00","date_gmt":"2015-03-16T08:06:00","guid":{"rendered":"http:\/\/blogsaverroes.juntadeandalucia.es\/pre\/ceip\/?page_id=113"},"modified":"2020-11-28T17:12:25","modified_gmt":"2020-11-28T17:12:25","slug":"biblioteca","status":"publish","type":"page","link":"https:\/\/blogsaverroes.juntadeandalucia.es\/ceipavemariadelquemadero\/biblioteca\/","title":{"rendered":"Biblioteca"},"content":{"rendered":"<p style=\"text-align: center\"><a href=\"https:\/\/blogsaverroes.juntadeandalucia.es\/ceipavemariadelquemadero\/files\/2020\/11\/Librete.png\"><img loading=\"lazy\" decoding=\"async\" class=\"alignnone size-medium wp-image-2268\" src=\"https:\/\/blogsaverroes.juntadeandalucia.es\/ceipavemariadelquemadero\/files\/2020\/11\/Librete-265x300.png\" alt=\"\" width=\"265\" height=\"300\" srcset=\"https:\/\/blogsaverroes.juntadeandalucia.es\/ceipavemariadelquemadero\/files\/2020\/11\/Librete-265x300.png 265w, https:\/\/blogsaverroes.juntadeandalucia.es\/ceipavemariadelquemadero\/files\/2020\/11\/Librete-332x376.png 332w, https:\/\/blogsaverroes.juntadeandalucia.es\/ceipavemariadelquemadero\/files\/2020\/11\/Librete-21x24.png 21w, https:\/\/blogsaverroes.juntadeandalucia.es\/ceipavemariadelquemadero\/files\/2020\/11\/Librete-32x36.png 32w, https:\/\/blogsaverroes.juntadeandalucia.es\/ceipavemariadelquemadero\/files\/2020\/11\/Librete-42x48.png 42w, https:\/\/blogsaverroes.juntadeandalucia.es\/ceipavemariadelquemadero\/files\/2020\/11\/Librete.png 472w\" sizes=\"(max-width: 265px) 100vw, 265px\" \/><\/a><\/p>\n<p style=\"text-align: left\">En este cole somos muy afortunados, ya que tenemos una preciosa biblioteca amplia, llena de libros maravillosos por todos sitios que nos sirven para aprender, distraernos, ver im\u00e1genes&#8230; por eso es interesante que la visites. \u00a1S\u00f3lo tiene cosas buenas el venir aqu\u00ed!<\/p>\n<p style=\"text-align: left\">La entrada por la gran puerta da paso a un mundo m\u00e1gico lleno de imaginaci\u00f3n, creatividad, colores e ilusiones.<\/p>\n<p style=\"text-align: left\">Nuestra mascota, Librete, est\u00e1 para acompa\u00f1arte en este fant\u00e1stico viaje.<\/p>\n<p style=\"text-align: left\">El vigilante de la biblioteca est\u00e1 para ver c\u00f3mo lo dejas todo en su lugar despu\u00e9s de usarlo.<\/p>\n<p style=\"text-align: left\">Durante toda el curso habr\u00e1 actividades para trabajar aqu\u00ed y se asignar\u00e1 un horario para realizarlas con la ayuda de la se\u00f1o Roc\u00edo y de vuestro maestro o maestra. Adem\u00e1s, contamos con horario de apertura en los recreos que pod\u00e9is aprovechar para sacar libros y llevarlos a casa. Pero eso s\u00ed, \u00a1hay que cuidarlos!<\/p>\n<p style=\"text-align: left\">\u00a1Os esperamos para pasar unos ratos muy divertidos mientras trabajamos!<\/p>\n<p style=\"text-align: left\"><a href=\"https:\/\/blogsaverroes.juntadeandalucia.es\/ceipavemariadelquemadero\/files\/2020\/11\/Plan-de-Trabajo-Biblioteca-20-21.pdf\">Plan de Trabajo Biblioteca 20-21<\/a><\/p>\n<p style=\"text-align: left\"><a href=\"https:\/\/blogsaverroes.juntadeandalucia.es\/ceipavemariadelquemadero\/files\/2020\/11\/PLAN-LECTOR-2020-2021.pdf\">PLAN LECTOR 2020-2021<\/a><\/p>\n<p style=\"text-align: left\"><a title=\"Bibliotecas escolares\" href=\"http:\/\/www.juntadeandalucia.es\/educacion\/webportal\/web\/lecturas-y-bibliotecas-escolares\/bibliotecas-escolares\" target=\"_blank\" rel=\"noopener noreferrer\">Enlace al portal sobre las Bibliotecas Escolares.<\/a><\/p>\n","protected":false},"excerpt":{"rendered":"<p>En este cole somos muy afortunados, ya que tenemos una preciosa biblioteca amplia, llena de libros maravillosos por todos sitios que nos sirven para aprender, distraernos, ver im\u00e1genes&#8230; por eso es interesante que la visites. \u00a1S\u00f3lo tiene cosas buenas el venir aqu\u00ed! La entrada por la gran puerta da paso a un mundo m\u00e1gico lleno &hellip; <\/p>\n<p class=\"link-more\"><a href=\"https:\/\/blogsaverroes.juntadeandalucia.es\/ceipavemariadelquemadero\/biblioteca\/\" class=\"more-link\">Continuar leyendo<span class=\"screen-reader-text\"> \u00abBiblioteca\u00bb<\/span><\/a><\/p>\n","protected":false},"author":1,"featured_media":0,"parent":0,"menu_order":0,"comment_status":"closed","ping_status":"open","template":"","meta":{"ngg_post_thumbnail":0,"footnotes":"","_mc_calendar":[]},"aioseo_notices":[],"_links":{"self":[{"href":"https:\/\/blogsaverroes.juntadeandalucia.es\/ceipavemariadelquemadero\/wp-json\/wp\/v2\/pages\/113"}],"collection":[{"href":"https:\/\/blogsaverroes.juntadeandalucia.es\/ceipavemariadelquemadero\/wp-json\/wp\/v2\/pages"}],"about":[{"href":"https:\/\/blogsaverroes.juntadeandalucia.es\/ceipavemariadelquemadero\/wp-json\/wp\/v2\/types\/page"}],"author":[{"embeddable":true,"href":"https:\/\/blogsaverroes.juntadeandalucia.es\/ceipavemariadelquemadero\/wp-json\/wp\/v2\/users\/1"}],"replies":[{"embeddable":true,"href":"https:\/\/blogsaverroes.juntadeandalucia.es\/ceipavemariadelquemadero\/wp-json\/wp\/v2\/comments?post=113"}],"version-history":[{"count":8,"href":"https:\/\/blogsaverroes.juntadeandalucia.es\/ceipavemariadelquemadero\/wp-json\/wp\/v2\/pages\/113\/revisions"}],"predecessor-version":[{"id":2269,"href":"https:\/\/blogsaverroes.juntadeandalucia.es\/ceipavemariadelquemadero\/wp-json\/wp\/v2\/pages\/113\/revisions\/2269"}],"wp:attachment":[{"href":"https:\/\/blogsaverroes.juntadeandalucia.es\/ceipavemariadelquemadero\/wp-json\/wp\/v2\/media?parent=113"}],"curies":[{"name":"wp","href":"https:\/\/api.w.org\/{rel}","templated":true}]}}