{"id":2376,"date":"2021-01-20T09:48:18","date_gmt":"2021-01-20T09:48:18","guid":{"rendered":"https:\/\/blogsaverroes.juntadeandalucia.es\/ceipavemariadelquemadero\/?page_id=2376"},"modified":"2021-01-20T09:54:01","modified_gmt":"2021-01-20T09:54:01","slug":"proyecto-educativo-2","status":"publish","type":"page","link":"https:\/\/blogsaverroes.juntadeandalucia.es\/ceipavemariadelquemadero\/proyecto-educativo-2\/","title":{"rendered":"Proyecto Educativo"},"content":{"rendered":"<p>Un centro se define en gran medida por su <strong>Proyecto Educativo<\/strong>. En \u00e9l se plasma el modelo educativo y la concreci\u00f3n de la normativa que un centro realiza respecto a las ense\u00f1anzas que imparte. Aspectos tales como las finales educativas, objetivos, atenci\u00f3n a la diversidad, etc. A continuaci\u00f3n pueden consultar nuestro Proyecto Educativo actualizado a este curso escolar 2020\/2021.<\/p>\n<p><a href=\"https:\/\/blogsaverroes.juntadeandalucia.es\/ceipavemariadelquemadero\/files\/2021\/01\/00.-Indice-Proyecto-Educativo-2020-21.pdf\">Proyecto Educativo<\/a><\/p>\n<p><a href=\"https:\/\/blogsaverroes.juntadeandalucia.es\/ceipavemariadelquemadero\/files\/2021\/01\/01.-Plan-de-centro.-Parte-general-2020-21.pdf\">01. Plan de centro. Parte general 2020-21<\/a><\/p>\n<p><a href=\"https:\/\/blogsaverroes.juntadeandalucia.es\/ceipavemariadelquemadero\/files\/2021\/01\/02.-Objetivos-Propios-y-Prioritarios-2020-21.pdf\">02. Objetivos Propios y Prioritarios 2020-21<\/a><\/p>\n<p><a href=\"https:\/\/blogsaverroes.juntadeandalucia.es\/ceipavemariadelquemadero\/files\/2021\/01\/03.-L\u00edneas-generales-actuaci\u00f3n-pedag\u00f3gica.pdf\">03. L\u00edneas generales actuaci\u00f3n pedag\u00f3gica<\/a><\/p>\n<p><a href=\"https:\/\/blogsaverroes.juntadeandalucia.es\/ceipavemariadelquemadero\/files\/2021\/01\/04.-Criterios-Elaboraci\u00f3n-PPDD-y-PPPP.pdf\">04. Criterios Elaboraci\u00f3n PPDD y PPPP<\/a><\/p>\n<p><a href=\"https:\/\/blogsaverroes.juntadeandalucia.es\/ceipavemariadelquemadero\/files\/2021\/01\/05.1.-Coordinaci\u00f3n-concreci\u00f3n-curricular-transversalidad-EP.pdf\">05.1. Coordinaci\u00f3n concreci\u00f3n curricular transversalidad EP<\/a><\/p>\n<p><a href=\"https:\/\/blogsaverroes.juntadeandalucia.es\/ceipavemariadelquemadero\/files\/2021\/01\/05.2.-Concrecion-curricular-transversalidad-EI.pdf\">05.2. Concrecion curricular transversalidad EI<\/a><\/p>\n<p><a href=\"https:\/\/blogsaverroes.juntadeandalucia.es\/ceipavemariadelquemadero\/files\/2021\/01\/06.-La-Evaluaci\u00f3n-en-Primaria-e-Infantil-2020-21.pdf\">06. La Evaluaci\u00f3n en Primaria e Infantil 2020-21<\/a><\/p>\n<p><a href=\"https:\/\/blogsaverroes.juntadeandalucia.es\/ceipavemariadelquemadero\/files\/2021\/01\/07.-Criterios-Pedagogicos-horarios-tutorias-agrupamientos-202-21.pdf\">07. Criterios Pedagogicos horarios-tutorias-agrupamientos 202-21<\/a><\/p>\n<p><a href=\"https:\/\/blogsaverroes.juntadeandalucia.es\/ceipavemariadelquemadero\/files\/2021\/01\/08.-Criterios-organizacion-tiempo-escolar_extraesc.-2020-21.pdf\">08. Criterios organizacion tiempo escolar_extraesc. 2020-21<\/a><\/p>\n<p><a href=\"https:\/\/blogsaverroes.juntadeandalucia.es\/ceipavemariadelquemadero\/files\/2021\/01\/09.-Plan-Atenci\u00f3n-Diversidad-2020-21.pdf\">09. Plan Atenci\u00f3n Diversidad 2020-21<\/a><\/p>\n<p><a href=\"https:\/\/blogsaverroes.juntadeandalucia.es\/ceipavemariadelquemadero\/files\/2021\/01\/10.-Plan-de-Orientacion-y-Accion-Tutorial.pdf\">10. Plan de Orientacion y Accion Tutorial<\/a><\/p>\n<p><a href=\"https:\/\/blogsaverroes.juntadeandalucia.es\/ceipavemariadelquemadero\/files\/2021\/01\/11.-Plan-Covivencia-A.M.QUEMADERO.pdf\">11. Plan Covivencia A.M.QUEMADERO<\/a><\/p>\n<p><a href=\"https:\/\/blogsaverroes.juntadeandalucia.es\/ceipavemariadelquemadero\/files\/2021\/01\/12.-PLAN-FORMACI\u00d3N-PROFESORADO-20-21.pdf\">12. PLAN FORMACI\u00d3N PROFESORADO 20-21<\/a><\/p>\n<p><a href=\"https:\/\/blogsaverroes.juntadeandalucia.es\/ceipavemariadelquemadero\/files\/2021\/01\/13.-Plan-Evaluaci\u00f3n-Interna-2020-21.pdf\">13. Plan Evaluaci\u00f3n Interna 2020-21<\/a><\/p>\n<p><a href=\"https:\/\/blogsaverroes.juntadeandalucia.es\/ceipavemariadelquemadero\/files\/2021\/01\/14.1.-PRG.-Creciendo-en-Salud-2020-21.pdf\">14.1. PRG. Creciendo en Salud 2020-21<\/a><\/p>\n<p><a href=\"https:\/\/blogsaverroes.juntadeandalucia.es\/ceipavemariadelquemadero\/files\/2021\/01\/14.2-PROG.-VIVIR-SENTIR-PATRIMONIO-2020-21.pdf\">14.2 PROG. VIVIR SENTIR PATRIMONIO 2020-21<\/a><\/p>\n<p><a href=\"https:\/\/blogsaverroes.juntadeandalucia.es\/ceipavemariadelquemadero\/files\/2021\/01\/14.3.-PLAN-BIBLIOTECA-2020-21.pdf\">14.3. PLAN BIBLIOTECA 2020-21<\/a><\/p>\n<p><a href=\"https:\/\/blogsaverroes.juntadeandalucia.es\/ceipavemariadelquemadero\/files\/2021\/01\/14.4.-PLAN-LECTOR-2020-21.pdf\">14.4. PLAN LECTOR 2020-21<\/a><\/p>\n<p><a href=\"https:\/\/blogsaverroes.juntadeandalucia.es\/ceipavemariadelquemadero\/files\/2021\/01\/14.5.-PLAN-IGUALDAD-COEDUCACI\u00d3N-20-21.pdf\">14.5. PLAN IGUALDAD-COEDUCACI\u00d3N 20-21<\/a><\/p>\n<p><a href=\"https:\/\/blogsaverroes.juntadeandalucia.es\/ceipavemariadelquemadero\/files\/2021\/01\/14.6.-PROA.-Proyecto-compensatoria-20-21.pdf\">14.6. PROA. Proyecto compensatoria 20-21<\/a><\/p>\n<p><a href=\"https:\/\/blogsaverroes.juntadeandalucia.es\/ceipavemariadelquemadero\/files\/2021\/01\/14.7.-PLAN-PREVENCI\u00d3N-VIOLENCIA-DE-G\u00c9NERO-2020-21.pdf\">14.7. PLAN PREVENCI\u00d3N VIOLENCIA DE G\u00c9NERO 2020-21<\/a><\/p>\n<p><a href=\"https:\/\/blogsaverroes.juntadeandalucia.es\/ceipavemariadelquemadero\/files\/2021\/01\/14.8.-PROG-TRANSITO_TRASVASE_INFORMACION-20-21.pdf\">14.8. PROG TRANSITO_TRASVASE_INFORMACION 20-21<\/a><\/p>\n<p><a href=\"https:\/\/blogsaverroes.juntadeandalucia.es\/ceipavemariadelquemadero\/files\/2021\/01\/14.9.-PLAN-DE-ACTUACION-DIGITAL.TDE-2020-21.pdf\">14.9. PLAN DE ACTUACION DIGITAL.TDE 2020-21<\/a><\/p>\n<p><a href=\"https:\/\/blogsaverroes.juntadeandalucia.es\/ceipavemariadelquemadero\/files\/2021\/01\/14.9.1.-PLAN-DE-TRANSFORMACION-DIGITAL-2020-21.pdf\">14.9.1. PLAN DE TRANSFORMACION DIGITAL 2020-21<\/a><\/p>\n","protected":false},"excerpt":{"rendered":"<p>Un centro se define en gran medida por su Proyecto Educativo. En \u00e9l se plasma el modelo educativo y la concreci\u00f3n de la normativa que un centro realiza respecto a las ense\u00f1anzas que imparte. Aspectos tales como las finales educativas, objetivos, atenci\u00f3n a la diversidad, etc. A continuaci\u00f3n pueden consultar nuestro Proyecto Educativo actualizado a &hellip; <\/p>\n<p class=\"link-more\"><a href=\"https:\/\/blogsaverroes.juntadeandalucia.es\/ceipavemariadelquemadero\/proyecto-educativo-2\/\" class=\"more-link\">Continuar leyendo<span class=\"screen-reader-text\"> \u00abProyecto Educativo\u00bb<\/span><\/a><\/p>\n","protected":false},"author":11317,"featured_media":0,"parent":0,"menu_order":0,"comment_status":"closed","ping_status":"closed","template":"","meta":{"ngg_post_thumbnail":0,"footnotes":"","_mc_calendar":[]},"aioseo_notices":[],"_links":{"self":[{"href":"https:\/\/blogsaverroes.juntadeandalucia.es\/ceipavemariadelquemadero\/wp-json\/wp\/v2\/pages\/2376"}],"collection":[{"href":"https:\/\/blogsaverroes.juntadeandalucia.es\/ceipavemariadelquemadero\/wp-json\/wp\/v2\/pages"}],"about":[{"href":"https:\/\/blogsaverroes.juntadeandalucia.es\/ceipavemariadelquemadero\/wp-json\/wp\/v2\/types\/page"}],"author":[{"embeddable":true,"href":"https:\/\/blogsaverroes.juntadeandalucia.es\/ceipavemariadelquemadero\/wp-json\/wp\/v2\/users\/11317"}],"replies":[{"embeddable":true,"href":"https:\/\/blogsaverroes.juntadeandalucia.es\/ceipavemariadelquemadero\/wp-json\/wp\/v2\/comments?post=2376"}],"version-history":[{"count":3,"href":"https:\/\/blogsaverroes.juntadeandalucia.es\/ceipavemariadelquemadero\/wp-json\/wp\/v2\/pages\/2376\/revisions"}],"predecessor-version":[{"id":2405,"href":"https:\/\/blogsaverroes.juntadeandalucia.es\/ceipavemariadelquemadero\/wp-json\/wp\/v2\/pages\/2376\/revisions\/2405"}],"wp:attachment":[{"href":"https:\/\/blogsaverroes.juntadeandalucia.es\/ceipavemariadelquemadero\/wp-json\/wp\/v2\/media?parent=2376"}],"curies":[{"name":"wp","href":"https:\/\/api.w.org\/{rel}","templated":true}]}}