{"id":35,"date":"2015-03-13T08:21:43","date_gmt":"2015-03-13T08:21:43","guid":{"rendered":"http:\/\/blogsaverroes.juntadeandalucia.es\/pre\/ceip\/?page_id=35"},"modified":"2020-11-28T20:42:47","modified_gmt":"2020-11-28T20:42:47","slug":"el-centro-2","status":"publish","type":"page","link":"https:\/\/blogsaverroes.juntadeandalucia.es\/ceipavemariadelquemadero\/el-centro-2\/","title":{"rendered":"Datos del centro"},"content":{"rendered":"<p><iframe loading=\"lazy\" src=\"https:\/\/www.google.com\/maps\/embed?pb=!1m18!1m12!1m3!1d3192.8726969831732!2d-2.46975168470884!3d36.8455247799392!2m3!1f0!2f0!3f0!3m2!1i1024!2i768!4f13.1!3m3!1m2!1s0xd7075fcff78b477%3A0x827c77fc55ea561a!2sCEIP%20Ave%20Mar%C3%ADa%20del%20Quemadero!5e0!3m2!1ses!2ses!4v1606595700664!5m2!1ses!2ses\" width=\"600\" height=\"450\" frameborder=\"0\"><\/iframe><\/p>\n<p><strong>Datos de contacto: <\/strong>CEIP Ave Mar\u00eda del Quemadero.<\/p>\n<p><strong>Direcci\u00f3n:<\/strong>&nbsp; <span class=\"LrzXr\">Barranco Bolas, 7. CP 04008, Almer\u00eda.<\/span><\/p>\n<p><strong>Tel\u00e9fono \/ FAX:<\/strong> 950156132.<\/p>\n<p><strong>Email:<\/strong> 04000924.edu@juntadeandalucia.es<\/p>\n","protected":false},"excerpt":{"rendered":"<p>Datos de contacto: CEIP Ave Mar\u00eda del Quemadero. Direcci\u00f3n:&nbsp; Barranco Bolas, 7. CP 04008, Almer\u00eda. Tel\u00e9fono \/ FAX: 950156132. Email: 04000924.edu@juntadeandalucia.es<\/p>\n","protected":false},"author":1,"featured_media":0,"parent":0,"menu_order":0,"comment_status":"closed","ping_status":"open","template":"","meta":{"ngg_post_thumbnail":0,"footnotes":"","_mc_calendar":[]},"aioseo_notices":[],"_links":{"self":[{"href":"https:\/\/blogsaverroes.juntadeandalucia.es\/ceipavemariadelquemadero\/wp-json\/wp\/v2\/pages\/35"}],"collection":[{"href":"https:\/\/blogsaverroes.juntadeandalucia.es\/ceipavemariadelquemadero\/wp-json\/wp\/v2\/pages"}],"about":[{"href":"https:\/\/blogsaverroes.juntadeandalucia.es\/ceipavemariadelquemadero\/wp-json\/wp\/v2\/types\/page"}],"author":[{"embeddable":true,"href":"https:\/\/blogsaverroes.juntadeandalucia.es\/ceipavemariadelquemadero\/wp-json\/wp\/v2\/users\/1"}],"replies":[{"embeddable":true,"href":"https:\/\/blogsaverroes.juntadeandalucia.es\/ceipavemariadelquemadero\/wp-json\/wp\/v2\/comments?post=35"}],"version-history":[{"count":25,"href":"https:\/\/blogsaverroes.juntadeandalucia.es\/ceipavemariadelquemadero\/wp-json\/wp\/v2\/pages\/35\/revisions"}],"predecessor-version":[{"id":2335,"href":"https:\/\/blogsaverroes.juntadeandalucia.es\/ceipavemariadelquemadero\/wp-json\/wp\/v2\/pages\/35\/revisions\/2335"}],"wp:attachment":[{"href":"https:\/\/blogsaverroes.juntadeandalucia.es\/ceipavemariadelquemadero\/wp-json\/wp\/v2\/media?parent=35"}],"curies":[{"name":"wp","href":"https:\/\/api.w.org\/{rel}","templated":true}]}}