{"id":99,"date":"2015-03-16T07:22:54","date_gmt":"2015-03-16T07:22:54","guid":{"rendered":"http:\/\/blogsaverroes.juntadeandalucia.es\/pre\/ceip\/?page_id=99"},"modified":"2020-12-21T10:24:14","modified_gmt":"2020-12-21T10:24:14","slug":"comedor-escolar","status":"publish","type":"page","link":"https:\/\/blogsaverroes.juntadeandalucia.es\/ceipavemariadelquemadero\/comedor-escolar\/","title":{"rendered":"Comedor"},"content":{"rendered":"<p>Los comedores escolares son un servicio complementario que resulta de gran utilidad a las familias para ayudarles a conciliar la vida laboral y familiar. Tienen una duraci\u00f3n de hasta dos horas desde que acaba la jornada escolar de la ma\u00f1ana (de 14.00 a 16.00 horas).<\/p>\n<p>Los comedores son adem\u00e1s una pieza importante&nbsp;en todas las medidas dirigidas a mejorar los h\u00e1bitos alimenticios de los ni\u00f1os y ni\u00f1as y prevenir problemas de salud como la obesidad.<\/p>\n<p>Los comedores escolares de los centros p\u00fablicos andaluces promueven una alimentaci\u00f3n saludable que est\u00e1 supervisada por nutricionistas y que, entre otros aspectos, se caracteriza por:<\/p>\n<p><img decoding=\"async\" class=\"n3VNCb alignleft\" src=\"https:\/\/aragon.podemos.info\/wp-content\/uploads\/2019\/01\/dibujo-comedor-358x239.jpg\" alt=\"Podemos exige seguridad laboral para las 1.500 monitoras de comedor de Zaragoza que est\u00e1n pendientes de que se adjudiquen los nuevos contratos - Podemos Arag\u00f3n\" data-noaft=\"1\">Una mayor proporci\u00f3n de verdura en los men\u00fas.<\/p>\n<p>Fruta fresca como postre al menos cuatro d\u00edas a la semana.<\/p>\n<p>Uso de aceite de oliva virgen extra.<\/p>\n<p>M\u00e1s pescado que carne, que debe ser magra.<\/p>\n<p>Prohibici\u00f3n de los alimentos precocinados y limitaci\u00f3n de los fritos.<\/p>\n<p>Apuesta por la dieta mediterr\u00e1nea y los productos ecol\u00f3gicos.<\/p>\n<div class=\"o9v6fnle cxmmr5t8 oygrvhab hcukyx3x c1et5uql ii04i59q\">\n<div dir=\"auto\">En nuestro colegio se forman turnos para almorzar cada media hora. La recogida del alumnado es la siguiente:<\/div>\n<\/div>\n<div class=\"o9v6fnle cxmmr5t8 oygrvhab hcukyx3x c1et5uql ii04i59q\">\n<div dir=\"auto\">&#8211; Turno 1 (Infantil, 1\u00ba y 2\u00ba de Primaria): salida a las 14:30.<\/div>\n<div dir=\"auto\">&#8211; Turno 2 (5\u00ba y 6\u00ba de Primaria): salida a las 15:00.<\/div>\n<div dir=\"auto\">&#8211; Turno 3 (3\u00ba y 4\u00ba de Primaria): salida a las 15:30.<\/div>\n<\/div>\n<p>&nbsp;<\/p>\n","protected":false},"excerpt":{"rendered":"<p>Los comedores escolares son un servicio complementario que resulta de gran utilidad a las familias para ayudarles a conciliar la vida laboral y familiar. Tienen una duraci\u00f3n de hasta dos horas desde que acaba la jornada escolar de la ma\u00f1ana (de 14.00 a 16.00 horas). Los comedores son adem\u00e1s una pieza importante&nbsp;en todas las medidas &hellip; <\/p>\n<p class=\"link-more\"><a href=\"https:\/\/blogsaverroes.juntadeandalucia.es\/ceipavemariadelquemadero\/comedor-escolar\/\" class=\"more-link\">Continuar leyendo<span class=\"screen-reader-text\"> \u00abComedor\u00bb<\/span><\/a><\/p>\n","protected":false},"author":1,"featured_media":0,"parent":0,"menu_order":0,"comment_status":"closed","ping_status":"open","template":"","meta":{"ngg_post_thumbnail":0,"footnotes":"","_mc_calendar":[]},"aioseo_notices":[],"_links":{"self":[{"href":"https:\/\/blogsaverroes.juntadeandalucia.es\/ceipavemariadelquemadero\/wp-json\/wp\/v2\/pages\/99"}],"collection":[{"href":"https:\/\/blogsaverroes.juntadeandalucia.es\/ceipavemariadelquemadero\/wp-json\/wp\/v2\/pages"}],"about":[{"href":"https:\/\/blogsaverroes.juntadeandalucia.es\/ceipavemariadelquemadero\/wp-json\/wp\/v2\/types\/page"}],"author":[{"embeddable":true,"href":"https:\/\/blogsaverroes.juntadeandalucia.es\/ceipavemariadelquemadero\/wp-json\/wp\/v2\/users\/1"}],"replies":[{"embeddable":true,"href":"https:\/\/blogsaverroes.juntadeandalucia.es\/ceipavemariadelquemadero\/wp-json\/wp\/v2\/comments?post=99"}],"version-history":[{"count":7,"href":"https:\/\/blogsaverroes.juntadeandalucia.es\/ceipavemariadelquemadero\/wp-json\/wp\/v2\/pages\/99\/revisions"}],"predecessor-version":[{"id":2326,"href":"https:\/\/blogsaverroes.juntadeandalucia.es\/ceipavemariadelquemadero\/wp-json\/wp\/v2\/pages\/99\/revisions\/2326"}],"wp:attachment":[{"href":"https:\/\/blogsaverroes.juntadeandalucia.es\/ceipavemariadelquemadero\/wp-json\/wp\/v2\/media?parent=99"}],"curies":[{"name":"wp","href":"https:\/\/api.w.org\/{rel}","templated":true}]}}