{"id":141,"date":"2015-03-17T07:13:24","date_gmt":"2015-03-17T07:13:24","guid":{"rendered":"http:\/\/blogsaverroes.juntadeandalucia.es\/pre\/ceip\/?page_id=141"},"modified":"2020-02-24T16:54:51","modified_gmt":"2020-02-24T16:54:51","slug":"escolarizacion","status":"publish","type":"page","link":"https:\/\/blogsaverroes.juntadeandalucia.es\/ceipaverroes\/escolarizacion\/","title":{"rendered":"Escolarizaci\u00f3n"},"content":{"rendered":"<p>&nbsp;<\/p>\n<p><a href=\"https:\/\/blogsaverroes.juntadeandalucia.es\/ceipaverroes\/files\/2020\/02\/JUNTA_ANDALUCIA_ESCOLARIZACION_BANNER_990x250px.png\"><img loading=\"lazy\" decoding=\"async\" class=\"size-medium wp-image-2387 aligncenter\" src=\"https:\/\/blogsaverroes.juntadeandalucia.es\/ceipaverroes\/files\/2020\/02\/JUNTA_ANDALUCIA_ESCOLARIZACION_BANNER_990x250px-300x76.png\" alt=\"\" width=\"300\" height=\"76\" srcset=\"https:\/\/blogsaverroes.juntadeandalucia.es\/ceipaverroes\/files\/2020\/02\/JUNTA_ANDALUCIA_ESCOLARIZACION_BANNER_990x250px-300x76.png 300w, https:\/\/blogsaverroes.juntadeandalucia.es\/ceipaverroes\/files\/2020\/02\/JUNTA_ANDALUCIA_ESCOLARIZACION_BANNER_990x250px-768x195.png 768w, https:\/\/blogsaverroes.juntadeandalucia.es\/ceipaverroes\/files\/2020\/02\/JUNTA_ANDALUCIA_ESCOLARIZACION_BANNER_990x250px-24x6.png 24w, https:\/\/blogsaverroes.juntadeandalucia.es\/ceipaverroes\/files\/2020\/02\/JUNTA_ANDALUCIA_ESCOLARIZACION_BANNER_990x250px-36x9.png 36w, https:\/\/blogsaverroes.juntadeandalucia.es\/ceipaverroes\/files\/2020\/02\/JUNTA_ANDALUCIA_ESCOLARIZACION_BANNER_990x250px-48x12.png 48w, https:\/\/blogsaverroes.juntadeandalucia.es\/ceipaverroes\/files\/2020\/02\/JUNTA_ANDALUCIA_ESCOLARIZACION_BANNER_990x250px.png 991w\" sizes=\"(max-width: 300px) 100vw, 300px\" \/><\/a><\/p>\n<p>Esta secci\u00f3n puede contener cuanta informaci\u00f3n sea de utilidad para las familias a la hora de de iniciar el proceso de escolarizaci\u00f3n: plazos, documentos, normativa, enlaces, etc.<\/p>\n<p style=\"text-align: center\"><strong><a href=\"http:\/\/portals.ced.junta-andalucia.es\/educacion\/portals\/web\/escolarizacion\">Enlace al portal de escolarizaci\u00f3n.<\/a><\/strong><\/p>\n<p style=\"text-align: center\"><strong><a href=\"https:\/\/juntadeandalucia.es\/boja\/2020\/34\/1\">Normativa<\/a><\/strong>&nbsp;sobre el proceso de escolarizaci\u00f3n.<\/p>\n","protected":false},"excerpt":{"rendered":"<p>&nbsp; Esta secci\u00f3n puede contener cuanta informaci\u00f3n sea de utilidad para las familias a la hora de de iniciar el proceso de escolarizaci\u00f3n: plazos, documentos,&hellip;<\/p>\n","protected":false},"author":1,"featured_media":0,"parent":0,"menu_order":0,"comment_status":"closed","ping_status":"open","template":"","meta":{"ngg_post_thumbnail":0,"footnotes":"","_mc_calendar":[]},"aioseo_notices":[],"_links":{"self":[{"href":"https:\/\/blogsaverroes.juntadeandalucia.es\/ceipaverroes\/wp-json\/wp\/v2\/pages\/141"}],"collection":[{"href":"https:\/\/blogsaverroes.juntadeandalucia.es\/ceipaverroes\/wp-json\/wp\/v2\/pages"}],"about":[{"href":"https:\/\/blogsaverroes.juntadeandalucia.es\/ceipaverroes\/wp-json\/wp\/v2\/types\/page"}],"author":[{"embeddable":true,"href":"https:\/\/blogsaverroes.juntadeandalucia.es\/ceipaverroes\/wp-json\/wp\/v2\/users\/1"}],"replies":[{"embeddable":true,"href":"https:\/\/blogsaverroes.juntadeandalucia.es\/ceipaverroes\/wp-json\/wp\/v2\/comments?post=141"}],"version-history":[{"count":5,"href":"https:\/\/blogsaverroes.juntadeandalucia.es\/ceipaverroes\/wp-json\/wp\/v2\/pages\/141\/revisions"}],"predecessor-version":[{"id":2391,"href":"https:\/\/blogsaverroes.juntadeandalucia.es\/ceipaverroes\/wp-json\/wp\/v2\/pages\/141\/revisions\/2391"}],"wp:attachment":[{"href":"https:\/\/blogsaverroes.juntadeandalucia.es\/ceipaverroes\/wp-json\/wp\/v2\/media?parent=141"}],"curies":[{"name":"wp","href":"https:\/\/api.w.org\/{rel}","templated":true}]}}