{"id":141,"date":"2015-03-17T07:13:24","date_gmt":"2015-03-17T07:13:24","guid":{"rendered":"http:\/\/blogsaverroes.juntadeandalucia.es\/pre\/ceip\/?page_id=141"},"modified":"2026-03-09T18:51:32","modified_gmt":"2026-03-09T18:51:32","slug":"escolarizacion","status":"publish","type":"page","link":"https:\/\/blogsaverroes.juntadeandalucia.es\/ceipaxarquia\/escolarizacion\/","title":{"rendered":"ESCOLARIZACI\u00d3N"},"content":{"rendered":"<p style=\"text-align: center\">Estimadas familias, con vistas al pr\u00f3ximo periodo de matriculaci\u00f3n del alumnado, creamos esta secci\u00f3n del blog del centro. En esta secci\u00f3n vamos a intentar resolver las dudas que puedan surgir en todo el proceso. Igualmente pretendemos centralizar en esta p\u00e1gina todos los recursos necesarios para llevar a cabo la matriculaci\u00f3n de nuestros hijos\/as as\u00ed como la solicitud de servicios complementarios, bonificaciones, etc.&nbsp;<\/p>\n<h3 style=\"text-align: center\">PR\u00d3XIMAMENTE<\/h3>\n","protected":false},"excerpt":{"rendered":"<p>Estimadas familias, con vistas al pr\u00f3ximo periodo de matriculaci\u00f3n del alumnado, creamos esta secci\u00f3n del blog del centro. En esta secci\u00f3n vamos a intentar resolver las dudas que puedan surgir en todo el proceso.&#46;&#46;&#46;<\/p>\n","protected":false},"author":1,"featured_media":0,"parent":0,"menu_order":0,"comment_status":"closed","ping_status":"open","template":"","meta":{"ngg_post_thumbnail":0,"footnotes":"","_mc_calendar":[]},"aioseo_notices":[],"_links":{"self":[{"href":"https:\/\/blogsaverroes.juntadeandalucia.es\/ceipaxarquia\/wp-json\/wp\/v2\/pages\/141"}],"collection":[{"href":"https:\/\/blogsaverroes.juntadeandalucia.es\/ceipaxarquia\/wp-json\/wp\/v2\/pages"}],"about":[{"href":"https:\/\/blogsaverroes.juntadeandalucia.es\/ceipaxarquia\/wp-json\/wp\/v2\/types\/page"}],"author":[{"embeddable":true,"href":"https:\/\/blogsaverroes.juntadeandalucia.es\/ceipaxarquia\/wp-json\/wp\/v2\/users\/1"}],"replies":[{"embeddable":true,"href":"https:\/\/blogsaverroes.juntadeandalucia.es\/ceipaxarquia\/wp-json\/wp\/v2\/comments?post=141"}],"version-history":[{"count":36,"href":"https:\/\/blogsaverroes.juntadeandalucia.es\/ceipaxarquia\/wp-json\/wp\/v2\/pages\/141\/revisions"}],"predecessor-version":[{"id":2613,"href":"https:\/\/blogsaverroes.juntadeandalucia.es\/ceipaxarquia\/wp-json\/wp\/v2\/pages\/141\/revisions\/2613"}],"wp:attachment":[{"href":"https:\/\/blogsaverroes.juntadeandalucia.es\/ceipaxarquia\/wp-json\/wp\/v2\/media?parent=141"}],"curies":[{"name":"wp","href":"https:\/\/api.w.org\/{rel}","templated":true}]}}