{"id":2474,"date":"2022-05-19T17:43:52","date_gmt":"2022-05-19T17:43:52","guid":{"rendered":"https:\/\/blogsaverroes.juntadeandalucia.es\/ceipaxarquia\/?page_id=2474"},"modified":"2025-05-21T11:45:51","modified_gmt":"2025-05-21T11:45:51","slug":"servicios-complementarios-y-bonificaciones","status":"publish","type":"page","link":"https:\/\/blogsaverroes.juntadeandalucia.es\/ceipaxarquia\/servicios-complementarios-y-bonificaciones\/","title":{"rendered":"SERVICIOS COMPLEMENTARIOS Y BONIFICACIONES."},"content":{"rendered":"<p style=\"text-align: center\"><a href=\"https:\/\/www.juntadeandalucia.es\/servicios\/sede\/tramites\/procedimientos\/detalle\/10459.html#toc-c-mo-realizar-el-tr-mite\">ENLACE A LA SEDE ELECTR\u00d3NICA PARA LA SOLICITUD DE SERVICIOS COMPLEMENTARIOS Y BONIFICACIONES.<\/a><\/p>\n<p style=\"text-align: center\">DOCUMENTACI\u00d3N QUE PUEDE SER REQUERIDA PARA JUSTIFICAR ALGUNAS DE LAS SITUACIONES ABAJO INDICADAS:<\/p>\n<p style=\"text-align: center\">&#8211;<strong>Aportar certificado de empadronamiento<\/strong> para acreditar la convivencia en el mismo domicilio de la unidad familiar a efecto de las bonificaciones a las que se refiere el apartado 1 del art\u00edculo 24 de la Orden de 17 de abril de 2017.<\/p>\n<p style=\"text-align: center\">&#8211;<strong>C<\/strong><strong>ertificaci\u00f3n expedida por la Consejer\u00eda competente en materia de dependencia y servicios sociales <\/strong>ser\u00e1 necesitada para acreditar la situaci\u00f3n de quienes ostenten la guarda y custodia del alumno o alumna en situaci\u00f3n de dependencia.<\/p>\n<p style=\"text-align: center\">&#8211;<strong>C<\/strong><strong>ertificaci\u00f3n expedida por la Consejer\u00eda competente en materia de v\u00edctimas de terrorismo <\/strong>es necesario para acreditar la situaci\u00f3n de v\u00edctima de terrorismo.<\/p>\n<p style=\"text-align: center\">&#8211;<strong>C<\/strong><strong>ertificaci\u00f3n de la entidad titular del centro de acogida<\/strong> ser\u00e1 necesitada en el caso de hijos o hijas de mujeres atendidas en centros de acogida para mujeres v\u00edctimas de la violencia de g\u00e9nero.<\/p>\n<p style=\"text-align: center\"><strong>-Certificaci\u00f3n expedida por la Consejer\u00eda competente en materia de protecci\u00f3n de menores <\/strong>ser\u00e1 necesario el caso en que el alumno o alumna se encuentre en situaci\u00f3n de tutela o guarda de la Administraci\u00f3n de la Junta de Andaluc\u00eda.<\/p>\n<p style=\"text-align: center\"><strong>-Certificaci\u00f3n expedida al efecto por la persona titular de los servicios sociales provinciales<\/strong> de donde resida la persona solicitante ser\u00e1 necesaria para acreditar la situaci\u00f3n de dificultad social extrema o riesgo de exclusi\u00f3n.<\/p>\n<p style=\"text-align: center\">&#8211;<strong>Certificado expedido por el centro docente donde figure estar matriculado y el horario lectivo <\/strong>es necesitado ser presentado para acreditar la situaci\u00f3n de cursar estudios conducentes a titulaciones acad\u00e9micas oficiales de las personas que ostenten la guarda y custodia del alumnado.<\/p>\n<p style=\"text-align: center\">-Para acreditar la actividad laboral o profesional de las personas que ostenten la guarda y custodia del alumnado ser\u00e1 necesario presentar, por cada uno de ellos, <strong>los documentos que se enumeran en el apartado 2 del art\u00edculo 20 de la Orden de 17 de abril de 2017.<\/strong><\/p>\n<p style=\"text-align: center\">-Cuando la guarda y custodia sea ejercida por solo uno de los representantes legales deber\u00e1 presentar una <strong>copia compulsada del libro de familia o el documento judicial acreditativo de esa circunstancia.<\/strong><\/p>\n<p style=\"text-align: center\">Art\u00edculos 18, 20, 21, 24 y 25 de la Orden de 17 de abril de 2017.<\/p>\n<p style=\"text-align: center\">&nbsp;<\/p>\n","protected":false},"excerpt":{"rendered":"<p>ENLACE A LA SEDE ELECTR\u00d3NICA PARA LA SOLICITUD DE SERVICIOS COMPLEMENTARIOS Y BONIFICACIONES. DOCUMENTACI\u00d3N QUE PUEDE SER REQUERIDA PARA JUSTIFICAR ALGUNAS DE LAS SITUACIONES ABAJO INDICADAS: &#8211;Aportar certificado de empadronamiento para acreditar la convivencia&#46;&#46;&#46;<\/p>\n","protected":false},"author":10305,"featured_media":0,"parent":0,"menu_order":0,"comment_status":"closed","ping_status":"closed","template":"","meta":{"ngg_post_thumbnail":0,"footnotes":"","_mc_calendar":[]},"aioseo_notices":[],"_links":{"self":[{"href":"https:\/\/blogsaverroes.juntadeandalucia.es\/ceipaxarquia\/wp-json\/wp\/v2\/pages\/2474"}],"collection":[{"href":"https:\/\/blogsaverroes.juntadeandalucia.es\/ceipaxarquia\/wp-json\/wp\/v2\/pages"}],"about":[{"href":"https:\/\/blogsaverroes.juntadeandalucia.es\/ceipaxarquia\/wp-json\/wp\/v2\/types\/page"}],"author":[{"embeddable":true,"href":"https:\/\/blogsaverroes.juntadeandalucia.es\/ceipaxarquia\/wp-json\/wp\/v2\/users\/10305"}],"replies":[{"embeddable":true,"href":"https:\/\/blogsaverroes.juntadeandalucia.es\/ceipaxarquia\/wp-json\/wp\/v2\/comments?post=2474"}],"version-history":[{"count":4,"href":"https:\/\/blogsaverroes.juntadeandalucia.es\/ceipaxarquia\/wp-json\/wp\/v2\/pages\/2474\/revisions"}],"predecessor-version":[{"id":2573,"href":"https:\/\/blogsaverroes.juntadeandalucia.es\/ceipaxarquia\/wp-json\/wp\/v2\/pages\/2474\/revisions\/2573"}],"wp:attachment":[{"href":"https:\/\/blogsaverroes.juntadeandalucia.es\/ceipaxarquia\/wp-json\/wp\/v2\/media?parent=2474"}],"curies":[{"name":"wp","href":"https:\/\/api.w.org\/{rel}","templated":true}]}}