{"id":871,"date":"2015-03-16T07:25:46","date_gmt":"2015-03-16T07:25:46","guid":{"rendered":"http:\/\/blogsaverroes.juntadeandalucia.es\/pre\/ceip\/?page_id=106"},"modified":"2026-03-09T18:43:08","modified_gmt":"2026-03-09T18:43:08","slug":"actividades-extraescolares","status":"publish","type":"page","link":"https:\/\/blogsaverroes.juntadeandalucia.es\/ceipaxarquia\/actividades-extraescolares\/","title":{"rendered":"Actividades extraescolares"},"content":{"rendered":"<p style=\"text-align: center\">ACTIVIDADES EXTRAESCOLARES CURSO 2025\/26.<\/p>\n<p>En nuestro centro se desarrollan las Actividades Extraescolares de Multideporte y otras actividades a trav\u00e9s de INCIDE.&nbsp;<\/p>\n<p>La matriculaci\u00f3n en multideporte se realiza en el mes de septiembre con el Ayuntamiento, lo gestiona el Patronato de Deportes.<\/p>\n<p><a href=\"https:\/\/blogsaverroes.juntadeandalucia.es\/ceipaxarquia\/files\/2026\/03\/MULTIDEPORTE.png\"><img loading=\"lazy\" decoding=\"async\" class=\"size-medium wp-image-2605 aligncenter\" src=\"https:\/\/blogsaverroes.juntadeandalucia.es\/ceipaxarquia\/files\/2026\/03\/MULTIDEPORTE-300x76.png\" alt=\"\" width=\"300\" height=\"76\" srcset=\"https:\/\/blogsaverroes.juntadeandalucia.es\/ceipaxarquia\/files\/2026\/03\/MULTIDEPORTE-300x76.png 300w, https:\/\/blogsaverroes.juntadeandalucia.es\/ceipaxarquia\/files\/2026\/03\/MULTIDEPORTE.png 589w\" sizes=\"(max-width: 300px) 100vw, 300px\" \/><\/a><\/p>\n<p>Por su parte, las extraescolares se desarrollan en horario de 16 a 17hrs. y est\u00e1 sujeto a cambios durante el curso ya que se necesitan un m\u00ednimo de 10 solicitudes para que los talleres comiencen a funcionar. Estas actividades se solicitan junto con la matr\u00edcula y a lo largo de todo el curso escolar, si as\u00ed lo necesitan las familias. Nuestra propuesta de actividades para este curso es la siguiente:<\/p>\n<p style=\"text-align: center\"><a href=\"https:\/\/blogsaverroes.juntadeandalucia.es\/ceipaxarquia\/files\/2026\/03\/EXTRAESCOLARES.png\"><img loading=\"lazy\" decoding=\"async\" class=\"alignnone size-medium wp-image-2606\" src=\"https:\/\/blogsaverroes.juntadeandalucia.es\/ceipaxarquia\/files\/2026\/03\/EXTRAESCOLARES-300x113.png\" alt=\"\" width=\"300\" height=\"113\" srcset=\"https:\/\/blogsaverroes.juntadeandalucia.es\/ceipaxarquia\/files\/2026\/03\/EXTRAESCOLARES-300x113.png 300w, https:\/\/blogsaverroes.juntadeandalucia.es\/ceipaxarquia\/files\/2026\/03\/EXTRAESCOLARES.png 589w\" sizes=\"(max-width: 300px) 100vw, 300px\" \/><\/a><\/p>\n","protected":false},"excerpt":{"rendered":"<p>ACTIVIDADES EXTRAESCOLARES CURSO 2025\/26. En nuestro centro se desarrollan las Actividades Extraescolares de Multideporte y otras actividades a trav\u00e9s de INCIDE.&nbsp; La matriculaci\u00f3n en multideporte se realiza en el mes de septiembre con el&#46;&#46;&#46;<\/p>\n","protected":false},"author":1,"featured_media":0,"parent":0,"menu_order":0,"comment_status":"closed","ping_status":"open","template":"","meta":{"ngg_post_thumbnail":0,"footnotes":"","_mc_calendar":[]},"aioseo_notices":[],"_links":{"self":[{"href":"https:\/\/blogsaverroes.juntadeandalucia.es\/ceipaxarquia\/wp-json\/wp\/v2\/pages\/871"}],"collection":[{"href":"https:\/\/blogsaverroes.juntadeandalucia.es\/ceipaxarquia\/wp-json\/wp\/v2\/pages"}],"about":[{"href":"https:\/\/blogsaverroes.juntadeandalucia.es\/ceipaxarquia\/wp-json\/wp\/v2\/types\/page"}],"author":[{"embeddable":true,"href":"https:\/\/blogsaverroes.juntadeandalucia.es\/ceipaxarquia\/wp-json\/wp\/v2\/users\/1"}],"replies":[{"embeddable":true,"href":"https:\/\/blogsaverroes.juntadeandalucia.es\/ceipaxarquia\/wp-json\/wp\/v2\/comments?post=871"}],"version-history":[{"count":14,"href":"https:\/\/blogsaverroes.juntadeandalucia.es\/ceipaxarquia\/wp-json\/wp\/v2\/pages\/871\/revisions"}],"predecessor-version":[{"id":2607,"href":"https:\/\/blogsaverroes.juntadeandalucia.es\/ceipaxarquia\/wp-json\/wp\/v2\/pages\/871\/revisions\/2607"}],"wp:attachment":[{"href":"https:\/\/blogsaverroes.juntadeandalucia.es\/ceipaxarquia\/wp-json\/wp\/v2\/media?parent=871"}],"curies":[{"name":"wp","href":"https:\/\/api.w.org\/{rel}","templated":true}]}}