{"id":2806,"date":"2020-05-06T17:19:37","date_gmt":"2020-05-06T17:19:37","guid":{"rendered":"https:\/\/blogsaverroes.juntadeandalucia.es\/ceipazahar\/?page_id=2806"},"modified":"2020-05-06T17:23:59","modified_gmt":"2020-05-06T17:23:59","slug":"claustro","status":"publish","type":"page","link":"https:\/\/blogsaverroes.juntadeandalucia.es\/ceipazahar\/claustro\/","title":{"rendered":"Claustro"},"content":{"rendered":"<p><strong>&nbsp;<\/strong><\/p>\n<p><strong>Curso 2019\/20.<\/strong><\/p>\n<table width=\"91%\">\n<tbody>\n<tr>\n<td colspan=\"2\" width=\"100%\"><strong>Educaci\u00f3n Infantil<\/strong><\/td>\n<\/tr>\n<tr>\n<td width=\"50%\"><strong>PROFESORADO<\/strong><\/td>\n<td width=\"50%\"><strong>TUTOR\u00cdA<\/strong><\/td>\n<\/tr>\n<tr>\n<td width=\"50%\">Alba Mar\u00eda Gonz\u00e1lez P\u00e9rez<\/td>\n<td width=\"50%\">3 a\u00f1os<\/td>\n<\/tr>\n<tr>\n<td width=\"50%\">Garc\u00eda Mateos, Mar\u00eda Jos\u00e9<\/td>\n<td width=\"50%\">4 a\u00f1os<\/td>\n<\/tr>\n<tr>\n<td width=\"50%\">Encarnaci\u00f3n Vilar Cejudo<\/td>\n<td width=\"50%\">5 a\u00f1os<\/td>\n<\/tr>\n<\/tbody>\n<\/table>\n<p>&nbsp;<\/p>\n<table width=\"91%\">\n<tbody>\n<tr>\n<td colspan=\"2\" width=\"100%\"><strong>Educaci\u00f3n Primaria<\/strong><\/td>\n<\/tr>\n<tr>\n<td width=\"50%\"><strong>PROFESORADO<\/strong><\/td>\n<td width=\"50%\"><strong>TUTOR\u00cdAS<\/strong><\/td>\n<\/tr>\n<tr>\n<td width=\"50%\">\u00c1lvaro Flaquer Garc\u00eda<\/td>\n<td width=\"50%\">1\u00ba<\/td>\n<\/tr>\n<tr>\n<td width=\"50%\">Laura Rubio Garc\u00eda<\/td>\n<td width=\"50%\">2\u00ba<\/td>\n<\/tr>\n<tr>\n<td width=\"50%\">Rosa Mar\u00eda Jim\u00e9nez Rodr\u00edguez<\/td>\n<td width=\"50%\">3\u00ba<\/td>\n<\/tr>\n<tr>\n<td width=\"50%\">Rosa Sep\u00falveda Rivero (Jefa de Estudios)<\/td>\n<td width=\"50%\">4\u00ba<\/td>\n<\/tr>\n<tr>\n<td width=\"50%\">Conchi Navarro Gavil\u00e1n (Especialista Ingl\u00e9s)<\/td>\n<td width=\"50%\">5\u00ba&nbsp;&nbsp;<\/td>\n<\/tr>\n<tr>\n<td width=\"50%\">Rafael Romero Calle (Especialista E. F\u00edsica)<\/td>\n<td width=\"50%\">6\u00ba A<\/td>\n<\/tr>\n<tr>\n<td width=\"50%\">\u00c1ngel Rojo Ortega (Especialista Franc\u00e9s)<\/td>\n<td width=\"50%\">6\u00ba B<\/td>\n<\/tr>\n<\/tbody>\n<\/table>\n<p>&nbsp;<\/p>\n<table width=\"91%\">\n<tbody>\n<tr>\n<td colspan=\"2\" width=\"100%\"><strong>Otros profesores<\/strong><\/td>\n<\/tr>\n<tr>\n<td width=\"50%\"><strong>PROFESORADO<\/strong><\/td>\n<td width=\"50%\"><strong>ESPECIALIDAD<\/strong><\/td>\n<\/tr>\n<tr>\n<td width=\"50%\">Eva S\u00e1nchez Guerra (Secretaria)<\/td>\n<td width=\"50%\">M\u00fasica<\/td>\n<\/tr>\n<tr>\n<td width=\"50%\">Ana Fern\u00e1ndez P\u00e9rez<\/td>\n<td width=\"50%\">Pedagog\u00eda Terap\u00e9utica<\/td>\n<\/tr>\n<tr>\n<td width=\"50%\">Ana Belinda Mar\u00edn Robles<\/td>\n<td width=\"50%\">Espa\u00f1ol Lengua Extranjera<\/td>\n<\/tr>\n<tr>\n<td width=\"50%\">Mercedes De Tuero Gil-Delgado<\/td>\n<td width=\"50%\">Religi\u00f3n Cat\u00f3lica<\/td>\n<\/tr>\n<tr>\n<td width=\"50%\">Susana Rodr\u00edguez Solly<\/td>\n<td width=\"50%\">Religi\u00f3n Evang\u00e9lica<\/td>\n<\/tr>\n<tr>\n<td width=\"50%\">Esther Tello G\u00e1lvez<\/td>\n<td width=\"50%\">Refuerzo Educativo<\/td>\n<\/tr>\n<tr>\n<td width=\"50%\">Jos\u00e9 Fernando Maldonado Borrego<\/td>\n<td width=\"50%\">Primaria<\/td>\n<\/tr>\n<tr>\n<td width=\"50%\">Francisco Alarc\u00f3n Cabrera (Director)<\/td>\n<td width=\"50%\">Primaria<\/td>\n<\/tr>\n<tr>\n<td width=\"50%\">Elo\u00edsa Soledad Morillo Del Castillo<\/td>\n<td width=\"50%\">Compensatoria<\/td>\n<\/tr>\n<\/tbody>\n<\/table>\n<p>&nbsp;<\/p>\n","protected":false},"excerpt":{"rendered":"<p>&nbsp; Curso 2019\/20. Educaci\u00f3n Infantil PROFESORADO TUTOR\u00cdA Alba Mar\u00eda Gonz\u00e1lez P\u00e9rez 3 a\u00f1os Garc\u00eda Mateos, Mar\u00eda Jos\u00e9 4 a\u00f1os Encarnaci\u00f3n Vilar Cejudo 5 a\u00f1os &nbsp; Educaci\u00f3n Primaria PROFESORADO TUTOR\u00cdAS \u00c1lvaro Flaquer Garc\u00eda 1\u00ba Laura&#46;&#46;&#46;<\/p>\n","protected":false},"author":5822,"featured_media":0,"parent":0,"menu_order":0,"comment_status":"closed","ping_status":"closed","template":"","meta":{"ngg_post_thumbnail":0,"footnotes":"","_mc_calendar":[]},"aioseo_notices":[],"_links":{"self":[{"href":"https:\/\/blogsaverroes.juntadeandalucia.es\/ceipazahar\/wp-json\/wp\/v2\/pages\/2806"}],"collection":[{"href":"https:\/\/blogsaverroes.juntadeandalucia.es\/ceipazahar\/wp-json\/wp\/v2\/pages"}],"about":[{"href":"https:\/\/blogsaverroes.juntadeandalucia.es\/ceipazahar\/wp-json\/wp\/v2\/types\/page"}],"author":[{"embeddable":true,"href":"https:\/\/blogsaverroes.juntadeandalucia.es\/ceipazahar\/wp-json\/wp\/v2\/users\/5822"}],"replies":[{"embeddable":true,"href":"https:\/\/blogsaverroes.juntadeandalucia.es\/ceipazahar\/wp-json\/wp\/v2\/comments?post=2806"}],"version-history":[{"count":2,"href":"https:\/\/blogsaverroes.juntadeandalucia.es\/ceipazahar\/wp-json\/wp\/v2\/pages\/2806\/revisions"}],"predecessor-version":[{"id":2810,"href":"https:\/\/blogsaverroes.juntadeandalucia.es\/ceipazahar\/wp-json\/wp\/v2\/pages\/2806\/revisions\/2810"}],"wp:attachment":[{"href":"https:\/\/blogsaverroes.juntadeandalucia.es\/ceipazahar\/wp-json\/wp\/v2\/media?parent=2806"}],"curies":[{"name":"wp","href":"https:\/\/api.w.org\/{rel}","templated":true}]}}