{"id":2812,"date":"2020-05-06T17:28:14","date_gmt":"2020-05-06T17:28:14","guid":{"rendered":"https:\/\/blogsaverroes.juntadeandalucia.es\/ceipazahar\/?page_id=2812"},"modified":"2020-05-06T17:28:14","modified_gmt":"2020-05-06T17:28:14","slug":"consejo-escolar","status":"publish","type":"page","link":"https:\/\/blogsaverroes.juntadeandalucia.es\/ceipazahar\/consejo-escolar\/","title":{"rendered":"Consejo Escolar"},"content":{"rendered":"<p>MIEMBROS DEL CONSEJO ESCOLAR<br \/>\nSector Miembro<br \/>\nEquipo Directivo Alarc\u00f3n Cabrera, Francisco (DIRECTOR\/A)<br \/>\nEquipo Directivo Sep\u00falveda Rivero, Rosa Mar\u00eda (JEFE\/A DE ESTUDIOS)<br \/>\nEquipo Directivo S\u00e1nchez Guerra, Mar\u00eda Eva (SECRETARIO\/A)<\/p>\n<p>Profesorado Flaquer Garc\u00eda, \u00c1lvaro<br \/>\nProfesorado Gonz\u00e1lez P\u00e9rez, Alba Mar\u00eda<br \/>\nProfesorado Jim\u00e9nez Rodr\u00edguez, Rosa Mar\u00eda<br \/>\nProfesorado Rubio Garc\u00eda, Laura<br \/>\nProfesorado Tello G\u00e1lvez, Esther<br \/>\nProfesorado Vilar Cejudo, Encarnaci\u00f3n<\/p>\n<p>Madres\/Padres\/Tutores Chahdi, F\u00e1tima<br \/>\nMadres\/Padres\/Tutores Chaib Dris, Siem<br \/>\nMadres\/Padres\/Tutores Chiosea, Dorina<br \/>\nMadres\/Padres\/Tutores Mahmud Carrillo, Zuquet<br \/>\nMadres\/Padres\/Tutores Malav\u00e9 Gonz\u00e1lez, Nanyel Mari\u00f3n<br \/>\nMadres\/Padres\/Tutores Romero M\u00ednguez, Emma<br \/>\nMadres\/Padres\/Tutores Jim\u00e9nez Reyes, Dolores (REPRESENTANTE DE LA<br \/>\nA.M.P.A. MAYORITARIA)<\/p>\n<p>Ayuntamiento Mart\u00edn Moreno, Francisco Jos\u00e9 (CONCEJAL O REPRESENTANTE DEL AYUNTAMIENTO)<\/p>\n<p>Fomento Igualdad (Impulsor de medidas de Igualdad) Morillo Del Castillo, Elo\u00edsa Soledad (IMPULSOR DE MEDIDAS PARA EL FOMENTO DE LA IGUALDAD ENTRE HOMBRES Y MUJERES)<\/p>\n","protected":false},"excerpt":{"rendered":"<p>MIEMBROS DEL CONSEJO ESCOLAR Sector Miembro Equipo Directivo Alarc\u00f3n Cabrera, Francisco (DIRECTOR\/A) Equipo Directivo Sep\u00falveda Rivero, Rosa Mar\u00eda (JEFE\/A DE ESTUDIOS) Equipo Directivo S\u00e1nchez Guerra, Mar\u00eda Eva (SECRETARIO\/A) Profesorado Flaquer Garc\u00eda, \u00c1lvaro Profesorado Gonz\u00e1lez&#46;&#46;&#46;<\/p>\n","protected":false},"author":5822,"featured_media":0,"parent":0,"menu_order":0,"comment_status":"closed","ping_status":"closed","template":"","meta":{"ngg_post_thumbnail":0,"footnotes":"","_mc_calendar":[]},"aioseo_notices":[],"_links":{"self":[{"href":"https:\/\/blogsaverroes.juntadeandalucia.es\/ceipazahar\/wp-json\/wp\/v2\/pages\/2812"}],"collection":[{"href":"https:\/\/blogsaverroes.juntadeandalucia.es\/ceipazahar\/wp-json\/wp\/v2\/pages"}],"about":[{"href":"https:\/\/blogsaverroes.juntadeandalucia.es\/ceipazahar\/wp-json\/wp\/v2\/types\/page"}],"author":[{"embeddable":true,"href":"https:\/\/blogsaverroes.juntadeandalucia.es\/ceipazahar\/wp-json\/wp\/v2\/users\/5822"}],"replies":[{"embeddable":true,"href":"https:\/\/blogsaverroes.juntadeandalucia.es\/ceipazahar\/wp-json\/wp\/v2\/comments?post=2812"}],"version-history":[{"count":1,"href":"https:\/\/blogsaverroes.juntadeandalucia.es\/ceipazahar\/wp-json\/wp\/v2\/pages\/2812\/revisions"}],"predecessor-version":[{"id":2813,"href":"https:\/\/blogsaverroes.juntadeandalucia.es\/ceipazahar\/wp-json\/wp\/v2\/pages\/2812\/revisions\/2813"}],"wp:attachment":[{"href":"https:\/\/blogsaverroes.juntadeandalucia.es\/ceipazahar\/wp-json\/wp\/v2\/media?parent=2812"}],"curies":[{"name":"wp","href":"https:\/\/api.w.org\/{rel}","templated":true}]}}