{"id":77,"date":"2015-03-16T06:54:56","date_gmt":"2015-03-16T06:54:56","guid":{"rendered":"http:\/\/blogsaverroes.juntadeandalucia.es\/pre\/ceip\/?page_id=77"},"modified":"2020-05-07T10:58:10","modified_gmt":"2020-05-07T10:58:10","slug":"secretaria","status":"publish","type":"page","link":"https:\/\/blogsaverroes.juntadeandalucia.es\/ceipazahar\/secretaria\/","title":{"rendered":"Secretar\u00eda"},"content":{"rendered":"<h1 class=\"entry-title main_title\" data-original-attrs=\"{&quot;style&quot;:&quot;background: rgb(255, 255, 255); border: 0px; box-sizing: border-box; font-family: \\&quot;open sans\\&quot;, arial, sans-serif; font-size: 30px; line-height: 1em; margin: 0px 0px 20px; outline: 0px; padding: 0px 0px 10px; vertical-align: baseline;&quot;}\"><span data-original-attrs=\"{&quot;style&quot;:&quot;background-color: white; color: red;&quot;}\">Secretar\u00eda del CEIP Azahar<\/span><\/h1>\n<div class=\"entry-content\" data-original-attrs=\"{&quot;style&quot;:&quot;background: rgb(255, 255, 255); border: 0px; box-sizing: border-box; color: #666666; font-family: \\&quot;open sans\\&quot;, arial, sans-serif; font-size: 14px; margin: 0px; outline: 0px; padding: 0px; text-size-adjust: 100%; vertical-align: baseline;&quot;}\">\n<div data-original-attrs=\"{&quot;style&quot;:&quot;background: transparent; border: 0px; box-sizing: border-box; outline: 0px; padding: 0px 0px 1em; text-size-adjust: 100%; vertical-align: baseline;&quot;}\"><span data-original-attrs=\"{&quot;style&quot;:&quot;background-color: white;&quot;}\">Para realizar cualquier tipo de tr\u00e1mite administrativo (matriculaci\u00f3n, traslados, certificados, etc) en el centro, debe acudir a la secretar\u00eda.<\/span><\/div>\n<div data-original-attrs=\"{&quot;style&quot;:&quot;background: transparent; border: 0px; box-sizing: border-box; outline: 0px; padding: 0px 0px 1em; text-size-adjust: 100%; vertical-align: baseline;&quot;}\">&nbsp;<\/div>\n<h3 data-original-attrs=\"{&quot;style&quot;:&quot;background: transparent; border: 0px; box-sizing: border-box; color: #333333; font-size: 22px; font-weight: 500; line-height: 1em; margin: 0px; outline: 0px; padding: 0px 0px 10px; text-size-adjust: 100%; vertical-align: baseline;&quot;}\"><span data-original-attrs=\"{&quot;style&quot;:&quot;background: transparent; border: 0px; box-sizing: border-box; color: #3366ff; margin: 0px; outline: 0px; padding: 0px; vertical-align: baseline;&quot;}\">Horario de secretar\u00eda<\/span><\/h3>\n<div data-original-attrs=\"{&quot;style&quot;:&quot;background: transparent; border: 0px; box-sizing: border-box; outline: 0px; padding: 0px 0px 1em; text-size-adjust: 100%; vertical-align: baseline;&quot;}\"><span data-original-attrs=\"{&quot;style&quot;:&quot;background-color: white;&quot;}\">El horario es de lunes a viernes, de 9:10 a 10:30 horas.<\/span><\/div>\n<div data-original-attrs=\"{&quot;style&quot;:&quot;background: transparent; border: 0px; box-sizing: border-box; outline: 0px; padding: 0px 0px 1em; text-size-adjust: 100%; vertical-align: baseline;&quot;}\">&nbsp;<\/div>\n<h3 data-original-attrs=\"{&quot;style&quot;:&quot;background-attachment: initial; background-clip: initial; background-image: initial; background-origin: initial; background-position: initial; background-repeat: initial; background-size: initial; border: 0px; box-sizing: border-box; color: #333333; font-size: 22px; font-weight: 500; line-height: 1em; margin: 0px; outline: 0px; padding: 0px 0px 10px; text-size-adjust: 100%; vertical-align: baseline;&quot;}\"><span data-original-attrs=\"{&quot;style&quot;:&quot;background: transparent; border: 0px; box-sizing: border-box; color: #3366ff; margin: 0px; outline: 0px; padding: 0px; vertical-align: baseline;&quot;}\">Descargas de impresos<\/span><\/h3>\n<div><span data-original-attrs=\"{&quot;style&quot;:&quot;background: transparent; border: 0px; box-sizing: border-box; color: #3366ff; margin: 0px; outline: 0px; padding: 0px; vertical-align: baseline;&quot;}\">&nbsp;<\/span><\/div>\n<div data-original-attrs=\"{&quot;style&quot;:&quot;background: transparent; border: 0px; box-sizing: border-box; outline: 0px; padding: 0px 0px 1em; text-size-adjust: 100%; vertical-align: baseline;&quot;}\"><span data-original-attrs=\"{&quot;style&quot;:&quot;background-color: white;&quot;}\">Para agilizar los tr\u00e1mites, puede descargar estos impresos y entregarlos una vez cumplimentados, en secretar\u00eda:<\/span><\/div>\n<div data-original-attrs=\"{&quot;style&quot;:&quot;background: transparent; border: 0px; box-sizing: border-box; outline: 0px; padding: 0px 0px 1em; text-size-adjust: 100%; vertical-align: baseline;&quot;}\">&nbsp;<\/div>\n<\/div>\n<h3 data-original-attrs=\"{&quot;style&quot;:&quot;background: rgb(255, 255, 255); border: 0px; box-sizing: border-box; color: #333333; font-family: \\&quot;open sans\\&quot;, arial, sans-serif; font-size: 22px; font-weight: 500; line-height: 1em; margin: 0px; outline: 0px; padding: 0px 0px 10px; text-size-adjust: 100%; vertical-align: baseline;&quot;}\"><span data-original-attrs=\"{&quot;style&quot;:&quot;background: transparent; border: 0px; box-sizing: border-box; color: #3366ff; margin: 0px; outline: 0px; padding: 0px; vertical-align: baseline;&quot;}\">Admisi\u00f3n<\/span><\/h3>\n<div data-original-attrs=\"{&quot;style&quot;:&quot;background: rgb(255, 255, 255); border: 0px; box-sizing: border-box; color: #666666; font-family: \\&quot;open sans\\&quot;, arial, sans-serif; font-size: 14px; outline: 0px; padding: 0px 0px 1em; text-size-adjust: 100%; vertical-align: baseline;&quot;}\"><span data-original-attrs=\"{&quot;style&quot;:&quot;background-color: white;&quot;}\">Dispone de dos impresos:<\/span><\/div>\n<ul data-original-attrs=\"{&quot;style&quot;:&quot;background: rgb(255, 255, 255); border: 0px; box-sizing: border-box; line-height: 26px; list-style-image: initial; list-style-position: initial; margin: 0px; outline: 0px; padding: 0px 0px 23px 1em; text-size-adjust: 100%; vertical-align: baseline;&quot;}\">\n<li data-original-attrs=\"{&quot;style&quot;:&quot;background: transparent; border: 0px; box-sizing: border-box; color: #666666; font-family: \\&quot;open sans\\&quot;, arial, sans-serif; font-size: 14px; margin: 0px; outline: 0px; padding: 0px; text-size-adjust: 100%; vertical-align: baseline;&quot;}\"><span data-original-attrs=\"{&quot;style&quot;:&quot;background-color: white;&quot;}\">&nbsp;<a href=\"https:\/\/www.blogger.com\/blog\/page\/edit\/8614874008035343618\/2151882726885547400#\" target=\"_blank\" rel=\"noopener noreferrer\" data-original-attrs=\"{&quot;data-original-href&quot;:&quot;http:\/\/www.juntadeandalucia.es\/educacion\/portals\/delegate\/content\/7e1d7b27-eaa4-42e7-bfa3-ac436db80ed6&quot;}\">Anexo III solicitud de admisi\u00f3n<\/a>&nbsp;durante el plazo oficial, del 1 al 31 de marzo. Para alumnado de nueva incorporaci\u00f3n (3 a\u00f1os)<\/span><\/li>\n<li data-original-attrs=\"{&quot;style&quot;:&quot;background: transparent; border: 0px; box-sizing: border-box; color: #666666; font-family: \\&quot;open sans\\&quot;, arial, sans-serif; font-size: 14px; margin: 0px; outline: 0px; padding: 0px; text-size-adjust: 100%; vertical-align: baseline;&quot;}\"><span data-original-attrs=\"{&quot;style&quot;:&quot;background-color: white;&quot;}\">&nbsp;<a href=\"https:\/\/www.blogger.com\/blog\/page\/edit\/8614874008035343618\/2151882726885547400#\" target=\"_blank\" rel=\"noopener noreferrer\" data-original-attrs=\"{&quot;data-original-href&quot;:&quot;http:\/\/www.juntadeandalucia.es\/educacion\/portals\/delegate\/content\/dcec9582-b20c-494b-bfbd-2886c7b8be94&quot;}\">Anexo IX Solicitud de admisi\u00f3n fuera del plazo oficial<\/a>, por ejemplo, por traslado de domicilio desde otra localidad.<\/span><\/li>\n<li data-original-attrs=\"{&quot;style&quot;:&quot;background: transparent; border: 0px; box-sizing: border-box; margin: 0px; outline: 0px; padding: 0px; text-size-adjust: 100%; vertical-align: baseline;&quot;}\">\n<div data-original-attrs=\"{&quot;style&quot;:&quot;background-attachment: initial; background-clip: initial; background-image: initial; background-origin: initial; background-position: initial; background-repeat: initial; background-size: initial; border: 0px; box-sizing: border-box; color: #666666; font-family: \\&quot;open sans\\&quot;, arial, sans-serif; font-size: 14px; outline: 0px; padding: 0px 0px 1em; text-size-adjust: 100%; vertical-align: baseline;&quot;}\"><span data-original-attrs=\"{&quot;style&quot;:&quot;background-color: white;&quot;}\">Adem\u00e1s deber\u00e1 presentar:<\/span><\/div>\n<ul data-original-attrs=\"{&quot;style&quot;:&quot;background-attachment: initial; background-clip: initial; background-image: initial; background-origin: initial; background-position: initial; background-repeat: initial; background-size: initial; border: 0px; box-sizing: border-box; color: #666666; font-family: \\&quot;open sans\\&quot;, arial, sans-serif; font-size: 14px; line-height: 26px; list-style: disc; margin: 0px; outline: 0px; padding: 0px 0px 23px 1em; text-size-adjust: 100%; vertical-align: baseline;&quot;}\">\n<li data-original-attrs=\"{&quot;style&quot;:&quot;background: transparent; border: 0px; box-sizing: border-box; margin: 0px; outline: 0px; padding: 0px; text-size-adjust: 100%; vertical-align: baseline;&quot;}\"><span data-original-attrs=\"{&quot;style&quot;:&quot;background-color: white;&quot;}\">Fotocopia del DNI\/NIE\/pasaporte de los padres\/tutores.<\/span><\/li>\n<li data-original-attrs=\"{&quot;style&quot;:&quot;background: transparent; border: 0px; box-sizing: border-box; margin: 0px; outline: 0px; padding: 0px; text-size-adjust: 100%; vertical-align: baseline;&quot;}\"><span data-original-attrs=\"{&quot;style&quot;:&quot;background-color: white;&quot;}\">Fotocopia del libro de familia (s\u00f3lo la parte correspondiente a los datos del alumno\/a).<\/span><\/li>\n<li data-original-attrs=\"{&quot;style&quot;:&quot;background: transparent; border: 0px; box-sizing: border-box; margin: 0px; outline: 0px; padding: 0px; text-size-adjust: 100%; vertical-align: baseline;&quot;}\"><span data-original-attrs=\"{&quot;style&quot;:&quot;background-color: white;&quot;}\">Si desea declarar otra circunstancia (alumnado con discapacidad, familia numerosa, monoparental, acogimiento familiar, con necesidades educativas de apoyo educativo) tendr\u00e1 que presentar los documentos que as\u00ed lo acrediten.<\/span><\/li>\n<li data-original-attrs=\"{&quot;style&quot;:&quot;background: transparent; border: 0px; box-sizing: border-box; margin: 0px; outline: 0px; padding: 0px; text-size-adjust: 100%; vertical-align: baseline;&quot;}\"><span data-original-attrs=\"{&quot;style&quot;:&quot;background-color: white;&quot;}\">2 fotograf\u00edas tama\u00f1o carnet.<\/span><br \/>\n<h3 data-original-attrs=\"{&quot;style&quot;:&quot;background-attachment: initial; background-clip: initial; background-image: initial; background-origin: initial; background-position: initial; background-repeat: initial; background-size: initial; border: 0px; box-sizing: border-box; color: #333333; font-size: 22px; font-weight: 500; line-height: 1em; margin: 0px; outline: 0px; padding: 0px 0px 10px; text-size-adjust: 100%; vertical-align: baseline;&quot;}\"><span data-original-attrs=\"{&quot;style&quot;:&quot;background: transparent; border: 0px; box-sizing: border-box; color: #3366ff; margin: 0px; outline: 0px; padding: 0px; vertical-align: baseline;&quot;}\">Matr\u00edcula<\/span><\/h3>\n<div data-original-attrs=\"{&quot;style&quot;:&quot;background-attachment: initial; background-clip: initial; background-image: initial; background-origin: initial; background-position: initial; background-repeat: initial; background-size: initial; border: 0px; box-sizing: border-box; outline: 0px; padding: 0px 0px 1em; text-size-adjust: 100%; vertical-align: baseline;&quot;}\"><span data-original-attrs=\"{&quot;style&quot;:&quot;background-color: white;&quot;}\">Una vez admitido, debe formalizar la matr\u00edcula utilizando uno de estos anexos:<\/span><\/div>\n<ul data-original-attrs=\"{&quot;style&quot;:&quot;background-attachment: initial; background-clip: initial; background-image: initial; background-origin: initial; background-position: initial; background-repeat: initial; background-size: initial; border: 0px; box-sizing: border-box; line-height: 26px; list-style: disc; margin: 0px; outline: 0px; padding: 0px 0px 23px 1em; text-size-adjust: 100%; vertical-align: baseline;&quot;}\">\n<li data-original-attrs=\"{&quot;style&quot;:&quot;background: transparent; border: 0px; box-sizing: border-box; margin: 0px; outline: 0px; padding: 0px; text-size-adjust: 100%; vertical-align: baseline;&quot;}\"><span data-original-attrs=\"{&quot;style&quot;:&quot;background-color: white;&quot;}\"><a href=\"https:\/\/www.blogger.com\/blog\/page\/edit\/8614874008035343618\/2151882726885547400#\" target=\"_blank\" rel=\"noopener noreferrer\" data-original-attrs=\"{&quot;data-original-href&quot;:&quot;http:\/\/www.juntadeandalucia.es\/educacion\/portals\/delegate\/content\/d26442b2-4b4a-433a-9c1e-e1790a29f781&quot;}\">Anexo IV para educaci\u00f3n&nbsp;infantil<\/a>.<\/span><\/li>\n<li data-original-attrs=\"{&quot;style&quot;:&quot;background: transparent; border: 0px; box-sizing: border-box; margin: 0px; outline: 0px; padding: 0px; text-size-adjust: 100%; vertical-align: baseline;&quot;}\"><span data-original-attrs=\"{&quot;style&quot;:&quot;background-color: white;&quot;}\"><a href=\"https:\/\/www.blogger.com\/blog\/page\/edit\/8614874008035343618\/2151882726885547400#\" target=\"_blank\" rel=\"noopener noreferrer\" data-original-attrs=\"{&quot;data-original-href&quot;:&quot;http:\/\/www.juntadeandalucia.es\/educacion\/portals\/delegate\/content\/55fad88e-7bb3-40e3-bbe4-198107487345&quot;}\">Anexo V para educaci\u00f3n&nbsp;primaria<\/a>.<\/span><\/li>\n<li data-original-attrs=\"{&quot;style&quot;:&quot;background: transparent; border: 0px; box-sizing: border-box; margin: 0px; outline: 0px; padding: 0px; text-size-adjust: 100%; vertical-align: baseline;&quot;}\"><span data-original-attrs=\"{&quot;style&quot;:&quot;background-color: white;&quot;}\">Junto con la matr\u00edcula tambi\u00e9n puede solicitar lo siguiente:<\/span>\n<ul data-original-attrs=\"{&quot;style&quot;:&quot;background-attachment: initial; background-clip: initial; background-image: initial; background-origin: initial; background-position: initial; background-repeat: initial; background-size: initial; border: 0px; box-sizing: border-box; line-height: 26px; list-style: disc; margin: 0px; outline: 0px; padding: 0px 0px 23px 1em; text-size-adjust: 100%; vertical-align: baseline;&quot;}\">\n<li data-original-attrs=\"{&quot;style&quot;:&quot;background: transparent; border: 0px; box-sizing: border-box; margin: 0px; outline: 0px; padding: 0px; text-size-adjust: 100%; vertical-align: baseline;&quot;}\"><a href=\"https:\/\/www.blogger.com\/blog\/page\/edit\/8614874008035343618\/2151882726885547400#\" target=\"_blank\" rel=\"noopener noreferrer\" data-original-attrs=\"{&quot;data-original-href&quot;:&quot;http:\/\/www.juntadeandalucia.es\/educacion\/portals\/delegate\/content\/12c1f402-4ea8-4a01-a921-5baa061cc442&quot;}\">Elecci\u00f3n de ense\u00f1anzas de religi\u00f3n o valores c\u00edvicos sociales<\/a><\/li>\n<\/ul>\n<\/li>\n<\/ul>\n<\/li>\n<\/ul>\n<\/li>\n<li>\n<h3 data-original-attrs=\"{&quot;style&quot;:&quot;background-attachment: initial; background-clip: initial; background-image: initial; background-origin: initial; background-position: initial; background-repeat: initial; background-size: initial; border: 0px; box-sizing: border-box; color: #333333; font-family: \\&quot;open sans\\&quot;, arial, sans-serif; font-size: 22px; font-weight: 500; line-height: 1em; margin: 0px; outline: 0px; padding: 0px 0px 10px; text-size-adjust: 100%; vertical-align: baseline;&quot;}\"><span data-original-attrs=\"{&quot;style&quot;:&quot;background: transparent; border: 0px; box-sizing: border-box; color: #3366ff; margin: 0px; outline: 0px; padding: 0px; vertical-align: baseline;&quot;}\">Transporte escolar<\/span><\/h3>\n<div data-original-attrs=\"{&quot;style&quot;:&quot;background-attachment: initial; background-clip: initial; background-image: initial; background-origin: initial; background-position: initial; background-repeat: initial; background-size: initial; border: 0px; box-sizing: border-box; font-family: \\&quot;open sans\\&quot;, arial, sans-serif; outline: 0px; padding: 0px 0px 1em; text-size-adjust: 100%; vertical-align: baseline;&quot;}\">En caso de que su hijo\/a requiera de transporte individualizado, puede solicitar una ayuda cumplimentando este&nbsp;<a href=\"https:\/\/www.blogger.com\/blog\/page\/edit\/8614874008035343618\/2151882726885547400#\" target=\"_blank\" rel=\"noopener noreferrer\" data-original-attrs=\"{&quot;data-original-href&quot;:&quot;http:\/\/ceipsp.es\/wp-content\/uploads\/144663-Modelo-de-solicitud-para-ayudas-individualizadas-transporte-escolar-curso-2017-18.pdf&quot;}\">impreso<\/a>.<\/div>\n<\/li>\n<\/ul>\n<p>&nbsp;<\/p>\n<p>&nbsp;<\/p>\n<h3 data-original-attrs=\"{&quot;style&quot;:&quot;background: rgb(255, 255, 255); border: 0px; box-sizing: border-box; color: #333333; font-family: \\&quot;open sans\\&quot;, arial, sans-serif; font-size: 22px; font-weight: 500; line-height: 1em; margin: 0px; outline: 0px; padding: 0px 0px 10px; text-size-adjust: 100%; vertical-align: baseline;&quot;}\"><span data-original-attrs=\"{&quot;style&quot;:&quot;background: transparent; border: 0px; box-sizing: border-box; color: #3366ff; margin: 0px; outline: 0px; padding: 0px; vertical-align: baseline;&quot;}\">Servicio de comedor y aula matinal<\/span><\/h3>\n<ul data-original-attrs=\"{&quot;style&quot;:&quot;background: rgb(255, 255, 255); border: 0px; box-sizing: border-box; color: #666666; font-family: \\&quot;open sans\\&quot;, arial, sans-serif; font-size: 14px; line-height: 26px; list-style-image: initial; list-style-position: initial; margin: 0px; outline: 0px; padding: 0px 0px 23px 1em; text-size-adjust: 100%; vertical-align: baseline;&quot;}\">\n<li data-original-attrs=\"{&quot;style&quot;:&quot;background: transparent; border: 0px; box-sizing: border-box; margin: 0px; outline: 0px; padding: 0px; text-size-adjust: 100%; vertical-align: baseline;&quot;}\"><span data-original-attrs=\"{&quot;style&quot;:&quot;background-color: white;&quot;}\"><a href=\"https:\/\/www.blogger.com\/blog\/page\/edit\/8614874008035343618\/2151882726885547400#\" target=\"_blank\" rel=\"noopener noreferrer\" data-original-attrs=\"{&quot;data-original-href&quot;:&quot;http:\/\/www.juntadeandalucia.es\/educacion\/portals\/delegate\/content\/f35ef9ac-4abe-4386-9912-f0514c98320e&quot;}\">Inscripci\u00f3n aula matinal y\/o actividades extraescolares<\/a>.<\/span><\/li>\n<li data-original-attrs=\"{&quot;style&quot;:&quot;background: transparent; border: 0px; box-sizing: border-box; margin: 0px; outline: 0px; padding: 0px; text-size-adjust: 100%; vertical-align: baseline;&quot;}\"><span data-original-attrs=\"{&quot;style&quot;:&quot;background-color: white;&quot;}\"><a href=\"https:\/\/www.blogger.com\/blog\/page\/edit\/8614874008035343618\/2151882726885547400#\" target=\"_blank\" rel=\"noopener noreferrer\" data-original-attrs=\"{&quot;data-original-href&quot;:&quot;http:\/\/www.juntadeandalucia.es\/averroes\/centros-tic\/41008830\/helvia\/sitio\/upload\/Anexo_V._Solicitud_de_Bonificacion_Rellenable1.pdf&quot;}\">Anexo V de bonificaci\u00f3n de actividades extraescolares y\/o aula matinal<\/a>.<\/span><\/li>\n<\/ul>\n<p>&nbsp;<\/p>\n","protected":false},"excerpt":{"rendered":"<p>Secretar\u00eda del CEIP Azahar Para realizar cualquier tipo de tr\u00e1mite administrativo (matriculaci\u00f3n, traslados, certificados, etc) en el centro, debe acudir a la secretar\u00eda. &nbsp; Horario de secretar\u00eda El horario es de lunes a viernes,&#46;&#46;&#46;<\/p>\n","protected":false},"author":1,"featured_media":0,"parent":0,"menu_order":0,"comment_status":"open","ping_status":"open","template":"","meta":{"ngg_post_thumbnail":0,"footnotes":"","_mc_calendar":[]},"aioseo_notices":[],"_links":{"self":[{"href":"https:\/\/blogsaverroes.juntadeandalucia.es\/ceipazahar\/wp-json\/wp\/v2\/pages\/77"}],"collection":[{"href":"https:\/\/blogsaverroes.juntadeandalucia.es\/ceipazahar\/wp-json\/wp\/v2\/pages"}],"about":[{"href":"https:\/\/blogsaverroes.juntadeandalucia.es\/ceipazahar\/wp-json\/wp\/v2\/types\/page"}],"author":[{"embeddable":true,"href":"https:\/\/blogsaverroes.juntadeandalucia.es\/ceipazahar\/wp-json\/wp\/v2\/users\/1"}],"replies":[{"embeddable":true,"href":"https:\/\/blogsaverroes.juntadeandalucia.es\/ceipazahar\/wp-json\/wp\/v2\/comments?post=77"}],"version-history":[{"count":6,"href":"https:\/\/blogsaverroes.juntadeandalucia.es\/ceipazahar\/wp-json\/wp\/v2\/pages\/77\/revisions"}],"predecessor-version":[{"id":2823,"href":"https:\/\/blogsaverroes.juntadeandalucia.es\/ceipazahar\/wp-json\/wp\/v2\/pages\/77\/revisions\/2823"}],"wp:attachment":[{"href":"https:\/\/blogsaverroes.juntadeandalucia.es\/ceipazahar\/wp-json\/wp\/v2\/media?parent=77"}],"curies":[{"name":"wp","href":"https:\/\/api.w.org\/{rel}","templated":true}]}}