{"id":141,"date":"2015-03-17T07:13:24","date_gmt":"2015-03-17T07:13:24","guid":{"rendered":"http:\/\/blogsaverroes.juntadeandalucia.es\/pre\/ceip\/?page_id=141"},"modified":"2026-03-02T19:25:58","modified_gmt":"2026-03-02T18:25:58","slug":"escolarizacion","status":"publish","type":"page","link":"https:\/\/blogsaverroes.juntadeandalucia.es\/ceipazahara\/escolarizacion\/","title":{"rendered":"Escolarizaci\u00f3n &#8211; Matriculaci\u00f3n 2026 2027"},"content":{"rendered":"<p>&nbsp;<\/p>\n<header class=\"entry-header\">\n<h4 class=\"entry-title\"><strong><span style=\"color: #000080\">ESCOLARIZACI\u00d3N-MATRICULACI\u00d3N<\/span><\/strong><\/h4>\n<\/header>\n<div class=\"entry-content\">\n<p>En esta secci\u00f3n encontrar\u00e1s informaci\u00f3n \u00fatil&nbsp;para conocer el proceso de escolarizaci\u00f3n y matriculaci\u00f3n: plazos, documentos, normativa, enlaces, etc.<\/p>\n<p>Os dejamos enlace directo al Portal de Escolarizaci\u00f3n de la Junta de Andaluc\u00eda<\/p>\n<h5 style=\"text-align: center\"><a href=\"https:\/\/www.juntadeandalucia.es\/educacion\/portales\/web\/escolarizacion\/infantil-a-bachillerato\"><span style=\"color: #000080\">PORTAL DE ESCOLARIZACI\u00d3N&nbsp;<\/span><\/a><\/h5>\n<p>&nbsp;<\/p>\n<h5 style=\"text-align: center\"><span style=\"color: #ff0000\"><strong>DOCUMENTACI\u00d3N&nbsp;PARA ESCOLARIZACI\u00d3N Y MATRICULACI\u00d3N EN NUESTRO CENTRO<\/strong><\/span><\/h5>\n<\/div>\n<div class=\"entry-content\">\n<hr>\n<h3><span style=\"color: #0000ff\"><strong>PROCESO ESCOLARIZACI\u00d3N PARA EL CURSO 2026\/2027: <\/strong><\/span><\/h3>\n<table style=\"border-collapse: collapse;width: 100%\">\n<tbody>\n<tr>\n<td style=\"width: 100%\">\n<div class=\"entry-content\">\n<h3><span style=\"color: #0000ff\"><strong>Plazo: Del 1 de Marzo al31 de Marzo de 2026<\/strong><\/span><\/h3>\n<p><strong><span style=\"color: #3366ff\">INFORMACI\u00d3N A TENER EN CUENTA<\/span><\/strong><\/p>\n<ul>\n<li><a href=\"https:\/\/drive.google.com\/file\/d\/1hPI24ic5zUDjLYIwhS2pet2Bx0XL2cOg\/view?usp=sharing\">Nota Informativa 26-27<\/a><\/li>\n<li><a href=\"https:\/\/drive.google.com\/file\/d\/1H70ofHaiSIWg5yKiCbYWxn4Q-anRBOF6\/view?usp=sharing\">Cuadro informativo criterios baremaci\u00f3n 26-27<\/a><\/li>\n<li><a href=\"https:\/\/drive.google.com\/file\/d\/1hPI24ic5zUDjLYIwhS2pet2Bx0XL2cOg\/view?usp=sharing\">Nota informativa sobre ampliaciones de ratio 26-27<\/a><\/li>\n<\/ul>\n<p><span style=\"color: #3366ff\"><strong>MAPA DE INFLUENCIA Y CALLEJERO<\/strong><\/span><\/p>\n<ul>\n<li><a href=\"https:\/\/drive.google.com\/file\/d\/1cKYh18XZEbd1f4RV2OcXviw0xlhCuoyd\/view?usp=sharing\">mapa influencia 26-27<\/a><\/li>\n<li><a href=\"https:\/\/drive.google.com\/file\/d\/1nigortuWLMmecx01yzhaadpaqJk_fahy\/view?usp=drive_link\">callejero 26-27<\/a><\/li>\n<li><a href=\"https:\/\/drive.google.com\/file\/d\/1EyLPR_mBK1EZMwO3xrfnQQDf73ZBnCsZ\/view?usp=drive_link\">Aclaraciones a la relaciones de calles 26-27<\/a><\/li>\n<\/ul>\n<\/div>\n<h5>ACCEDA AL ENLACE DE LA SECRETAR\u00cdA VIRUTAL Y PRESENTE EL TR\u00c1MITE DE MANERA TELEM\u00c1TICA.&nbsp;<\/h5>\n<p>Si tiene alguna duda en el centro le ayudamos con el tr\u00e1mite.<\/p>\n<div class=\"entry-content\">\n<h3 style=\"text-align: center\"><a href=\"https:\/\/www.juntadeandalucia.es\/educacion\/secretariavirtual\/accesoTramite\/543\/\"><span style=\"color: #993366\">ENLACE SECRETAR\u00cdA VIRTUAL<\/span><\/a><\/h3>\n<h5>O SI LO PREFIERE PUEDE RELLENARLO, IMPRIMIRLO Y PRESENTARLO DE FORMA PRESENCIAL EN EL CENTRO.&nbsp;<\/h5>\n<p>Si desea hacerlo de este modo, imprima <strong>EL ANEXO III<\/strong>, rell\u00e9nelo y pres\u00e9ntelo de manera presencial en el Centro.&nbsp;<\/p>\n<ul>\n<li>\n<h4 style=\"text-align: center\"><a href=\"https:\/\/www.juntadeandalucia.es\/educacion\/portals\/delegate\/content\/7e1d7b27-eaa4-42e7-bfa3-ac436db80ed6\/ANEXO%20III\">ANEXO III ESCOLARIZACIO\u0301N<\/a><\/h4>\n<\/li>\n<\/ul>\n<\/div>\n<\/td>\n<\/tr>\n<\/tbody>\n<\/table>\n<h5>&nbsp;<\/h5>\n<h5>&nbsp;<\/h5>\n<h5>&nbsp;<\/h5>\n<h5><span style=\"color: #0000ff\"><strong>PROCESO DE MATRICULACI\u00d3N PARA EL CURSO 2025\/2026:<\/strong><\/span><\/h5>\n<h5><span style=\"color: #0000ff\"><strong>PLAZO: Del 1 al 9 De Junio de 2025.&nbsp;<span style=\"text-decoration: underline;color: #339966\"> Se realizar\u00e1 preferiblemente por v\u00eda telem\u00e1tica.&nbsp;<\/span><\/strong><\/span><\/h5>\n<p style=\"text-align: left\">Nuestro Centro tiene a su disposici\u00f3n el <strong>SOBRE DE MATR\u00cdCULA ELECTR\u00d3NICO<\/strong>, que permite a las familias cumplimentar y formalizar telem\u00e1ticamente la matr\u00edcula de sus hijos\/as, sin necesidad de tener que acudir al centro. A partir del d\u00eda 1 de junio se podr\u00e1 acceder a la Secretar\u00eda Virtual con el usuario Iande y realizar todo el proceso de matriculaci\u00f3n de su hijo\/a.&nbsp; La clave Iande de su hijo\/a se encuentra en un mensaje anclado en Ipasen&nbsp;<\/p>\n<h5 style=\"text-align: center\"><a href=\"https:\/\/www.juntadeandalucia.es\/educacion\/secretariavirtual\/accesoTramite\/365\/\"><span style=\"color: #000080\">ENLACE A LA SECRETAR\u00cdA VIRTUAL<\/span><\/a><\/h5>\n<p>Al finalizar la entrada os facilitamos varios tutoriales que os servir\u00e1n de ayuda para realizar esta tarea.&nbsp;<\/p>\n<table style=\"border-collapse: collapse;width: 100%\">\n<tbody>\n<tr>\n<td style=\"width: 100%;text-align: center\">\n<h5 style=\"text-align: center\"><span style=\"color: #ff0000\"><strong>MATRICULACI\u00d3N EN PAPEL<\/strong><\/span><\/h5>\n<h5><span style=\"color: #ff0000\"><strong><span style=\"color: #000000\">(para descargar y entregar en el Centro)<\/span><\/strong><\/span><\/h5>\n<\/td>\n<\/tr>\n<tr>\n<td style=\"width: 100%\"><span style=\"color: #3366ff\"><strong>IMPRESOS DE MATR\u00cdCULA (solo imprimir el necesario)<\/strong><\/span><\/p>\n<ul>\n<li><a href=\"https:\/\/portales.ced.junta-andalucia.es\/educacion\/portales\/documents\/100629\/669349\/4_Anexo%20IV_002536_4.pdf\/2857e311-abaf-10f1-c03a-b980ff594de5?version=1.0\"><span style=\"color: #000080\">ANEXO IV.SEGUNDO CICLO INFANTIL<\/span><\/a><\/li>\n<li><span style=\"color: #000080\"><a style=\"color: #000080\" href=\"https:\/\/www.juntadeandalucia.es\/educacion\/portales\/documents\/100629\/669349\/5_Anexo%20V_002537_4.pdf\/acd7344a-e127-4e2c-5be7-b1f12b0a07c2?version=1.1\">ANEXO V.EDUCACIO\u0301N PRIMARIA<\/a><\/span><\/li>\n<li><span style=\"color: #000080\"><a style=\"color: #000080\" href=\"https:\/\/www.juntadeandalucia.es\/educacion\/portales\/documents\/100629\/669349\/6_Anexo%20VI_002538_4.pdf\/f1ed4477-b8d8-c190-5578-7125d1ab2074?version=1.0\">ANEXO VI.AULA ESPECI\u0301FICA E.ESPECIAL.<\/a><\/span><\/li>\n<li><a href=\"https:\/\/drive.google.com\/file\/d\/1I0gKmt76nty4H5cznGUD1gyY61vZF07X\/view?usp=sharing\"><span style=\"color: #000080\">ANEXO ENSE\u00d1ANZAS RELIGI\u00d3N<\/span><\/a><\/li>\n<\/ul>\n<\/td>\n<\/tr>\n<tr>\n<td style=\"width: 100%\">OTROS IMPRESOS<\/p>\n<ul>\n<li><a href=\"https:\/\/drive.google.com\/file\/d\/16f6M3t4BgmZYZ6wizKvJyqAIAHtP-z9-\/view?usp=sharing\">Cuestionario Fondo Social Europeo<\/a><\/li>\n<li><a href=\"https:\/\/drive.google.com\/file\/d\/19hqLaikFzSexvJXvqT_hKmJ92V0FgJaj\/view?usp=sharing\">Autorizaci\u00f3n im\u00e1genes<\/a><\/li>\n<\/ul>\n<\/td>\n<\/tr>\n<tr>\n<td style=\"width: 100%\"><span style=\"color: #3366ff\"><strong>SOLO PARA EL ALUMNADO DE NUEVO INGRESO:<\/strong><\/span><\/p>\n<ul>\n<li><a href=\"https:\/\/drive.google.com\/file\/d\/1JOMMGVGkb1vbto7TgpB856KEZ424apfK\/view?usp=sharing\"><span style=\"color: #000080\">FICHA ALUMNADO<\/span><\/a><\/li>\n<li><a href=\"https:\/\/drive.google.com\/file\/d\/1pIvLZs9WuSC4BMZw7jiPR_h2RX-EBR9L\/view?usp=sharing\"><span style=\"color: #000080\">AUTORIZACI\u00d3N CORREO G.EDUCAAND<\/span><\/a><\/li>\n<li><a href=\"https:\/\/drive.google.com\/file\/d\/14B9f_zpJAyiPAJT4oA7f6uC621b-bUl-\/view?usp=sharing\">CUESTIONARIO DE CONTEXTO<\/a> (solo &nbsp;para el curso infantil de 3 a\u00f1os)<\/li>\n<\/ul>\n<\/td>\n<\/tr>\n<tr>\n<td style=\"width: 100%\">\n<p style=\"text-align: center\"><span style=\"color: #000000\"><strong>PARA SOLICITAR ALGUNO DE&nbsp; LOS SERVICIOS DEL CENTRO (AULA MATINAL, COMEDOR, ACTIV. EXTRAESCOLARES)<\/strong><\/span><\/p>\n<\/td>\n<\/tr>\n<tr>\n<td style=\"width: 100%\"><span style=\"color: #3366ff\"><strong>SOLICITUD PLAN DE APERTURA: AULA MATINAL, COMEDOR, ACTIVIDADES EXTRAESCOLARES<\/strong><\/span><\/p>\n<ul>\n<li><a href=\"https:\/\/drive.google.com\/file\/d\/1OnJ1K-61rJOnWAfbdMNc1eGA_t32Y6ht\/view?usp=sharing\"><span style=\"color: #000080\">ANEXO II. SOLICITUD AULA MATINAL, COMEDOR Y ACTIVIDADES EXTRAESCOLARES<\/span><\/a><\/li>\n<li><a href=\"https:\/\/drive.google.com\/file\/d\/1zY9wS353zLBShsorzEHZ5xz9hNjq0bpP\/view?usp=sharing\"><span style=\"color: #000080\"><span style=\"color: #000080\">ANEXO V. SOLICITUD BONIFICACIO\u0301N PLAN APERTURA<\/span> (Del 1 al 7 septiembre)<\/span><\/a><\/li>\n<\/ul>\n<p>&nbsp;<\/p>\n<p><span style=\"color: #339966\"><strong>Junto con la solicitud los tutores legales deber\u00e1 presentar:<\/strong><\/span><\/p>\n<ul>\n<li><span style=\"text-decoration: underline\">Si se trabaja por cuenta ajena:<\/span> certificado de la empresa donde se especifique el horario e informe de vida laboral.&nbsp;<\/li>\n<li><span style=\"text-decoration: underline\">Si se trabaja por cuenta propia:<\/span> Declaraci\u00f3n jurada con su horario y documentaci\u00f3n que acredite estar de alta.&nbsp;<\/li>\n<\/ul>\n<p>&nbsp;<\/p>\n<ul>\n<li><span style=\"font-family: inherit;font-size: inherit\"><span style=\"text-decoration: underline\">En caso de separaci\u00f3n<\/span> (sentencia resaltando el p\u00e1rrafo donde se acredite que tiene la guardia y custodia&nbsp; del alumno\/a), <span style=\"text-decoration: underline\">familia monoparental o viudedad<\/span>, adem\u00e1s del certificado de empresa e informe de vida laboral, la documentaci\u00f3n que acredite dicha situaci\u00f3n.<\/span><span style=\"font-family: inherit;font-size: inherit\">&nbsp;<\/span><\/li>\n<li><span style=\"font-family: inherit;font-size: inherit\">Si se encuentra en situaci\u00f3n de e<\/span><span style=\"font-family: inherit;font-size: inherit\">xclusi\u00f3n social o en el programa del <\/span><span style=\"text-decoration: underline\">Plan SYGA<\/span><span style=\"font-family: inherit;font-size: inherit\">. Certificado de Asuntos Sociales del Ayuntamiento.&nbsp;<\/span><\/li>\n<\/ul>\n<p><a href=\"https:\/\/blogsaverroes.juntadeandalucia.es\/ceipazahara\/files\/2025\/05\/ctiv-exta.jpg\"><img loading=\"lazy\" decoding=\"async\" class=\"wp-image-4056 alignleft\" src=\"https:\/\/blogsaverroes.juntadeandalucia.es\/ceipazahara\/files\/2025\/05\/ctiv-exta.jpg\" alt=\"\" width=\"324\" height=\"243\" srcset=\"https:\/\/blogsaverroes.juntadeandalucia.es\/ceipazahara\/files\/2025\/05\/ctiv-exta.jpg 960w, https:\/\/blogsaverroes.juntadeandalucia.es\/ceipazahara\/files\/2025\/05\/ctiv-exta-300x225.jpg 300w, https:\/\/blogsaverroes.juntadeandalucia.es\/ceipazahara\/files\/2025\/05\/ctiv-exta-768x576.jpg 768w\" sizes=\"(max-width: 324px) 100vw, 324px\" \/><\/a><\/p>\n<p>&nbsp;<\/p>\n<p>&nbsp;<\/p>\n<p>&nbsp;<\/p>\n<p>&nbsp;<\/p>\n<p style=\"text-align: left\">&nbsp;<\/p>\n<\/td>\n<\/tr>\n<tr>\n<td style=\"width: 100%\"><span style=\"color: #3366ff\"><strong>SOLICITUD DE TRANSPORTE ESCOLAR:<\/strong><\/span><\/p>\n<ul>\n<li><a href=\"https:\/\/drive.google.com\/file\/d\/1UfPSOhDlEShzvFUPuq7yfRNb0loi5IIA\/view?usp=sharing\"><span style=\"color: #000080\">SOLICITUD TRANSPORTE ESCOLAR<\/span><\/a><\/li>\n<\/ul>\n<\/td>\n<\/tr>\n<\/tbody>\n<\/table>\n<p>&nbsp;<\/p>\n<\/div>\n<h4 style=\"text-align: center\"><span style=\"color: #339966\">TUTORIALES:&nbsp;<\/span><\/h4>\n<div class=\"entry-content\">\n<p><span style=\"color: #000080\"><a style=\"color: #000080\" href=\"https:\/\/youtu.be\/p8bqMdBsLd4?si=jwE8XZ2Pgk5JjBGd\">TUTORIAL DE C\u00d3MO ACCEDR A LA SECRETAR\u00cdA VIRUTAL CON CLAVE IANDE (IDENTIFICADOR ANDALUZ EDUCATIVO)<\/a><\/span><\/p>\n<p><span style=\"color: #000080\"><a style=\"color: #000080\" href=\"https:\/\/youtu.be\/VCcL3E5x7lk?si=viREDwoPDBdYOGE5\">TUTORIAL PARA LA MATRICULACI\u00d3N ONLINE<\/a><\/span><\/p>\n<p>DOCUMENTO CON UN TUTORIAL&nbsp; MATRICULA TELEM\u00c1TICA CURSO 2025\/26<\/p>\n<\/div>\n","protected":false},"excerpt":{"rendered":"<p>&nbsp; ESCOLARIZACI\u00d3N-MATRICULACI\u00d3N En esta secci\u00f3n encontrar\u00e1s informaci\u00f3n \u00fatil&nbsp;para conocer el proceso de escolarizaci\u00f3n y matriculaci\u00f3n: plazos, documentos, normativa, enlaces, etc. Os dejamos enlace directo al Portal de Escolarizaci\u00f3n de la Junta de Andaluc\u00eda PORTAL&#46;&#46;&#46;<\/p>\n","protected":false},"author":1,"featured_media":4058,"parent":0,"menu_order":0,"comment_status":"open","ping_status":"open","template":"page-templates\/child-menu.php","meta":{"ngg_post_thumbnail":0,"footnotes":"","_mc_calendar":[]},"aioseo_notices":[],"_links":{"self":[{"href":"https:\/\/blogsaverroes.juntadeandalucia.es\/ceipazahara\/wp-json\/wp\/v2\/pages\/141"}],"collection":[{"href":"https:\/\/blogsaverroes.juntadeandalucia.es\/ceipazahara\/wp-json\/wp\/v2\/pages"}],"about":[{"href":"https:\/\/blogsaverroes.juntadeandalucia.es\/ceipazahara\/wp-json\/wp\/v2\/types\/page"}],"author":[{"embeddable":true,"href":"https:\/\/blogsaverroes.juntadeandalucia.es\/ceipazahara\/wp-json\/wp\/v2\/users\/1"}],"replies":[{"embeddable":true,"href":"https:\/\/blogsaverroes.juntadeandalucia.es\/ceipazahara\/wp-json\/wp\/v2\/comments?post=141"}],"version-history":[{"count":46,"href":"https:\/\/blogsaverroes.juntadeandalucia.es\/ceipazahara\/wp-json\/wp\/v2\/pages\/141\/revisions"}],"predecessor-version":[{"id":4395,"href":"https:\/\/blogsaverroes.juntadeandalucia.es\/ceipazahara\/wp-json\/wp\/v2\/pages\/141\/revisions\/4395"}],"wp:featuredmedia":[{"embeddable":true,"href":"https:\/\/blogsaverroes.juntadeandalucia.es\/ceipazahara\/wp-json\/wp\/v2\/media\/4058"}],"wp:attachment":[{"href":"https:\/\/blogsaverroes.juntadeandalucia.es\/ceipazahara\/wp-json\/wp\/v2\/media?parent=141"}],"curies":[{"name":"wp","href":"https:\/\/api.w.org\/{rel}","templated":true}]}}