{"id":200,"date":"2015-03-17T10:04:24","date_gmt":"2015-03-17T10:04:24","guid":{"rendered":"http:\/\/blogsaverroes.juntadeandalucia.es\/pre\/ceip\/?page_id=200"},"modified":"2025-01-20T06:09:33","modified_gmt":"2025-01-20T06:09:33","slug":"quienes-formamos-el-ampa","status":"publish","type":"page","link":"https:\/\/blogsaverroes.juntadeandalucia.es\/ceipazahara\/quienes-formamos-el-ampa\/","title":{"rendered":"\u00bfQuienes formamos el AMPA?"},"content":{"rendered":"<p>La Asociaci\u00f3n de Madres y Padres del AMPA VILLA AZAHARA, constituida el 27 de septiembre de 2024 , est\u00e1 gestionada por la siguiente&nbsp; <strong>Junta Directiva:&nbsp;<\/strong><\/p>\n<table style=\"border-collapse: collapse;width: 63.2889%\">\n<tbody>\n<tr>\n<td style=\"width: 23.0667%\">Presidencia<\/td>\n<td style=\"width: 40.2222%\">&nbsp;Miguel \u00c1ngel Moya Repullo<\/td>\n<\/tr>\n<tr>\n<td style=\"width: 23.0667%\">Secretar\u00eda<\/td>\n<td style=\"width: 40.2222%\">Sara Valenzuela Mesa<\/td>\n<\/tr>\n<tr>\n<td style=\"width: 23.0667%\">Tesorer\u00eda<\/td>\n<td style=\"width: 40.2222%\">Inmaculada Lara S\u00e1nchez<\/td>\n<\/tr>\n<tr>\n<td style=\"width: 23.0667%\">Vocal<\/td>\n<td style=\"width: 40.2222%\">J. Enrique Crespo Mancebo<\/td>\n<\/tr>\n<tr>\n<td style=\"width: 23.0667%\">Vocal<\/td>\n<td style=\"width: 40.2222%\">Valle Conde Villa<\/td>\n<\/tr>\n<tr>\n<td style=\"width: 23.0667%\">Vocal<\/td>\n<td style=\"width: 40.2222%\">Nazaret Ruiz Ramas<\/td>\n<\/tr>\n<tr>\n<td style=\"width: 23.0667%\">Vocal&nbsp;<\/td>\n<td style=\"width: 40.2222%\">Jes\u00fas Fernando Luna Vega<\/td>\n<\/tr>\n<tr>\n<td style=\"width: 23.0667%\">Vocal&nbsp;<\/td>\n<td style=\"width: 40.2222%\">Anabel Ramos Leiva<\/td>\n<\/tr>\n<tr>\n<td style=\"width: 23.0667%\">Vocal<\/td>\n<td style=\"width: 40.2222%\">M\u00aa Jos\u00e9 Ca\u00f1izares Cobacho<\/td>\n<\/tr>\n<\/tbody>\n<\/table>\n<p>Puedes ponerte en contacto con nosotros\/as en el email: <strong>ampavillazahara@gmail.com<\/strong><\/p>\n<p>Tambi\u00e9n nos puedes seguir en Facebook <a href=\"https:\/\/www.facebook.com\/profile.php?id=100057400242132&amp;ref=page_internal\">Ampa- Villa Azahara<\/a><\/p>\n<p>&nbsp;<\/p>\n","protected":false},"excerpt":{"rendered":"<p>La Asociaci\u00f3n de Madres y Padres del AMPA VILLA AZAHARA, constituida el 27 de septiembre de 2024 , est\u00e1 gestionada por la siguiente&nbsp; Junta Directiva:&nbsp; Presidencia &nbsp;Miguel \u00c1ngel Moya Repullo Secretar\u00eda Sara Valenzuela Mesa&#46;&#46;&#46;<\/p>\n","protected":false},"author":1,"featured_media":0,"parent":0,"menu_order":0,"comment_status":"open","ping_status":"open","template":"page-templates\/child-menu.php","meta":{"ngg_post_thumbnail":0,"footnotes":"","_mc_calendar":[]},"aioseo_notices":[],"_links":{"self":[{"href":"https:\/\/blogsaverroes.juntadeandalucia.es\/ceipazahara\/wp-json\/wp\/v2\/pages\/200"}],"collection":[{"href":"https:\/\/blogsaverroes.juntadeandalucia.es\/ceipazahara\/wp-json\/wp\/v2\/pages"}],"about":[{"href":"https:\/\/blogsaverroes.juntadeandalucia.es\/ceipazahara\/wp-json\/wp\/v2\/types\/page"}],"author":[{"embeddable":true,"href":"https:\/\/blogsaverroes.juntadeandalucia.es\/ceipazahara\/wp-json\/wp\/v2\/users\/1"}],"replies":[{"embeddable":true,"href":"https:\/\/blogsaverroes.juntadeandalucia.es\/ceipazahara\/wp-json\/wp\/v2\/comments?post=200"}],"version-history":[{"count":7,"href":"https:\/\/blogsaverroes.juntadeandalucia.es\/ceipazahara\/wp-json\/wp\/v2\/pages\/200\/revisions"}],"predecessor-version":[{"id":3922,"href":"https:\/\/blogsaverroes.juntadeandalucia.es\/ceipazahara\/wp-json\/wp\/v2\/pages\/200\/revisions\/3922"}],"wp:attachment":[{"href":"https:\/\/blogsaverroes.juntadeandalucia.es\/ceipazahara\/wp-json\/wp\/v2\/media?parent=200"}],"curies":[{"name":"wp","href":"https:\/\/api.w.org\/{rel}","templated":true}]}}