{"id":2163,"date":"2022-10-01T08:30:23","date_gmt":"2022-10-01T08:30:23","guid":{"rendered":"https:\/\/blogsaverroes.juntadeandalucia.es\/ceipazahara\/?page_id=2163"},"modified":"2025-10-12T11:54:48","modified_gmt":"2025-10-12T11:54:48","slug":"claustro","status":"publish","type":"page","link":"https:\/\/blogsaverroes.juntadeandalucia.es\/ceipazahara\/claustro\/","title":{"rendered":"Claustro"},"content":{"rendered":"<p>&nbsp;<\/p>\n<table style=\"height: 1136px;width: 88.6532%\">\n<tbody>\n<tr style=\"height: 24px\">\n<td style=\"width: 78.4093%;height: 24px;text-align: center\" colspan=\"3\">\n<h4><span style=\"color: #000080\"><strong>CLAUSTRO CURSO ESCOLAR&nbsp; 2025 2026<\/strong><\/span><\/h4>\n<\/td>\n<td style=\"width: 24.4519%;height: 24px\">\n<h5><strong>COORDINACIONES y CARGOS<\/strong><\/h5>\n<\/td>\n<\/tr>\n<tr style=\"height: 24px\">\n<td style=\"width: 78.4093%;height: 24px;text-align: center\" colspan=\"3\"><span style=\"color: #0000ff\"><strong>2\u00ba CICLO INFANTIL<\/strong><\/span><\/td>\n<td style=\"width: 24.4519%;height: 24px\">&nbsp;<\/td>\n<\/tr>\n<tr style=\"height: 24px\">\n<td style=\"width: 21.9188%;height: 24px\"><span style=\"color: #3366ff\"><strong>3 A\u00d1OS A<\/strong><strong><br \/>\n<\/strong><\/span><\/td>\n<td style=\"width: 26.595%;height: 24px\">Fidalgo Vit\u00f3n, M\u00aa. Teresa<\/td>\n<td style=\"width: 29.8955%;text-align: center;height: 24px\">&nbsp;<\/td>\n<td style=\"width: 24.4519%;height: 24px\">&nbsp;<\/td>\n<\/tr>\n<tr style=\"height: 24px\">\n<td style=\"width: 21.9188%;height: 24px\"><span style=\"color: #3366ff\"><strong>3 A\u00d1OS B<\/strong><strong><br \/>\n<\/strong><\/span><\/td>\n<td style=\"width: 26.595%;height: 24px\">L\u00f3pez Gonz\u00e1lez, M\u00aa Teresa<\/td>\n<td style=\"width: 29.8955%;text-align: center;height: 24px\">&nbsp;<\/td>\n<td style=\"width: 24.4519%;height: 24px\">&nbsp;<\/td>\n<\/tr>\n<tr style=\"height: 24px\">\n<td style=\"width: 21.9188%;height: 24px\"><strong style=\"color: #3366ff\">4 A\u00d1OS A<\/strong><\/td>\n<td style=\"width: 26.595%;height: 24px\">Calero Fern\u00e1ndez, M. Isabel<\/td>\n<td style=\"width: 29.8955%;text-align: center;height: 24px\">&nbsp;<\/td>\n<td style=\"width: 24.4519%;height: 24px\">&nbsp;<\/td>\n<\/tr>\n<tr style=\"height: 24px\">\n<td style=\"width: 21.9188%;height: 24px\"><strong style=\"color: #3366ff\">4 A\u00d1OS B<\/strong><\/td>\n<td style=\"width: 26.595%;height: 24px\">Dios Losada, M\u00aa. Carmen<\/td>\n<td style=\"width: 29.8955%;text-align: center;height: 24px\">&nbsp;<\/td>\n<td style=\"width: 24.4519%;height: 24px\">&nbsp;<\/td>\n<\/tr>\n<tr style=\"height: 21px\">\n<td style=\"width: 21.9188%;height: 10px\"><strong style=\"color: #3366ff\">5 A\u00d1OS A<\/strong><\/td>\n<td style=\"width: 26.595%;height: 10px\">Fuentes G\u00f3mez, Laura<\/td>\n<td style=\"width: 29.8955%;text-align: center;height: 10px\">&nbsp;<\/td>\n<td style=\"width: 24.4519%;height: 10px\"><span style=\"color: #ff0000\">Coord. Infantil<\/span><\/td>\n<\/tr>\n<tr style=\"height: 56px\">\n<td style=\"width: 21.9188%;height: 56px\"><strong style=\"color: #3366ff\">5 A\u00d1OS B&nbsp;<\/strong><\/td>\n<td style=\"width: 26.595%;height: 56px\">De Torres L\u00f3pez, Susana<\/td>\n<td style=\"width: 29.8955%;text-align: center;height: 56px\">&nbsp;<\/td>\n<td style=\"width: 24.4519%;height: 56px\">&nbsp;<\/td>\n<\/tr>\n<tr style=\"height: 48px\">\n<td style=\"width: 21.9188%;height: 48px\"><span style=\"color: #3366ff\"><strong>APOYO INFANTIL<\/strong><\/span><\/td>\n<td style=\"width: 26.595%;height: 48px\">Monserrat Bravo, M. del Carmen<\/td>\n<td style=\"width: 29.8955%;height: 48px;text-align: center\">&nbsp;<\/td>\n<td style=\"width: 24.4519%;height: 48px\">&nbsp;<\/td>\n<\/tr>\n<tr style=\"height: 24px\">\n<td style=\"width: 78.4093%;height: 24px;text-align: center\" colspan=\"3\"><span style=\"color: #0000ff\"><strong>PRIMER CICLO PRIMARIA<\/strong><\/span><\/td>\n<td style=\"width: 24.4519%;height: 24px\">&nbsp;<\/td>\n<\/tr>\n<tr style=\"height: 24px\">\n<td style=\"width: 21.9188%;height: 24px\"><span style=\"color: #3366ff\"><strong>1\u00baPRIMARIA A:<\/strong><strong><br \/>\n<\/strong><\/span><\/td>\n<td style=\"width: 26.595%;height: 24px\">Peralbo Gil, M\u00aa Isabel<\/td>\n<td style=\"width: 29.8955%;text-align: center;height: 24px\">&nbsp;<\/td>\n<td style=\"width: 24.4519%;height: 24px\">&nbsp;<\/td>\n<\/tr>\n<tr style=\"height: 26px\">\n<td style=\"width: 21.9188%;height: 26px\"><span style=\"color: #3366ff\"><strong>1\u00ba PRIMARIA B<\/strong><strong><br \/>\n<\/strong><\/span><\/td>\n<td style=\"width: 26.595%;height: 26px\">G\u00f3mez Cejas, M\u00aa Dolores<\/td>\n<td style=\"width: 29.8955%;text-align: center;height: 26px\">&nbsp;<\/td>\n<td style=\"width: 24.4519%;height: 26px\">&nbsp;<\/td>\n<\/tr>\n<tr style=\"height: 24px\">\n<td style=\"width: 21.9188%;height: 24px\"><strong style=\"color: #3366ff\">2\u00ba PRIMARIA A<\/strong><\/td>\n<td style=\"width: 26.595%;height: 24px\">Pila Mart\u00ednez, M\u00aa Dolores<\/td>\n<td style=\"width: 29.8955%;height: 24px;text-align: center\">&nbsp;<\/td>\n<td style=\"width: 24.4519%;height: 24px\"><span style=\"color: #ff0000\">Coord. 1<\/span><sup style=\"color: #ff0000\">er<\/sup><span style=\"color: #ff0000\">&nbsp;Ciclo<\/span><\/td>\n<\/tr>\n<tr style=\"height: 24px\">\n<td style=\"width: 21.9188%;height: 24px\"><strong style=\"color: #3366ff\">2\u00ba PRIMARIA B<\/strong><\/td>\n<td style=\"width: 26.595%;height: 24px\">Bonilla Mart\u00ednez, Rosario<\/td>\n<td style=\"width: 29.8955%;height: 24px;text-align: center\">&nbsp;&nbsp;<\/td>\n<td style=\"width: 24.4519%;height: 24px\">&nbsp;<\/td>\n<\/tr>\n<tr style=\"height: 37px\">\n<td style=\"width: 78.4093%;height: 37px;text-align: center\" colspan=\"3\"><span style=\"color: #0000ff\"><strong>SEGUNDO CICLO PRIMARIA<\/strong><\/span><\/td>\n<td style=\"width: 24.4519%;height: 37px\">&nbsp;<\/td>\n<\/tr>\n<tr style=\"height: 24px\">\n<td style=\"width: 21.9188%;height: 24px\"><span style=\"color: #3366ff\"><strong>3\u00ba PRIMARIA A<\/strong><strong><br \/>\n<\/strong><\/span><\/td>\n<td style=\"width: 26.595%;height: 24px\">Maqueda Torres, Inmaculada<\/td>\n<td style=\"width: 29.8955%;text-align: center;height: 24px\">+ ingl\u00e9s<\/td>\n<td style=\"width: 24.4519%;height: 24px\">&nbsp;<\/td>\n<\/tr>\n<tr style=\"height: 24px\">\n<td style=\"width: 21.9188%;height: 24px\"><span style=\"color: #3366ff\"><strong>3\u00ba PRIMARIA B<\/strong><strong><br \/>\n<\/strong><\/span><\/td>\n<td style=\"width: 26.595%;height: 24px\">Gonz\u00e1lez, Gonz\u00e1lez, Pablo<\/td>\n<td style=\"width: 29.8955%;text-align: center;height: 24px\">&nbsp;<\/td>\n<td style=\"width: 24.4519%;height: 24px\">&nbsp;<\/td>\n<\/tr>\n<tr style=\"height: 24px\">\n<td style=\"width: 21.9188%;height: 24px\"><strong style=\"color: #3366ff\">4\u00ba PRIMARIA A<\/strong><\/td>\n<td style=\"width: 26.595%;height: 24px\">Casasolariega Torrero, David<\/td>\n<td style=\"width: 29.8955%;text-align: center;height: 24px\">+Ed. F\u00edsica<\/td>\n<td style=\"width: 24.4519%;height: 24px\">&nbsp;<\/td>\n<\/tr>\n<tr style=\"height: 24px\">\n<td style=\"width: 21.9188%;height: 24px\"><strong style=\"color: #3366ff\">4\u00ba PRIMARIA B<\/strong><\/td>\n<td style=\"width: 26.595%;height: 24px\">Rodr\u00edguez Gordillo, \u00c1ngel<\/td>\n<td style=\"width: 29.8955%;text-align: center;height: 24px\">+ Ed. F\u00edsica<\/td>\n<td style=\"width: 24.4519%;height: 24px\">&nbsp;<\/td>\n<\/tr>\n<tr style=\"height: 37px\">\n<td style=\"width: 78.4093%;height: 37px;text-align: center\" colspan=\"3\"><span style=\"color: #0000ff\"><strong>TERCER CICLO PRIMARIA<\/strong><\/span><\/td>\n<td style=\"width: 24.4519%;height: 37px\">&nbsp;<\/td>\n<\/tr>\n<tr style=\"height: 48px\">\n<td style=\"width: 21.9188%;height: 48px\"><span style=\"color: #3366ff\"><strong>5\u00ba PRIMARIA A<\/strong><strong><br \/>\n<\/strong><\/span><\/td>\n<td style=\"width: 26.595%;height: 48px\">Santos Cascales, Alberto<\/td>\n<td style=\"width: 29.8955%;text-align: center;height: 48px\">+ Ingl\u00e9s<\/td>\n<td style=\"width: 24.4519%;height: 48px\">&nbsp;<\/td>\n<\/tr>\n<tr style=\"height: 24px\">\n<td style=\"width: 21.9188%;height: 24px\"><span style=\"color: #3366ff\"><strong>5\u00ba PRIMARIA B<\/strong><strong><br \/>\n<\/strong><\/span><\/td>\n<td style=\"width: 26.595%;height: 24px\">Garc\u00eda Rosal, M\u00aa Antonia<\/td>\n<td style=\"width: 29.8955%;text-align: center;height: 24px\">&nbsp;<\/td>\n<td style=\"width: 24.4519%;height: 24px\"><strong>JEFATURA<\/strong>,<\/p>\n<p><span style=\"color: #ff0000\">Coord. 3\u00ba Ciclo<\/span><\/td>\n<\/tr>\n<tr style=\"height: 24px\">\n<td style=\"width: 21.9188%;height: 24px\"><strong style=\"color: #3366ff\">6\u00ba PRIMARIA A&nbsp;<\/strong><\/td>\n<td style=\"width: 26.595%;height: 24px\">&nbsp;Ca\u00f1izares Cobacho, Sonia<\/td>\n<td style=\"width: 29.8955%;text-align: center;height: 24px\">&nbsp;<\/td>\n<td style=\"width: 24.4519%;height: 24px\">&nbsp;<\/td>\n<\/tr>\n<tr style=\"height: 24px\">\n<td style=\"width: 21.9188%;height: 24px\"><strong style=\"color: #3366ff\">6\u00ba PRIMARIA B<\/strong><\/td>\n<td style=\"width: 26.595%;height: 24px\">Poyato Ramos, Estefan\u00eda<\/td>\n<td style=\"width: 29.8955%;text-align: center;height: 24px\">+ Franc\u00e9s<\/td>\n<td style=\"width: 24.4519%;height: 24px\">&nbsp;<\/td>\n<\/tr>\n<tr style=\"height: 37px\">\n<td style=\"width: 78.4093%;height: 37px;text-align: center\" colspan=\"3\"><span style=\"color: #0000ff\"><strong>EQUIPO DE ORIENTACI\u00d3N<\/strong><\/span><\/td>\n<td style=\"width: 24.4519%;height: 37px\">&nbsp;<\/td>\n<\/tr>\n<tr style=\"height: 37px\">\n<td style=\"width: 21.9188%;height: 37px\"><span style=\"color: #3366ff\"><strong>AULA ESPEC\u00cdFICA:<\/strong><\/span><\/td>\n<td style=\"width: 26.595%;height: 37px\">N\u00fa\u00f1ez L\u00f3pez, Ana Bel\u00e9n<\/td>\n<td style=\"width: 29.8955%;height: 37px;text-align: center\">&nbsp;<\/td>\n<td style=\"width: 24.4519%;height: 37px\">&nbsp;<\/td>\n<\/tr>\n<tr style=\"height: 37px\">\n<td style=\"width: 21.9188%;height: 37px\"><span style=\"color: #3366ff\"><strong>AUDICI\u00d3N Y LENGUAJE:<\/strong><\/span><\/td>\n<td style=\"width: 26.595%;height: 37px\">Jurado Fern\u00e1ndez, Carmen<\/td>\n<td style=\"width: 29.8955%;height: 37px;text-align: center\">&nbsp; &nbsp;<\/td>\n<td style=\"width: 24.4519%;height: 37px\"><span style=\"color: #ff0000\">Coord. EO<\/span><\/td>\n<\/tr>\n<tr style=\"height: 37px\">\n<td style=\"width: 21.9188%;height: 37px\"><span style=\"color: #3366ff\"><strong>PEDAGOG\u00cdA TERAPE\u00daTICA<\/strong><\/span><\/td>\n<td style=\"width: 26.595%;height: 37px\">Navas Chaveli Daza, Juan Luis<\/td>\n<td style=\"width: 29.8955%;height: 37px;text-align: center\">&nbsp;<\/td>\n<td style=\"width: 24.4519%;height: 37px\">&nbsp;<\/td>\n<\/tr>\n<tr style=\"height: 37px\">\n<td style=\"width: 21.9188%;height: 37px\"><span style=\"color: #3366ff\"><strong>APOYO PRIMARIA<\/strong><\/span><\/td>\n<td style=\"width: 26.595%;height: 37px\">Domingo Ruiz, Cristina<\/td>\n<td style=\"width: 29.8955%;height: 37px;text-align: center\">&nbsp;&nbsp;<\/td>\n<td style=\"width: 24.4519%;height: 37px\">&nbsp;<\/td>\n<\/tr>\n<tr style=\"height: 37px\">\n<td style=\"width: 78.4093%;height: 37px;text-align: center\" colspan=\"3\"><span style=\"color: #0000ff\"><strong>PROFESORADO ESPECIALISTA SIN TUTOR\u00cdA<\/strong><\/span><\/td>\n<td style=\"width: 24.4519%;height: 37px\">&nbsp;<\/td>\n<\/tr>\n<tr style=\"height: 37px\">\n<td style=\"width: 21.9188%;height: 37px\"><span style=\"color: #3366ff\"><strong>RELIGI\u00d3N PRIMARIA<\/strong><\/span><\/td>\n<td style=\"width: 26.595%;height: 37px\">Serrano Gama, Isabel<\/td>\n<td style=\"width: 29.8955%;height: 37px;text-align: center\">&nbsp;<\/td>\n<td style=\"width: 24.4519%;height: 37px\">&nbsp;<\/td>\n<\/tr>\n<tr style=\"height: 24px\">\n<td style=\"width: 21.9188%;height: 24px\"><span style=\"color: #3366ff\"><strong>RELIGI\u00d3N INFANTIL<\/strong><\/span><\/td>\n<td style=\"width: 26.595%;height: 24px\">Peralbo Chac\u00f3n, Mois\u00e9s<\/td>\n<td style=\"width: 29.8955%;text-align: center;height: 24px\">&nbsp;<\/td>\n<td style=\"width: 24.4519%;height: 24px\">&nbsp;<\/td>\n<\/tr>\n<tr style=\"height: 37px\">\n<td style=\"width: 21.9188%;height: 37px\"><span style=\"color: #3366ff\"><strong>M\u00daSICA PRIMARIA<\/strong><\/span><\/td>\n<td style=\"width: 26.595%;height: 37px\">&nbsp;Hospital Mansilla, Lourdes&nbsp;<\/td>\n<td style=\"width: 29.8955%;height: 37px;text-align: center\">&nbsp;<\/td>\n<td style=\"width: 24.4519%;height: 37px\">&nbsp;<\/td>\n<\/tr>\n<tr style=\"height: 37px\">\n<td style=\"width: 21.9188%;height: 37px\"><span style=\"color: #3366ff\"><strong>E.F\u00cdSICA<\/strong><\/span><\/td>\n<td style=\"width: 26.595%;height: 37px\">&nbsp;S\u00e1nchez Lara, Carmina<\/td>\n<td style=\"width: 29.8955%;height: 37px;text-align: center\">&nbsp;<\/td>\n<td style=\"width: 24.4519%;height: 37px\"><strong>Secretar\u00eda<\/strong>,<\/p>\n<p><span style=\"color: #ff0000\"> Coord. 2\u00ba Ciclo<\/span><\/td>\n<\/tr>\n<tr style=\"height: 37px\">\n<td style=\"width: 21.9188%;height: 37px\"><span style=\"color: #3366ff\"><strong>E.F\u00cdSICA&nbsp;<\/strong><\/span><\/td>\n<td style=\"width: 26.595%;height: 37px\">Caballero de la Rosa, Genoveva<\/td>\n<td style=\"width: 29.8955%;height: 37px;text-align: center\">&nbsp;<\/td>\n<td style=\"width: 24.4519%;height: 37px\">&nbsp;<strong>Direcci\u00f3n<\/strong><\/td>\n<\/tr>\n<tr style=\"height: 24px\">\n<td style=\"width: 21.9188%;height: 24px\"><span style=\"color: #3366ff\"><strong>INGL\u00c9S <\/strong><\/span><\/td>\n<td style=\"width: 26.595%;height: 24px\">Garc\u00eda Franco, Aurora<\/td>\n<td style=\"width: 29.8955%;text-align: center;height: 24px\">&nbsp;<\/td>\n<td style=\"width: 24.4519%;height: 24px\">&nbsp;<\/td>\n<\/tr>\n<\/tbody>\n<\/table>\n<p>&nbsp;<\/p>\n<table style=\"height: 117px;width: 725px\">\n<tbody>\n<tr style=\"height: 24px\">\n<td style=\"width: 301px;height: 24px;text-align: center\" colspan=\"2\"><strong><span style=\"color: #0000ff\">PERSONAL LABORAL DEL CENTRO<\/span><\/strong><\/td>\n<\/tr>\n<tr style=\"height: 24px\">\n<td style=\"width: 301px;height: 24px\"><span style=\"color: #3366ff\">ADMINISTRATIVA<\/span><\/td>\n<td style=\"width: 410px;height: 24px\">&nbsp;<\/td>\n<\/tr>\n<tr style=\"height: 24px\">\n<td style=\"width: 301px;height: 24px\"><span style=\"color: #3366ff\">EDUCADORAS<\/span><\/td>\n<td style=\"width: 410px;height: 24px\">&nbsp;<\/td>\n<\/tr>\n<tr style=\"height: 24px\">\n<td style=\"width: 301px;height: 24px\"><span style=\"color: #3366ff\">PERSONAL DE APOYO A LA INTEGRACI\u00d3N<\/span><\/td>\n<td style=\"width: 410px;height: 24px\">&nbsp;<\/td>\n<\/tr>\n<tr style=\"height: 24px\">\n<td style=\"width: 301px;height: 24px\"><span style=\"color: #3366ff\">CONSERJE<\/span><\/td>\n<td style=\"width: 410px;height: 24px\">Pedro Clapes<\/td>\n<\/tr>\n<tr>\n<td style=\"width: 301px\"><span style=\"color: #3366ff\">PERSONAL ESPEC\u00cdFICO EN TRANSTORNO DE CONDUCTA<\/span><\/td>\n<td style=\"width: 410px\">&nbsp;<\/td>\n<\/tr>\n<\/tbody>\n<\/table>\n","protected":false},"excerpt":{"rendered":"<p>&nbsp; CLAUSTRO CURSO ESCOLAR&nbsp; 2025 2026 COORDINACIONES y CARGOS 2\u00ba CICLO INFANTIL &nbsp; 3 A\u00d1OS A Fidalgo Vit\u00f3n, M\u00aa. Teresa &nbsp; &nbsp; 3 A\u00d1OS B L\u00f3pez Gonz\u00e1lez, M\u00aa Teresa &nbsp; &nbsp; 4 A\u00d1OS A&#46;&#46;&#46;<\/p>\n","protected":false},"author":7819,"featured_media":0,"parent":0,"menu_order":0,"comment_status":"closed","ping_status":"closed","template":"","meta":{"ngg_post_thumbnail":0,"footnotes":"","_mc_calendar":[]},"aioseo_notices":[],"_links":{"self":[{"href":"https:\/\/blogsaverroes.juntadeandalucia.es\/ceipazahara\/wp-json\/wp\/v2\/pages\/2163"}],"collection":[{"href":"https:\/\/blogsaverroes.juntadeandalucia.es\/ceipazahara\/wp-json\/wp\/v2\/pages"}],"about":[{"href":"https:\/\/blogsaverroes.juntadeandalucia.es\/ceipazahara\/wp-json\/wp\/v2\/types\/page"}],"author":[{"embeddable":true,"href":"https:\/\/blogsaverroes.juntadeandalucia.es\/ceipazahara\/wp-json\/wp\/v2\/users\/7819"}],"replies":[{"embeddable":true,"href":"https:\/\/blogsaverroes.juntadeandalucia.es\/ceipazahara\/wp-json\/wp\/v2\/comments?post=2163"}],"version-history":[{"count":22,"href":"https:\/\/blogsaverroes.juntadeandalucia.es\/ceipazahara\/wp-json\/wp\/v2\/pages\/2163\/revisions"}],"predecessor-version":[{"id":4187,"href":"https:\/\/blogsaverroes.juntadeandalucia.es\/ceipazahara\/wp-json\/wp\/v2\/pages\/2163\/revisions\/4187"}],"wp:attachment":[{"href":"https:\/\/blogsaverroes.juntadeandalucia.es\/ceipazahara\/wp-json\/wp\/v2\/media?parent=2163"}],"curies":[{"name":"wp","href":"https:\/\/api.w.org\/{rel}","templated":true}]}}