{"id":2168,"date":"2019-12-04T05:43:18","date_gmt":"2019-12-04T05:43:18","guid":{"rendered":"https:\/\/blogsaverroes.juntadeandalucia.es\/ceipazahara\/?page_id=2168"},"modified":"2025-10-12T12:00:08","modified_gmt":"2025-10-12T12:00:08","slug":"consejo-escolar-y-sus-comisiones","status":"publish","type":"page","link":"https:\/\/blogsaverroes.juntadeandalucia.es\/ceipazahara\/consejo-escolar-y-sus-comisiones\/","title":{"rendered":"Consejo Escolar y sus Comisiones"},"content":{"rendered":"<p>El Consejo Escolar&nbsp;es el \u00f3rgano colegiado de gobierno a trav\u00e9s del cual participa la comunidad educativa en el gobierno de los centros.<\/p>\n<p>Las funciones del Consejo Escolar vienen determinadas en el Articulo 50 del Decreto 328\/2010, de 13 de julio, por el que se aprueba el Reglamento Org\u00e1nico de las escuelas infantiles de segundo grado, de los colegios de educaci\u00f3n primaria, de los colegios de educaci\u00f3n infantil y primaria, y de los centros p\u00fablicos espec\u00edficos de educaci\u00f3n especial.<\/p>\n<p>El Consejo Escolar del Ceip Azahara est\u00e1 formado por los siguientes miembros:&nbsp;<\/p>\n<table style=\"height: 306px\" width=\"652\">\n<tbody>\n<tr>\n<td style=\"width: 642px\"><strong>EQUIPO DIRECTIVO<\/strong><\/td>\n<\/tr>\n<tr>\n<td style=\"width: 642px\">D\u00f1a. Genoveva Caballero De La Rosa <span style=\"font-family: inherit;font-size: inherit\">(Directora)<\/span><\/p>\n<p><span style=\"font-family: inherit;font-size: inherit\">D\u00f1a. Antonia Garc\u00eda Rosal (Jefa de estudios)<\/span><\/p>\n<p>D\u00f1a. Carmina S\u00e1nchez Lara (Secretar\u00eda)<\/td>\n<\/tr>\n<tr>\n<td style=\"width: 642px\"><strong>SECTOR PROFESORADO<\/strong><\/td>\n<\/tr>\n<tr>\n<td style=\"width: 642px\"><span style=\"font-weight: 400\">D\u00f1a. Rosario Bonilla Mart\u00ednez<\/span><\/p>\n<p><span style=\"font-weight: 400\">D\u00f1a. Lourdes Hospital Mansilla<\/span><\/p>\n<p><span style=\"font-weight: 400\">D\u00f1a. Sonia Ca\u00f1izares Cobacho<\/span><\/p>\n<p><span style=\"font-weight: 400\">D\u00f1a. Mar\u00eda Teresa Fidalgo Vit\u00f3n<\/span><\/p>\n<p><span style=\"font-weight: 400\">D. Pablo Gonz\u00e1lez Gonz\u00e1lez<\/span><\/p>\n<p><span style=\"font-weight: 400\">D. Juan Luis Navas-Chaveli Daza<\/span><\/p>\n<p><span style=\"font-weight: 400\">D\u00f1a. Ana Bel\u00e9n Nu\u00f1ez L\u00f3pez<\/span><\/p>\n<p><span style=\"font-weight: 400\">D. Alberto Manuel Santos Cascales<\/span><\/td>\n<\/tr>\n<tr>\n<td style=\"width: 642px\"><strong>SECTOR P.A.S<\/strong><\/td>\n<\/tr>\n<tr>\n<td style=\"width: 642px\">D\u00f1a. Yolanda&nbsp; Fern\u00e1ndez Rico<\/td>\n<\/tr>\n<tr>\n<td style=\"width: 642px\"><strong>PERSONAL DE ATENCI\u00d3N EDUCATIVA<\/strong><\/td>\n<\/tr>\n<tr>\n<td style=\"width: 642px\">Carmen Mar\u00eda Agredano S\u00e1nchez<\/td>\n<\/tr>\n<tr>\n<td style=\"width: 642px\"><strong>SECTOR PADRES\/MADRES<\/strong><\/td>\n<\/tr>\n<tr>\n<td style=\"width: 642px\"><span style=\"font-weight: 400\">D\u00f1a. Mar\u00eda del Valle Conde Villa<\/span><\/p>\n<p><span style=\"font-weight: 400\">D\u00f1a. Azahara Mar\u00eda Hern\u00e1ndez Ruz<\/span><\/p>\n<p><span style=\"font-weight: 400\">D\u00f1a. Miguel \u00c1ngel Moya Repullo<\/span><\/p>\n<p><span style=\"font-weight: 400\">D\u00f1a. Antonia Mu\u00f1oz Reyes<\/span><\/p>\n<p><span style=\"font-weight: 400\">D\u00f1a. Francisco Lara G\u00f3mez<\/span><\/p>\n<p><span style=\"font-weight: 400\">D\u00f1a. Josefa M\u00e1rquez Monz\u00f3n<\/span><\/p>\n<p><span style=\"font-weight: 400\">D\u00f1a. Inmaculada navarro Fern\u00e1ndez<\/span><\/p>\n<p><span style=\"font-weight: 400\">D\u00f1a. Cristina Ortega Serrano<\/span><\/td>\n<\/tr>\n<tr>\n<td style=\"width: 642px\"><strong>REPRESENTANTE AMPA<\/strong><\/td>\n<\/tr>\n<tr>\n<td style=\"width: 642px\"><span style=\"font-weight: 400\">D\u00f1a. Sara Valenzuela Mesa<\/span><\/td>\n<\/tr>\n<tr>\n<td style=\"width: 642px\"><strong>REPRESENTANTE DEL AYUNTAMIENTO<\/strong><\/td>\n<\/tr>\n<tr>\n<td style=\"width: 642px\">D\u00f1a. Rafaela Garc\u00eda Lesmes<\/td>\n<\/tr>\n<\/tbody>\n<\/table>\n<p>&nbsp;<\/p>\n<table style=\"height: 133px\" width=\"648\">\n<tbody>\n<tr>\n<td style=\"width: 316.91px\">COMISI\u00d3N PERMANENTE<\/td>\n<td style=\"width: 316.91px\">\n<ul>\n<li><b>Directora<\/b><span style=\"font-weight: 400\">:&nbsp;<\/span>D\u00f1a. Genoveva Caballero de la Rosa<\/li>\n<li><b>Jefa de estudios: <\/b>D\u00f1a. Mar\u00eda antonia Garc\u00eda Rosal<\/li>\n<li><b>Profesorado:&nbsp;<\/b>D\u00f1a. Rosario Bonilla Mart\u00ednez<\/li>\n<li><b>Padre\/madre: <\/b>D. M<span style=\"font-weight: 400\">iguel \u00c1ngel Moya Repullo<\/span><\/li>\n<\/ul>\n<\/td>\n<\/tr>\n<tr>\n<td style=\"width: 316.91px\">COMISI\u00d3N DE CONVIVENCIA&nbsp;<\/td>\n<td style=\"width: 316.91px\">\n<ul>\n<li><b>Directora:<\/b><span style=\"font-weight: 400\"> D\u00f1a. Genoveva Caballero de la Rosa<\/span><\/li>\n<li><b>Jefa de estudios:<\/b><span style=\"font-weight: 400\"> D\u00f1a. Antonia Garc\u00eda Rosal<\/span><\/li>\n<li><b>Maestro\/a: <\/b><span style=\"font-weight: 400\">D. Alberto Santos Cascales<\/span><\/li>\n<li><b>Maestro\/a: <\/b><span style=\"font-weight: 400\">M\u00aa del Carmen S\u00e1nchez Lara<\/span><\/li>\n<li><b>Padre\/madre<\/b><span style=\"font-weight: 400\">: D\u00f1a. Azahara M\u00aa Hern\u00e1ndez Ruz<\/span><\/li>\n<li><b>Padre\/madre<\/b><span style=\"font-weight: 400\">: D\u00f1a. Josefa M\u00e1rquez Monz\u00f3n<\/span><\/li>\n<li><b>Padre\/madre: <\/b><span style=\"font-weight: 400\">D\u00f1a. Cristina Ortega Serrano<\/span><\/li>\n<li><b>Padre\/madre: <\/b><span style=\"font-weight: 400\">D. Francisco Lara G\u00f3mez.&nbsp;<\/span><\/li>\n<\/ul>\n<ul>\n<li style=\"list-style-type: none\">&nbsp;<\/li>\n<\/ul>\n<\/td>\n<\/tr>\n<tr>\n<td style=\"width: 316.91px\">COMISI\u00d3N DE EVALUACI\u00d3N<\/td>\n<td style=\"width: 316.91px\">\n<ul>\n<li><b>Directora:<\/b><span style=\"font-weight: 400\"> D\u00f1a. Genoveva Caballero de la Rosa<\/span><\/li>\n<li><b>Jefa de estudios:<\/b><span style=\"font-weight: 400\"> D\u00f1a. Mar\u00eda Antonia Garc\u00eda Rosal&nbsp;<\/span><\/li>\n<li><b>Secretaria:<\/b><span style=\"font-weight: 400\"> D\u00f1a. Mar\u00eda Carmen S\u00e1nchez Lara<\/span><\/li>\n<li><b>Maestro\/a: <\/b><span style=\"font-weight: 400\">D\u00f1a. Lourdes Hospital Mansilla<\/span><\/li>\n<li><b>Madre\/padre:<\/b><span style=\"font-weight: 400\"> D\u00f1a. Inmaculada Navarro Fern\u00e1ndez<\/span><\/li>\n<li><b>PAS: <\/b><span style=\"font-weight: 400\">D\u00f1a. Yolanda Fern\u00e1ndez Rico.&nbsp;<\/span><\/li>\n<\/ul>\n<\/td>\n<\/tr>\n<tr>\n<td style=\"width: 316.91px\">COMISI\u00d3N SALUD Y PREVENCI\u00d3N DE RIESGOS LABORALES<\/td>\n<td style=\"width: 316.91px\">\n<ul>\n<li><b>Directora:<\/b><span style=\"font-weight: 400\"> D\u00f1a. Genoveva Caballero de la Rosa<\/span><\/li>\n<li><b>Secretaria:<\/b><span style=\"font-weight: 400\"> D\u00f1a. Mar\u00eda Carmen S\u00e1nchez Lara<\/span><\/li>\n<li><b>Maestro\/a: <\/b><span style=\"font-weight: 400\">D\u00f1a. Ana Bel\u00e9n Nu\u00f1ez L\u00f3pez<\/span><\/li>\n<li><b>Madre\/padre:<\/b><span style=\"font-weight: 400\"> D\u00f1a. Sara Valenzuela Mesa<\/span><\/li>\n<\/ul>\n<ul>\n<li style=\"font-weight: 400\"><b>PAS: <\/b><span style=\"font-weight: 400\">D\u00f1a. Yolanda Fern\u00e1ndez Rico<\/span><\/li>\n<\/ul>\n<p>&nbsp;<\/td>\n<\/tr>\n<tr>\n<td style=\"width: 316.91px\">COMISI\u00d3N GRATUIDAD DE LIBROS DE TEXTO.<\/td>\n<td style=\"width: 316.91px\">\n<ul>\n<li><b>Directora:<\/b>&nbsp;D\u00f1a. Genoveva Caballero de la Rosa.<\/li>\n<li><b>Maestro\/a:&nbsp;<\/b>D. Pablo Gonz\u00e1lez Gonz\u00e1lez<\/li>\n<li><b style=\"font-family: inherit;font-size: inherit\">Madre\/padre:<\/b>&nbsp;D\u00f1a. Antonia Mu\u00f1oz Reyes<\/li>\n<\/ul>\n<\/td>\n<\/tr>\n<\/tbody>\n<\/table>\n","protected":false},"excerpt":{"rendered":"<p>El Consejo Escolar&nbsp;es el \u00f3rgano colegiado de gobierno a trav\u00e9s del cual participa la comunidad educativa en el gobierno de los centros. Las funciones del Consejo Escolar vienen determinadas en el Articulo 50 del&#46;&#46;&#46;<\/p>\n","protected":false},"author":7819,"featured_media":0,"parent":0,"menu_order":0,"comment_status":"closed","ping_status":"closed","template":"","meta":{"ngg_post_thumbnail":0,"footnotes":"","_mc_calendar":[]},"aioseo_notices":[],"_links":{"self":[{"href":"https:\/\/blogsaverroes.juntadeandalucia.es\/ceipazahara\/wp-json\/wp\/v2\/pages\/2168"}],"collection":[{"href":"https:\/\/blogsaverroes.juntadeandalucia.es\/ceipazahara\/wp-json\/wp\/v2\/pages"}],"about":[{"href":"https:\/\/blogsaverroes.juntadeandalucia.es\/ceipazahara\/wp-json\/wp\/v2\/types\/page"}],"author":[{"embeddable":true,"href":"https:\/\/blogsaverroes.juntadeandalucia.es\/ceipazahara\/wp-json\/wp\/v2\/users\/7819"}],"replies":[{"embeddable":true,"href":"https:\/\/blogsaverroes.juntadeandalucia.es\/ceipazahara\/wp-json\/wp\/v2\/comments?post=2168"}],"version-history":[{"count":13,"href":"https:\/\/blogsaverroes.juntadeandalucia.es\/ceipazahara\/wp-json\/wp\/v2\/pages\/2168\/revisions"}],"predecessor-version":[{"id":4188,"href":"https:\/\/blogsaverroes.juntadeandalucia.es\/ceipazahara\/wp-json\/wp\/v2\/pages\/2168\/revisions\/4188"}],"wp:attachment":[{"href":"https:\/\/blogsaverroes.juntadeandalucia.es\/ceipazahara\/wp-json\/wp\/v2\/media?parent=2168"}],"curies":[{"name":"wp","href":"https:\/\/api.w.org\/{rel}","templated":true}]}}