{"id":42,"date":"2021-09-01T08:40:47","date_gmt":"2021-09-01T08:40:47","guid":{"rendered":"http:\/\/blogsaverroes.juntadeandalucia.es\/pre\/ceip\/?page_id=42"},"modified":"2025-02-02T08:43:32","modified_gmt":"2025-02-02T08:43:32","slug":"equipo-directivo","status":"publish","type":"page","link":"https:\/\/blogsaverroes.juntadeandalucia.es\/ceipazahara\/equipo-directivo\/","title":{"rendered":"Equipo directivo"},"content":{"rendered":"<p>El presente Equipo Directivo para el curso 2024\/2025 est\u00e1 compuesto por las siguientes miembros:<\/p>\n<p>&nbsp;<\/p>\n<p><strong><span style=\"color: #ff9900\">DIRECCI\u00d3N:<\/span> D\u00d1A.&nbsp;<\/strong><strong>GENOVEVA CABALLERO DE LA ROSA<\/strong><\/p>\n<p style=\"padding-left: 40px\"><span style=\"color: #00ccff\">HORARIO DE ATENCI\u00d3N: BAJO CITA PREVIA<\/span><\/p>\n<p><strong><span style=\"color: #ff9900\">JEFATURA DE ESTUDIOS:<\/span> D\u00d1A. ANTONIA GARC\u00cdA DEL ROSAL<\/strong><\/p>\n<p style=\"padding-left: 40px\"><span style=\"color: #00ccff\">HORARIO DE ATENCI\u00d3N: BAJO CITA PREVIA<\/span><\/p>\n<p><strong><span style=\"color: #ff9900\">SECRETAR\u00cdA<\/span>: D\u00d1A. M\u00aa. CARMEN S\u00c1NCHEZ LARA<\/strong><\/p>\n<p style=\"padding-left: 40px\">&nbsp;<\/p>\n<p>SOLICITUD CITA PREVIA:&nbsp;<\/p>\n<ul>\n<li><strong>Tel\u00e9fono : <\/strong>957379598 \/ 671 534083<\/li>\n<\/ul>\n","protected":false},"excerpt":{"rendered":"<p>El presente Equipo Directivo para el curso 2024\/2025 est\u00e1 compuesto por las siguientes miembros: &nbsp; DIRECCI\u00d3N: D\u00d1A.&nbsp;GENOVEVA CABALLERO DE LA ROSA HORARIO DE ATENCI\u00d3N: BAJO CITA PREVIA JEFATURA DE ESTUDIOS: D\u00d1A. ANTONIA GARC\u00cdA DEL&#46;&#46;&#46;<\/p>\n","protected":false},"author":1,"featured_media":0,"parent":0,"menu_order":0,"comment_status":"open","ping_status":"open","template":"page-templates\/child-menu.php","meta":{"ngg_post_thumbnail":0,"footnotes":"","_mc_calendar":[]},"aioseo_notices":[],"_links":{"self":[{"href":"https:\/\/blogsaverroes.juntadeandalucia.es\/ceipazahara\/wp-json\/wp\/v2\/pages\/42"}],"collection":[{"href":"https:\/\/blogsaverroes.juntadeandalucia.es\/ceipazahara\/wp-json\/wp\/v2\/pages"}],"about":[{"href":"https:\/\/blogsaverroes.juntadeandalucia.es\/ceipazahara\/wp-json\/wp\/v2\/types\/page"}],"author":[{"embeddable":true,"href":"https:\/\/blogsaverroes.juntadeandalucia.es\/ceipazahara\/wp-json\/wp\/v2\/users\/1"}],"replies":[{"embeddable":true,"href":"https:\/\/blogsaverroes.juntadeandalucia.es\/ceipazahara\/wp-json\/wp\/v2\/comments?post=42"}],"version-history":[{"count":18,"href":"https:\/\/blogsaverroes.juntadeandalucia.es\/ceipazahara\/wp-json\/wp\/v2\/pages\/42\/revisions"}],"predecessor-version":[{"id":3928,"href":"https:\/\/blogsaverroes.juntadeandalucia.es\/ceipazahara\/wp-json\/wp\/v2\/pages\/42\/revisions\/3928"}],"wp:attachment":[{"href":"https:\/\/blogsaverroes.juntadeandalucia.es\/ceipazahara\/wp-json\/wp\/v2\/media?parent=42"}],"curies":[{"name":"wp","href":"https:\/\/api.w.org\/{rel}","templated":true}]}}