{"id":49,"date":"2015-03-13T08:47:05","date_gmt":"2015-03-13T08:47:05","guid":{"rendered":"http:\/\/blogsaverroes.juntadeandalucia.es\/pre\/ceip\/?page_id=49"},"modified":"2026-04-24T06:06:44","modified_gmt":"2026-04-24T05:06:44","slug":"proyecto-educativo","status":"publish","type":"page","link":"https:\/\/blogsaverroes.juntadeandalucia.es\/ceipazahara\/proyecto-educativo\/","title":{"rendered":"Documentos oficiales"},"content":{"rendered":"<h1 class=\"entry-title\">DOCUMENTOS OFICIALES: PLAN DE CENTRO<\/h1>\n<p><img loading=\"lazy\" decoding=\"async\" class=\"wp-image-1662 alignright\" src=\"https:\/\/blogsaverroes.juntadeandalucia.es\/ceipazahara\/files\/2015\/03\/proyecto-300x266.png\" alt=\"\" width=\"163\" height=\"145\" srcset=\"https:\/\/blogsaverroes.juntadeandalucia.es\/ceipazahara\/files\/2015\/03\/proyecto-300x266.png 300w, https:\/\/blogsaverroes.juntadeandalucia.es\/ceipazahara\/files\/2015\/03\/proyecto.png 640w\" sizes=\"(max-width: 163px) 100vw, 163px\" \/>\u00a1Bienvenidos\/as a la secci\u00f3n dedicada a la <b>documentaci\u00f3n esencial<\/b> que rige la vida y el funcionamiento de nuestro centro educativo!<\/p>\n<div id=\"model-response-message-contentr_b9f50efc4c59f7c9\" class=\"markdown markdown-main-panel stronger enable-updated-hr-color\" dir=\"ltr\" aria-live=\"polite\">\n<p data-path-to-node=\"4\">El <b>Plan de Centro<\/b> es el marco estrat\u00e9gico fundamental que define nuestra identidad, establece nuestros objetivos y organiza los recursos para ofrecer una educaci\u00f3n de calidad. Representa el compromiso de toda la comunidad educativa con una visi\u00f3n y unos principios comunes.<\/p>\n<p data-path-to-node=\"5\">Aqu\u00ed podr\u00e1 consultar y descargar los documentos clave que lo componen:<\/p>\n<h3><b>Proyecto Educativo del Centro&nbsp;<\/b><\/h3>\n<ul>\n<li style=\"list-style-type: none\">\n<ul data-path-to-node=\"6,0,1\">\n<li>\n<p data-path-to-node=\"6,0,1,0,0\">Define nuestra <b>identidad<\/b> y el modelo educativo que impulsamos.<\/p>\n<\/li>\n<li>\n<p data-path-to-node=\"6,0,1,1,0\">Establece los <b>valores, fines<\/b> y las <b>prioridades<\/b> que orientan nuestra acci\u00f3n educativa.<\/p>\n<\/li>\n<li>\n<p data-path-to-node=\"6,0,1,2,0\">Incluye nuestros objetivos de centro y las l\u00edneas pedag\u00f3gicas.<\/p>\n<\/li>\n<\/ul>\n<\/li>\n<\/ul>\n<p data-path-to-node=\"6,0,1,2,0\"><b>Reglamento de Organizaci\u00f3n y Funcionamiento (ROF)<\/b><\/p>\n<ul>\n<li style=\"list-style-type: none\">\n<ul>\n<li style=\"list-style-type: none\">\n<ul data-path-to-node=\"6,1,1\">\n<li>\n<p data-path-to-node=\"6,1,1,0,0\">Establece las <b>normas de convivencia<\/b> y el <b>funcionamiento interno<\/b> de todos los miembros de la comunidad escolar (alumnado, profesorado, familias y personal no docente).<\/p>\n<\/li>\n<li>\n<p data-path-to-node=\"6,1,1,0,0\">Detalla la estructura organizativa, los procedimientos y la participaci\u00f3n.<\/p>\n<\/li>\n<\/ul>\n<\/li>\n<\/ul>\n<\/li>\n<\/ul>\n<h3><b>Proyecto de Gesti\u00f3n<\/b><\/h3>\n<ul data-path-to-node=\"6,2,1\">\n<li>\n<p data-path-to-node=\"6,2,1,0,0\">Describe la <b>gesti\u00f3n econ\u00f3mica, material y de recursos humanos<\/b> del centro.<\/p>\n<\/li>\n<li>\n<p data-path-to-node=\"6,2,1,1,0\">Garantiza la administraci\u00f3n eficiente de los medios disponibles para el desarrollo del PEC.<\/p>\n<\/li>\n<\/ul>\n<p data-path-to-node=\"7\">Le invitamos a explorar estos documentos para conocer en detalle la hoja de ruta de nuestro centro y la base de nuestro compromiso educativo.<\/p>\n<hr data-path-to-node=\"8\">\n<\/div>\n<p><a href=\"https:\/\/drive.google.com\/file\/d\/17Qeie3EbxMz72bO4fR4IiPicLJTxnhhT\/view?usp=sharing\"><strong>A) PROYECTO EDUCATIVO<\/strong><\/a><\/p>\n<ul>\n<li><a href=\"https:\/\/drive.google.com\/file\/d\/1BqpEC2NvGp4-hqMY-EcgRZTDK4hRfRtR\/view?usp=sharing\">CAP\u00cdTULO 8. PLAN DE ORIENTACI\u00d3N Y ACCI\u00d3N TUTORIAL <\/a>\n<ul>\n<li><a href=\"https:\/\/drive.google.com\/file\/d\/1ra_bBok1QxXUDTKvQ-LuJY20EZtSvczJ\/view?usp=sharing\">INFOGRAF\u00cdA PLAN DE ORIENTACI\u00d3N Y ACCI\u00d3N TUTORIAL<\/a><\/li>\n<\/ul>\n<\/li>\n<\/ul>\n<p><a href=\"https:\/\/drive.google.com\/file\/d\/1Lhjc3xgCFGiHZDpbH1W1K98FWGMAVj1_\/view?usp=sharing\"><strong>B)&nbsp;REGLAMENTO&nbsp;DE ORGANIZACI\u00d3N Y&nbsp;<\/strong><strong>FUNCIONAMIENTO<\/strong><\/a><\/p>\n<p><a href=\"https:\/\/drive.google.com\/file\/d\/1SWdVeiI1wbAGgO4Wqt1U8cA2_aMddSNV\/view?usp=sharing\"><strong>C)&nbsp;PROYECTO&nbsp;DE GESTI\u00d3N<\/strong><\/a><\/p>\n<h2>&nbsp;<\/h2>\n<h2><strong>OTROS DOCUMENTOS OFICIALES DEL CENTRO<\/strong><\/h2>\n<ul>\n<li><a href=\"https:\/\/view.genially.com\/65144a589c144d00116d24a0\/presentation-curriculo-infantil-y-primaria\"><strong>CURRICULO DE EDUCACI\u00d3N INFANTIL Y PRIMARIA (GENIALLY)<\/strong><\/a><\/li>\n<\/ul>\n<p>&nbsp;<\/p>\n","protected":false},"excerpt":{"rendered":"<p>DOCUMENTOS OFICIALES: PLAN DE CENTRO \u00a1Bienvenidos\/as a la secci\u00f3n dedicada a la documentaci\u00f3n esencial que rige la vida y el funcionamiento de nuestro centro educativo! El Plan de Centro es el marco estrat\u00e9gico fundamental&#46;&#46;&#46;<\/p>\n","protected":false},"author":1,"featured_media":0,"parent":0,"menu_order":0,"comment_status":"open","ping_status":"open","template":"page-templates\/child-menu.php","meta":{"ngg_post_thumbnail":0,"footnotes":"","_mc_calendar":[]},"aioseo_notices":[],"_links":{"self":[{"href":"https:\/\/blogsaverroes.juntadeandalucia.es\/ceipazahara\/wp-json\/wp\/v2\/pages\/49"}],"collection":[{"href":"https:\/\/blogsaverroes.juntadeandalucia.es\/ceipazahara\/wp-json\/wp\/v2\/pages"}],"about":[{"href":"https:\/\/blogsaverroes.juntadeandalucia.es\/ceipazahara\/wp-json\/wp\/v2\/types\/page"}],"author":[{"embeddable":true,"href":"https:\/\/blogsaverroes.juntadeandalucia.es\/ceipazahara\/wp-json\/wp\/v2\/users\/1"}],"replies":[{"embeddable":true,"href":"https:\/\/blogsaverroes.juntadeandalucia.es\/ceipazahara\/wp-json\/wp\/v2\/comments?post=49"}],"version-history":[{"count":20,"href":"https:\/\/blogsaverroes.juntadeandalucia.es\/ceipazahara\/wp-json\/wp\/v2\/pages\/49\/revisions"}],"predecessor-version":[{"id":4445,"href":"https:\/\/blogsaverroes.juntadeandalucia.es\/ceipazahara\/wp-json\/wp\/v2\/pages\/49\/revisions\/4445"}],"wp:attachment":[{"href":"https:\/\/blogsaverroes.juntadeandalucia.es\/ceipazahara\/wp-json\/wp\/v2\/media?parent=49"}],"curies":[{"name":"wp","href":"https:\/\/api.w.org\/{rel}","templated":true}]}}