{"id":77,"date":"2019-12-01T09:00:56","date_gmt":"2019-12-01T09:00:56","guid":{"rendered":"http:\/\/blogsaverroes.juntadeandalucia.es\/pre\/ceip\/?page_id=77"},"modified":"2020-09-04T08:21:46","modified_gmt":"2020-09-04T08:21:46","slug":"secretaria","status":"publish","type":"page","link":"https:\/\/blogsaverroes.juntadeandalucia.es\/ceipazahara\/secretaria\/","title":{"rendered":"Secretar\u00eda"},"content":{"rendered":"<p>La <strong>Secretar\u00eda<\/strong> desarrolla muchas funciones importantes en la vida del centro, especialmente en la relaci\u00f3n que mantiene con las familias en los diferentes tr\u00e1mites administrativos a lo largo de la escolarizaci\u00f3n: admisi\u00f3n, matr\u00edcula, comedor escolar, becas, etc.<\/p>\n<p>El horario de atenci\u00f3n a familias por parte de la Administrativa&nbsp; del Centro <span style=\"color: #0000ff\"><strong>D\u00f1a.Trinidad Aguayo P\u00e9rez<\/strong><\/span> es el siguiente:&nbsp;<\/p>\n<p style=\"text-align: center\"><span style=\"color: #00ccff\"><strong>De Lunes a Viernes :&nbsp; 9.30-13.30 horas<\/strong><\/span><\/p>\n<p style=\"text-align: center\"><strong>&nbsp;(BAJO CITA PREVIA)<\/strong><\/p>\n<p>En desplegable se podr\u00e1 acceder a todos los servicios ofertados en el Centro&nbsp; as\u00ed como descargar todos los impresos referentes a escolarizaci\u00f3n y solicitud de los servicios ofertados.&nbsp;<\/p>\n<h3><span style=\"color: #ff0000\"><strong>SOLICITUD DE CITA PREVIA:<\/strong><\/span><\/h3>\n<ul>\n<li><strong>Tel\u00e9fono: <\/strong>957379598 \/ 671534083<\/li>\n<\/ul>\n","protected":false},"excerpt":{"rendered":"<p>La Secretar\u00eda desarrolla muchas funciones importantes en la vida del centro, especialmente en la relaci\u00f3n que mantiene con las familias en los diferentes tr\u00e1mites administrativos a lo largo de la escolarizaci\u00f3n: admisi\u00f3n, matr\u00edcula, comedor&#46;&#46;&#46;<\/p>\n","protected":false},"author":1,"featured_media":0,"parent":0,"menu_order":0,"comment_status":"open","ping_status":"open","template":"page-templates\/child-menu.php","meta":{"ngg_post_thumbnail":0,"footnotes":"","_mc_calendar":[]},"aioseo_notices":[],"_links":{"self":[{"href":"https:\/\/blogsaverroes.juntadeandalucia.es\/ceipazahara\/wp-json\/wp\/v2\/pages\/77"}],"collection":[{"href":"https:\/\/blogsaverroes.juntadeandalucia.es\/ceipazahara\/wp-json\/wp\/v2\/pages"}],"about":[{"href":"https:\/\/blogsaverroes.juntadeandalucia.es\/ceipazahara\/wp-json\/wp\/v2\/types\/page"}],"author":[{"embeddable":true,"href":"https:\/\/blogsaverroes.juntadeandalucia.es\/ceipazahara\/wp-json\/wp\/v2\/users\/1"}],"replies":[{"embeddable":true,"href":"https:\/\/blogsaverroes.juntadeandalucia.es\/ceipazahara\/wp-json\/wp\/v2\/comments?post=77"}],"version-history":[{"count":11,"href":"https:\/\/blogsaverroes.juntadeandalucia.es\/ceipazahara\/wp-json\/wp\/v2\/pages\/77\/revisions"}],"predecessor-version":[{"id":2602,"href":"https:\/\/blogsaverroes.juntadeandalucia.es\/ceipazahara\/wp-json\/wp\/v2\/pages\/77\/revisions\/2602"}],"wp:attachment":[{"href":"https:\/\/blogsaverroes.juntadeandalucia.es\/ceipazahara\/wp-json\/wp\/v2\/media?parent=77"}],"curies":[{"name":"wp","href":"https:\/\/api.w.org\/{rel}","templated":true}]}}