{"id":2768,"date":"2022-09-19T13:25:46","date_gmt":"2022-09-19T11:25:46","guid":{"rendered":"http:\/\/blogsaverroes.juntadeandalucia.es\/ceipaznaitin\/?page_id=2768"},"modified":"2024-02-22T12:23:07","modified_gmt":"2024-02-22T10:23:07","slug":"programaciones-didacticas","status":"publish","type":"page","link":"https:\/\/blogsaverroes.juntadeandalucia.es\/ceipaznaitin\/programaciones-didacticas\/","title":{"rendered":"CRITERIOS DE EVALUACI\u00d3N"},"content":{"rendered":"<h2><strong>INFANTIL<\/strong><\/h2>\n<p><a href=\"https:\/\/drive.google.com\/file\/d\/129RQyqVWjTtFZeyT2osikIFWwhoH5fBV\/view?usp=sharing\">CRITERIOS DE EVALUACI\u00d3N EDUCACI\u00d3N INFANTIL 3 A\u00d1OS<\/a><\/p>\n<p><a href=\"https:\/\/drive.google.com\/file\/d\/129RQyqVWjTtFZeyT2osikIFWwhoH5fBV\/view?usp=sharing\">INDICADORES DE EVALUACI\u00d3N FINAL DE NIVEL. 4 A\u00d1OS<\/a><\/p>\n<p><a href=\"https:\/\/drive.google.com\/file\/d\/129RQyqVWjTtFZeyT2osikIFWwhoH5fBV\/view?usp=sharing\">INDICADORES DE EVALUACI\u00d3N FINAL DE NIVEL. 5 A\u00d1OS<\/a><\/p>\n<h2><strong>PRIMARIA:<\/strong><\/h2>\n<h3><strong>Primer Ciclo:<\/strong><\/h3>\n<p><a href=\"https:\/\/drive.google.com\/file\/d\/1pfkFqwtD9UiWZ4wt4Z-pMu5EIrbx6ilN\/view?usp=sharing\">CRITERIOS DE EVALUACI\u00d3N 1\u00ba EP<\/a><\/p>\n<p><a href=\"https:\/\/drive.google.com\/file\/d\/1AbbUUcpnlAgbyfXVWXMs8MBPUlG8nqqS\/view?usp=sharing\">CRITERIOS DE EVALUACI\u00d3N 2\u00ba EP<\/a><\/p>\n<h3><strong>Segundo Ciclo:<\/strong><\/h3>\n<p><a href=\"https:\/\/drive.google.com\/file\/d\/163NQdYGcQKav6pATNZBXSles_BKljndu\/view?usp=sharing\">CRITERIOS DE EVALUACI\u00d3N 3\u00ba EP<\/a><\/p>\n<p><a href=\"https:\/\/drive.google.com\/file\/d\/1xEpG4d4RVvuWU9N_k8pYCNo2Is5h_t2g\/view?usp=sharing\">CRITERIOS DE EVALUACI\u00d3N 4\u00ba EP<\/a><\/p>\n<h3><strong>Tercer Ciclo:<\/strong><\/h3>\n<p><a href=\"https:\/\/drive.google.com\/file\/d\/1Mgdoi8jsf-d88TH53OMnZZz31ieYn_nu\/view?usp=sharing\">CRITERIOS DE EVALUACI\u00d3N 5\u00ba EP<\/a><\/p>\n<p><a href=\"https:\/\/drive.google.com\/file\/d\/1oVV9P9E57Wx2K51mAVVuDDwkZLUh3AsM\/view?usp=sharing\">CRITERIOS DE EVALUACI\u00d3N 6\u00ba EP<\/a><\/p>\n<h3><strong>Educaci\u00f3n Secundaria Obligatoria (1\u00ba y 2\u00ba):<\/strong><\/h3>\n<p><a href=\"https:\/\/drive.google.com\/file\/d\/1pUO3iUuXXTJ8VezHOme2rJX_ioHwiF5F\/view?usp=sharing\">CRITERIOS DE EVALUACI\u00d3N 1\u00ba ESO<\/a><\/p>\n<p><a href=\"https:\/\/drive.google.com\/file\/d\/1e6ugwMI_QIw0MStLhoj_PE_P32cCLGxW\/view?usp=sharing\">CRITERIOS DE EVALUACI\u00d3N 2\u00ba ESO<\/a><\/p>\n<h2><strong>AULA ESPEC\u00cdFICA:<\/strong><\/h2>\n<p><a href=\"https:\/\/drive.google.com\/file\/d\/1YeoLBz3pmunSrbuRiC_xXBFmM_T3IFGP\/view?usp=sharing\">CRITERIOS DE EVALUACI\u00d3N DEL AULA ESPEC\u00cdFICA<\/a><\/p>\n<p>&nbsp;<\/p>\n<p>&nbsp;<\/p>\n<p>&nbsp;<\/p>\n","protected":false},"excerpt":{"rendered":"<p>INFANTIL CRITERIOS DE EVALUACI\u00d3N EDUCACI\u00d3N INFANTIL 3 A\u00d1OS INDICADORES DE EVALUACI\u00d3N FINAL DE NIVEL. 4 A\u00d1OS INDICADORES DE EVALUACI\u00d3N FINAL DE NIVEL. 5 A\u00d1OS PRIMARIA: Primer Ciclo: CRITERIOS DE EVALUACI\u00d3N 1\u00ba EP CRITERIOS DE EVALUACI\u00d3N 2\u00ba EP Segundo Ciclo: CRITERIOS DE EVALUACI\u00d3N 3\u00ba EP CRITERIOS DE EVALUACI\u00d3N 4\u00ba EP Tercer Ciclo: CRITERIOS DE EVALUACI\u00d3N 5\u00ba &hellip; <\/p>\n<p><a class=\"more-link btn\" href=\"https:\/\/blogsaverroes.juntadeandalucia.es\/ceipaznaitin\/programaciones-didacticas\/\">Seguir leyendo<\/a><\/p>\n","protected":false},"author":2805,"featured_media":0,"parent":0,"menu_order":0,"comment_status":"closed","ping_status":"closed","template":"","meta":{"ngg_post_thumbnail":0,"footnotes":"","_mc_calendar":[]},"aioseo_notices":[],"_links":{"self":[{"href":"https:\/\/blogsaverroes.juntadeandalucia.es\/ceipaznaitin\/wp-json\/wp\/v2\/pages\/2768"}],"collection":[{"href":"https:\/\/blogsaverroes.juntadeandalucia.es\/ceipaznaitin\/wp-json\/wp\/v2\/pages"}],"about":[{"href":"https:\/\/blogsaverroes.juntadeandalucia.es\/ceipaznaitin\/wp-json\/wp\/v2\/types\/page"}],"author":[{"embeddable":true,"href":"https:\/\/blogsaverroes.juntadeandalucia.es\/ceipaznaitin\/wp-json\/wp\/v2\/users\/2805"}],"replies":[{"embeddable":true,"href":"https:\/\/blogsaverroes.juntadeandalucia.es\/ceipaznaitin\/wp-json\/wp\/v2\/comments?post=2768"}],"version-history":[{"count":83,"href":"https:\/\/blogsaverroes.juntadeandalucia.es\/ceipaznaitin\/wp-json\/wp\/v2\/pages\/2768\/revisions"}],"predecessor-version":[{"id":7626,"href":"https:\/\/blogsaverroes.juntadeandalucia.es\/ceipaznaitin\/wp-json\/wp\/v2\/pages\/2768\/revisions\/7626"}],"wp:attachment":[{"href":"https:\/\/blogsaverroes.juntadeandalucia.es\/ceipaznaitin\/wp-json\/wp\/v2\/media?parent=2768"}],"curies":[{"name":"wp","href":"https:\/\/api.w.org\/{rel}","templated":true}]}}