{"id":2892,"date":"2018-01-09T12:12:45","date_gmt":"2018-01-09T10:12:45","guid":{"rendered":"http:\/\/blogsaverroes.juntadeandalucia.es\/ceipaznaitin\/?page_id=2892"},"modified":"2018-01-09T12:24:13","modified_gmt":"2018-01-09T10:24:13","slug":"matematicas-2o-tema-5","status":"publish","type":"page","link":"https:\/\/blogsaverroes.juntadeandalucia.es\/ceipaznaitin\/matematicas-2o-tema-5\/","title":{"rendered":"Matem\u00e1ticas 2\u00ba Tema 5"},"content":{"rendered":"<p><strong>N\u00fameros del 400 al 499<\/strong><\/p>\n<p><a style=\"font-size: 14px;line-height: 22.4px;text-align: -webkit-center\" href=\"http:\/\/www.ceiploreto.es\/sugerencias\/cp.juan.de.la.cosa\/Actividadespdimates2\/01\/07\/03\/010703.swf\" target=\"_blank\" rel=\"noopener\">LOS N\u00daMEROS DEL 400 AL 499<\/a><\/p>\n<p><a style=\"font-size: 14px;line-height: 22.4px;text-align: -webkit-center\" href=\"http:\/\/www.testeando.es\/test.asp?idA=64&amp;idT=pyispkze\" target=\"_blank\" rel=\"noopener\">TEST: LOS N\u00daMEROS DEL 200 AL 499<\/a><\/p>\n<p><a style=\"font-size: 14px;line-height: 22.4px;text-align: -webkit-center\" href=\"http:\/\/www.ceiploreto.es\/sugerencias\/A_1\/Recursosdidacticos\/SEGUNDO\/datos\/02_Mates\/03_Recursos\/01_t\/actividades\/numeros\/04.htm\" target=\"_blank\" rel=\"noopener\">ORDENAR N\u00daMEROS<\/a><\/p>\n<p><a style=\"font-size: 14px;line-height: 22.4px;text-align: -webkit-center\" href=\"http:\/\/primerodecarlos.com\/SEGUNDO_PRIMARIA\/tengo_todo_4\/root_globalizado4\/libro\/6169\/ISBN_9788467808803\/activity\/U05_167_01_AI\/visor.swf\" target=\"_blank\" rel=\"noopener\">ESCRIBE CON CIFRAS<\/a><\/p>\n<p><a style=\"font-size: 14px;line-height: 22.4px;text-align: -webkit-center\" href=\"http:\/\/primerodecarlos.com\/SEGUNDO_PRIMARIA\/tengo_todo_4\/root_globalizado4\/libro\/6169\/ISBN_9788467808803\/activity\/U05_167_02_AI\/visor.swf\" target=\"_blank\" rel=\"noopener\">COLOREA LOS N\u00daMEROS<\/a><\/p>\n<p><a style=\"font-size: 14px;line-height: 22.4px;text-align: -webkit-center\" href=\"http:\/\/primerodecarlos.com\/SEGUNDO_PRIMARIA\/tengo_todo_4\/root_globalizado4\/libro\/6169\/ISBN_9788467808803\/activity\/U05_167_03_AIn\/visor.swf\" target=\"_blank\" rel=\"noopener\">ESCRIBE Y ORDENA<\/a><\/p>\n<p><a style=\"font-size: 14px;line-height: 22.4px;text-align: -webkit-center\" href=\"http:\/\/primerodecarlos.com\/SEGUNDO_PRIMARIA\/tengo_todo_4\/root_globalizado4\/libro\/6169\/ISBN_9788467808803\/activity\/U05_166_03_AIn\/visor.swf\" target=\"_blank\" rel=\"noopener\">CUENTA DE 10 EN 10<\/a><\/p>\n<p><a style=\"font-size: 14px;line-height: 22.4px;text-align: -webkit-center\" href=\"http:\/\/primerodecarlos.com\/SEGUNDO_PRIMARIA\/diciembre\/Unidad5\/actividades\/MATES\/400\/400_499_10.swf\" target=\"_blank\" rel=\"noopener\">RAZONAMIENTO<\/a><\/p>\n<p><a style=\"font-size: 14px;line-height: 22.4px;text-align: -webkit-center\" href=\"http:\/\/primerodecarlos.com\/SEGUNDO_PRIMARIA\/diciembre\/Unidad5\/actividades\/MATES\/400_499.swf\" target=\"_blank\" rel=\"noopener\">ESCRIBE EL SIGNO QUE CORRESPONDE<\/a><\/p>\n<p><a style=\"font-size: 14px;line-height: 22.4px;text-align: -webkit-center\" href=\"http:\/\/primerodecarlos.com\/SEGUNDO_PRIMARIA\/diciembre\/Unidad5\/actividades\/MATES\/400_499_2.swf\" target=\"_blank\" rel=\"noopener\">COMPLETA LOS N\u00daMEROS QUE FALTAN<\/a><\/p>\n<p><a style=\"font-size: 14px;line-height: 22.4px;text-align: -webkit-center\" href=\"http:\/\/primerodecarlos.com\/SEGUNDO_PRIMARIA\/diciembre\/Unidad5\/actividades\/MATES\/400_499_3.swf\" target=\"_blank\" rel=\"noopener\">VERDADERO O FALSO<\/a><\/p>\n<p><a style=\"font-size: 14px;line-height: 22.4px;text-align: -webkit-center\" href=\"http:\/\/primerodecarlos.com\/SEGUNDO_PRIMARIA\/diciembre\/Unidad5\/actividades\/MATES\/400_499_4.swf\" target=\"_blank\" rel=\"noopener\">AVERIGUA QU\u00c9 N\u00daMEROS SON<\/a><\/p>\n<p><a style=\"font-size: 14px;line-height: 22.4px;text-align: -webkit-center\" href=\"http:\/\/primerodecarlos.com\/SEGUNDO_PRIMARIA\/diciembre\/Unidad5\/actividades\/MATES\/400_499_5.swf\" target=\"_blank\" rel=\"noopener\">COMPLETA LAS TABLAS<\/a><\/p>\n<p><a style=\"font-size: 14px;line-height: 22.4px;text-align: -webkit-center\" href=\"http:\/\/primerodecarlos.com\/SEGUNDO_PRIMARIA\/diciembre\/Unidad5\/actividades\/MATES\/400_499_6.swf\" target=\"_blank\" rel=\"noopener\">ESCRIBE LOS N\u00daMEROS DESAPARECIDOS<\/a><\/p>\n<p><a style=\"font-size: 14px;line-height: 22.4px;text-align: -webkit-center\" href=\"http:\/\/primerodecarlos.com\/SEGUNDO_PRIMARIA\/diciembre\/Unidad5\/actividades\/MATES\/400_499_7.swf\" target=\"_blank\" rel=\"noopener\">ESCRIBE N\u00daMEROS DISTINTOS<\/a><\/p>\n<p><a style=\"font-size: 14px;line-height: 22.4px;text-align: -webkit-center\" href=\"http:\/\/primerodecarlos.com\/SEGUNDO_PRIMARIA\/diciembre\/Unidad5\/actividades\/MATES\/400_499_8.swf\" target=\"_blank\" rel=\"noopener\">COMPLETA LA SERIE<\/a><\/p>\n<p><a style=\"font-size: 14px;line-height: 22.4px;text-align: -webkit-center\" href=\"http:\/\/primerodecarlos.com\/SEGUNDO_PRIMARIA\/diciembre\/Unidad5\/actividades\/MATES\/series_400_499.swf\" target=\"_blank\" rel=\"noopener\">CALCULA<\/a><\/p>\n<p><a style=\"font-size: 14px;line-height: 22.4px;text-align: -webkit-center\" href=\"http:\/\/bromera.com\/tl_files\/activitatsdigitals\/capicua_2c_PF\/CAPICUA2-U3-PAG35-CAS.swf\" target=\"_blank\" rel=\"noopener\">MAYORES QUE 200<\/a><\/p>\n<p><a style=\"font-size: 14px;line-height: 22.4px;text-align: -webkit-center\" href=\"http:\/\/bromera.com\/tl_files\/activitatsdigitals\/capicua_2c_PF\/CAPICUA2-U5-PAG09-CAS.swf\" target=\"_blank\" rel=\"noopener\">\u00bfMAYOR, MENOR O IGUAL?<\/a><\/p>\n<p><a style=\"font-size: 14px;line-height: 22.4px\" href=\"http:\/\/www.ceiploreto.es\/sugerencias\/cplosangeles.juntaextremadura.net\/web\/segundo_curso\/matematicas_2\/numeros07\/numeros07.html\" target=\"_blank\" rel=\"noopener\">SUMA Y RESTA HASTA 499<\/a><\/p>\n<p><strong>Aproximaci\u00f3n de n\u00fameros (D, C)<\/strong><\/p>\n<p><a style=\"font-size: 14px;line-height: 22.4px;text-align: -webkit-center\" href=\"http:\/\/www.eltanquematematico.es\/decenas\/decenas_p.html\" target=\"_blank\" rel=\"noopener\">APROXIMACI\u00d3N A LAS DECENAS<\/a><span style=\"font-size: 14px;line-height: 22.4px;text-align: -webkit-center\">&nbsp;<\/span><\/p>\n<p><a style=\"font-size: 14px;line-height: 22.4px;text-align: -webkit-center\" href=\"http:\/\/genmagic.net\/repositorio\/displayimage.php?pos=-202\" target=\"_blank\" rel=\"noopener\">LA DECENA M\u00c1S PR\u00d3XIMA<\/a><\/p>\n<p><a style=\"font-size: 14px;line-height: 22.4px;text-align: -webkit-center\" href=\"http:\/\/www.ceiploreto.es\/sugerencias\/cp.juan.de.la.cosa\/Actividadespdimates2\/01\/03\/02\/010302.swf\" target=\"_blank\" rel=\"noopener\">LA DECENA M\u00c1S CERCANA<\/a><\/p>\n<p><a style=\"font-size: 14px;line-height: 22.4px;text-align: -webkit-center\" href=\"http:\/\/www.primaria.librosvivos.net\/archivosCMS\/3\/3\/16\/usuarios\/103294\/9\/2epmtcp_ud7_act1\/carcasa.swf\" target=\"_blank\" rel=\"noopener\">CONOZCO LOS N\u00daMEROS. REDONDEO<\/a><\/p>\n<p><a style=\"font-size: 14px;line-height: 22.4px;text-align: -webkit-center\" href=\"http:\/\/primerodecarlos.com\/SEGUNDO_PRIMARIA\/tengo_todo_4\/root_globalizado4\/libro\/6169\/ISBN_9788467808803\/activity\/U04_144_01_AI\/visor.swf\" target=\"_blank\" rel=\"noopener\">APRENDE I<\/a><\/p>\n<p><a style=\"font-size: 14px;line-height: 22.4px;text-align: -webkit-center\" href=\"http:\/\/primerodecarlos.com\/SEGUNDO_PRIMARIA\/tengo_todo_4\/root_globalizado4\/libro\/6169\/ISBN_9788467808803\/activity\/U04_144_02_A\/visor.swf\" target=\"_blank\" rel=\"noopener\">COMPLETA<\/a><\/p>\n<p><a style=\"font-size: 14px;line-height: 22.4px;text-align: -webkit-center\" href=\"http:\/\/primerodecarlos.com\/SEGUNDO_PRIMARIA\/tengo_todo_4\/root_globalizado4\/libro\/6169\/ISBN_9788467808803\/activity\/U04_144_04_AI2\/visor.swf\" target=\"_blank\" rel=\"noopener\">ESCRIBE LA DECENA M\u00c1S CERCANA<\/a><\/p>\n<p><a style=\"font-size: 14px;line-height: 22.4px;text-align: -webkit-center\" href=\"http:\/\/primerodecarlos.com\/SEGUNDO_PRIMARIA\/noviembre\/Unidad_4\/actividades\/mates_unidad4\/decena_mas_proxima.swf\" target=\"_blank\" rel=\"noopener\">APROXIMA A LA DECENA M\u00c1S CERCANA<\/a><\/p>\n<p><a style=\"font-size: 14px;line-height: 22.4px;text-align: -webkit-center\" href=\"http:\/\/primerodecarlos.com\/SEGUNDO_PRIMARIA\/tengo_todo_4\/root_globalizado4\/libro\/6169\/ISBN_9788467808803\/activity\/U04_145_01_AI\/visor.swf\" target=\"_blank\" rel=\"noopener\">APRENDE II<\/a><\/p>\n<p><a style=\"font-size: 14px;line-height: 22.4px;text-align: -webkit-center\" href=\"http:\/\/primerodecarlos.com\/SEGUNDO_PRIMARIA\/noviembre\/Unidad_4\/actividades\/mates_unidad4\/centena_mas_proxima_a.swf\" target=\"_blank\" rel=\"noopener\">ESCRIBE LA CENTENA M\u00c1S PR\u00d3XIMA<\/a><\/p>\n<p><a style=\"font-size: 14px;line-height: 22.4px;text-align: -webkit-center\" href=\"http:\/\/primerodecarlos.com\/SEGUNDO_PRIMARIA\/noviembre\/Unidad_4\/actividades\/mates_unidad4\/centena_mas_proxima_b.swf\" target=\"_blank\" rel=\"noopener\">COMPLETA ESCRIBIENDO LA CENTENA<\/a><\/p>\n<p><a style=\"font-size: 14px;line-height: 22.4px;text-align: -webkit-center\" href=\"http:\/\/primerodecarlos.com\/SEGUNDO_PRIMARIA\/tengo_todo_4\/root_globalizado4\/libro\/6169\/ISBN_9788467808803\/activity\/U04_145_04_AI2\/visor.swf\" target=\"_blank\" rel=\"noopener\">PIENSA Y CONTESTA<\/a><\/p>\n<p><strong>Resta con llevadas (3 d\u00edg.)<\/strong><\/p>\n<p><a style=\"font-size: 14px;line-height: 22.4px;text-align: -webkit-center\" href=\"http:\/\/www.crienaturavila.com\/crie_httpdocs\/mate\/resta52.html\" target=\"_blank\" rel=\"noopener\">RESTAS DE N\u00daMEROS NATURALES I<\/a><\/p>\n<p><a style=\"font-size: 14px;line-height: 22.4px;text-align: -webkit-center\" href=\"http:\/\/www.crienaturavila.com\/crie_httpdocs\/mate\/resta53.html\" target=\"_blank\" rel=\"noopener\">RESTAS DE N\u00daMEROS NATURALES II<\/a><\/p>\n<p><a style=\"font-size: 14px;line-height: 22.4px;text-align: -webkit-center\" href=\"http:\/\/www.crienaturavila.com\/crie_httpdocs\/mate\/resta54.html\" target=\"_blank\" rel=\"noopener\">RESTAS DE N\u00daMEROS NATURALES III<\/a><\/p>\n<p><a style=\"font-size: 14px;line-height: 22.4px;text-align: -webkit-center\" href=\"http:\/\/www.crienaturavila.com\/crie_httpdocs\/mate\/resta55.html\" target=\"_blank\" rel=\"noopener\">RESTAS DE N\u00daMEROS NATURALES IV<\/a><\/p>\n<p><a style=\"font-size: 14px;line-height: 22.4px;text-align: -webkit-center\" href=\"http:\/\/www.eltanquematematico.es\/OtraFormaDeRestar\/pagrestar_p.html\" target=\"_blank\" rel=\"noopener\">OTRA FORMA DE RESTAR<\/a><\/p>\n<p><a style=\"font-size: 14px;line-height: 22.4px;text-align: -webkit-center\" href=\"http:\/\/genmagic.org\/mates1\/animmat6c.swf\" target=\"_blank\" rel=\"noopener\">RESTAS<\/a><\/p>\n<p><a style=\"font-size: 14px;line-height: 22.4px\" href=\"http:\/\/2633518-0.web-hosting.es\/blog\/suma_resta_estandar\/suma_bloques_estandar.html\" target=\"_blank\" rel=\"noopener\">ALGORITMOS EST\u00c1NDAR PARA LA SUMA Y LA RESTA<\/a><\/p>\n<p><strong>Multiplicaci\u00f3n y t\u00e9rminos<\/strong><\/p>\n<p><a style=\"font-size: 14px;line-height: 22.4px;text-align: -webkit-center\" href=\"http:\/\/www.ceiploreto.es\/sugerencias\/cp.juan.de.la.cosa\/Actividadespdimates2\/01\/07\/01\/010701.swf\" target=\"_blank\" rel=\"noopener\">LA MULTIPLICACI\u00d3N Y LA SUMA<\/a><\/p>\n<p><a style=\"font-size: 14px;line-height: 22.4px;text-align: -webkit-center\" href=\"http:\/\/2633518-0.web-hosting.es\/blog\/manipulables\/numeracion\/ilustramulti.swf\" target=\"_blank\" rel=\"noopener\">LA MULTIPLICACI\u00d3N. INTRODUCCI\u00d3N<\/a><\/p>\n<p><a style=\"font-size: 14px;line-height: 22.4px;text-align: -webkit-center\" href=\"http:\/\/www.primerodecarlos.com\/SEGUNDO_PRIMARIA\/tengo_todo_4\/root_globalizado5\/ISBN_9788467808810\/activity\/U03_104_01_AI\/visor.swf\" target=\"_blank\" rel=\"noopener\">APRENDE<\/a><\/p>\n<p><a style=\"font-size: 14px;line-height: 22.4px;text-align: -webkit-center\" href=\"http:\/\/www.primerodecarlos.com\/SEGUNDO_PRIMARIA\/tengo_todo_4\/root_globalizado5\/ISBN_9788467808810\/activity\/U03_117_02_AI\/visor.swf\" target=\"_blank\" rel=\"noopener\">ESCRIBE ESTAS MULTIPLICACIONES<\/a><\/p>\n<p><a style=\"font-size: 14px;line-height: 22.4px;text-align: -webkit-center\" href=\"http:\/\/www.primerodecarlos.com\/SEGUNDO_PRIMARIA\/tengo_todo_4\/root_globalizado5\/ISBN_9788467808810\/activity\/U03_104_02a\/visor.swf\" target=\"_blank\" rel=\"noopener\">COMPLETA<\/a><\/p>\n<p><strong>Simetr\u00eda y eje de simetr\u00eda<\/strong><\/p>\n<p><a style=\"font-size: 14px;line-height: 22.4px;text-align: -webkit-center\" href=\"http:\/\/www.genmagic.org\/mates2\/simetria_ca.swf\" target=\"_blank\" rel=\"noopener\">SIMETR\u00cdA I<\/a><\/p>\n<p><a style=\"font-size: 14px;line-height: 22.4px;text-align: -webkit-center\" href=\"http:\/\/www.ceiploreto.es\/sugerencias\/cp.juan.de.la.cosa\/Actividadespdimates2\/01\/13\/01\/011301.swf\" target=\"_blank\" rel=\"noopener\">SIMETR\u00cdA II<\/a><\/p>\n<p><a style=\"font-size: 14px;line-height: 22.4px;text-align: -webkit-center\" href=\"http:\/\/www.primerodecarlos.com\/SEGUNDO_PRIMARIA\/abril\/tema2-3\/actividades\/mates\/aprende_simetria\/visor.swf\" target=\"_blank\" rel=\"noopener\">APRENDE I<\/a><\/p>\n<p><a style=\"font-size: 14px;line-height: 22.4px;text-align: -webkit-center\" href=\"http:\/\/www.primerodecarlos.com\/SEGUNDO_PRIMARIA\/abril\/tema2-3\/actividades\/mates\/aprende_simetrias.swf\" target=\"_blank\" rel=\"noopener\">APRENDE II<\/a><\/p>\n<p><a style=\"font-size: 14px;line-height: 22.4px;text-align: -webkit-center\" href=\"http:\/\/www.primerodecarlos.com\/SEGUNDO_PRIMARIA\/abril\/tema2-3\/actividades\/mates\/simetria1.swf\" target=\"_blank\" rel=\"noopener\">OBSERVA<\/a><\/p>\n<p><a style=\"font-size: 14px;line-height: 22.4px;text-align: -webkit-center\" href=\"http:\/\/www.primerodecarlos.com\/SEGUNDO_PRIMARIA\/abril\/tema2-3\/actividades\/mates\/simetria.swf\" target=\"_blank\" rel=\"noopener\">CONSTRUYE FIGURAS SIM\u00c9TRICAS<\/a><\/p>\n<p><a style=\"font-size: 14px;line-height: 22.4px\" href=\"http:\/\/www.genmagic.org\/repositorio\/albums\/userpics\/simetria2c.swf\" target=\"_blank\" rel=\"noopener\">\u00bfSON SIM\u00c9TRICOS?<\/a><\/p>\n<p><a href=\"http:\/\/2633518-0.web-hosting.es\/blog\/lineas\/la_simetria.html\" target=\"_blank\" rel=\"noopener\">SIMETR\u00cdA III<\/a><\/p>\n<p><strong>Traslaciones<\/strong><\/p>\n<p><a href=\"http:\/\/www.ceiploreto.es\/sugerencias\/juegos_educativos\/14\/Simetria_traslacion\/index.html\" target=\"_blank\" rel=\"noopener\">SIMETR\u00cdA Y TRASLACI\u00d3N<\/a><\/p>\n<p><strong>Resuelve problemas<\/strong><\/p>\n<p><a style=\"font-size: 14px;line-height: 22.4px;text-align: -webkit-center\" href=\"http:\/\/www.ceiploreto.es\/sugerencias\/cp.juan.de.la.cosa\/Actividadespdimates2\/01\/06\/05\/010605.swf\" target=\"_blank\" rel=\"noopener\">PROBLEMA<\/a><\/p>\n<p><a style=\"font-size: 14px;line-height: 22.4px;text-align: -webkit-center\" href=\"http:\/\/www.primaria.librosvivos.net\/archivosCMS\/3\/3\/16\/usuarios\/103294\/9\/2epmtcp_ud6_act2\/carcasa.swf\" target=\"_blank\" rel=\"noopener\">RESUELVO PROBLEMAS<\/a><\/p>\n<p><a style=\"font-size: 14px;line-height: 22.4px;text-align: -webkit-center\" href=\"http:\/\/www.primaria.librosvivos.net\/archivosCMS\/3\/3\/16\/usuarios\/103294\/9\/2epmatcp_ud6_ap_cas\/actividad.swf\" target=\"_blank\" rel=\"noopener\">APRENDO A PENSAR I<\/a><\/p>\n<p><a href=\"http:\/\/www.primaria.librosvivos.net\/archivosCMS\/3\/3\/16\/usuarios\/103294\/9\/2epmatcp_ud7_ap_cas\/actividad.swf\" target=\"_blank\" rel=\"noopener\">APRENDO A PENSAR II<\/a><\/p>\n<p><a href=\"http:\/\/www.primaria.librosvivos.net\/archivosCMS\/3\/3\/16\/usuarios\/103294\/9\/2epmtcp_ud6_rep\/carcasa.swf\" target=\"_blank\" rel=\"noopener\">REPASO I<\/a><\/p>\n<p><a href=\"http:\/\/www.ceiploreto.es\/sugerencias\/Lim\/matematicas_2\/mates2_5\/mates2_5.html\" target=\"_blank\" rel=\"noopener\">REPASO II<\/a><\/p>\n","protected":false},"excerpt":{"rendered":"<p>N\u00fameros del 400 al 499 LOS N\u00daMEROS DEL 400 AL 499 TEST: LOS N\u00daMEROS DEL 200 AL 499 ORDENAR N\u00daMEROS ESCRIBE CON CIFRAS COLOREA LOS N\u00daMEROS ESCRIBE Y ORDENA CUENTA DE 10 EN 10 RAZONAMIENTO ESCRIBE EL SIGNO QUE CORRESPONDE COMPLETA LOS N\u00daMEROS QUE FALTAN VERDADERO O FALSO AVERIGUA QU\u00c9 N\u00daMEROS SON COMPLETA LAS TABLAS &hellip; <\/p>\n<p><a class=\"more-link btn\" href=\"https:\/\/blogsaverroes.juntadeandalucia.es\/ceipaznaitin\/matematicas-2o-tema-5\/\">Seguir leyendo<\/a><\/p>\n","protected":false},"author":2805,"featured_media":0,"parent":0,"menu_order":0,"comment_status":"closed","ping_status":"closed","template":"","meta":{"ngg_post_thumbnail":0,"footnotes":"","_mc_calendar":[]},"aioseo_notices":[],"_links":{"self":[{"href":"https:\/\/blogsaverroes.juntadeandalucia.es\/ceipaznaitin\/wp-json\/wp\/v2\/pages\/2892"}],"collection":[{"href":"https:\/\/blogsaverroes.juntadeandalucia.es\/ceipaznaitin\/wp-json\/wp\/v2\/pages"}],"about":[{"href":"https:\/\/blogsaverroes.juntadeandalucia.es\/ceipaznaitin\/wp-json\/wp\/v2\/types\/page"}],"author":[{"embeddable":true,"href":"https:\/\/blogsaverroes.juntadeandalucia.es\/ceipaznaitin\/wp-json\/wp\/v2\/users\/2805"}],"replies":[{"embeddable":true,"href":"https:\/\/blogsaverroes.juntadeandalucia.es\/ceipaznaitin\/wp-json\/wp\/v2\/comments?post=2892"}],"version-history":[{"count":10,"href":"https:\/\/blogsaverroes.juntadeandalucia.es\/ceipaznaitin\/wp-json\/wp\/v2\/pages\/2892\/revisions"}],"predecessor-version":[{"id":2903,"href":"https:\/\/blogsaverroes.juntadeandalucia.es\/ceipaznaitin\/wp-json\/wp\/v2\/pages\/2892\/revisions\/2903"}],"wp:attachment":[{"href":"https:\/\/blogsaverroes.juntadeandalucia.es\/ceipaznaitin\/wp-json\/wp\/v2\/media?parent=2892"}],"curies":[{"name":"wp","href":"https:\/\/api.w.org\/{rel}","templated":true}]}}