{"id":2990,"date":"2018-01-10T14:33:23","date_gmt":"2018-01-10T12:33:23","guid":{"rendered":"http:\/\/blogsaverroes.juntadeandalucia.es\/ceipaznaitin\/?page_id=2990"},"modified":"2018-01-15T10:42:28","modified_gmt":"2018-01-15T08:42:28","slug":"lengua-castellana-4o-tema-5","status":"publish","type":"page","link":"https:\/\/blogsaverroes.juntadeandalucia.es\/ceipaznaitin\/lengua-castellana-4o-tema-5\/","title":{"rendered":"Lengua Castellana 4\u00ba Tema 5"},"content":{"rendered":"<p><strong>Contar una noticia<\/strong><\/p>\n<p><a href=\"http:\/\/www.educa.jcyl.es\/educacyl\/cm\/gallery\/recursos_odes\/2007\/lengua\/lc003_es\/\/lc003_oa01_es\/index.html\" target=\"_blank\" rel=\"noopener\">LAS NOTICIAS DE LA RADIO<\/a><\/p>\n<p><strong>Los determinantes I. El art\u00edculo y el demostrativo<\/strong><\/p>\n<p><a style=\"font-size: 14px;line-height: 22.4px;text-align: -webkit-center\" href=\"http:\/\/agrega2.red.es\/\/repositorio\/01022010\/2e\/es_2008112812_7250092\/index.html\" target=\"_blank\" rel=\"noopener\">ART\u00cdCULO<\/a><\/p>\n<p><a style=\"font-size: 14px;line-height: 22.4px;text-align: -webkit-center\" href=\"http:\/\/www.primaria.librosvivos.net\/archivosCMS\/3\/3\/16\/usuarios\/103294\/9\/len4_u7_act\/frame_prim.swf\" target=\"_blank\" rel=\"noopener\">LOS DETERMINANTES. EL ART\u00cdCULO<\/a><\/p>\n<p><a style=\"font-size: 14px;line-height: 22.4px;text-align: -webkit-center\" href=\"http:\/\/www.ceiploreto.es\/sugerencias\/cplosangeles.juntaextremadura.net\/web\/curso_4\/lengua4\/losdemostrativos\/indice.htm\" target=\"_blank\" rel=\"noopener\">LOS DEMOSTRATIVOS I<\/a><\/p>\n<p><a style=\"font-size: 14px;line-height: 22.4px;text-align: -webkit-center\" href=\"http:\/\/www.ceiploreto.es\/sugerencias\/cplosangeles.juntaextremadura.net\/web\/curso_4\/lengua4\/demostrativos_4\/demostrativos_4.html\" target=\"_blank\" rel=\"noopener\">LOS DEMOSTRATIVOS II<\/a><\/p>\n<p><a href=\"http:\/\/bromera.com\/tl_files\/activitatsdigitals\/Tilde_4_PF\/tilde4_u03_pag45_1.swf\" target=\"_blank\" rel=\"noopener\">LOS DEMOSTRATIVOS IV<\/a><\/p>\n<p><a href=\"http:\/\/www.ceiploreto.es\/sugerencias\/cplosangeles.juntaextremadura.net\/web\/curso_4\/gramatica_4\/demostrativos_4\/demos01.htm\" target=\"_blank\" rel=\"noopener\">LOS DEMOSTRATIVOS V<\/a><\/p>\n<p><a style=\"font-size: 14px;line-height: 22.4px;text-align: -webkit-center\" href=\"http:\/\/www.ceiploreto.es\/sugerencias\/ecuador\/lengua\/4_articulos_y_sustantivos\/index.html\" target=\"_blank\" rel=\"noopener\">ART\u00cdCULOS Y SUSTANTIVOS<\/a><\/p>\n<p><a style=\"font-size: 14px;line-height: 22.4px;text-align: -webkit-center\" href=\"http:\/\/www.ceipjuanherreraalcausa.es\/Recursosdidacticos\/ANAYA%20DIGITAL\/CUARTO\/Lengua\/07_gramatica\/menu.html\" target=\"_blank\" rel=\"noopener\">EL DETERMINANTE: EL ART\u00cdCULO Y EL DEMOSTRATIVO<\/a><\/p>\n<p><a style=\"font-size: 14px;line-height: 22.4px;text-align: -webkit-center\" href=\"http:\/\/bromera.com\/tl_files\/activitatsdigitals\/Tilde_4_PF\/tilde4_u02_pag29_3.swf\" target=\"_blank\" rel=\"noopener\">EL ART\u00cdCULO: G\u00c9NERO Y N\u00daMERO<\/a><\/p>\n<p><a style=\"font-size: 14px;line-height: 22.4px\" href=\"http:\/\/www.ceiploreto.es\/sugerencias\/cplosangeles.juntaextremadura.net\/web\/curso_4\/lengua4\/articulo_4\/articulo_4.html\" target=\"_blank\" rel=\"noopener\">LOS ART\u00cdCULOS<\/a><\/p>\n<p><a style=\"font-size: 14px;line-height: 22.4px\" href=\"http:\/\/www.primaria.librosvivos.net\/archivosCMS\/3\/3\/16\/usuarios\/103294\/9\/3EP_lin_gla_ud8_determinantesdem_2\/frame_prim.swf\" target=\"_blank\" rel=\"noopener\">LOS DETERMINANTES DEMOSTRATIVOS<\/a><\/p>\n<p><a href=\"http:\/\/roble.pntic.mec.es\/~msanto1\/lengua\/1determi.htm\" target=\"_blank\" rel=\"noopener\">EL ART\u00cdCULO Y LOS DETERMINANTES<\/a><\/p>\n<p><strong>Los sufijos<\/strong><\/p>\n<p><a href=\"http:\/\/www.cervantesmonover.es\/lim\/sufijos1\/sufijos1.html\">SUFIJOS -OSO\/A, IVO\/A O ABLE<\/a><\/p>\n<p><a style=\"font-size: 14px;line-height: 22.4px;text-align: -webkit-center\" href=\"http:\/\/www.testeando.es\/test.asp?idA=58&amp;idT=ecogloms\" target=\"_blank\" rel=\"noopener\">TEST: PREFIJOS Y SUFIJOS<\/a><\/p>\n<p><a style=\"font-size: 14px;line-height: 22.4px;text-align: -webkit-center\" href=\"http:\/\/www.ceiploreto.es\/sugerencias\/cplosangeles.juntaextremadura.net\/web\/curso_4\/vocabulario_4\/sufijos_oso_4\/oso01.htm\" target=\"_blank\" rel=\"noopener\">LOS SUFIJOS -OSO Y -OSA<\/a><\/p>\n<p><a style=\"font-size: 14px;line-height: 22.4px\" href=\"http:\/\/www.ceiploreto.es\/sugerencias\/cplosangeles.juntaextremadura.net\/web\/curso_4\/vocabulario_4\/sufijos_4\/sufijos01.htm\" target=\"_blank\" rel=\"noopener\">LOS SUFIJOS<\/a><\/p>\n<p><a style=\"font-size: 14px;line-height: 22.4px\" href=\"http:\/\/www.ceiploreto.es\/sugerencias\/cplosangeles.juntaextremadura.net\/web\/curso_4\/lengua4\/prefijos_sufijos_4\/prefijos_sufijos_4.html\" target=\"_blank\" rel=\"noopener\">PREFIJOS Y SUFIJOS<\/a><\/p>\n<p><strong>Los adjetivos con v<\/strong><\/p>\n<p><a style=\"font-size: 14px;line-height: 22.4px;text-align: -webkit-center\" href=\"http:\/\/www.ceiploreto.es\/sugerencias\/Edelvives\/A_1\/Recursosdidacticos\/CUARTO\/datos\/02_Lengua\/datos\/rdi\/U08\/02.htm\" target=\"_blank\" rel=\"noopener\">ADJETIVOS TERMINADOS EN -AVO, -EVE, -IVO<\/a><\/p>\n<p><a style=\"font-size: 14px;line-height: 22.4px;text-align: -webkit-center\" href=\"http:\/\/reglasdeortografia.com\/v05a.html\" target=\"_blank\" rel=\"noopener\">USO DE LA V<\/a><\/p>\n<p><a style=\"font-size: 14px;line-height: 22.4px;text-align: -webkit-center\" href=\"http:\/\/www.ceipjuanherreraalcausa.es\/Recursosdidacticos\/ANAYA%20DIGITAL\/CUARTO\/Lengua\/06_ortografia\/menu.html\" target=\"_blank\" rel=\"noopener\">ADJETIVOS TERMINADOS EN -AVO, -EVE<\/a><\/p>\n<p><a style=\"font-size: 14px;line-height: 22.4px;text-align: -webkit-center\" href=\"http:\/\/www.ceiploreto.es\/sugerencias\/cplosangeles.juntaextremadura.net\/web\/curso_4\/ortogafia_4\/adjetivos_v_4\/adjetivos01.htm\" target=\"_blank\" rel=\"noopener\">LOS ADJETIVOS CON V<\/a><\/p>\n<p><a style=\"font-size: 14px;line-height: 22.4px\" href=\"http:\/\/www.ceiploreto.es\/sugerencias\/cplosangeles.juntaextremadura.net\/web\/curso_4\/lengua4\/uso_v_4\/uso_v_4.html\" target=\"_blank\" rel=\"noopener\">USO DE LA V II<br \/>\n<\/a><\/p>\n<p><strong>El diario personal<\/strong><\/p>\n<p><strong>La poes\u00eda I. Versos y estrofas<\/strong><\/p>\n<p><a href=\"http:\/\/www.ceiploreto.es\/sugerencias\/cplosangeles.juntaextremadura.net\/web\/curso_4\/lengua4\/estrofa\/estrofa.html\" target=\"_blank\" rel=\"noopener\">LA ESTROFA Y EL POEMA<\/a><\/p>\n<p><strong>La biblioteca<\/strong><\/p>\n<p><a style=\"font-size: 14px;line-height: 22.4px;text-align: -webkit-center\" href=\"http:\/\/www.edu.xunta.es\/espazoAbalar\/sites\/espazoAbalar\/files\/datos\/1302504208\/contido\/index.html\" target=\"_blank\" rel=\"noopener\">NUESTRA PROPIA BIBLIOTECA<\/a><\/p>\n<p><a style=\"font-size: 14px;line-height: 22.4px;text-align: -webkit-center\" href=\"http:\/\/agrega.hezkuntza.net\/repositorio\/15032011\/21\/es-eu_2011020113_1230422\/index.html\" target=\"_blank\" rel=\"noopener\">NUESTRA PROPIA BIBLIOTECA<\/a><\/p>\n<p><a style=\"font-size: 14px;line-height: 22.4px;text-align: -webkit-center\" href=\"http:\/\/www.educa.jcyl.es\/educacyl\/cm\/gallery\/recursos_odes\/2008\/lengua\/lc016\/index.html\" target=\"_blank\" rel=\"noopener\">LA BIBLIOTECA<br \/>\n<\/a><\/p>\n","protected":false},"excerpt":{"rendered":"<p>Contar una noticia LAS NOTICIAS DE LA RADIO Los determinantes I. El art\u00edculo y el demostrativo ART\u00cdCULO LOS DETERMINANTES. EL ART\u00cdCULO LOS DEMOSTRATIVOS I LOS DEMOSTRATIVOS II LOS DEMOSTRATIVOS IV LOS DEMOSTRATIVOS V ART\u00cdCULOS Y SUSTANTIVOS EL DETERMINANTE: EL ART\u00cdCULO Y EL DEMOSTRATIVO EL ART\u00cdCULO: G\u00c9NERO Y N\u00daMERO LOS ART\u00cdCULOS LOS DETERMINANTES DEMOSTRATIVOS EL ART\u00cdCULO &hellip; <\/p>\n<p><a class=\"more-link btn\" href=\"https:\/\/blogsaverroes.juntadeandalucia.es\/ceipaznaitin\/lengua-castellana-4o-tema-5\/\">Seguir leyendo<\/a><\/p>\n","protected":false},"author":2805,"featured_media":0,"parent":0,"menu_order":0,"comment_status":"closed","ping_status":"closed","template":"","meta":{"ngg_post_thumbnail":0,"footnotes":"","_mc_calendar":[]},"aioseo_notices":[],"_links":{"self":[{"href":"https:\/\/blogsaverroes.juntadeandalucia.es\/ceipaznaitin\/wp-json\/wp\/v2\/pages\/2990"}],"collection":[{"href":"https:\/\/blogsaverroes.juntadeandalucia.es\/ceipaznaitin\/wp-json\/wp\/v2\/pages"}],"about":[{"href":"https:\/\/blogsaverroes.juntadeandalucia.es\/ceipaznaitin\/wp-json\/wp\/v2\/types\/page"}],"author":[{"embeddable":true,"href":"https:\/\/blogsaverroes.juntadeandalucia.es\/ceipaznaitin\/wp-json\/wp\/v2\/users\/2805"}],"replies":[{"embeddable":true,"href":"https:\/\/blogsaverroes.juntadeandalucia.es\/ceipaznaitin\/wp-json\/wp\/v2\/comments?post=2990"}],"version-history":[{"count":10,"href":"https:\/\/blogsaverroes.juntadeandalucia.es\/ceipaznaitin\/wp-json\/wp\/v2\/pages\/2990\/revisions"}],"predecessor-version":[{"id":3166,"href":"https:\/\/blogsaverroes.juntadeandalucia.es\/ceipaznaitin\/wp-json\/wp\/v2\/pages\/2990\/revisions\/3166"}],"wp:attachment":[{"href":"https:\/\/blogsaverroes.juntadeandalucia.es\/ceipaznaitin\/wp-json\/wp\/v2\/media?parent=2990"}],"curies":[{"name":"wp","href":"https:\/\/api.w.org\/{rel}","templated":true}]}}