{"id":3019,"date":"2018-01-10T17:53:30","date_gmt":"2018-01-10T15:53:30","guid":{"rendered":"http:\/\/blogsaverroes.juntadeandalucia.es\/ceipaznaitin\/?page_id=3019"},"modified":"2018-01-10T18:12:52","modified_gmt":"2018-01-10T16:12:52","slug":"matematicas-4o-tema-5","status":"publish","type":"page","link":"https:\/\/blogsaverroes.juntadeandalucia.es\/ceipaznaitin\/matematicas-4o-tema-5\/","title":{"rendered":"Matem\u00e1ticas 4\u00ba Tema 5"},"content":{"rendered":"<p><strong>Contenidos previos<\/strong><\/p>\n<p><a style=\"font-size: 14px;line-height: 22.4px;text-align: -webkit-center\" href=\"http:\/\/ww2.educarchile.cl\/UserFiles\/P0024\/File\/skoool\/2010\/Matematicas\/common_frac\/index.html\" target=\"_blank\" rel=\"noopener\">INTRODUCCI\u00d3N A LAS FRACCIONES<\/a><\/p>\n<p><a style=\"font-size: 14px;line-height: 22.4px;text-align: -webkit-center\" href=\"http:\/\/agrega2.red.es\/\/repositorio\/25012010\/e7\/es_2008050513_0231000\/mt10_oa01_es\/index.html\" target=\"_blank\" rel=\"noopener\">SIGNIFICADO DE LA FRACCI\u00d3N<\/a><\/p>\n<p><a style=\"font-size: 14px;line-height: 22.4px;text-align: -webkit-center\" href=\"http:\/\/www.ceiploreto.es\/sugerencias\/A_1\/Recursosdidacticos\/CUARTO\/datos\/01_Mates\/datos\/05_rdi\/U06\/01.htm\" target=\"_blank\" rel=\"noopener\">LAS FRACCIONES Y SUS T\u00c9RMINOS<\/a><\/p>\n<p><a style=\"font-size: 14px;line-height: 22.4px;text-align: -webkit-center\" href=\"http:\/\/math.rice.edu\/~lanius\/fractions\/spfrac.html\" target=\"_blank\" rel=\"noopener\">REPRESENTAR FRACCIONES<\/a><\/p>\n<p><a style=\"font-size: 14px;line-height: 22.4px;text-align: -webkit-center\" href=\"http:\/\/www.uco.es\/~ma1marea\/Recursos\/Fraccionador.swf\" target=\"_blank\" rel=\"noopener\">FRACCIONADOR<\/a><\/p>\n<p><a style=\"font-size: 14px;line-height: 22.4px;text-align: -webkit-center\" href=\"http:\/\/www.genmagic.org\/mates3\/video_fracciones1.swf\" target=\"_blank\" rel=\"noopener\">V\u00cdDEO FRACCIONES<\/a><\/p>\n<p><a style=\"font-size: 14px;line-height: 22.4px;text-align: -webkit-center\" href=\"http:\/\/www.eltanquematematico.es\/fracciones\/html\/recuerda.htm\" target=\"_blank\" rel=\"noopener\">LAS FRACCIONES<\/a><\/p>\n<p><a style=\"font-size: 14px;line-height: 22.4px;text-align: -webkit-center\" href=\"http:\/\/www.eltanquematematico.es\/todo_mate\/fracciones_e\/ejercicios\/fraccionesej10_p.html\" target=\"_blank\" rel=\"noopener\">FRACCIONES: EJERCICIOS<\/a><\/p>\n<p><a style=\"font-size: 14px;line-height: 22.4px;text-align: -webkit-center\" href=\"http:\/\/agrega2.red.es\/\/repositorio\/25012010\/e7\/es_2008050513_0231000\/mt10_oa02_es\/index.html\" target=\"_blank\" rel=\"noopener\">LECTURA Y ESCRITURA DE FRACCIONES<\/a><\/p>\n<p><a style=\"font-size: 14px;line-height: 22.4px;text-align: -webkit-center\" href=\"http:\/\/www.genmagic.org\/mates1\/fraccio_cas.swf\" target=\"_blank\" rel=\"noopener\">FRACCIONES<\/a><\/p>\n<p><a style=\"font-size: 14px;line-height: 22.4px;text-align: -webkit-center\" href=\"http:\/\/lessons.e-learningforkids.org\/efk\/Courses\/ES\/M0901\/index.html\" target=\"_blank\" rel=\"noopener\">MERCADO MATEM\u00c1TICO M\u00c1GICO<\/a><\/p>\n<p><a style=\"font-size: 14px;line-height: 22.4px;text-align: -webkit-center\" href=\"http:\/\/www.edu.xunta.es\/espazoAbalar\/sites\/espazoAbalar\/files\/datos\/1293619591\/contido\/index.html\" target=\"_blank\" rel=\"noopener\">LECTURA Y ESCRITURA DE FRACCIONES II<\/a><\/p>\n<p><a style=\"font-size: 14px;line-height: 22.4px;text-align: -webkit-center\" href=\"http:\/\/www.educa.jcyl.es\/educacyl\/cm\/zonaalumnos\/tkPopUp?pgseed=1168680284242&amp;idContent=20742&amp;locale=es_ES&amp;textOnly=false\" target=\"_blank\" rel=\"noopener\">FRACCIONES NUTRITIVAS<\/a><\/p>\n<p><a style=\"font-size: 14px;line-height: 22.4px;text-align: -webkit-center\" href=\"http:\/\/www.ceipjuanherreraalcausa.es\/Recursosdidacticos\/ANAYA%20DIGITAL\/CUARTO\/Matematicas\/p84\/\" target=\"_blank\" rel=\"noopener\">LAS FRACCIONES Y SUS T\u00c9RMINOS II<\/a><\/p>\n<p><a style=\"font-size: 14px;line-height: 22.4px;text-align: -webkit-center\" href=\"http:\/\/bromera.com\/tl_files\/activitatsdigitals\/Capicua_4c_PF\/cas_C4_u12_52_1_fraccioDecimal.swf\" target=\"_blank\" rel=\"noopener\">REPRESENTA LA FRACCI\u00d3N<\/a><\/p>\n<p><a style=\"font-size: 14px;line-height: 22.4px;text-align: -webkit-center\" href=\"http:\/\/regletas.joseantoniocuadrado.com\/portada.swf\" target=\"_blank\" rel=\"noopener\">REGLETAS: FRACCIONES (REPRESENTACI\u00d3N)<\/a><\/p>\n<p><a style=\"font-size: 14px;line-height: 22.4px\" href=\"http:\/\/www.ceiploreto.es\/sugerencias\/vindel\/fracciones.swf\" target=\"_blank\" rel=\"noopener\">LAS FRACCIONES<\/a><\/p>\n<p><a style=\"font-size: 14px;line-height: 22.4px\" href=\"http:\/\/www.genmagic.org\/repositorio\/albums\/userpics\/esfrac3c.swf\" target=\"_blank\" rel=\"noopener\">ESCRIBIR EN FORMA DE FRACCI\u00d3N<\/a><\/p>\n<p><strong>Suma y resta de fracciones con el mismo denominador<\/strong><\/p>\n<p><a style=\"font-size: 14px;line-height: 22.4px;text-align: -webkit-center\" href=\"http:\/\/www.edu.xunta.es\/espazoAbalar\/sites\/espazoAbalar\/files\/datos\/1293621971\/contido\/index.html\" target=\"_blank\" rel=\"noopener\">SUMA DE FRACCIONES I<\/a><\/p>\n<p><a style=\"font-size: 14px;line-height: 22.4px;text-align: -webkit-center\" href=\"http:\/\/bromera.com\/tl_files\/activitatsdigitals\/Capicua_4c_PF\/cas_C4_u09_09_4_estatic_sumaFraccions.swf\" target=\"_blank\" rel=\"noopener\">SUMA DE FRACCIONES II<\/a><\/p>\n<p><a class=\"Estilo2\" style=\"font-size: 14px;line-height: 22.4px;text-align: -webkit-center\" href=\"http:\/\/www.eltanquematematico.es\/todo_mate\/fracciones_e\/ejercicios\/sumayresta_p.html\" target=\"_blank\" rel=\"noopener\">SUMA Y RESTA DE FRACCIONES I<\/a><span style=\"font-size: 14px;line-height: 22.4px;text-align: -webkit-center;background-color: #cce6ff\">&nbsp;<\/span><\/p>\n<p><a class=\"Estilo2\" style=\"font-size: 14px;line-height: 22.4px;text-align: -webkit-center\" href=\"http:\/\/ntic.educacion.es\/w3\/recursos\/primaria\/matematicas\/fracciones\/menuu5.html\" target=\"_blank\" rel=\"noopener\">SUMA Y RESTA DE FRACCIONES II<\/a><\/p>\n<p><a style=\"font-size: 14px;line-height: 22.4px;text-align: -webkit-center\" href=\"http:\/\/www.educa.madrid.org\/web\/cp.beatrizgalindo.alcala\/archivos\/fracciones\/fracciones\/sumaryrestar.swf\" target=\"_blank\" rel=\"noopener\">SUMA Y RESTA DE FRACCIONES III<\/a><\/p>\n<p><a style=\"font-size: 14px;line-height: 22.4px;text-align: -webkit-center\" href=\"http:\/\/ww2.educarchile.cl\/UserFiles\/P0024\/File\/skoool\/2010\/Matematicas\/add_sub_frac\/index.html\" target=\"_blank\" rel=\"noopener\">SUMA Y RESTA DE FRACCIONES IV<\/a><\/p>\n<p><a style=\"font-size: 14px;line-height: 22.4px;text-align: -webkit-center\" href=\"http:\/\/www.edu.xunta.es\/espazoAbalar\/sites\/espazoAbalar\/files\/datos\/1293622273\/contido\/index.html\" target=\"_blank\" rel=\"noopener\">RESTA DE FRACCIONES I<\/a><\/p>\n<p><a style=\"font-size: 14px;line-height: 22.4px;text-align: -webkit-center\" href=\"http:\/\/bromera.com\/tl_files\/activitatsdigitals\/Capicua_4c_PF\/cas_C4_u10_31_2_estatic_restaFraccions.swf\" target=\"_blank\" rel=\"noopener\">RESTA DE FRACCIONES II<\/a><\/p>\n<p><strong>Comparaci\u00f3n de fracciones<\/strong><\/p>\n<p><a style=\"font-size: 14px;line-height: 22.4px;text-align: -webkit-center\" href=\"http:\/\/roble.pntic.mec.es\/~jblesa\/matematicas\/temas\/4\/unidad3\/uni3.htm\" target=\"_blank\" rel=\"noopener\">LAS FRACCIONES<\/a><\/p>\n<p><a style=\"font-size: 14px;line-height: 22.4px;text-align: -webkit-center\" href=\"http:\/\/www.ceiploreto.es\/sugerencias\/A_1\/Recursosdidacticos\/TERCERO\/datos\/03_mates\/U07\/02.htm\" target=\"_blank\" rel=\"noopener\">COMPARACI\u00d3N DE FRACCIONES I<\/a><\/p>\n<p><a style=\"font-size: 14px;line-height: 22.4px;text-align: -webkit-center\" href=\"http:\/\/www.ceiploreto.es\/sugerencias\/A_1\/Recursosdidacticos\/CUARTO\/datos\/01_Mates\/datos\/05_rdi\/U06\/02.htm\" target=\"_blank\" rel=\"noopener\">COMPARACI\u00d3N DE FRACCIONES II<\/a><\/p>\n<p><a style=\"font-size: 14px;line-height: 22.4px;text-align: -webkit-center\" href=\"http:\/\/cerezo.pntic.mec.es\/maria8\/bimates\/operaciones\/fracciones\/concepto.html\" target=\"_blank\" rel=\"noopener\">FRACCIONES I<\/a><\/p>\n<p><a style=\"font-size: 14px;line-height: 22.4px;text-align: -webkit-center\" href=\"http:\/\/www.vedoque.com\/juegos\/matematicas-04-fracciones.swf?idioma=es\" target=\"_blank\" rel=\"noopener\">FRACCIONES II<\/a><\/p>\n<p><a style=\"font-size: 14px;line-height: 22.4px;text-align: -webkit-center\" href=\"http:\/\/bromera.com\/tl_files\/activitatsdigitals\/Capicua_4c_PF\/cas_C4_u12_51_10_ordenarFraccions.swf\" target=\"_blank\" rel=\"noopener\">INDICA QU\u00c9 SIGNO ES EL CORRECTO<\/a><\/p>\n<p><a style=\"font-size: 14px;line-height: 22.4px\" href=\"http:\/\/www.ceiploreto.es\/sugerencias\/cplosangeles.juntaextremadura.net\/web\/curso_4\/matematicas_4\/comparacion_fracciones_4\/comparacion_fracciones_4.html\" target=\"_blank\" rel=\"noopener\">COMPARACI\u00d3N DE FRACCIONES III<\/a><\/p>\n<p><strong>Fracci\u00f3n de un n\u00famero<\/strong><\/p>\n<p><a style=\"font-size: 14px;line-height: 22.4px;text-align: -webkit-center\" href=\"http:\/\/www.primaria.librosvivos.net\/archivosCMS\/3\/3\/16\/usuarios\/103294\/9\/mate4EP_ud06_fraccionnumero\/frame_prim.swf\" target=\"_blank\" rel=\"noopener\">FRACCI\u00d3N DE UN N\u00daMERO I<\/a><\/p>\n<p><a style=\"font-size: 14px;line-height: 22.4px;text-align: -webkit-center\" href=\"http:\/\/www.eltanquematematico.es\/todo_mate\/fracnum\/fracnum_p.html\" target=\"_blank\" rel=\"noopener\">FRACCI\u00d3N DE UN N\u00daMERO II<\/a><\/p>\n<p><a style=\"font-size: 14px;line-height: 22.4px;text-align: -webkit-center\" href=\"http:\/\/www.polavide.es\/rec_polavide0708\/edilim\/fracciones\/Fracciones.html\" target=\"_blank\" rel=\"noopener\">MANEJAMOS LAS FRACCIONES<\/a><\/p>\n<p><a style=\"font-size: 14px;line-height: 22.4px;text-align: -webkit-center\" href=\"http:\/\/www.ceiploreto.es\/sugerencias\/A_1\/Recursosdidacticos\/CUARTO\/datos\/01_Mates\/datos\/05_rdi\/U06\/03.htm\" target=\"_blank\" rel=\"noopener\">FRACCI\u00d3N DE UNA CANTIDAD<\/a><\/p>\n<p><a style=\"font-size: 14px;line-height: 22.4px;text-align: -webkit-center\" href=\"http:\/\/agrega2.red.es\/\/repositorio\/25012010\/e7\/es_2008050513_0231000\/mt10_oa03_es\/index.html\" target=\"_blank\" rel=\"noopener\">COMPORTAMIENTO NUM\u00c9RICO DE LA FRACCI\u00d3N<\/a><\/p>\n<p><a style=\"font-size: 14px;line-height: 22.4px;text-align: -webkit-center\" href=\"http:\/\/2633518-0.web-hosting.es\/blog\/manipulables\/numeracion\/ffracciones1.swf\" target=\"_blank\" rel=\"noopener\">FRACCIONES DE UN N\u00daMERO<\/a><\/p>\n<p><a style=\"font-size: 14px;line-height: 22.4px;text-align: -webkit-center\" href=\"http:\/\/www.ceiploreto.es\/sugerencias\/cplosangeles.juntaextremadura.net\/web\/curso_4\/matematicas_4\/fracciones_4\/fracciones_4.html\" target=\"_blank\" rel=\"noopener\">LAS FRACCIONES<\/a><\/p>\n<p><a style=\"font-size: 14px;line-height: 22.4px\" href=\"http:\/\/www.ceiploreto.es\/sugerencias\/cplosangeles.juntaextremadura.net\/web\/curso_4\/matematicas_4\/fraccion_numero_4\/fraccion_numero_4.html\" target=\"_blank\" rel=\"noopener\">FRACCI\u00d3N DE UN N\u00daMERO II<\/a><\/p>\n<p><strong>Fracciones propias e impropias. N\u00famero mixto<\/strong><\/p>\n<p><a style=\"font-size: 14px;line-height: 22.4px;text-align: -webkit-center\" href=\"http:\/\/www.ceiploreto.es\/sugerencias\/tic2.sepdf.gob.mx\/scorm\/oas\/mat\/tercero\/09\/intro.swf\" target=\"_blank\" rel=\"noopener\">\u00a1VAMOS A LA FERIA!<\/a><\/p>\n<p><a style=\"font-size: 14px;line-height: 22.4px;text-align: -webkit-center\" href=\"http:\/\/bromera.com\/tl_files\/activitatsdigitals\/capicua_5c_PA\/C5_u15_205_1_comparar_fraccionsUnitat.swf\" target=\"_blank\" rel=\"noopener\">COMPARAR FRACCIONES Y UNIDADES<\/a><\/p>\n<p><a style=\"font-size: 14px;line-height: 22.4px\" href=\"http:\/\/www.ceiploreto.es\/sugerencias\/cplosangeles.juntaextremadura.net\/web\/curso_4\/matematicas_4\/fraccion_mixto_4\/fraccion_mixto_4.html\" target=\"_blank\" rel=\"noopener\">FRACCI\u00d3N Y N\u00daMERO MIXTO<\/a><\/p>\n<p><strong>\u00a1Sin problemas!<\/strong><\/p>\n<p><a style=\"font-size: 14px;line-height: 22.4px;text-align: -webkit-center\" href=\"http:\/\/www.primaria.librosvivos.net\/archivosCMS\/3\/3\/16\/usuarios\/103294\/9\/4EP_mat_ud6_ordenar_etapas\/frame_prim.swf\" target=\"_blank\" rel=\"noopener\">ORDENAR LAS ETAPAS DEL C\u00c1LCULO<\/a><\/p>\n<p><a style=\"font-size: 14px;line-height: 22.4px;text-align: -webkit-center\" href=\"http:\/\/www.ceipjuanherreraalcausa.es\/Recursosdidacticos\/ANAYA%20DIGITAL\/CUARTO\/Matematicas\/p94\/\" target=\"_blank\" rel=\"noopener\">CANICAS Y FRACCIONES<\/a><\/p>\n<p><a style=\"font-size: 14px;line-height: 22.4px;text-align: -webkit-center\" href=\"http:\/\/www.ceiploreto.es\/sugerencias\/tic2.sepdf.gob.mx\/scorm\/oas\/mat\/tercero\/04\/intro.swf\" target=\"_blank\" rel=\"noopener\">\u00a1JUGUEMOS CON LAS FRACCIONES!<\/a><\/p>\n<p><strong>Restar 29, 39, 49 a n\u00fameros de dos cifras (se puede descomponer)<\/strong><\/p>\n<p><a href=\"http:\/\/hortamajor.edu.gva.es\/pruebas_calculo21\/calculo\/calculo3.swf\" target=\"_blank\" rel=\"noopener\">RESTAS 6: -9, -19, -29, -39&#8230;<\/a><\/p>\n<p><a href=\"http:\/\/www.primaria.librosvivos.net\/actividades\/flashActividadesPrimariaPub\/examen.swf?idejecucion=3024\" target=\"_blank\" rel=\"noopener\">AUTOEVALUACI\u00d3N DE LA UNIDAD<\/a><\/p>\n","protected":false},"excerpt":{"rendered":"<p>Contenidos previos INTRODUCCI\u00d3N A LAS FRACCIONES SIGNIFICADO DE LA FRACCI\u00d3N LAS FRACCIONES Y SUS T\u00c9RMINOS REPRESENTAR FRACCIONES FRACCIONADOR V\u00cdDEO FRACCIONES LAS FRACCIONES FRACCIONES: EJERCICIOS LECTURA Y ESCRITURA DE FRACCIONES FRACCIONES MERCADO MATEM\u00c1TICO M\u00c1GICO LECTURA Y ESCRITURA DE FRACCIONES II FRACCIONES NUTRITIVAS LAS FRACCIONES Y SUS T\u00c9RMINOS II REPRESENTA LA FRACCI\u00d3N REGLETAS: FRACCIONES (REPRESENTACI\u00d3N) LAS FRACCIONES &hellip; <\/p>\n<p><a class=\"more-link btn\" href=\"https:\/\/blogsaverroes.juntadeandalucia.es\/ceipaznaitin\/matematicas-4o-tema-5\/\">Seguir leyendo<\/a><\/p>\n","protected":false},"author":2805,"featured_media":0,"parent":0,"menu_order":0,"comment_status":"closed","ping_status":"closed","template":"","meta":{"ngg_post_thumbnail":0,"footnotes":"","_mc_calendar":[]},"aioseo_notices":[],"_links":{"self":[{"href":"https:\/\/blogsaverroes.juntadeandalucia.es\/ceipaznaitin\/wp-json\/wp\/v2\/pages\/3019"}],"collection":[{"href":"https:\/\/blogsaverroes.juntadeandalucia.es\/ceipaznaitin\/wp-json\/wp\/v2\/pages"}],"about":[{"href":"https:\/\/blogsaverroes.juntadeandalucia.es\/ceipaznaitin\/wp-json\/wp\/v2\/types\/page"}],"author":[{"embeddable":true,"href":"https:\/\/blogsaverroes.juntadeandalucia.es\/ceipaznaitin\/wp-json\/wp\/v2\/users\/2805"}],"replies":[{"embeddable":true,"href":"https:\/\/blogsaverroes.juntadeandalucia.es\/ceipaznaitin\/wp-json\/wp\/v2\/comments?post=3019"}],"version-history":[{"count":10,"href":"https:\/\/blogsaverroes.juntadeandalucia.es\/ceipaznaitin\/wp-json\/wp\/v2\/pages\/3019\/revisions"}],"predecessor-version":[{"id":3031,"href":"https:\/\/blogsaverroes.juntadeandalucia.es\/ceipaznaitin\/wp-json\/wp\/v2\/pages\/3019\/revisions\/3031"}],"wp:attachment":[{"href":"https:\/\/blogsaverroes.juntadeandalucia.es\/ceipaznaitin\/wp-json\/wp\/v2\/media?parent=3019"}],"curies":[{"name":"wp","href":"https:\/\/api.w.org\/{rel}","templated":true}]}}