{"id":3072,"date":"2018-01-10T19:27:44","date_gmt":"2018-01-10T17:27:44","guid":{"rendered":"http:\/\/blogsaverroes.juntadeandalucia.es\/ceipaznaitin\/?page_id=3072"},"modified":"2018-01-10T19:36:33","modified_gmt":"2018-01-10T17:36:33","slug":"ciencias-sociales-4o-tema-3","status":"publish","type":"page","link":"https:\/\/blogsaverroes.juntadeandalucia.es\/ceipaznaitin\/ciencias-sociales-4o-tema-3\/","title":{"rendered":"Ciencias Sociales 4\u00ba Tema 3"},"content":{"rendered":"<p><strong>La organizaci\u00f3n de la localidad<\/strong><\/p>\n<p><a style=\"font-size: 14px;line-height: 22.4px;text-align: -webkit-center\" href=\"http:\/\/agrega2.red.es\/\/repositorio\/01022010\/66\/es_2009091713_8223866\/cm012_oa01_es\/index.html\" target=\"_blank\" rel=\"noopener\">EL AYUNTAMIENTO<\/a><\/p>\n<p><a style=\"font-size: 14px;line-height: 22.4px;text-align: -webkit-center\" href=\"http:\/\/www.ceiploreto.es\/sugerencias\/cplosangeles.juntaextremadura.net\/web\/curso_3\/sociales_3\/ayuntamiento_3\/ayuntamiento_3.html\" target=\"_blank\" rel=\"noopener\">EL AYUNTAMIENTO II<\/a><\/p>\n<p><a style=\"font-size: 14px;line-height: 22.4px;text-align: -webkit-center\" href=\"http:\/\/agrega2.red.es\/\/repositorio\/01022010\/e0\/es_2008112812_7240122\/index.html\" target=\"_blank\" rel=\"noopener\">LOS SERVICIOS MUNICIPALES<\/a><\/p>\n<p><a style=\"font-size: 14px;line-height: 22.4px;text-align: -webkit-center\" href=\"http:\/\/www.ceiploreto.es\/sugerencias\/cplosangeles.juntaextremadura.net\/web\/curso_3\/sociales_3\/servicios_municipales_3\/servicios_municipales_3.html\" target=\"_blank\" rel=\"noopener\">LOS SERVICIOS MUNICIPALES II<\/a><\/p>\n<p><a style=\"font-size: 14px;line-height: 22.4px;text-align: -webkit-center\" href=\"http:\/\/www.ceiploreto.es\/sugerencias\/averroes\/ceip_san_rafael\/ayuntamiento\/index.htm\" target=\"_blank\" rel=\"noopener\">LAS INSTITUCIONES DE LA LOCALIDAD<\/a><\/p>\n<p><strong>La organizaci\u00f3n pol\u00edtica del Estado espa\u00f1ol<\/strong><\/p>\n<p><a style=\"font-size: 14px;line-height: 22.4px;text-align: -webkit-center\" href=\"http:\/\/www.primaria.librosvivos.net\/archivosCMS\/3\/3\/16\/usuarios\/103294\/9\/cono_4EP_ud12_congresoysenado\/frame_prim.swf\" target=\"_blank\" rel=\"noopener\">EL CONGRESO Y EL SENADO<\/a><\/p>\n<p><a style=\"font-size: 14px;line-height: 22.4px;text-align: -webkit-center\" href=\"http:\/\/www.ceiploreto.es\/sugerencias\/cplosangeles.juntaextremadura.net\/web\/curso_4\/sociales_4\/institucionesdelestado\/indice.htm\" target=\"_blank\" rel=\"noopener\">LAS INSTITUCIONES DEL ESTADO<\/a><\/p>\n<p><a style=\"font-size: 14px;line-height: 22.4px;text-align: -webkit-center\" href=\"http:\/\/www.ceiploreto.es\/sugerencias\/averroes\/parcan\/constitucion.pdf\" target=\"_blank\" rel=\"noopener\">LA CONSTITUCI\u00d3N PARA NI\u00d1OS<\/a><\/p>\n<p><a style=\"font-size: 14px;line-height: 22.4px;text-align: -webkit-center\" href=\"http:\/\/www.educa.jcyl.es\/educacyl\/cm\/zonaalumnos\/tkPopUp?pgseed=1180250546215&amp;idContent=14400&amp;locale=es_ES&amp;textOnly=false\" target=\"_blank\" rel=\"noopener\">LA CONSTITUCI\u00d3N<\/a><\/p>\n<p><a style=\"font-size: 14px;line-height: 22.4px;text-align: -webkit-center\" href=\"http:\/\/www.ceiploreto.es\/sugerencias\/cplosangeles.juntaextremadura.net\/web\/curso_4\/sociales_4\/estadodemocratico\/indice.htm\" target=\"_blank\" rel=\"noopener\">EL ESTADO DEMOCR\u00c1TICO<\/a><\/p>\n<p><a style=\"font-size: 14px;line-height: 22.4px;text-align: -webkit-center\" href=\"http:\/\/agrega2.red.es\/\/repositorio\/01022010\/77\/es_2009063012_7240141\/index.html\" target=\"_blank\" rel=\"noopener\">LA CONSTITUCI\u00d3N ESPA\u00d1OLA<\/a><\/p>\n<p><a style=\"font-size: 14px;line-height: 22.4px;text-align: -webkit-center\" href=\"http:\/\/www.ceiploreto.es\/sugerencias\/cplosangeles.juntaextremadura.net\/web\/curso_4\/sociales_4\/instituciones_espana_4\/instituciones_espana_4.html\" target=\"_blank\" rel=\"noopener\">ESPA\u00d1A: INSTITUCIONES<\/a><\/p>\n<p><a style=\"font-size: 14px;line-height: 22.4px;text-align: -webkit-center\" href=\"http:\/\/www.primaria.librosvivos.net\/archivosCMS\/3\/3\/16\/usuarios\/103294\/9\/cm3_u13_act1\/frame_prim.swf\" target=\"_blank\" rel=\"noopener\">LAS ELECCIONES MUNICIPALES<\/a><\/p>\n<p><strong>La organizaci\u00f3n del territorio espa\u00f1ol<\/strong><\/p>\n<p><a style=\"font-size: 14px;line-height: 22.4px;text-align: -webkit-center\" href=\"http:\/\/ares.cnice.mec.es\/ciengehi\/b\/03\/animaciones\/a_fb27_00.html\" target=\"_blank\" rel=\"noopener\">ORGANIZACI\u00d3N TERRITORIAL DE UN PA\u00cdS<\/a><\/p>\n<p><a style=\"font-size: 14px;line-height: 22.4px;text-align: -webkit-center\" href=\"http:\/\/serbal.pntic.mec.es\/ealg0027\/esprovin1e.swf\" target=\"_blank\" rel=\"noopener\">PROVINCIAS DE ESPA\u00d1A I<\/a><\/p>\n<p><a style=\"font-size: 14px;line-height: 22.4px;text-align: -webkit-center\" href=\"http:\/\/serbal.pntic.mec.es\/ealg0027\/esprovin2e.swf\" target=\"_blank\" rel=\"noopener\">PROVINCIAS DE ESPA\u00d1A II<\/a><\/p>\n<p><a style=\"font-size: 14px;line-height: 22.4px;text-align: -webkit-center\" href=\"http:\/\/www.ceiploreto.es\/sugerencias\/averroes\/educativa\/autonomias.swf\" target=\"_blank\" rel=\"noopener\">PROVINCIAS DE ESPA\u00d1A III<\/a><\/p>\n<p><a style=\"font-size: 14px;line-height: 22.4px;text-align: -webkit-center\" href=\"http:\/\/serbal.pntic.mec.es\/ealg0027\/esprovin3eb.swf\" target=\"_blank\" rel=\"noopener\">PUZZLE I<\/a><\/p>\n<p><a style=\"font-size: 14px;line-height: 22.4px;text-align: -webkit-center\" href=\"http:\/\/serbal.pntic.mec.es\/ealg0027\/esprovin3e.swf\" target=\"_blank\" rel=\"noopener\">PUZZLE II<\/a><\/p>\n<p><a style=\"font-size: 14px;line-height: 22.4px;text-align: -webkit-center\" href=\"http:\/\/www.primaria.librosvivos.net\/archivosCMS\/3\/3\/16\/usuarios\/103294\/9\/cono_4EP_ud011_lasprovincias\/frame_prim.swf\" target=\"_blank\" rel=\"noopener\">LAS PROVINCIAS<\/a><\/p>\n<p><a style=\"font-size: 14px;line-height: 22.4px;text-align: -webkit-center\" href=\"http:\/\/www.ceiploreto.es\/sugerencias\/cplosangeles.juntaextremadura.net\/web\/curso_4\/sociales_4\/municipiosycomarcas\/indice.htm\" target=\"_blank\" rel=\"noopener\">LOS MUNICIPIOS Y LAS COMARCAS<\/a><\/p>\n<p><a style=\"font-size: 14px;line-height: 22.4px;text-align: -webkit-center\" href=\"http:\/\/w3.cnice.mec.es\/recursos\/secundaria\/sociales\/geografia\/puzleca.html\" target=\"_blank\" rel=\"noopener\">COMUNIDADES AUT\u00d3NOMAS I<\/a><\/p>\n<p><a style=\"font-size: 14px;line-height: 22.4px;text-align: -webkit-center\" href=\"http:\/\/serbal.pntic.mec.es\/ealg0027\/espauto1e.swf\" target=\"_blank\" rel=\"noopener\">COMUNIDADES AUT\u00d3NOMAS II<\/a><\/p>\n<p><a style=\"font-size: 14px;line-height: 22.4px;text-align: -webkit-center\" href=\"http:\/\/serbal.pntic.mec.es\/ealg0027\/espauto2e.swf\" target=\"_blank\" rel=\"noopener\">COMUNIDADES AUT\u00d3NOMAS III<\/a><\/p>\n<p><a style=\"font-size: 14px;line-height: 22.4px;text-align: -webkit-center\" href=\"http:\/\/www.eltanquematematico.es\/comunidades\/comunidades.swf\" target=\"_blank\" rel=\"noopener\">COMUNIDADES AUT\u00d3NOMAS IV<\/a><\/p>\n<p><a style=\"font-size: 14px;line-height: 22.4px;text-align: -webkit-center\" href=\"http:\/\/www.ceiploreto.es\/sugerencias\/averroes\/educativa\/autonomias.html\" target=\"_blank\" rel=\"noopener\">COMUNIDADES AUT\u00d3NOMAS V<\/a><\/p>\n<p><a style=\"font-size: 14px;line-height: 22.4px;text-align: -webkit-center\" href=\"http:\/\/w3.cnice.mec.es\/recursos\/secundaria\/sociales\/geografia\/puzlepro.html\" target=\"_blank\" rel=\"noopener\">PUZZLE I<\/a><\/p>\n<p><a style=\"font-size: 14px;line-height: 22.4px;text-align: -webkit-center\" href=\"http:\/\/serbal.pntic.mec.es\/ealg0027\/espauto3e.swf\" target=\"_blank\" rel=\"noopener\">PUZZLE II<\/a><\/p>\n<p><a style=\"font-size: 14px;line-height: 22.4px;text-align: -webkit-center\" href=\"http:\/\/www.primaria.librosvivos.net\/archivosCMS\/3\/3\/16\/usuarios\/103294\/9\/cono_4EP_ud11_comautonom\/frame_prim.swf\" target=\"_blank\" rel=\"noopener\">LAS COMUNIDADES AUT\u00d3NOMAS I<\/a><\/p>\n<p><a style=\"font-size: 14px;line-height: 22.4px;text-align: -webkit-center\" href=\"http:\/\/www.eltanquematematico.es\/comunidades\/comeval_p.html\" target=\"_blank\" rel=\"noopener\">EVALUACI\u00d3N<\/a><\/p>\n<p><a style=\"font-size: 14px;line-height: 22.4px;text-align: -webkit-center\" href=\"http:\/\/serbal.pntic.mec.es\/ealg0027\/espauto1ecap.swf\" target=\"_blank\" rel=\"noopener\">CAPITALES DE COMUNIDAD AUT\u00d3NOMA I<\/a><\/p>\n<p><a style=\"font-size: 14px;line-height: 22.4px;text-align: -webkit-center\" href=\"http:\/\/serbal.pntic.mec.es\/ealg0027\/espauto2ecap.swf\" target=\"_blank\" rel=\"noopener\">CAPITALES DE COMUNIDAD AUT\u00d3NOMA II<\/a><\/p>\n<p><a style=\"font-size: 14px;line-height: 22.4px;text-align: -webkit-center\" href=\"http:\/\/www.educa.jcyl.es\/educacyl\/cm\/gallery\/Recursos%20Infinity\/juegos_jcyl\/geografia_eu\/geografia_es_new.swf\" target=\"_blank\" rel=\"noopener\">GEOGRAF\u00cdA DE ESPA\u00d1A<\/a><\/p>\n<p><a style=\"font-size: 14px;line-height: 22.4px;text-align: -webkit-center\" href=\"http:\/\/www.ceiploreto.es\/sugerencias\/cplosangeles.juntaextremadura.net\/web\/curso_4\/sociales_4\/comunidadesautonomas\/indice.htm\" target=\"_blank\" rel=\"noopener\">LAS COMUNIDADES AUT\u00d3NOMAS II<\/a><\/p>\n<p><a style=\"font-size: 14px;line-height: 22.4px;text-align: -webkit-center\" href=\"http:\/\/www.ceiploreto.es\/sugerencias\/cplosangeles.juntaextremadura.net\/web\/curso_4\/sociales_4\/las_comunidades\/las_comunidades.html\" target=\"_blank\" rel=\"noopener\">LAS COMUNIDADES AUT\u00d3NOMAS III<\/a><\/p>\n<p><a style=\"font-size: 14px;line-height: 22.4px;text-align: -webkit-center\" href=\"http:\/\/agrega2.red.es\/\/repositorio\/01022010\/c2\/es_2009063012_7240145\/index.html\" target=\"_blank\" rel=\"noopener\">EL MAPA AUTON\u00d3MICO<\/a><\/p>\n<p><a style=\"font-size: 14px;line-height: 22.4px;text-align: -webkit-center\" href=\"http:\/\/agrega2.red.es\/\/repositorio\/01022010\/1d\/es_2009063012_7240144\/index.html\" target=\"_blank\" rel=\"noopener\">ORGANIZACI\u00d3N DE LAS COMUNIDADES<\/a><\/p>\n<p><a style=\"font-size: 14px;line-height: 22.4px;text-align: -webkit-center\" href=\"http:\/\/www.ceiploreto.es\/sugerencias\/cplosangeles.juntaextremadura.net\/web\/curso_4\/sociales_4\/espana_organizacion_4\/espana_organizacion_4.html\" target=\"_blank\" rel=\"noopener\">ESPA\u00d1A: ORGANIZACI\u00d3N<\/a><\/p>\n<p><strong>La riqueza cultural del territorio espa\u00f1ol<\/strong><\/p>\n<p><a href=\"http:\/\/www.ceiploreto.es\/sugerencias\/juntadeandalucia\/Fiestas_de_andalucia\/index.html\" target=\"_blank\" rel=\"noopener\">FIESTAS DE ANDALUC\u00cdA<\/a><\/p>\n<p><strong>Espa\u00f1a en la Uni\u00f3n Europea<\/strong><\/p>\n<p><a style=\"font-size: 14px;line-height: 22.4px;text-align: -webkit-center\" href=\"http:\/\/www.librosvivos.net\/smtc\/homeTC.asp?TemaClave=1082\" target=\"_blank\" rel=\"noopener\">LA UNI\u00d3N EUROPEA<\/a><\/p>\n<p><a style=\"font-size: 14px;line-height: 22.4px;text-align: -webkit-center\" href=\"http:\/\/www.primaria.librosvivos.net\/archivosCMS\/3\/3\/16\/usuarios\/103294\/9\/6EP_Cono_cas_ud15_UE\/frame_prim.swf\" target=\"_blank\" rel=\"noopener\">LAS INSTITUCIONES DE LA UNI\u00d3N EUROPEA<\/a><\/p>\n<p><a style=\"font-size: 14px;line-height: 22.4px;text-align: -webkit-center\" href=\"http:\/\/www.ceiploreto.es\/sugerencias\/cplosangeles.juntaextremadura.net\/web\/curso_4\/sociales_4\/union_europa_4\/union_europa_4.html\" target=\"_blank\" rel=\"noopener\">UNI\u00d3N EUROPEA<\/a><\/p>\n<p><a style=\"font-size: 14px;line-height: 22.4px;text-align: -webkit-center\" href=\"http:\/\/www.primaria.librosvivos.net\/actividades\/flashActividadesPrimariaPub\/examen.swf?idejecucion=3618\" target=\"_blank\" rel=\"noopener\">AUTOEVALUACI\u00d3N DE LA UNIDAD<\/a><\/p>\n<p><a style=\"font-size: 14px;line-height: 22.4px;text-align: -webkit-center\" href=\"http:\/\/www.educa2.madrid.org\/cms_tools\/files\/87e9be61-4acf-4025-85eb-3618ca35a697\/espana\/espana.html\" target=\"_blank\" rel=\"noopener\">REPASO LA UNIDAD<\/a><\/p>\n<p><a style=\"font-size: 14px;line-height: 22.4px;text-align: -webkit-center\" href=\"http:\/\/www.ceiploreto.es\/sugerencias\/genmagic\/ciudades1.swf\" target=\"_blank\" rel=\"noopener\">PASAPALABRA: CIUDADES, PROVINCIAS Y COMUNIDADES<br \/>\n<\/a><\/p>\n","protected":false},"excerpt":{"rendered":"<p>La organizaci\u00f3n de la localidad EL AYUNTAMIENTO EL AYUNTAMIENTO II LOS SERVICIOS MUNICIPALES LOS SERVICIOS MUNICIPALES II LAS INSTITUCIONES DE LA LOCALIDAD La organizaci\u00f3n pol\u00edtica del Estado espa\u00f1ol EL CONGRESO Y EL SENADO LAS INSTITUCIONES DEL ESTADO LA CONSTITUCI\u00d3N PARA NI\u00d1OS LA CONSTITUCI\u00d3N EL ESTADO DEMOCR\u00c1TICO LA CONSTITUCI\u00d3N ESPA\u00d1OLA ESPA\u00d1A: INSTITUCIONES LAS ELECCIONES MUNICIPALES La &hellip; <\/p>\n<p><a class=\"more-link btn\" href=\"https:\/\/blogsaverroes.juntadeandalucia.es\/ceipaznaitin\/ciencias-sociales-4o-tema-3\/\">Seguir leyendo<\/a><\/p>\n","protected":false},"author":2805,"featured_media":0,"parent":0,"menu_order":0,"comment_status":"closed","ping_status":"closed","template":"","meta":{"ngg_post_thumbnail":0,"footnotes":"","_mc_calendar":[]},"aioseo_notices":[],"_links":{"self":[{"href":"https:\/\/blogsaverroes.juntadeandalucia.es\/ceipaznaitin\/wp-json\/wp\/v2\/pages\/3072"}],"collection":[{"href":"https:\/\/blogsaverroes.juntadeandalucia.es\/ceipaznaitin\/wp-json\/wp\/v2\/pages"}],"about":[{"href":"https:\/\/blogsaverroes.juntadeandalucia.es\/ceipaznaitin\/wp-json\/wp\/v2\/types\/page"}],"author":[{"embeddable":true,"href":"https:\/\/blogsaverroes.juntadeandalucia.es\/ceipaznaitin\/wp-json\/wp\/v2\/users\/2805"}],"replies":[{"embeddable":true,"href":"https:\/\/blogsaverroes.juntadeandalucia.es\/ceipaznaitin\/wp-json\/wp\/v2\/comments?post=3072"}],"version-history":[{"count":7,"href":"https:\/\/blogsaverroes.juntadeandalucia.es\/ceipaznaitin\/wp-json\/wp\/v2\/pages\/3072\/revisions"}],"predecessor-version":[{"id":3081,"href":"https:\/\/blogsaverroes.juntadeandalucia.es\/ceipaznaitin\/wp-json\/wp\/v2\/pages\/3072\/revisions\/3081"}],"wp:attachment":[{"href":"https:\/\/blogsaverroes.juntadeandalucia.es\/ceipaznaitin\/wp-json\/wp\/v2\/media?parent=3072"}],"curies":[{"name":"wp","href":"https:\/\/api.w.org\/{rel}","templated":true}]}}