{"id":3337,"date":"2018-01-24T16:27:56","date_gmt":"2018-01-24T14:27:56","guid":{"rendered":"http:\/\/blogsaverroes.juntadeandalucia.es\/ceipaznaitin\/?page_id=3337"},"modified":"2018-01-24T16:45:40","modified_gmt":"2018-01-24T14:45:40","slug":"matematicas-6o-tema-6","status":"publish","type":"page","link":"https:\/\/blogsaverroes.juntadeandalucia.es\/ceipaznaitin\/matematicas-6o-tema-6\/","title":{"rendered":"Matem\u00e1ticas 6\u00ba Tema 6"},"content":{"rendered":"<p><strong> N\u00fameros enteros<\/strong><\/p>\n<p><strong>Contenidos previos<\/strong><\/p>\n<p><a style=\"font-size: 14px;line-height: 22.4px;text-align: -webkit-center\" href=\"http:\/\/www.ceiploreto.es\/sugerencias\/Edelvives\/juntadeandalucia\/Calculo_mental\/repre\/naturalespequenos.htm\" target=\"_blank\" rel=\"noopener\">REPRESENTACI\u00d3N DE N\u00daMEROS NATURALES<\/a><\/p>\n<p><a style=\"font-size: 14px;line-height: 22.4px;text-align: -webkit-center\" href=\"http:\/\/www.ceiploreto.es\/sugerencias\/A_1\/Recursosdidacticos\/QUINTO\/datos\/03_Mates\/datos\/05_rdi\/ud04\/2\/02.htm\" target=\"_blank\" rel=\"noopener\">REPRESENTACI\u00d3N DE N\u00daMEROS DECIMALES<\/a><\/p>\n<p><a style=\"font-size: 14px;line-height: 22.4px;text-align: -webkit-center\" href=\"http:\/\/www.ceiploreto.es\/sugerencias\/A_1\/Recursosdidacticos\/QUINTO\/datos\/03_Mates\/datos\/05_rdi\/ud04\/3\/03.htm\" target=\"_blank\" rel=\"noopener\">COMPARACI\u00d3N DE N\u00daMEROS DECIMALES<\/a><\/p>\n<p><a style=\"font-size: 14px;line-height: 22.4px;text-align: -webkit-center\" href=\"http:\/\/ntic.educacion.es\/w3\/\/eos\/MaterialesEducativos\/mem2008\/visualizador_decimales\/comparaciondecimales.html\" target=\"_blank\" rel=\"noopener\">COMPARAR DECIMALES<\/a><\/p>\n<p><a style=\"font-size: 14px;line-height: 22.4px;text-align: -webkit-center\" href=\"http:\/\/www.i-matematicas.com\/recursos0809\/1ciclo\/decimalespositivos\/interactivo\/Representacion.htm\" target=\"_blank\" rel=\"noopener\">REPRESENTACI\u00d3N DE DECIMALES<\/a><\/p>\n<p><a style=\"font-size: 14px;line-height: 24px;text-align: -webkit-center\" href=\"http:\/\/www.i-matematicas.com\/recursos0809\/1ciclo\/decimalespositivos\/interactivo\/Ordenpos.htm\" target=\"_blank\" rel=\"noopener\">ORDEN EN LOS N\u00daMEROS DECIMALES<\/a><\/p>\n<p><a style=\"font-size: 14px;line-height: 22.4px;text-align: -webkit-center\" href=\"http:\/\/repositorio.educa.jccm.es\/portal\/odes\/matematicas\/libro_web_36_Compar_Ordena_Dec\/index.html\" target=\"_blank\" rel=\"noopener\">COMPARACI\u00d3N Y ORDENACI\u00d3N DE N\u00daMEROS DECIMALES<\/a><\/p>\n<p><a style=\"font-size: 14px;line-height: 22.4px;text-align: -webkit-center\" href=\"http:\/\/www.ceiploreto.es\/sugerencias\/vindel\/numeraciondecimal.swf\" target=\"_blank\" rel=\"noopener\">NUMERACI\u00d3N CON DECIMALES<\/a><\/p>\n<p><a style=\"font-size: 14px;line-height: 22.4px;text-align: -webkit-center\" href=\"http:\/\/bromera.com\/tl_files\/activitatsdigitals\/capicua_5c_PA\/C5_u08_107_9_ordenaNombres_decimals.swf\" target=\"_blank\" rel=\"noopener\">ORDENA LOS N\u00daMEROS DE MENOR A MAYOR<\/a><\/p>\n<p><span style=\"color: #0000ee;font-size: 14px;line-height: 22.4px;text-align: -webkit-center;text-decoration: underline;background-color: #bfe6ff\">N\u00daMEROS DECIMALES<\/span><\/p>\n<p><strong>N\u00fameros enteros<\/strong><\/p>\n<p><a style=\"font-size: 14px;line-height: 22.4px;text-align: -webkit-center\" href=\"http:\/\/www.eltanquematematico.es\/todo_mate\/numenteros\/ascensor\/ascensor_p.html\" target=\"_blank\" rel=\"noopener\">EL ASCENSOR Y LOS N\u00daMEROS ENTEROS<\/a><\/p>\n<p><a style=\"font-size: 14px;line-height: 22.4px;text-align: -webkit-center\" href=\"http:\/\/www.eltanquematematico.es\/todo_mate\/numenteros\/altitud\/altitud_p.html\" target=\"_blank\" rel=\"noopener\">LAS ALTITUDES Y LOS N\u00daMEROS ENTEROS<\/a><\/p>\n<p><a style=\"font-size: 14px;line-height: 22.4px;text-align: -webkit-center\" href=\"http:\/\/www.eltanquematematico.es\/todo_mate\/numenteros\/termometro\/termometro_p.html\" target=\"_blank\" rel=\"noopener\">EL TERM\u00d3METRO Y LOS N\u00daMEROS ENTEROS<\/a><\/p>\n<p><a style=\"font-size: 14px;line-height: 22.4px;text-align: -webkit-center\" href=\"http:\/\/w3.cnice.mec.es\/recursos\/primaria\/matematicas\/conmates\/unid-3\/numeros_negativos.htm\" target=\"_blank\" rel=\"noopener\">LOS N\u00daMEROS NEGATIVOS<\/a><\/p>\n<p><a style=\"font-size: 14px;line-height: 22.4px;text-align: -webkit-center\" href=\"http:\/\/w3.cnice.mec.es\/recursos\/primaria\/matematicas\/conmates\/unid-3\/numeros_enteros.htm\" target=\"_blank\" rel=\"noopener\">LOS N\u00daMEROS ENTEROS<\/a><\/p>\n<p><a style=\"font-size: 14px;line-height: 22.4px;text-align: -webkit-center\" href=\"http:\/\/w3.cnice.mec.es\/recursos\/primaria\/matematicas\/conmates\/unid-3\/aplicaciones.htm\" target=\"_blank\" rel=\"noopener\">APLICACIONES DE LOS N\u00daMEROS ENTEROS EN LA VIDA DIARIA<\/a><\/p>\n<p><a style=\"font-size: 14px;line-height: 22.4px;text-align: -webkit-center\" href=\"http:\/\/ww2.educarchile.cl\/UserFiles\/P0024\/File\/skoool\/2010\/Matematicas\/integers\/index.html\" target=\"_blank\" rel=\"noopener\">ENTEROS<\/a><\/p>\n<p><a style=\"font-size: 14px;line-height: 22.4px;text-align: -webkit-center\" href=\"http:\/\/ww2.educarchile.cl\/UserFiles\/P0024\/File\/skoool\/2010\/Matematicas\/intro_to_integers\/index.html\" target=\"_blank\" rel=\"noopener\">INTRODUCCI\u00d3N A LOS N\u00daMEROS ENTEROS<\/a><\/p>\n<p><a style=\"font-size: 14px;line-height: 22.4px;text-align: -webkit-center\" href=\"http:\/\/www.cursosinea.conevyt.org.mx\/cursos\/operaciones_avanzadas_v2\/bienvenida.htm\" target=\"_blank\" rel=\"noopener\">LOS N\u00daMEROS Y LOS SIGNOS<\/a><\/p>\n<p><a style=\"font-size: 14px;line-height: 22.4px;text-align: -webkit-center\" href=\"http:\/\/www.educa.jcyl.es\/educacyl\/cm\/zonaalumnos\/tkPopUp?pgseed=1168680284243&amp;idContent=20744&amp;locale=es_ES&amp;textOnly=false\" target=\"_blank\" rel=\"noopener\">SUBE M\u00c1S Y BAJA MENOS<br \/>\n<\/a><\/p>\n<p><strong>Representaci\u00f3n en la recta num\u00e9rica y ordenaci\u00f3n de n\u00fameros enteros<\/strong><\/p>\n<p><a style=\"font-size: 14px;line-height: 22.4px;text-align: -webkit-center\" href=\"http:\/\/www.eltanquematematico.es\/todo_mate\/numenteros\/rectaentera\/rectaentera_p.html\" target=\"_blank\" rel=\"noopener\">LA RECTA ENTERA<\/a><\/p>\n<p><a style=\"font-size: 14px;line-height: 22.4px;text-align: -webkit-center\" href=\"http:\/\/w3.cnice.mec.es\/recursos\/primaria\/matematicas\/conmates\/unid-3\/representacion.htm\" target=\"_blank\" rel=\"noopener\">REPRESENTACI\u00d3N DE LOS N\u00daMEROS ENTEROS EN LA RECTA NUM\u00c9RICA<\/a><\/p>\n<p><a style=\"font-size: 14px;line-height: 22.4px;text-align: -webkit-center\" href=\"http:\/\/w3.cnice.mec.es\/recursos\/primaria\/matematicas\/conmates\/actividades\/jcloze33.htm\" target=\"_blank\" rel=\"noopener\">REPRESENTACI\u00d3N EN LA RECTA NUM\u00c9RICA<\/a><\/p>\n<p><a style=\"font-size: 14px;line-height: 22.4px;text-align: -webkit-center\" href=\"http:\/\/www.ceiploreto.es\/sugerencias\/juntadeandalucia\/Calculo_mental\/repre\/index_e.htm\" target=\"_blank\" rel=\"noopener\">REPRESENTACI\u00d3N DE N\u00daMEROS ENTEROS<\/a><\/p>\n<p><a style=\"font-size: 14px;line-height: 22.4px;text-align: -webkit-center\" href=\"http:\/\/www.i-matematicas.com\/recursos0809\/1ciclo\/enteros\/interactivo\/Representacion.htm\" target=\"_blank\" rel=\"noopener\">REPRESENTACI\u00d3N DE N\u00daMEROS ENTEROS II<\/a><\/p>\n<p><a style=\"font-size: 14px;line-height: 22.4px;text-align: -webkit-center\" href=\"http:\/\/bromera.com\/tl_files\/activitatsdigitals\/capicua_6c_PA\/C6_u10_126_4_rectaNumEnters.swf\" target=\"_blank\" rel=\"noopener\">LA RECTA NUM\u00c9RICA<\/a><\/p>\n<p><a style=\"font-size: 14px;line-height: 22.4px;text-align: -webkit-center\" href=\"http:\/\/www.eltanquematematico.es\/todo_mate\/numenteros\/comparar\/comparar_p.html\" target=\"_blank\" rel=\"noopener\">COMPARACI\u00d3N DE N\u00daMEROS ENTEROS<\/a><\/p>\n<p><a style=\"font-size: 14px;line-height: 22.4px;text-align: -webkit-center\" href=\"http:\/\/w3.cnice.mec.es\/recursos\/primaria\/matematicas\/conmates\/unid-3\/valor_absoluto.htm\" target=\"_blank\" rel=\"noopener\">VALOR ABSOLUTO DE UN N\u00daMERO ENTERO<\/a><\/p>\n<p><a style=\"font-size: 14px;line-height: 22.4px;text-align: -webkit-center\" href=\"http:\/\/w3.cnice.mec.es\/recursos\/primaria\/matematicas\/conmates\/unid-3\/comparacion.htm\" target=\"_blank\" rel=\"noopener\">COMPARACI\u00d3N Y ORDENACI\u00d3N DE N\u00daMEROS ENTEROS<\/a><\/p>\n<p><a style=\"font-size: 14px;line-height: 22.4px;text-align: -webkit-center\" href=\"http:\/\/www.ceiploreto.es\/sugerencias\/A_1\/Recursosdidacticos\/SEXTO\/datos\/03_Mates\/datos\/05_rdi\/ud05\/1\/01.htm\" target=\"_blank\" rel=\"noopener\">REPRESENTACI\u00d3N Y COMPARACI\u00d3N<\/a><\/p>\n<p><a style=\"font-size: 14px;line-height: 22.4px;text-align: -webkit-center\" href=\"http:\/\/www.genmagic.net\/mates2\/ne1c.swf\" target=\"_blank\" rel=\"noopener\">LOS N\u00daMEROS ENTEROS<\/a><\/p>\n<p><a style=\"font-size: 14px;line-height: 22.4px;text-align: -webkit-center\" href=\"http:\/\/www.ceiploreto.es\/sugerencias\/juntadeandalucia\/Calculo_mental\/orden\/index_e.htm\" target=\"_blank\" rel=\"noopener\">ORDENACI\u00d3N DE N\u00daMEROS ENTEROS<\/a><\/p>\n<p><a style=\"font-size: 14px;line-height: 22.4px;text-align: -webkit-center\" href=\"http:\/\/www.i-matematicas.com\/recursos0809\/1ciclo\/enteros\/interactivo\/Orden.htm\" target=\"_blank\" rel=\"noopener\">ORDEN EN LOS N\u00daMEROS ENTEROS<\/a><\/p>\n<p><a style=\"font-size: 14px;line-height: 22.4px;text-align: -webkit-center\" href=\"http:\/\/recursostic.educacion.es\/descartes\/web\/materiales_didacticos\/enteros_1\/index.html\" target=\"_blank\" rel=\"noopener\">IDENTIFICACI\u00d3N Y ORDENACI\u00d3N DE N\u00daMEROS ENTEROS<\/a><\/p>\n<p><a style=\"font-size: 14px;line-height: 22.4px;text-align: -webkit-center\" href=\"http:\/\/www.genmagic.org\/repositorio\/albums\/userpics\/granpe1c.swf\" target=\"_blank\" rel=\"noopener\">MAYOR, MENOR O IGUAL<\/a><\/p>\n<p><strong>Suma de n\u00fameros enteros<\/strong><\/p>\n<p><a style=\"font-size: 14px;line-height: 22.4px;text-align: -webkit-center\" href=\"http:\/\/www.eltanquematematico.es\/todo_mate\/numenteros\/sumapositivo\/sumapositivo_p.html\" target=\"_blank\" rel=\"noopener\">SUMA DE UN ENTERO POSITIVO<\/a><\/p>\n<p><a style=\"font-size: 14px;line-height: 22.4px;text-align: -webkit-center\" href=\"http:\/\/www.eltanquematematico.es\/todo_mate\/numenteros\/sumanegativo\/sumanegativo_p.html\" target=\"_blank\" rel=\"noopener\">SUMA DE UN ENTERO NEGATIVO<\/a><\/p>\n<p><a style=\"font-size: 14px;line-height: 22.4px;text-align: -webkit-center\" href=\"http:\/\/www.ceiploreto.es\/sugerencias\/A_1\/Recursosdidacticos\/SEXTO\/datos\/03_Mates\/datos\/05_rdi\/ud05\/2\/02.htm\" target=\"_blank\" rel=\"noopener\">SUMA DE N\u00daMEROS DEL MISMO SIGNO<\/a><\/p>\n<p><a style=\"font-size: 14px;line-height: 22.4px;text-align: -webkit-center\" href=\"http:\/\/www.ceiploreto.es\/sugerencias\/A_1\/Recursosdidacticos\/SEXTO\/datos\/03_Mates\/datos\/05_rdi\/ud05\/3\/03.htm\" target=\"_blank\" rel=\"noopener\">SUMA DE N\u00daMEROS DE DISTINTO SIGNO<\/a><\/p>\n<p><a style=\"font-size: 14px;line-height: 22.4px;text-align: -webkit-center\" href=\"http:\/\/w3.cnice.mec.es\/recursos\/primaria\/matematicas\/conmates\/unid-4\/suma.htm\" target=\"_blank\" rel=\"noopener\">SUMA DE N\u00daMEROS ENTEROS<\/a><\/p>\n<p><a style=\"font-size: 14px;line-height: 22.4px;text-align: -webkit-center\" href=\"http:\/\/w3.cnice.mec.es\/recursos\/primaria\/matematicas\/conmates\/unid-4\/resta.htm\" target=\"_blank\" rel=\"noopener\">RESTA DE N\u00daMEROS ENTEROS<\/a><\/p>\n<p><a style=\"font-size: 14px;line-height: 22.4px;text-align: -webkit-center\" href=\"http:\/\/www.librosvivos.net\/smtc\/homeTC.asp?TemaClave=1025\" target=\"_blank\" rel=\"noopener\">LOS N\u00daMEROS ENTEROS<\/a><\/p>\n<p><a style=\"font-size: 14px;line-height: 22.4px;text-align: -webkit-center\" href=\"http:\/\/www.extremate.es\/ESO\/Definitivo%20Enteros\/textoentero.swf\" target=\"_blank\" rel=\"noopener\">OPERACIONES CON N\u00daMEROS ENTEROS<\/a><\/p>\n<p><a style=\"font-size: 14px;line-height: 22.4px;text-align: -webkit-center\" href=\"http:\/\/www.ceiploreto.es\/sugerencias\/Educarchile\/matematicas\/06_sumando_numeros_enteros\/LearningObject\/index.html\" target=\"_blank\" rel=\"noopener\">SUMANDO Y RESTANDO N\u00daMEROS ENTEROS<\/a><\/p>\n<p><a style=\"font-size: 14px;line-height: 22.4px;text-align: -webkit-center\" href=\"http:\/\/www.i-matematicas.com\/recursos0809\/1ciclo\/calculo\/\" target=\"_blank\" rel=\"noopener\">N\u00daMEROS ENTEROS I<\/a><\/p>\n<p><a style=\"font-size: 14px;line-height: 22.4px;text-align: -webkit-center\" href=\"http:\/\/www.i-matematicas.com\/recursos0809\/1ciclo\/enteros\/interactivo\/SumasRestas.htm\" target=\"_blank\" rel=\"noopener\">SUMAS Y RESTAS DE N\u00daMEROS ENTEROS<\/a><\/p>\n<p><a style=\"font-size: 14px;line-height: 22.4px;text-align: -webkit-center\" href=\"http:\/\/www.i-matematicas.com\/recursos0809\/1ciclo\/enteros\/interactivo\/VariasSumasRestas.htm\" target=\"_blank\" rel=\"noopener\">PRIORIDADES EN LAS SUMAS Y RESTAS DE ENTEROS<\/a><\/p>\n<p><a style=\"font-size: 14px;line-height: 22.4px;text-align: -webkit-center\" href=\"http:\/\/www.genmagic.org\/repositorio\/albums\/userpics\/calment5c.swf\" target=\"_blank\" rel=\"noopener\">CALCULA MENTALMENTE &#8211; 5<\/a><\/p>\n<p><a style=\"font-size: 14px;line-height: 22.4px;text-align: -webkit-center\" href=\"http:\/\/www.genmagic.org\/repositorio\/albums\/userpics\/calment6c.swf\" target=\"_blank\" rel=\"noopener\">CALCULA MENTALMENTE &#8211; 6<\/a><\/p>\n<p><a style=\"font-size: 14px;line-height: 22.4px;text-align: -webkit-center\" href=\"http:\/\/recursostic.educacion.es\/descartes\/web\/materiales_didacticos\/juegosenteros\/index.html\" target=\"_blank\" rel=\"noopener\">JUEGOS CON N\u00daMEROS Y OPERACIONES<\/a><\/p>\n<p><a style=\"font-size: 14px;line-height: 22.4px;text-align: -webkit-center\" href=\"http:\/\/agrega.educacion.es\/\/repositorio\/08042011\/ac\/es_2011040812_9200845\/primaria_enteros_suma\/enteros_suma\/actividad.html\" target=\"_blank\" rel=\"noopener\">ENTEROS (SUMA)<\/a><\/p>\n<p><a style=\"font-size: 14px;line-height: 22.4px;text-align: -webkit-center\" href=\"http:\/\/agrega.educacion.es\/\/repositorio\/08042011\/0e\/es_2011040812_9201821\/primaria_enteros_suma_autoevalua\/enteros_suma_autoevalua\/actividad.html\" target=\"_blank\" rel=\"noopener\">ENTEROS (SUMA, AUTOEVALUACI\u00d3N)<\/a><\/p>\n<p><a style=\"font-size: 14px;line-height: 22.4px;text-align: -webkit-center\" href=\"http:\/\/www.genmagic.org\/repositorio\/albums\/userpics\/operfle1c.swf\" target=\"_blank\" rel=\"noopener\">SUMAS O RESTAS CON N\u00daMEROS ENTEROS<\/a><\/p>\n<p><a style=\"font-size: 14px;line-height: 22.4px;text-align: -webkit-center\" href=\"http:\/\/www.educa.jcyl.es\/educacyl\/cm\/gallery\/recursos_atica\/matematicas\/ENTEROS\/index.html\" target=\"_blank\" rel=\"noopener\">LOS N\u00daMEROS ENTEROS II<\/a><\/p>\n<p><a style=\"font-size: 14px;line-height: 22.4px;text-align: -webkit-center\" href=\"http:\/\/www.genmagic.org\/repositorio\/albums\/userpics\/nenters2c.swf\" target=\"_blank\" rel=\"noopener\">N\u00daMEROS ENTEROS II<\/a><\/p>\n<p><a style=\"font-size: 14px;line-height: 22.4px\" href=\"http:\/\/www.genmagic.org\/repositorio\/albums\/userpics\/sumres3c.swf\" target=\"_blank\" rel=\"noopener\">SUMA Y RESTA DE N\u00daMEROS ENTEROS<\/a><\/p>\n<p><strong>\u00a1Sin problemas!<\/strong><\/p>\n<p><a href=\"http:\/\/www.primaria.librosvivos.net\/archivosCMS\/3\/3\/16\/usuarios\/103294\/9\/6EP_Mat_ud10_Resuelveproblemas\/frame_prim.swf\" target=\"_blank\" rel=\"noopener\">RESUELVE PROBLEMAS<\/a><\/p>\n<p><strong>Multiplicar n\u00fameros de dos cifras por 1,5<\/strong><\/p>\n<p><a href=\"http:\/\/www.eltanquematematico.es\/juegosparapensar6\/multiplicar_rap_p.html\" target=\"_blank\" rel=\"noopener\">JUEGOS PARA PENSAR<\/a><\/p>\n<p><strong>Multiplicar n\u00fameros de dos cifras por 0,75<\/strong><\/p>\n<p><a href=\"http:\/\/web.educastur.princast.es\/ies\/pravia\/carpetas\/recursos\/mates\/anaya1\/datos\/05\/4.Swf\" target=\"_blank\" rel=\"noopener\">MULTIPLICACI\u00d3N DE N\u00daMEROS DECIMALES<\/a><\/p>\n<p><a href=\"http:\/\/conteni2.educarex.es\/mats\/121407\/contenido\/matematicas\/ejercicios_interactivos_web\/unidad_7\/unidad_7.html\" target=\"_blank\" rel=\"noopener\">REPASO LA UNIDAD<\/a><\/p>\n<p><a href=\"http:\/\/www.primaria.librosvivos.net\/actividades\/flashActividadesPrimariaPub\/examen.swf?idejecucion=7576\" target=\"_blank\" rel=\"noopener\">AUTOEVALUACI\u00d3N DE LA UNIDAD<\/a><\/p>\n<p><strong>ACTIVIDADES DE REPASO<\/strong><br \/>\n<a href=\"http:\/\/www.juntadeandalucia.es\/averroes\/centros-tic\/41009470\/helvia\/aula\/archivos\/repositorio\/0\/193\/html\/recursos\/la\/U03\/pages\/recursos\/143304_P30.html\" target=\"_blank\" rel=\"noopener\">1<\/a> <a href=\"http:\/\/www.juntadeandalucia.es\/averroes\/centros-tic\/41009470\/helvia\/aula\/archivos\/repositorio\/0\/193\/html\/recursos\/la\/U03\/pages\/recursos\/143304_P31\/es_carcasa.html\" target=\"_blank\" rel=\"noopener\">2<\/a> <a href=\"http:\/\/www.juntadeandalucia.es\/averroes\/centros-tic\/41009470\/helvia\/aula\/archivos\/repositorio\/0\/193\/html\/recursos\/la\/U03\/pages\/recursos\/143304_P32.html\" target=\"_blank\" rel=\"noopener\">3<\/a> <a href=\"http:\/\/www.juntadeandalucia.es\/averroes\/centros-tic\/41009470\/helvia\/aula\/archivos\/repositorio\/0\/193\/html\/recursos\/la\/U03\/pages\/recursos\/143304_P33\/es_carcasa.html\" target=\"_blank\" rel=\"noopener\">4<\/a> <a href=\"http:\/\/www.juntadeandalucia.es\/averroes\/centros-tic\/41009470\/helvia\/aula\/archivos\/repositorio\/0\/193\/html\/recursos\/la\/U03\/pages\/recursos\/143304_P34.html\" target=\"_blank\" rel=\"noopener\">5<\/a> <a href=\"http:\/\/www.juntadeandalucia.es\/averroes\/centros-tic\/41009470\/helvia\/aula\/archivos\/repositorio\/0\/193\/html\/recursos\/la\/U03\/pages\/recursos\/143304_P35.html\" target=\"_blank\" rel=\"noopener\">6<\/a> <a href=\"http:\/\/www.juntadeandalucia.es\/averroes\/centros-tic\/41009470\/helvia\/aula\/archivos\/repositorio\/0\/193\/html\/recursos\/la\/U03\/pages\/recursos\/143304_P36.html\" target=\"_blank\" rel=\"noopener\">7<\/a> <a href=\"http:\/\/www.juntadeandalucia.es\/averroes\/centros-tic\/41009470\/helvia\/aula\/archivos\/repositorio\/0\/193\/html\/recursos\/la\/U03\/pages\/recursos\/143304_P37\/es_carcasa.htm\" target=\"_blank\" rel=\"noopener\">8<\/a> <a href=\"http:\/\/www.juntadeandalucia.es\/averroes\/centros-tic\/41009470\/helvia\/aula\/archivos\/repositorio\/0\/193\/html\/recursos\/la\/U03\/pages\/recursos\/143304_P38.html\" target=\"_blank\" rel=\"noopener\">9<\/a> <a href=\"http:\/\/www.juntadeandalucia.es\/averroes\/centros-tic\/41009470\/helvia\/aula\/archivos\/repositorio\/0\/193\/html\/recursos\/la\/U03\/pages\/recursos\/143304_P39\/es_carcasa.html\" target=\"_blank\" rel=\"noopener\">10<\/a> <a href=\"http:\/\/www.juntadeandalucia.es\/averroes\/centros-tic\/41009470\/helvia\/aula\/archivos\/repositorio\/0\/193\/html\/recursos\/la\/U03\/pages\/recursos\/143304_P40_1\/es_carcasa.html\" target=\"_blank\" rel=\"noopener\">11<\/a> <a href=\"http:\/\/www.juntadeandalucia.es\/averroes\/centros-tic\/41009470\/helvia\/aula\/archivos\/repositorio\/0\/193\/html\/recursos\/la\/U03\/pages\/recursos\/143304_P40_2\/es_carcasa.html\" target=\"_blank\" rel=\"noopener\">12<\/a> <a href=\"http:\/\/www.juntadeandalucia.es\/averroes\/centros-tic\/41009470\/helvia\/aula\/archivos\/repositorio\/0\/193\/html\/recursos\/la\/U03\/pages\/recursos\/143304_P40_3\/es_carcasa.html\" target=\"_blank\" rel=\"noopener\">13<\/a> <a href=\"http:\/\/www.juntadeandalucia.es\/averroes\/centros-tic\/41009470\/helvia\/aula\/archivos\/repositorio\/0\/193\/html\/recursos\/la\/U03\/pages\/recursos\/143304_P40_4\/es_carcasa.html\" target=\"_blank\" rel=\"noopener\">14<\/a> <a href=\"http:\/\/www.juntadeandalucia.es\/averroes\/centros-tic\/41009470\/helvia\/aula\/archivos\/repositorio\/0\/193\/html\/recursos\/la\/U03\/pages\/recursos\/143304_P40_5\/es_carcasa.html\" target=\"_blank\" rel=\"noopener\">15<\/a> <a href=\"http:\/\/www.juntadeandalucia.es\/averroes\/centros-tic\/41009470\/helvia\/aula\/archivos\/repositorio\/0\/193\/html\/recursos\/la\/U03\/pages\/recursos\/143304_P42.html\" target=\"_blank\" rel=\"noopener\">16<\/a> <a href=\"http:\/\/www.juntadeandalucia.es\/averroes\/centros-tic\/41009470\/helvia\/aula\/archivos\/repositorio\/0\/193\/html\/recursos\/la\/U03\/pages\/recursos\/143304_P44.html\" target=\"_blank\" rel=\"noopener\">17<\/a> <a href=\"http:\/\/www.juntadeandalucia.es\/averroes\/centros-tic\/41009470\/helvia\/aula\/archivos\/repositorio\/0\/193\/html\/recursos\/la\/U03\/pages\/recursos\/143304_P45.html\" target=\"_blank\" rel=\"noopener\">18<\/a><\/p>\n<p><a href=\"http:\/\/www.ceiploreto.es\/sugerencias\/cplosangeles.juntaextremadura.net\/web\/matematicas_6\/numeros_enteros_6\/actividad01.htm\" target=\"_blank\" rel=\"noopener\">REPASO: N\u00daMEROS ENTEROS<\/a><\/p>\n","protected":false},"excerpt":{"rendered":"<p>N\u00fameros enteros Contenidos previos REPRESENTACI\u00d3N DE N\u00daMEROS NATURALES REPRESENTACI\u00d3N DE N\u00daMEROS DECIMALES COMPARACI\u00d3N DE N\u00daMEROS DECIMALES COMPARAR DECIMALES REPRESENTACI\u00d3N DE DECIMALES ORDEN EN LOS N\u00daMEROS DECIMALES COMPARACI\u00d3N Y ORDENACI\u00d3N DE N\u00daMEROS DECIMALES NUMERACI\u00d3N CON DECIMALES ORDENA LOS N\u00daMEROS DE MENOR A MAYOR N\u00daMEROS DECIMALES N\u00fameros enteros EL ASCENSOR Y LOS N\u00daMEROS ENTEROS LAS ALTITUDES Y &hellip; <\/p>\n<p><a class=\"more-link btn\" href=\"https:\/\/blogsaverroes.juntadeandalucia.es\/ceipaznaitin\/matematicas-6o-tema-6\/\">Seguir leyendo<\/a><\/p>\n","protected":false},"author":2805,"featured_media":0,"parent":0,"menu_order":0,"comment_status":"closed","ping_status":"closed","template":"","meta":{"ngg_post_thumbnail":0,"footnotes":"","_mc_calendar":[]},"aioseo_notices":[],"_links":{"self":[{"href":"https:\/\/blogsaverroes.juntadeandalucia.es\/ceipaznaitin\/wp-json\/wp\/v2\/pages\/3337"}],"collection":[{"href":"https:\/\/blogsaverroes.juntadeandalucia.es\/ceipaznaitin\/wp-json\/wp\/v2\/pages"}],"about":[{"href":"https:\/\/blogsaverroes.juntadeandalucia.es\/ceipaznaitin\/wp-json\/wp\/v2\/types\/page"}],"author":[{"embeddable":true,"href":"https:\/\/blogsaverroes.juntadeandalucia.es\/ceipaznaitin\/wp-json\/wp\/v2\/users\/2805"}],"replies":[{"embeddable":true,"href":"https:\/\/blogsaverroes.juntadeandalucia.es\/ceipaznaitin\/wp-json\/wp\/v2\/comments?post=3337"}],"version-history":[{"count":9,"href":"https:\/\/blogsaverroes.juntadeandalucia.es\/ceipaznaitin\/wp-json\/wp\/v2\/pages\/3337\/revisions"}],"predecessor-version":[{"id":3348,"href":"https:\/\/blogsaverroes.juntadeandalucia.es\/ceipaznaitin\/wp-json\/wp\/v2\/pages\/3337\/revisions\/3348"}],"wp:attachment":[{"href":"https:\/\/blogsaverroes.juntadeandalucia.es\/ceipaznaitin\/wp-json\/wp\/v2\/media?parent=3337"}],"curies":[{"name":"wp","href":"https:\/\/api.w.org\/{rel}","templated":true}]}}