{"id":3366,"date":"2018-01-24T17:24:32","date_gmt":"2018-01-24T15:24:32","guid":{"rendered":"http:\/\/blogsaverroes.juntadeandalucia.es\/ceipaznaitin\/?page_id=3366"},"modified":"2018-02-04T21:06:50","modified_gmt":"2018-02-04T19:06:50","slug":"matematicas-3o-tema-6","status":"publish","type":"page","link":"https:\/\/blogsaverroes.juntadeandalucia.es\/ceipaznaitin\/matematicas-3o-tema-6\/","title":{"rendered":"Matem\u00e1ticas 4\u00ba Tema 6"},"content":{"rendered":"<p><strong>Contenidos previos<\/strong><\/p>\n<p><strong>N\u00fameros decimales<\/strong><\/p>\n<p><a href=\"http:\/\/www.juntadeandalucia.es\/averroes\/centros-tic\/41009470\/helvia\/aula\/archivos\/repositorio\/0\/196\/html\/recursos\/la\/U06\/pages\/recursos\/143164_P82\/es_carcasa.html\">N\u00daMEROS DECIMALES<\/a><\/p>\n<p><a href=\"http:\/\/www.juntadeandalucia.es\/averroes\/centros-tic\/41009470\/helvia\/aula\/archivos\/repositorio\/0\/203\/html\/datos\/05_rdi\/U07\/03.htm\">PARTES DE UN N\u00daMERO DECIMAL<\/a><\/p>\n<p><strong>Comparaci\u00f3n de n\u00fameros decimales<\/strong><\/p>\n<p><a href=\"http:\/\/www.primaria.librosvivos.net\/archivosCMS\/3\/3\/16\/usuarios\/103294\/9\/4EP_mate_ud7_comparadecimales\/frame_prim.swf\">COMPARACI\u00d3N DE DECIMALES<\/a><\/p>\n<p><a href=\"http:\/\/www.juntadeandalucia.es\/averroes\/carambolo\/WEB%20JCLIC2\/Agrega\/Matematicas\/Fraccion_y_numero_decimal-CONTENIDOS\/contenido\/mt10_oa05_es\/index.html\">COMPARACI\u00d3N DE DECIMALES II<\/a><\/p>\n<p><strong>Sumas y restas de n\u00fameros decimales<\/strong><\/p>\n<p><a href=\"http:\/\/www.juntadeandalucia.es\/averroes\/centros-tic\/41009470\/helvia\/aula\/archivos\/repositorio\/0\/203\/html\/datos\/05_rdi\/U07\/04.htm\">SUMAS Y RESTAS DE DECIMALES<\/a><\/p>\n<p><strong>Unidad, d\u00e9cima, cent\u00e9sima y mil\u00e9sima<\/strong><\/p>\n<p><a style=\"font-size: 14px;line-height: 22.4px;text-align: -webkit-center\" href=\"http:\/\/www.eltanquematematico.es\/pizarradigital\/NumDec5\/decimas\/decimas_5_p.html\" target=\"_blank\" rel=\"noopener\">LAS D\u00c9CIMAS I<\/a><\/p>\n<p><a style=\"font-size: 14px;line-height: 22.4px;text-align: -webkit-center\" href=\"http:\/\/www.ceiploreto.es\/sugerencias\/A_1\/Recursosdidacticos\/CUARTO\/datos\/01_Mates\/datos\/05_rdi\/U07\/01.htm\" target=\"_blank\" rel=\"noopener\">LAS D\u00c9CIMAS II<\/a><\/p>\n<p><a style=\"font-size: 14px;line-height: 22.4px;text-align: -webkit-center\" href=\"http:\/\/www.eltanquematematico.es\/pizarradigital\/NumDec5\/decimas\/actividades_d\/actividades_d1.html\" target=\"_blank\" rel=\"noopener\">ACTIVIDAD I<\/a><\/p>\n<p><a style=\"font-size: 14px;line-height: 22.4px;text-align: -webkit-center\" href=\"http:\/\/www.eltanquematematico.es\/pizarradigital\/NumDec5\/decimas\/actividades_d\/actividades_d3.html\" target=\"_blank\" rel=\"noopener\">ACTIVIDAD II<\/a><\/p>\n<p><a style=\"font-size: 14px;line-height: 22.4px;text-align: -webkit-center\" href=\"http:\/\/www.eltanquematematico.es\/pizarradigital\/NumDec5\/decimas\/actividades_d\/actividades_d4.html\" target=\"_blank\" rel=\"noopener\">ACTIVIDAD III<\/a><\/p>\n<p><a style=\"font-size: 14px;line-height: 22.4px;text-align: -webkit-center\" href=\"http:\/\/ntic.educacion.es\/w3\/recursos\/primaria\/matematicas\/decimales\/menuu1.html\" target=\"_blank\" rel=\"noopener\">LAS D\u00c9CIMAS III<\/a><\/p>\n<p><a style=\"font-size: 14px;line-height: 22.4px;text-align: -webkit-center\" href=\"http:\/\/www.eltanquematematico.es\/pizarradigital\/NumDec5\/centesimas\/centesimas_5cubo_p.html\" target=\"_blank\" rel=\"noopener\">LAS CENT\u00c9SIMAS<\/a><\/p>\n<p><a style=\"font-size: 14px;line-height: 22.4px;text-align: -webkit-center\" href=\"http:\/\/www.eltanquematematico.es\/pizarradigital\/NumDec5\/centesimas\/actividades_c\/actividades_c1.html\" target=\"_blank\" rel=\"noopener\">ACTIVIDAD I<\/a><\/p>\n<p><a style=\"font-size: 14px;line-height: 22.4px;text-align: -webkit-center\" href=\"http:\/\/www.eltanquematematico.es\/pizarradigital\/NumDec5\/centesimas\/actividades_c\/actividades_c2.html\" target=\"_blank\" rel=\"noopener\">ACTIVIDAD II<\/a><\/p>\n<p><a style=\"font-size: 14px;line-height: 22.4px;text-align: -webkit-center\" href=\"http:\/\/www.eltanquematematico.es\/pizarradigital\/NumDec5\/decimas\/actividades_d\/actividades_d2.html\" target=\"_blank\" rel=\"noopener\">ACTIVIDAD III<\/a><span style=\"font-size: 14px;line-height: 22.4px;text-align: -webkit-center;background-color: #cce6ff\">\u00a0<\/span><\/p>\n<p><a style=\"font-size: 14px;line-height: 22.4px;text-align: -webkit-center\" href=\"http:\/\/ntic.educacion.es\/w3\/recursos\/primaria\/matematicas\/decimales\/menuu2.html\" target=\"_blank\" rel=\"noopener\">LAS CENT\u00c9SIMAS II<\/a><\/p>\n<p><a href=\"http:\/\/www.juntadeandalucia.es\/averroes\/centros-tic\/41009470\/helvia\/aula\/archivos\/repositorio\/0\/196\/html\/recursos\/la\/U06\/pages\/recursos\/143164_P81\/es_carcasa.html\">MIL\u00c9SIMAS<\/a><\/p>\n<p><strong>Representaci\u00f3n de n\u00fameros decimales en la recta num\u00e9rica<\/strong><\/p>\n<p><a href=\"http:\/\/www.juntadeandalucia.es\/averroes\/centros-tic\/41009470\/helvia\/aula\/archivos\/repositorio\/0\/203\/html\/datos\/05_rdi\/U07\/02.htm\">REPRESENTACI\u00d3N DE DECIMALES EN LA RECTA NUM\u00c9RICA<\/a><\/p>\n<p><a href=\"http:\/\/www.primaria.librosvivos.net\/archivosCMS\/3\/3\/16\/usuarios\/103294\/9\/6EP_Mat_cas_ud2_196\/frame_prim.swf\">ACTIVIDAD 1<\/a><\/p>\n<p><strong>Aproximaci\u00f3n de n\u00fameros decimales<\/strong><\/p>\n<p><a href=\"http:\/\/ntic.educacion.es\/w3\/\/eos\/MaterialesEducativos\/mem2008\/visualizador_decimales\/aproximaciondecimales.html\">APROXIMACI\u00d3N N\u00daMEROS DECIMALES I<\/a><\/p>\n<p><a href=\"http:\/\/www.juntadeandalucia.es\/averroes\/centros-tic\/41009470\/helvia\/aula\/archivos\/repositorio\/0\/193\/html\/recursos\/la\/U08\/pages\/recursos\/143304_P112\/es_carcasa.html\">APROXIMACI\u00d3N N\u00daMEROS DECIMALES II<\/a><\/p>\n<p><a href=\"http:\/\/www.juntadeandalucia.es\/averroes\/centros-tic\/41009470\/helvia\/aula\/archivos\/repositorio\/0\/56\/html\/datos\/03_Mates\/act_mat\/act\/ud05\/0503.htm\">APROXIMACI\u00d3N N\u00daMEROS DECIMALES III<\/a><\/p>\n<p><strong>Multiplicaci\u00f3n de n\u00fameros decimales<\/strong><\/p>\n<p><a style=\"font-size: 14px;line-height: 22.4px;text-align: -webkit-center\" href=\"http:\/\/www.ceipjuanherreraalcausa.es\/Recursosdidacticos\/QUINTO\/datos\/03_Mates\/datos\/05_rdi\/ud05\/2\/02.htm\" target=\"_blank\" rel=\"noopener\">OPERACIONES CON N\u00daMEROS DECIMALES<\/a><\/p>\n<p><a style=\"font-size: 14px;line-height: 22.4px\" href=\"http:\/\/www.ceiploreto.es\/sugerencias\/cplosangeles.juntaextremadura.net\/web\/curso_3\/matematicas\/producto_dec_3\/producto_dec_3.html\" target=\"_blank\" rel=\"noopener\">MULTIPLICACI\u00d3N DE DECIMALES<\/a><\/p>\n<p><a style=\"font-size: 14px;line-height: 22.4px\" href=\"http:\/\/www.ceiploreto.es\/sugerencias\/cplosangeles.juntaextremadura.net\/web\/curso_3\/matematicas\/operaciones_dec_3\/operaciones_dec_3.html\" target=\"_blank\" rel=\"noopener\">OPERACIONES CON DECIMALES<\/a><\/p>\n<p><strong>\u00a1Sin problemas!<\/strong><\/p>\n<p><strong>Resolver el problema empezando por el final<\/strong><\/p>\n<p><a href=\"https:\/\/www.fernanquin.com\/matem%C3%A1ticas-4%C2%BA\/problemas\/empezar-por-el-final\/\">RESOLVER EL PROBLEMA EMPEZANDO POR EL FINAL<\/a><\/p>\n<p>&nbsp;<\/p>\n<p><strong>Repaso unidad<\/strong><\/p>\n<p><a href=\"http:\/\/ntic.educacion.es\/w3\/recursos\/primaria\/matematicas\/decimales\/menu.html\">REPASO DE LA UNIDAD<\/a><\/p>\n<p><a href=\"http:\/\/www.primaria.librosvivos.net\/actividades\/flashActividadesPrimariaPub\/examen.swf?idejecucion=3090\" target=\"_blank\" rel=\"noopener\">AUTOEVALUACI\u00d3N DE LA UNIDAD<\/a><\/p>\n","protected":false},"excerpt":{"rendered":"<p>Contenidos previos N\u00fameros decimales N\u00daMEROS DECIMALES PARTES DE UN N\u00daMERO DECIMAL Comparaci\u00f3n de n\u00fameros decimales COMPARACI\u00d3N DE DECIMALES COMPARACI\u00d3N DE DECIMALES II Sumas y restas de n\u00fameros decimales SUMAS Y RESTAS DE DECIMALES Unidad, d\u00e9cima, cent\u00e9sima y mil\u00e9sima LAS D\u00c9CIMAS I LAS D\u00c9CIMAS II ACTIVIDAD I ACTIVIDAD II ACTIVIDAD III LAS D\u00c9CIMAS III LAS CENT\u00c9SIMAS &hellip; <\/p>\n<p><a class=\"more-link btn\" href=\"https:\/\/blogsaverroes.juntadeandalucia.es\/ceipaznaitin\/matematicas-3o-tema-6\/\">Seguir leyendo<\/a><\/p>\n","protected":false},"author":2805,"featured_media":0,"parent":0,"menu_order":0,"comment_status":"closed","ping_status":"closed","template":"","meta":{"ngg_post_thumbnail":0,"footnotes":"","_mc_calendar":[]},"aioseo_notices":[],"_links":{"self":[{"href":"https:\/\/blogsaverroes.juntadeandalucia.es\/ceipaznaitin\/wp-json\/wp\/v2\/pages\/3366"}],"collection":[{"href":"https:\/\/blogsaverroes.juntadeandalucia.es\/ceipaznaitin\/wp-json\/wp\/v2\/pages"}],"about":[{"href":"https:\/\/blogsaverroes.juntadeandalucia.es\/ceipaznaitin\/wp-json\/wp\/v2\/types\/page"}],"author":[{"embeddable":true,"href":"https:\/\/blogsaverroes.juntadeandalucia.es\/ceipaznaitin\/wp-json\/wp\/v2\/users\/2805"}],"replies":[{"embeddable":true,"href":"https:\/\/blogsaverroes.juntadeandalucia.es\/ceipaznaitin\/wp-json\/wp\/v2\/comments?post=3366"}],"version-history":[{"count":14,"href":"https:\/\/blogsaverroes.juntadeandalucia.es\/ceipaznaitin\/wp-json\/wp\/v2\/pages\/3366\/revisions"}],"predecessor-version":[{"id":3649,"href":"https:\/\/blogsaverroes.juntadeandalucia.es\/ceipaznaitin\/wp-json\/wp\/v2\/pages\/3366\/revisions\/3649"}],"wp:attachment":[{"href":"https:\/\/blogsaverroes.juntadeandalucia.es\/ceipaznaitin\/wp-json\/wp\/v2\/media?parent=3366"}],"curies":[{"name":"wp","href":"https:\/\/api.w.org\/{rel}","templated":true}]}}