{"id":3411,"date":"2018-01-24T18:27:38","date_gmt":"2018-01-24T16:27:38","guid":{"rendered":"http:\/\/blogsaverroes.juntadeandalucia.es\/ceipaznaitin\/?page_id=3411"},"modified":"2018-01-24T18:40:13","modified_gmt":"2018-01-24T16:40:13","slug":"matematicas-1o-tema-6","status":"publish","type":"page","link":"https:\/\/blogsaverroes.juntadeandalucia.es\/ceipaznaitin\/matematicas-1o-tema-6\/","title":{"rendered":"Matem\u00e1ticas 1\u00ba Tema 6"},"content":{"rendered":"<p><strong>N\u00fameros del 30 al 39. Serie +2<\/strong><\/p>\n<p><a style=\"font-size: 14px;line-height: 22.4px;text-align: -webkit-center\" href=\"http:\/\/www.ceiploreto.es\/sugerencias\/cp.juan.de.la.cosa\/matespdi\/01\/08\/02\/010802.swf\" target=\"_blank\" rel=\"noopener\">LOS N\u00daMEROS HASTA EL 39<\/a><\/p>\n<p><a style=\"font-size: 14px;line-height: 22.4px;text-align: -webkit-center\" href=\"http:\/\/primerodecarlos.com\/primerodecarlos.blogspot.com\/enero\/une_puntos.swf\" target=\"_blank\" rel=\"noopener\">UNE LOS PUNTOS DEL 20 AL 39<\/a><\/p>\n<p><a style=\"font-size: 14px;line-height: 22.4px;text-align: -webkit-center\" href=\"http:\/\/primerodecarlos.com\/primerodecarlos.blogspot.com\/enero\/numeros_30-39-series.swf\" target=\"_blank\" rel=\"noopener\">COMPLETA 1<\/a><\/p>\n<p><a style=\"font-size: 14px;line-height: 22.4px;text-align: -webkit-center\" href=\"http:\/\/primerodecarlos.com\/primerodecarlos.blogspot.com\/enero\/30_39_regletas.swf\" target=\"_blank\" rel=\"noopener\">ESCRIBE LOS N\u00daMEROS 1<\/a><\/p>\n<p><a style=\"font-size: 14px;line-height: 22.4px;text-align: -webkit-center\" href=\"http:\/\/primerodecarlos.com\/primerodecarlos.blogspot.com\/enero\/ABACO_39.swf\" target=\"_blank\" rel=\"noopener\">COMPLETA 2<\/a><\/p>\n<p><a style=\"font-size: 14px;line-height: 22.4px;text-align: -webkit-center\" href=\"http:\/\/primerodecarlos.com\/primerodecarlos.blogspot.com\/enero\/30_39_numeracion.swf\" target=\"_blank\" rel=\"noopener\">ESCRIBE LOS N\u00daMEROS 2<\/a><\/p>\n<p><a style=\"font-size: 14px;line-height: 22.4px;text-align: -webkit-center\" href=\"http:\/\/primerodecarlos.com\/primerodecarlos.blogspot.com\/enero\/decenas-30-39.swf\" target=\"_blank\" rel=\"noopener\">ESCRIBE LOS N\u00daMEROS 3<\/a><\/p>\n<p><a style=\"font-size: 14px;line-height: 22.4px;text-align: -webkit-center\" href=\"http:\/\/primerodecarlos.com\/primerodecarlos.blogspot.com\/enero\/numeros_0_39.swf\" target=\"_blank\" rel=\"noopener\">ESCRIBE LOS N\u00daMEROS 4<\/a><\/p>\n<p><a style=\"font-size: 14px;line-height: 22.4px;text-align: -webkit-center\" href=\"http:\/\/bromera.com\/tl_files\/activitatsdigitals\/capicua_1c_PF\/CAPICUA1-U6-PAG22-CAS.swf\" target=\"_blank\" rel=\"noopener\">LA FAMILIA DEL 30<\/a><\/p>\n<p><a style=\"font-size: 14px;line-height: 22.4px;text-align: -webkit-center\" href=\"http:\/\/ntic.educacion.es\/w3\/eos\/MaterialesEducativos\/mem2008\/matematicas_primaria\/numeracion\/operaciones\/seriesgeneral.swf\" target=\"_blank\" rel=\"noopener\">SERIES ARITM\u00c9TICAS 1<\/a><\/p>\n<p><a style=\"font-size: 14px;line-height: 22.4px\" href=\"http:\/\/www.genmagic.org\/repositorio\/albums\/userpics\/compt2c.swf\" target=\"_blank\" rel=\"noopener\">CONTAR<\/a><\/p>\n<p><strong>N\u00fameros del 40 al 49. Serie -2<\/strong><\/p>\n<p><a style=\"font-size: 14px;line-height: 22.4px;text-align: -webkit-center\" href=\"http:\/\/www.ceiploreto.es\/sugerencias\/juntadeandalucia\/Estrategias_numeracion\/unepuntos.swf\" target=\"_blank\" rel=\"noopener\">SECUENCIA NUM\u00c9RICA<\/a><\/p>\n<p><a style=\"font-size: 14px;line-height: 22.4px;text-align: -webkit-center\" href=\"http:\/\/www.ceiploreto.es\/sugerencias\/cp.juan.de.la.cosa\/matespdi\/01\/09\/01\/010901.swf\" target=\"_blank\" rel=\"noopener\">LOS N\u00daMEROS HASTA EL 49<\/a><\/p>\n<p><a style=\"font-size: 14px;line-height: 22.4px;text-align: -webkit-center\" href=\"http:\/\/primerodecarlos.com\/primerodecarlos.blogspot.com\/enero\/49.swf\" target=\"_blank\" rel=\"noopener\">UNE SEG\u00daN CORRESPONDA<\/a><\/p>\n<p><a style=\"font-size: 14px;line-height: 22.4px;text-align: -webkit-center\" href=\"http:\/\/primerodecarlos.com\/primerodecarlos.blogspot.com\/enero\/49_2.swf\" target=\"_blank\" rel=\"noopener\">COMPLETA<\/a><\/p>\n<p><a style=\"font-size: 14px;line-height: 22.4px;text-align: -webkit-center\" href=\"http:\/\/primerodecarlos.com\/primerodecarlos.blogspot.com\/enero\/menor-mayor.swf\" target=\"_blank\" rel=\"noopener\">ORDENA DE MENOR A MAYOR 1<\/a><\/p>\n<p><a style=\"font-size: 14px;line-height: 22.4px;text-align: -webkit-center\" href=\"http:\/\/primerodecarlos.com\/primerodecarlos.blogspot.com\/febrero\/swf_3\/ordena_numeros.swf\" target=\"_blank\" rel=\"noopener\">ORDENA DE MENOR A MAYOR 2<\/a><\/p>\n<p><a style=\"font-size: 14px;line-height: 22.4px;text-align: -webkit-center\" href=\"http:\/\/primerodecarlos.com\/primerodecarlos.blogspot.com\/enero\/ordena.swf\" target=\"_blank\" rel=\"noopener\">ESCRIBE EL N\u00daMERO MAYOR<\/a><\/p>\n<p><a style=\"font-size: 14px;line-height: 22.4px;text-align: -webkit-center\" href=\"http:\/\/primerodecarlos.com\/primerodecarlos.blogspot.com\/enero\/ordenado3.swf\" target=\"_blank\" rel=\"noopener\">ORDENA DE MAYOR A MENOR<\/a><\/p>\n<p><a style=\"font-size: 14px;line-height: 22.4px;text-align: -webkit-center\" href=\"http:\/\/primerodecarlos.com\/primerodecarlos.blogspot.com\/febrero\/0001.swf\" target=\"_blank\" rel=\"noopener\">CLASIFICA LOS N\u00daMEROS SIGUIENTES<\/a><\/p>\n<p><a style=\"font-size: 14px;line-height: 22.4px;text-align: -webkit-center\" href=\"http:\/\/primerodecarlos.com\/primerodecarlos.blogspot.com\/febrero\/anterior2.swf\" target=\"_blank\" rel=\"noopener\">ANTERIOR Y POSTERIOR<\/a><\/p>\n<p><a style=\"font-size: 14px;line-height: 22.4px;text-align: -webkit-center\" href=\"http:\/\/bromera.com\/tl_files\/activitatsdigitals\/capicua_1c_PF\/CAPICUA1-U7-PAG36-CAS.swf\" target=\"_blank\" rel=\"noopener\">LA FAMILIA DEL 40<\/a><\/p>\n<p><a style=\"font-size: 14px;line-height: 22.4px;text-align: -webkit-center\" href=\"http:\/\/bromera.com\/tl_files\/activitatsdigitals\/capicua_1c_PF\/CAPICUA1-U7-PAG41-CAS.swf\" target=\"_blank\" rel=\"noopener\">ADIVINA EL N\u00daMERO<\/a><\/p>\n<p><a style=\"font-size: 14px;line-height: 22.4px;text-align: -webkit-center\" href=\"http:\/\/bromera.com\/tl_files\/activitatsdigitals\/capicua_1c_PF\/CAPICUA1-U8-PAG53-CAS.swf\" target=\"_blank\" rel=\"noopener\">UNIDADES Y DECENAS<\/a><\/p>\n<p><strong>Suma de n\u00fameros de dos cifras (h)<\/strong><\/p>\n<p><a style=\"font-size: 14px;line-height: 22.4px;text-align: -webkit-center\" href=\"http:\/\/cp.claracampoamor.fuenlabrada.educa.madrid.org\/flash\/area\/matematicas\/04.swf\" target=\"_blank\" rel=\"noopener\">C\u00c1LCULO MENTAL<\/a><\/p>\n<p><a style=\"font-size: 14px;line-height: 22.4px;text-align: -webkit-center\" href=\"http:\/\/genmagic.net\/repositorio\/albums\/userpics\/matpc.swf\" target=\"_blank\" rel=\"noopener\">LAS MATEM\u00c1TICAS PINTAN<\/a><\/p>\n<p><a style=\"font-size: 14px;line-height: 22.4px;text-align: -webkit-center\" href=\"http:\/\/conteni2.educarex.es\/mats\/120525\/contenido\/\" target=\"_blank\" rel=\"noopener\">SUMAS 1<\/a><\/p>\n<p><a style=\"font-size: 14px;line-height: 22.4px;text-align: -webkit-center\" href=\"http:\/\/genmagic.net\/repositorio\/displayimage.php?pos=-258\" target=\"_blank\" rel=\"noopener\">MARCA LA CIFRA<\/a><\/p>\n<p><a style=\"font-size: 14px;line-height: 22.4px;text-align: -webkit-center\" href=\"http:\/\/genmagic.net\/repositorio\/albums\/userpics\/cliresumc.swf\" target=\"_blank\" rel=\"noopener\">SUMA: NIVEL 2<\/a><\/p>\n<p><a style=\"font-size: 14px;line-height: 22.4px;text-align: -webkit-center\" href=\"http:\/\/ntic.educacion.es\/w3\/eos\/MaterialesEducativos\/mem2008\/matematicas_primaria\/numeracion\/operaciones\/tablasumas.swf\" target=\"_blank\" rel=\"noopener\">TABLAS SUMA Y RESTA<\/a><\/p>\n<p><a style=\"font-size: 14px;line-height: 22.4px;text-align: -webkit-center\" href=\"http:\/\/www.ceiploreto.es\/sugerencias\/cp.juan.de.la.cosa\/1_2\/mates\/actividades\/06\/01\/visor.html\" target=\"_blank\" rel=\"noopener\">SUMAS CON EL MISMO RESULTADO<\/a><\/p>\n<p><a style=\"font-size: 14px;line-height: 22.4px;text-align: -webkit-center\" href=\"http:\/\/www.portaleducativo.net\/ejercicios\/primero\/matematica\/suma\/intro.swf\" target=\"_blank\" rel=\"noopener\">SUMAS 2<\/a><\/p>\n<p><strong>Suma de n\u00fameros de dos cifras (v)<\/strong><\/p>\n<p><a style=\"font-size: 14px;line-height: 22.4px;text-align: -webkit-center\" href=\"http:\/\/www.disanedu.com\/cpr\/matematicas\/aplicacion\/programa\/tem\/sumarquequedificil1.html\" target=\"_blank\" rel=\"noopener\">APRENDO A SUMAR<\/a><\/p>\n<p><a style=\"font-size: 14px;line-height: 22.4px;text-align: -webkit-center\" href=\"http:\/\/www.ceiploreto.es\/sugerencias\/A_1\/Recursosdidacticos\/PRIMERO\/datos\/02_Mates\/03_Recursos\/01_t\/actividades\/operaciones\/02.htm\" target=\"_blank\" rel=\"noopener\">SUMAS VERTICALES SIN LLEVADA 1<\/a><\/p>\n<p><a style=\"font-size: 14px;line-height: 22.4px;text-align: -webkit-center\" href=\"http:\/\/www.crienaturavila.com\/crie_httpdocs\/mate\/suma02.html\" target=\"_blank\" rel=\"noopener\">SUMAS DE N\u00daMEROS NATURALES<\/a><\/p>\n<p><a style=\"font-size: 14px;line-height: 22.4px;text-align: -webkit-center\" href=\"http:\/\/www.ceiploreto.es\/sugerencias\/A_1\/Recursosdidacticos\/PRIMERO\/datos\/02_Mates\/03_Recursos\/02_t\/actividades\/operaciones\/01.htm\" target=\"_blank\" rel=\"noopener\">SUMAS VERTICALES SIN LLEVADA 2<\/a><\/p>\n<p><a style=\"font-size: 14px;line-height: 22.4px;text-align: -webkit-center\" href=\"http:\/\/primerodecarlos.com\/primerodecarlos.blogspot.com\/enero\/suma_tu.swf\" target=\"_blank\" rel=\"noopener\">COLOCA Y SUMA I<\/a><\/p>\n<p><a style=\"font-size: 14px;line-height: 22.4px;text-align: -webkit-center\" href=\"http:\/\/primerodecarlos.com\/primerodecarlos.blogspot.com\/enero\/coloca_suma.swf\" target=\"_blank\" rel=\"noopener\">COLOCA Y SUMA II<\/a><\/p>\n<p><a style=\"font-size: 14px;line-height: 22.4px;text-align: -webkit-center\" href=\"http:\/\/regletas.joseantoniocuadrado.com\/portada.swf\" target=\"_blank\" rel=\"noopener\">\u00c1BACOS: SUMAR (2 CIFRAS)<\/a><\/p>\n<p><strong>L\u00edneas poligonales abiertas y cerradas<\/strong><\/p>\n<p><a style=\"font-size: 14px;line-height: 22.4px;text-align: -webkit-center\" href=\"http:\/\/primerodecarlos.com\/primerodecarlos.blogspot.com\/abril\/lineas_abiertas_cerradas2.swf\" target=\"_blank\" rel=\"noopener\">REPASA AS\u00cd LAS FIGURAS<\/a><\/p>\n<p><a style=\"font-size: 14px;line-height: 22.4px;text-align: -webkit-center\" href=\"http:\/\/primerodecarlos.com\/mayo\/lineas_poligonales\/aprende_linea_poligonal\/visor.swf\" target=\"_blank\" rel=\"noopener\">APRENDE<\/a><\/p>\n<p><a style=\"font-size: 14px;line-height: 22.4px;text-align: -webkit-center\" href=\"http:\/\/primerodecarlos.com\/mayo\/lineas_poligonales\/poligonal_abierta_cerrada.swf\" target=\"_blank\" rel=\"noopener\">CLASIFICA LAS L\u00cdNEAS<\/a><\/p>\n<p><a style=\"font-size: 14px;line-height: 22.4px;text-align: -webkit-center\" href=\"http:\/\/primerodecarlos.com\/mayo\/tipos_de_lineas.swf\" target=\"_blank\" rel=\"noopener\">TIPOS DE L\u00cdNEAS<br \/>\n<\/a><\/p>\n<p><strong>Interior, exterior y frontera<\/strong><\/p>\n<p><a href=\"http:\/\/www.ceiploreto.es\/sugerencias\/cp.juan.de.la.cosa\/matespdi\/01\/08\/05\/010805.swf\" target=\"_blank\" rel=\"noopener\">INTERIOR Y EXTERIOR<\/a><\/p>\n<p><a href=\"http:\/\/primerodecarlos.com\/mayo\/EXTERIOR_INTERIOR.swf\" target=\"_blank\" rel=\"noopener\">INTERIOR &#8211; EXTERIOR<\/a><\/p>\n<p><strong>Resuelve problemas<\/strong><\/p>\n<p><a style=\"font-size: 14px;line-height: 22.4px;text-align: -webkit-center\" href=\"http:\/\/genmagic.net\/repositorio\/displayimage.php?pos=-255\" target=\"_blank\" rel=\"noopener\">PROBLEMAS MUDOS &#8211; 4<\/a><\/p>\n<p><a style=\"font-size: 14px;line-height: 22.4px;text-align: -webkit-center\" href=\"http:\/\/www.ceiploreto.es\/sugerencias\/cp.juan.de.la.cosa\/matespdi\/01\/08\/04\/010804.swf\" target=\"_blank\" rel=\"noopener\">PROBLEMA<\/a><\/p>\n<p><a style=\"font-size: 14px;line-height: 22.4px;text-align: -webkit-center\" href=\"http:\/\/www.primaria.librosvivos.net\/archivosCMS\/3\/3\/16\/usuarios\/103294\/9\/1epmatcp_ud6_ap_cas\/actividad.swf\" target=\"_blank\" rel=\"noopener\">APRENDO A PENSAR<\/a><\/p>\n<p><a style=\"font-size: 14px;line-height: 22.4px;text-align: -webkit-center\" href=\"http:\/\/www.primaria.librosvivos.net\/archivosCMS\/3\/3\/16\/usuarios\/103294\/9\/1epmtcp_ud7_act2\/carcasa.swf\" target=\"_blank\" rel=\"noopener\">RESUELVO PROBLEMAS<\/a><\/p>\n<p><a href=\"http:\/\/www.primaria.librosvivos.net\/archivosCMS\/3\/3\/16\/usuarios\/103294\/9\/mate1ep_ud6_act3\/carcasa.swf\" target=\"_blank\" rel=\"noopener\">REPASO 1<\/a><\/p>\n<p><a href=\"http:\/\/www.primaria.librosvivos.net\/archivosCMS\/3\/3\/16\/usuarios\/103294\/9\/mate1ep_ud7_act3\/carcasa.swf\" target=\"_blank\" rel=\"noopener\">REPASO 2<\/a><\/p>\n","protected":false},"excerpt":{"rendered":"<p>N\u00fameros del 30 al 39. Serie +2 LOS N\u00daMEROS HASTA EL 39 UNE LOS PUNTOS DEL 20 AL 39 COMPLETA 1 ESCRIBE LOS N\u00daMEROS 1 COMPLETA 2 ESCRIBE LOS N\u00daMEROS 2 ESCRIBE LOS N\u00daMEROS 3 ESCRIBE LOS N\u00daMEROS 4 LA FAMILIA DEL 30 SERIES ARITM\u00c9TICAS 1 CONTAR N\u00fameros del 40 al 49. Serie -2 SECUENCIA &hellip; <\/p>\n<p><a class=\"more-link btn\" href=\"https:\/\/blogsaverroes.juntadeandalucia.es\/ceipaznaitin\/matematicas-1o-tema-6\/\">Seguir leyendo<\/a><\/p>\n","protected":false},"author":2805,"featured_media":0,"parent":0,"menu_order":0,"comment_status":"closed","ping_status":"closed","template":"","meta":{"ngg_post_thumbnail":0,"footnotes":"","_mc_calendar":[]},"aioseo_notices":[],"_links":{"self":[{"href":"https:\/\/blogsaverroes.juntadeandalucia.es\/ceipaznaitin\/wp-json\/wp\/v2\/pages\/3411"}],"collection":[{"href":"https:\/\/blogsaverroes.juntadeandalucia.es\/ceipaznaitin\/wp-json\/wp\/v2\/pages"}],"about":[{"href":"https:\/\/blogsaverroes.juntadeandalucia.es\/ceipaznaitin\/wp-json\/wp\/v2\/types\/page"}],"author":[{"embeddable":true,"href":"https:\/\/blogsaverroes.juntadeandalucia.es\/ceipaznaitin\/wp-json\/wp\/v2\/users\/2805"}],"replies":[{"embeddable":true,"href":"https:\/\/blogsaverroes.juntadeandalucia.es\/ceipaznaitin\/wp-json\/wp\/v2\/comments?post=3411"}],"version-history":[{"count":9,"href":"https:\/\/blogsaverroes.juntadeandalucia.es\/ceipaznaitin\/wp-json\/wp\/v2\/pages\/3411\/revisions"}],"predecessor-version":[{"id":3422,"href":"https:\/\/blogsaverroes.juntadeandalucia.es\/ceipaznaitin\/wp-json\/wp\/v2\/pages\/3411\/revisions\/3422"}],"wp:attachment":[{"href":"https:\/\/blogsaverroes.juntadeandalucia.es\/ceipaznaitin\/wp-json\/wp\/v2\/media?parent=3411"}],"curies":[{"name":"wp","href":"https:\/\/api.w.org\/{rel}","templated":true}]}}