{"id":3487,"date":"2018-01-25T10:58:36","date_gmt":"2018-01-25T08:58:36","guid":{"rendered":"http:\/\/blogsaverroes.juntadeandalucia.es\/ceipaznaitin\/?page_id=3487"},"modified":"2018-01-25T11:04:45","modified_gmt":"2018-01-25T09:04:45","slug":"ciencias-sociales-3o-tema-4","status":"publish","type":"page","link":"https:\/\/blogsaverroes.juntadeandalucia.es\/ceipaznaitin\/ciencias-sociales-3o-tema-4\/","title":{"rendered":"Ciencias Sociales 3\u00ba Tema 4"},"content":{"rendered":"<p><strong>Un lugar para vivir<\/strong><\/p>\n<p><strong>Nuestro entorno m\u00e1s cercano<\/strong><\/p>\n<p><a style=\"font-size: 14px;line-height: 22.4px;text-align: -webkit-center\" href=\"http:\/\/contenidos.educarex.es\/cnice\/2006\/alquimia\/a\/03\/animaciones\/a_fa23_03.html\" target=\"_blank\" rel=\"noopener\">ES COSA DE TODOS<\/a><\/p>\n<p><a style=\"font-size: 14px;line-height: 22.4px;text-align: -webkit-center\" href=\"http:\/\/agrega2.red.es\/\/repositorio\/01022010\/77\/es_2009063012_7240141\/index.html\" target=\"_blank\" rel=\"noopener\">LA CONSTITUCI\u00d3N ESPA\u00d1OLA<\/a><\/p>\n<p><a style=\"font-size: 14px;line-height: 22.4px;text-align: -webkit-center\" href=\"http:\/\/ares.cnice.mec.es\/ciengehi\/a\/03\/animaciones\/a_fa23_01.html\" target=\"_blank\" rel=\"noopener\">LA COMUNIDAD EDUCATIVA<\/a><\/p>\n<p><strong>Vivimos en una localidad<\/strong><\/p>\n<p><a style=\"font-size: 14px;line-height: 22.4px;text-align: -webkit-center\" href=\"http:\/\/www.ceiploreto.es\/sugerencias\/juntadeandalucia\/Costa21\/organiza\/organiza.html\" target=\"_blank\" rel=\"noopener\">LA LOCALIDAD<\/a><\/p>\n<p><a style=\"font-size: 14px;line-height: 22.4px;text-align: -webkit-center\" href=\"http:\/\/www.primaria.librosvivos.net\/archivosCMS\/3\/3\/16\/usuarios\/103294\/9\/cm3_u12_act2\/frame_prim.swf\" target=\"_blank\" rel=\"noopener\">ELEMENTOS DE LA LOCALIDAD<\/a><\/p>\n<p><a style=\"font-size: 14px;line-height: 22.4px;text-align: -webkit-center\" href=\"http:\/\/www.primaria.librosvivos.net\/archivosCMS\/3\/3\/16\/usuarios\/103294\/9\/cm3_u12_act1\/frame_prim.swf\" target=\"_blank\" rel=\"noopener\">LAS CIUDADES I<\/a><\/p>\n<p><a style=\"font-size: 14px;line-height: 22.4px;text-align: -webkit-center\" href=\"http:\/\/www.ceiploreto.es\/sugerencias\/cplosangeles.juntaextremadura.net\/web\/curso_3\/sociales_3\/paisajesurbanizados\/indice.htm\" target=\"_blank\" rel=\"noopener\">PAISAJES URBANIZADOS<\/a><\/p>\n<p><a style=\"font-size: 14px;line-height: 22.4px;text-align: -webkit-center\" href=\"http:\/\/www.ceiploreto.es\/sugerencias\/cplosangeles.juntaextremadura.net\/web\/curso_3\/sociales_3\/ciudades_3\/ciudades_3.html\" target=\"_blank\" rel=\"noopener\">LAS CIUDADES II<\/a><\/p>\n<p><a style=\"font-size: 14px;line-height: 22.4px;text-align: -webkit-center\" href=\"http:\/\/www.ceiploreto.es\/sugerencias\/cplosangeles.juntaextremadura.net\/web\/curso_3\/sociales_3\/pueblos_3\/pueblos_3.html\" target=\"_blank\" rel=\"noopener\">LOS PUEBLOS<\/a><\/p>\n<p><strong>La organizaci\u00f3n de la localidad<\/strong><\/p>\n<p><a style=\"font-size: 14px;line-height: 22.4px;text-align: -webkit-center\" href=\"http:\/\/ares.cnice.mec.es\/ciengehi\/b\/03\/animaciones\/a_fb27_00.html\" target=\"_blank\" rel=\"noopener\">LA ORGANIZACI\u00d3N TERRITORIAL<\/a><\/p>\n<p><a style=\"font-size: 14px;line-height: 22.4px;text-align: -webkit-center\" href=\"http:\/\/www.primaria.librosvivos.net\/archivosCMS\/3\/3\/16\/usuarios\/103294\/9\/cm3_u13_act1\/frame_prim.swf\" target=\"_blank\" rel=\"noopener\">LAS ELECCIONES MUNICIPALES<\/a><\/p>\n<p><a style=\"font-size: 14px;line-height: 22.4px;text-align: -webkit-center\" href=\"http:\/\/agrega2.red.es\/\/repositorio\/01022010\/66\/es_2009091713_8223866\/cm012_oa01_es\/index.html\" target=\"_blank\" rel=\"noopener\">EL AYUNTAMIENTO<\/a><\/p>\n<p><a style=\"font-size: 14px;line-height: 22.4px;text-align: -webkit-center\" href=\"http:\/\/www.ceiploreto.es\/sugerencias\/cplosangeles.juntaextremadura.net\/web\/curso_3\/sociales_3\/ayuntamiento_3\/ayuntamiento_3.html\" target=\"_blank\" rel=\"noopener\">GOBIERNO DEL MUNICIPIO<\/a><\/p>\n<p><a style=\"font-size: 14px;line-height: 22.4px;text-align: -webkit-center\" href=\"http:\/\/agrega2.red.es\/\/repositorio\/01022010\/e0\/es_2008112812_7240122\/index.html\" target=\"_blank\" rel=\"noopener\">LOS SERVICIOS MUNICIPALES<\/a><\/p>\n<p><a style=\"font-size: 14px;line-height: 22.4px;text-align: -webkit-center\" href=\"http:\/\/www.ceiploreto.es\/sugerencias\/cplosangeles.juntaextremadura.net\/web\/curso_3\/sociales_3\/servicios_municipales_3\/servicios_municipales_3.html\" target=\"_blank\" rel=\"noopener\">LOS SERVICIOS MUNICIPALES II<\/a><\/p>\n<p><a style=\"font-size: 14px;line-height: 22.4px;text-align: -webkit-center\" href=\"http:\/\/www.ceiploreto.es\/sugerencias\/averroes\/ceip_san_rafael\/ayuntamiento\/index.htm\" target=\"_blank\" rel=\"noopener\">LAS INSTITUCIONES DE LA LOCALIDAD<\/a><\/p>\n<p><strong>Seguros por nuestras calles<\/strong><\/p>\n<p><a style=\"font-size: 14px;line-height: 22.4px;text-align: -webkit-center\" href=\"http:\/\/www.primaria.librosvivos.net\/archivosCMS\/3\/3\/16\/usuarios\/103294\/9\/cm3_u13_act2\/frame_prim.swf\" target=\"_blank\" rel=\"noopener\">RESPONSABILIDADES DE LOS CIUDADANOS<\/a><\/p>\n<p><a style=\"font-size: 14px;line-height: 22.4px;text-align: -webkit-center\" href=\"http:\/\/www.ite.educacion.es\/w3\/recursos\/primaria\/transversales\/vial\/vial_escuela\/index.html\" target=\"_blank\" rel=\"noopener\">EDUCACI\u00d3N VIAL EN LA ESCUELA<\/a><\/p>\n<p><span style=\"font-size: 14px;line-height: 22.4px;text-align: -webkit-center\">EDUCACI\u00d3N VIAL:<\/span><a style=\"font-size: 14px;line-height: 22.4px;text-align: -webkit-center\" href=\"http:\/\/agrega2.red.es\/\/repositorio\/27012010\/4e\/es_20071217_3_0110600\/oa01_semaforo_peatones_vehiculos\/contenido\/marco_06_01.html\" target=\"_blank\" rel=\"noopener\">1<\/a><span style=\"font-size: 14px;line-height: 22.4px;text-align: -webkit-center\">&nbsp;<\/span><a style=\"font-size: 14px;line-height: 22.4px;text-align: -webkit-center\" href=\"http:\/\/agrega2.red.es\/\/repositorio\/27012010\/4e\/es_20071217_3_0110600\/oa02_principales_seniales_trafico\/contenido\/marco_06_02.html\" target=\"_blank\" rel=\"noopener\">2<\/a><span style=\"font-size: 14px;line-height: 22.4px;text-align: -webkit-center\">&nbsp;<\/span><a style=\"font-size: 14px;line-height: 22.4px;text-align: -webkit-center\" href=\"http:\/\/agrega2.red.es\/\/repositorio\/27012010\/4e\/es_20071217_3_0110600\/oa04_situacion_seniales_trafico\/contenido\/marco_06_04.html\" target=\"_blank\" rel=\"noopener\">3<\/a><\/p>\n<p><a style=\"font-size: 14px;line-height: 22.4px;text-align: -webkit-center\" href=\"http:\/\/www.cuentosparaconversar.net\/juegos\/educacion\/educacionA.swf\" target=\"_blank\" rel=\"noopener\">\u00a1SEGURO QUE LLEGO!<\/a><\/p>\n<p><a style=\"font-size: 14px;line-height: 22.4px;text-align: -webkit-center\" href=\"http:\/\/www.dgt.es\/PEVI\/contenidos\/Externos\/recursos_didacticos\/curriculares\/ed_especial\/Barrio_Quique\/index.html\" target=\"_blank\" rel=\"noopener\">EL BARRIO DE QUIQUE<\/a><\/p>\n<p><a style=\"font-size: 14px;line-height: 22.4px;text-align: -webkit-center\" href=\"http:\/\/www.dgt.es\/PEVI\/contenidos\/Externos\/recursos_didacticos\/curriculares\/primaria\/segundo_ciclo\/DGT_Guia_Didactica_09_Partido.swf\" target=\"_blank\" rel=\"noopener\">GU\u00cdA DID\u00c1CTICA DE EDUCACI\u00d3N VIAL<\/a><\/p>\n<p><strong>Trazamos el plano de la localidad ideal<\/strong><\/p>\n<p><a href=\"http:\/\/www.educa.jcyl.es\/educacyl\/cm\/gallery\/Recursos%20Boecillo\/conocimiento\/entorno2\/index.htm\" target=\"_blank\" rel=\"noopener\">TODO EST\u00c1 EN EL PLANO<\/a><\/p>\n<p><a href=\"http:\/\/www.primaria.librosvivos.net\/actividades\/flashActividadesPrimariaPub\/examen.swf?idejecucion=1972\" target=\"_blank\" rel=\"noopener\">AUTOEVALUACI\u00d3N DE LA UNIDAD I<\/a><\/p>\n<p><a href=\"http:\/\/www.primaria.librosvivos.net\/actividades\/flashActividadesPrimariaPub\/examen.swf?idejecucion=343171\" target=\"_blank\" rel=\"noopener\">AUTOEVALUACI\u00d3N DE LA UNIDAD II<\/a><\/p>\n<p><a href=\"http:\/\/www.testeando.es\/test.asp?idA=55&amp;idT=duxgkfvt\" target=\"_blank\" rel=\"noopener\">TEST: LAS CIUDADES<\/a><\/p>\n","protected":false},"excerpt":{"rendered":"<p>Un lugar para vivir Nuestro entorno m\u00e1s cercano ES COSA DE TODOS LA CONSTITUCI\u00d3N ESPA\u00d1OLA LA COMUNIDAD EDUCATIVA Vivimos en una localidad LA LOCALIDAD ELEMENTOS DE LA LOCALIDAD LAS CIUDADES I PAISAJES URBANIZADOS LAS CIUDADES II LOS PUEBLOS La organizaci\u00f3n de la localidad LA ORGANIZACI\u00d3N TERRITORIAL LAS ELECCIONES MUNICIPALES EL AYUNTAMIENTO GOBIERNO DEL MUNICIPIO LOS &hellip; <\/p>\n<p><a class=\"more-link btn\" href=\"https:\/\/blogsaverroes.juntadeandalucia.es\/ceipaznaitin\/ciencias-sociales-3o-tema-4\/\">Seguir leyendo<\/a><\/p>\n","protected":false},"author":2805,"featured_media":0,"parent":0,"menu_order":0,"comment_status":"closed","ping_status":"closed","template":"","meta":{"ngg_post_thumbnail":0,"footnotes":"","_mc_calendar":[]},"aioseo_notices":[],"_links":{"self":[{"href":"https:\/\/blogsaverroes.juntadeandalucia.es\/ceipaznaitin\/wp-json\/wp\/v2\/pages\/3487"}],"collection":[{"href":"https:\/\/blogsaverroes.juntadeandalucia.es\/ceipaznaitin\/wp-json\/wp\/v2\/pages"}],"about":[{"href":"https:\/\/blogsaverroes.juntadeandalucia.es\/ceipaznaitin\/wp-json\/wp\/v2\/types\/page"}],"author":[{"embeddable":true,"href":"https:\/\/blogsaverroes.juntadeandalucia.es\/ceipaznaitin\/wp-json\/wp\/v2\/users\/2805"}],"replies":[{"embeddable":true,"href":"https:\/\/blogsaverroes.juntadeandalucia.es\/ceipaznaitin\/wp-json\/wp\/v2\/comments?post=3487"}],"version-history":[{"count":7,"href":"https:\/\/blogsaverroes.juntadeandalucia.es\/ceipaznaitin\/wp-json\/wp\/v2\/pages\/3487\/revisions"}],"predecessor-version":[{"id":3496,"href":"https:\/\/blogsaverroes.juntadeandalucia.es\/ceipaznaitin\/wp-json\/wp\/v2\/pages\/3487\/revisions\/3496"}],"wp:attachment":[{"href":"https:\/\/blogsaverroes.juntadeandalucia.es\/ceipaznaitin\/wp-json\/wp\/v2\/media?parent=3487"}],"curies":[{"name":"wp","href":"https:\/\/api.w.org\/{rel}","templated":true}]}}