{"id":3811,"date":"2018-02-14T17:57:38","date_gmt":"2018-02-14T15:57:38","guid":{"rendered":"http:\/\/blogsaverroes.juntadeandalucia.es\/ceipaznaitin\/?page_id=3811"},"modified":"2018-02-14T18:05:24","modified_gmt":"2018-02-14T16:05:24","slug":"matematicas-4o-tema-7","status":"publish","type":"page","link":"https:\/\/blogsaverroes.juntadeandalucia.es\/ceipaznaitin\/matematicas-4o-tema-7\/","title":{"rendered":"Matem\u00e1ticas 4\u00ba Tema 7"},"content":{"rendered":"<p><strong>Divisi\u00f3n con n\u00fameros decimales<\/strong><\/p>\n<p><strong>Contenidos previos<\/strong><\/p>\n<p><a href=\"http:\/\/www.ceiploreto.es\/sugerencias\/vindel\/division2.swf\" target=\"_blank\" rel=\"noopener\">APRENDE A DIVIDIR<\/a><\/p>\n<p><strong>Divisi\u00f3n de un n\u00famero decimal por otro natural<\/strong><\/p>\n<p><a href=\"http:\/\/ntic.educacion.es\/w3\/recursos\/primaria\/matematicas\/decimales\/menuu7.html\" target=\"_blank\" rel=\"noopener\">LA DIVISI\u00d3N<\/a><\/p>\n<p><a href=\"http:\/\/www.edu.xunta.es\/espazoAbalar\/sites\/espazoAbalar\/files\/datos\/1327064121\/contido\/decimais_gruta\/gruta-espanol-ingles\/el_tesoro_de_la_gruta-operaciones_con_decimales.html\" target=\"_blank\" rel=\"noopener\">EL TESORO DE LA GRUTA<\/a><\/p>\n<p><strong>Porcentajes<\/strong><\/p>\n<p><a style=\"font-size: 14px;line-height: 22.4px;text-align: -webkit-center\" href=\"http:\/\/www.eltanquematematico.es\/proporcionalidad\/txc\/txc_p.html\" target=\"_blank\" rel=\"noopener\">TANTO POR CIENTO O PORCENTAJE<\/a><\/p>\n<p><a style=\"font-size: 14px;line-height: 22.4px;text-align: -webkit-center\" href=\"http:\/\/www.eltanquematematico.es\/proporcionalidad\/txcc\/txcc_p.html\" target=\"_blank\" rel=\"noopener\">EL TANTO POR CIENTO DE UNA CANTIDAD<\/a><\/p>\n<p><a style=\"font-size: 14px;line-height: 22.4px;text-align: -webkit-center\" href=\"http:\/\/www.genmagic.org\/mates3\/perc1c.swf\" target=\"_blank\" rel=\"noopener\">PORCENTAJES I<\/a><\/p>\n<p><a style=\"font-size: 14px;line-height: 22.4px;text-align: -webkit-center\" href=\"http:\/\/www.ceiploreto.es\/sugerencias\/cplosangeles.juntaextremadura.net\/web\/curso_4\/matematicas_4\/porcentajes_5\/actividad01.htm\" target=\"_blank\" rel=\"noopener\">PORCENTAJES II<br \/>\n<\/a><\/p>\n<p><strong>Multiplicar n\u00fameros de dos cifras por 20<\/strong><\/p>\n<p><a href=\"http:\/\/www.eltanquematematico.es\/operatoria2\/operatoria_2_p.html\" target=\"_blank\" rel=\"noopener\">3.- MULTIPLICAR UN N\u00daMERO POR 20<\/a><\/p>\n","protected":false},"excerpt":{"rendered":"<p>Divisi\u00f3n con n\u00fameros decimales Contenidos previos APRENDE A DIVIDIR Divisi\u00f3n de un n\u00famero decimal por otro natural LA DIVISI\u00d3N EL TESORO DE LA GRUTA Porcentajes TANTO POR CIENTO O PORCENTAJE EL TANTO POR CIENTO DE UNA CANTIDAD PORCENTAJES I PORCENTAJES II Multiplicar n\u00fameros de dos cifras por 20 3.- MULTIPLICAR UN N\u00daMERO POR 20<\/p>\n","protected":false},"author":2805,"featured_media":0,"parent":0,"menu_order":0,"comment_status":"closed","ping_status":"closed","template":"","meta":{"ngg_post_thumbnail":0,"footnotes":"","_mc_calendar":[]},"aioseo_notices":[],"_links":{"self":[{"href":"https:\/\/blogsaverroes.juntadeandalucia.es\/ceipaznaitin\/wp-json\/wp\/v2\/pages\/3811"}],"collection":[{"href":"https:\/\/blogsaverroes.juntadeandalucia.es\/ceipaznaitin\/wp-json\/wp\/v2\/pages"}],"about":[{"href":"https:\/\/blogsaverroes.juntadeandalucia.es\/ceipaznaitin\/wp-json\/wp\/v2\/types\/page"}],"author":[{"embeddable":true,"href":"https:\/\/blogsaverroes.juntadeandalucia.es\/ceipaznaitin\/wp-json\/wp\/v2\/users\/2805"}],"replies":[{"embeddable":true,"href":"https:\/\/blogsaverroes.juntadeandalucia.es\/ceipaznaitin\/wp-json\/wp\/v2\/comments?post=3811"}],"version-history":[{"count":4,"href":"https:\/\/blogsaverroes.juntadeandalucia.es\/ceipaznaitin\/wp-json\/wp\/v2\/pages\/3811\/revisions"}],"predecessor-version":[{"id":3816,"href":"https:\/\/blogsaverroes.juntadeandalucia.es\/ceipaznaitin\/wp-json\/wp\/v2\/pages\/3811\/revisions\/3816"}],"wp:attachment":[{"href":"https:\/\/blogsaverroes.juntadeandalucia.es\/ceipaznaitin\/wp-json\/wp\/v2\/media?parent=3811"}],"curies":[{"name":"wp","href":"https:\/\/api.w.org\/{rel}","templated":true}]}}