{"id":3844,"date":"2018-02-14T18:39:32","date_gmt":"2018-02-14T16:39:32","guid":{"rendered":"http:\/\/blogsaverroes.juntadeandalucia.es\/ceipaznaitin\/?page_id=3844"},"modified":"2018-02-14T18:50:34","modified_gmt":"2018-02-14T16:50:34","slug":"matematicas-5o-tema-7","status":"publish","type":"page","link":"https:\/\/blogsaverroes.juntadeandalucia.es\/ceipaznaitin\/matematicas-5o-tema-7\/","title":{"rendered":"Matem\u00e1ticas 5\u00ba Tema 7"},"content":{"rendered":"<p><strong>Sistema sexagesimal<\/strong><\/p>\n<p><strong>Contenidos previos<\/strong><\/p>\n<p><a style=\"font-size: 14px;line-height: 22.4px;text-align: -webkit-center\" href=\"http:\/\/www.eltanquematematico.es\/todo_mate\/reloj\/reloj_p.html\" target=\"_blank\" rel=\"noopener\">LECTURA DE LA HORA<\/a><\/p>\n<p><a style=\"font-size: 14px;line-height: 22.4px;text-align: -webkit-center\" href=\"http:\/\/www.genmagic.org\/mates2\/reloj_cas.swf\" target=\"_blank\" rel=\"noopener\">PR\u00c1CTICA DE LAS HORAS DIGITALES<\/a><\/p>\n<p><a style=\"font-size: 14px;line-height: 22.4px;text-align: -webkit-center\" href=\"http:\/\/www.ceiploreto.es\/sugerencias\/juntadeandalucia\/Estrategias_numeracion\/reloj2.swf\" target=\"_blank\" rel=\"noopener\">RELOJ ANAL\u00d3GICO-DIGITAL<\/a><\/p>\n<p><a style=\"font-size: 14px;line-height: 22.4px;text-align: -webkit-center\" href=\"http:\/\/arquimedes.matem.unam.mx\/Vinculos\/Primaria\/5_Quinto\/Leccion_5_32\/index.html\" target=\"_blank\" rel=\"noopener\">EL TIEMPO EN EL RELOJ<\/a><\/p>\n<p><a style=\"font-size: 14px;line-height: 22.4px;text-align: -webkit-center\" href=\"http:\/\/agrega.educacion.es\/repositorio\/17072012\/d9\/es_2012071713_9195752\/M_B2_MedicionDelTiempo\/index.html\" target=\"_blank\" rel=\"noopener\">MEDICI\u00d3N DEL TIEMPO<\/a><\/p>\n<p><a style=\"font-size: 14px;line-height: 22.4px;text-align: -webkit-center\" href=\"http:\/\/repositorio.educa.jccm.es\/portal\/odes\/matematicas\/libro_web_49_medidaTiempo\/index.html\" target=\"_blank\" rel=\"noopener\">MEDIDA DEL TIEMPO<\/a><\/p>\n<p><a style=\"font-size: 14px;line-height: 22.4px;text-align: -webkit-center\" href=\"http:\/\/agrega.hezkuntza.net\/repositorio\/02032011\/af\/es-eu_2011022013_1230511\/tiempo\/index.html\" target=\"_blank\" rel=\"noopener\">SD: MEDIR EL TIEMPO<\/a><\/p>\n<p><a style=\"font-size: 14px;line-height: 22.4px;text-align: -webkit-center\" href=\"http:\/\/2633518-0.web-hosting.es\/blog\/manipulables\/numeracion\/reloj.swf\" target=\"_blank\" rel=\"noopener\">RELOJ DID\u00c1CTICO<\/a><\/p>\n<p><a style=\"font-size: 14px;line-height: 22.4px;text-align: -webkit-center\" href=\"http:\/\/agrega.educacion.es\/visualizar\/es\/es_2012121413_9102459\/false\" target=\"_blank\" rel=\"noopener\">SD: LAS HORAS, LOS MINUTOS, LOS SEGUNDOS&#8230; (profesorado)<\/a><\/p>\n<p><a style=\"font-size: 14px;line-height: 22.4px;text-align: -webkit-center\" href=\"http:\/\/agrega.educacion.es\/visualizar\/es\/es_2013020813_9115440\/false\" target=\"_blank\" rel=\"noopener\">SD: LAS HORAS, LOS MINUTOS, LOS SEGUNDOS&#8230; (alumnado)<\/a><\/p>\n<p><a style=\"font-size: 14px;line-height: 22.4px\" href=\"http:\/\/www.genmagic.org\/repositorio\/albums\/userpics\/andig1c.swf\" target=\"_blank\" rel=\"noopener\">RELOJ ANAL\u00d3GICO \/ DIGITAL<\/a><\/p>\n<p><strong>Unidades de media de tiempo. Expresi\u00f3n simple y compleja<\/strong><\/p>\n<p><a style=\"font-size: 14px;line-height: 22.4px;text-align: -webkit-center\" href=\"http:\/\/www.edu.xunta.es\/espazoAbalar\/sites\/espazoAbalar\/files\/datos\/1285579247\/contido\/index.html\" target=\"_blank\" rel=\"noopener\">SISTEMA SEXAGESIMAL<\/a><\/p>\n<p><a style=\"font-size: 14px;line-height: 22.4px;text-align: -webkit-center\" href=\"http:\/\/www.educa.jcyl.es\/educacyl\/cm\/zonaalumnos\/tkPopUp?pgseed=1168680284242&amp;idContent=20743&amp;locale=es_ES&amp;textOnly=false\" target=\"_blank\" rel=\"noopener\">A TIEMPO<\/a><\/p>\n<p><a style=\"font-size: 14px;line-height: 22.4px;text-align: -webkit-center\" href=\"http:\/\/www.ceiploreto.es\/sugerencias\/cplosangeles.juntaextremadura.net\/web\/edilim\/tercer_ciclo\/matematicas5\/tiempo_5\/tiempo_5.html\" target=\"_blank\" rel=\"noopener\">UNIDADES DE TIEMPO<\/a><\/p>\n<p><a style=\"font-size: 14px;line-height: 22.4px;text-align: -webkit-center\" href=\"http:\/\/www.edu.xunta.es\/espazoAbalar\/sites\/espazoAbalar\/files\/datos\/1285584844\/contido\/index.html\" target=\"_blank\" rel=\"noopener\">EL TIEMPO<\/a><\/p>\n<p><a style=\"font-size: 14px;line-height: 22.4px;text-align: -webkit-center\" href=\"http:\/\/www.ceiploreto.es\/sugerencias\/Educarchile\/matematicas\/04_tiempo_equivalencias\/LearningObject\/index.html\" target=\"_blank\" rel=\"noopener\">EL TIEMPO Y SUS EQUIVALENCIAS<\/a><\/p>\n<p><a style=\"font-size: 14px;line-height: 22.4px;text-align: -webkit-center\" href=\"http:\/\/bromera.com\/tl_files\/activitatsdigitals\/capicua_5c_PA\/C5_u10_142_2_definicions_periodesTemps.swf\" target=\"_blank\" rel=\"noopener\">PERIODOS DE TIEMPO<\/a><\/p>\n<p><a style=\"font-size: 14px;line-height: 22.4px\" href=\"http:\/\/www.genmagic.org\/repositorio\/albums\/userpics\/minuts3c.swf\" target=\"_blank\" rel=\"noopener\">CONVERTIR EN MINUTOS<\/a><\/p>\n<p><strong>Unidades de media de \u00e1ngulos<\/strong><\/p>\n<p><a class=\"Estilo2\" style=\"font-size: 14px;line-height: 22.4px;text-align: -webkit-center\" href=\"http:\/\/genmagic.org\/mates2\/gs1c.swf\" target=\"_blank\" rel=\"noopener\">UNIDADES DE MEDIDA DE \u00c1NGULOS<\/a><\/p>\n<p><a style=\"font-size: 14px;line-height: 22.4px;text-align: -webkit-center\" href=\"http:\/\/www.eltanquematematico.es\/angulos\/transportador\/transportador_p.html\" target=\"_blank\" rel=\"noopener\">EL TRANSPORTADOR DE \u00c1NGULOS<\/a><\/p>\n<p><a style=\"font-size: 14px;line-height: 22.4px;text-align: -webkit-center\" href=\"http:\/\/www.eltanquematematico.es\/angulos\/grados\/grados.swf\" target=\"_blank\" rel=\"noopener\">LOS \u00c1NGULOS Y SU MEDIDA<\/a><\/p>\n<p><a style=\"font-size: 14px;line-height: 22.4px;text-align: -webkit-center\" href=\"http:\/\/docentes.educacion.navarra.es\/msadaall\/geogebra\/angulos.htm\" target=\"_blank\" rel=\"noopener\">MEDIDAS DE \u00c1NGULOS<\/a><\/p>\n<p><a style=\"font-size: 14px;line-height: 22.4px;text-align: -webkit-center\" href=\"http:\/\/ww2.educarchile.cl\/UserFiles\/P0024\/File\/skoool\/matematica%20y%20geometria\/medicion%20de%20angulos%201%20agudos%20y%20obtusos\/index.html\" target=\"_blank\" rel=\"noopener\">MEDICI\u00d3N DE \u00c1NGULOS I<\/a><\/p>\n<p><a style=\"font-size: 14px;line-height: 22.4px;text-align: -webkit-center\" href=\"http:\/\/ww2.educarchile.cl\/UserFiles\/P0024\/File\/skoool\/matematica%20y%20geometria\/angulos%20concavos\/index.html\" target=\"_blank\" rel=\"noopener\">MEDICI\u00d3N DE \u00c1NGULOS II<\/a><\/p>\n<p><a style=\"font-size: 14px;line-height: 22.4px;text-align: -webkit-center\" href=\"http:\/\/repositorio.educa.jccm.es\/portal\/odes\/matematicas\/transportador\/\" target=\"_blank\" rel=\"noopener\">MEDICI\u00d3N DE \u00c1NGULOS CON EL TRANSPORTADOR<\/a><\/p>\n<p><a style=\"font-size: 14px;line-height: 22.4px;text-align: -webkit-center\" href=\"http:\/\/agrega.educacion.es\/\/repositorio\/18042011\/66\/es_2011041812_9113228\/primaria_escuadra_cartabon\/escuadra_cartabon\/actividad.html\" target=\"_blank\" rel=\"noopener\">LA ESCUADRA Y EL CARTAB\u00d3N<\/a><\/p>\n<p><a style=\"font-size: 14px;line-height: 22.4px;text-align: -webkit-center\" href=\"http:\/\/agrega.hezkuntza.net\/repositorio\/15022011\/7b\/es-eu_2010022213_1112100\/mx011_oa01_es\/\" target=\"_blank\" rel=\"noopener\">MERCADILLO SOLIDARIO<\/a><\/p>\n<p><a style=\"font-size: 14px;line-height: 22.4px;text-align: -webkit-center\" href=\"http:\/\/www.edu.xunta.es\/espazoAbalar\/sites\/espazoAbalar\/files\/datos\/1302263734\/contido\/index.html\" target=\"_blank\" rel=\"noopener\">MERCADILLO SOLIDARIO<\/a><\/p>\n<p><a style=\"font-size: 14px;line-height: 22.4px;text-align: -webkit-center\" href=\"http:\/\/www.ceiploreto.es\/sugerencias\/chile\/lineas_angulos\/index.html\" target=\"_blank\" rel=\"noopener\">L\u00cdNEAS Y \u00c1NGULOS<\/a><\/p>\n<p><a style=\"font-size: 14px;line-height: 22.4px;text-align: -webkit-center\" href=\"http:\/\/bromera.com\/tl_files\/activitatsdigitals\/capicua_5c_PA\/C5_u04_53_5_opcions_anglesRellotgeFruites.swf\" target=\"_blank\" rel=\"noopener\">\u00c1NGULOS<\/a><\/p>\n<p><a style=\"font-size: 14px;line-height: 22.4px;text-align: -webkit-center\" href=\"http:\/\/bromera.com\/tl_files\/activitatsdigitals\/capicua_5c_PA\/C5_u03_40_4_mesuraAngles.swf\" target=\"_blank\" rel=\"noopener\">MIDE ESTOS \u00c1NGULOS<\/a><\/p>\n<p><strong>Operaciones: tiempo<\/strong><\/p>\n<p><a style=\"font-size: 14px;line-height: 22.4px;text-align: -webkit-center\" href=\"http:\/\/www.primaria.librosvivos.net\/archivosCMS\/3\/3\/16\/usuarios\/103294\/9\/6EP_Mat_es_ud11_SumarRestarTiempo\/frame_prim.swf\" target=\"_blank\" rel=\"noopener\">SUMAR Y RESTAR DATOS DE TIEMPO<\/a><\/p>\n<p><a style=\"font-size: 14px;line-height: 22.4px;text-align: -webkit-center\" href=\"http:\/\/repositorio.educa.jccm.es\/portal\/odes\/matematicas\/libro_web_50_operacionesTiempo\/index.html\" target=\"_blank\" rel=\"noopener\">OPERACIONES CON CANTIDADES DE TIEMPO<\/a><\/p>\n<p><a style=\"font-size: 14px;line-height: 22.4px;text-align: -webkit-center\" href=\"http:\/\/bromera.com\/tl_files\/activitatsdigitals\/capicua_5c_PA\/C5_u10_143_4_rellotges_diferTemps.swf\" target=\"_blank\" rel=\"noopener\">\u00bfCU\u00c1NTO TIEMPO HA PASADO?<\/a><\/p>\n<p><a style=\"font-size: 14px;line-height: 22.4px;text-align: -webkit-center\" href=\"http:\/\/www.juntadeandalucia.es\/averroes\/centros-tic\/14001529\/helvia\/aula\/archivos\/_6\/html\/262\/santillana%20matematicas%202%C2%BA%20ciclo\/contenido\/3.taller\/actividades\/despiertatusneuronas\/es_carcasa.html\" target=\"_blank\" rel=\"noopener\">DESPIERTA TUS NEURONAS<\/a><\/p>\n<p><a style=\"font-size: 14px;line-height: 22.4px\" href=\"http:\/\/www.genmagic.org\/repositorio\/albums\/userpics\/durada3c.swf\" target=\"_blank\" rel=\"noopener\">TIEMPO DE UN VIAJE<\/a><\/p>\n<p><a style=\"font-size: 14px;line-height: 22.4px;text-align: -webkit-center\" href=\"http:\/\/clic.xtec.cat\/db\/jclicApplet.jsp?project=http:\/\/clic.xtec.cat\/projects\/meditemp\/jclic\/meditemp.jclic.zip&amp;lang=es&amp;title=Medir+el+tiempo\" target=\"_blank\" rel=\"noopener\">Medimos el tiempo<\/a><\/p>\n<p><strong>Operaciones: \u00e1ngulos<\/strong><\/p>\n<p><a style=\"font-size: 14px;line-height: 22.4px;text-align: -webkit-center\" href=\"http:\/\/www.eltanquematematico.es\/angulos\/principal_p.html\" target=\"_blank\" rel=\"noopener\">SUMA Y RESTA DE \u00c1NGULOS I<\/a><\/p>\n<p><a style=\"font-size: 14px;line-height: 22.4px;text-align: -webkit-center\" href=\"http:\/\/repositorio.educa.jccm.es\/portal\/odes\/matematicas\/adicion_sustracion_angulos\/\" target=\"_blank\" rel=\"noopener\">ADICI\u00d3N Y SUSTRACCI\u00d3N DE \u00c1NGULOS<\/a><\/p>\n<p><a style=\"font-size: 14px;line-height: 22.4px;text-align: -webkit-center\" href=\"http:\/\/web.educastur.princast.es\/cp\/fozaneld\/Matesdiver\/materiales\/suma%20angulos.swf\" target=\"_blank\" rel=\"noopener\">SUMA DE \u00c1NGULOS I<\/a><\/p>\n<p><a style=\"font-size: 14px;line-height: 22.4px;text-align: -webkit-center\" href=\"http:\/\/recursostic.educacion.es\/descartes\/web\/materiales_didacticos\/angulos\/00_index_angulo.htm\" target=\"_blank\" rel=\"noopener\">\u00c1NGULOS<\/a><\/p>\n<p><a style=\"font-size: 14px;line-height: 22.4px;text-align: -webkit-center\" href=\"http:\/\/web.educastur.princast.es\/cp\/fozaneld\/Matesdiver\/materiales\/resta%20angulos.swf\" target=\"_blank\" rel=\"noopener\">RESTA DE \u00c1NGULOS<\/a><\/p>\n<p><a style=\"font-size: 14px;line-height: 22.4px;text-align: -webkit-center\" href=\"http:\/\/rea.ceibal.edu.uy\/UserFiles\/P0001\/ODEA\/ORIGINAL\/091120_operacionesangulos.elp\/\" target=\"_blank\" rel=\"noopener\">OPERACIONES CON \u00c1NGULOS<\/a><\/p>\n<p><a style=\"font-size: 14px;line-height: 22.4px;text-align: -webkit-center\" href=\"http:\/\/proyectodescartes.org\/PI\/materiales_didacticos\/M_B3_Suma_angulos-JS\/index.html\" target=\"_blank\" rel=\"noopener\">SUMA DE \u00c1NGULOS II<br \/>\n<\/a><\/p>\n<p><strong>\u00a1Sin problemas!<\/strong><\/p>\n<p><a style=\"font-size: 14px;line-height: 22.4px;text-align: -webkit-center\" href=\"http:\/\/www.primaria.librosvivos.net\/archivosCMS\/3\/3\/16\/usuarios\/103294\/9\/6EP_Mat_es_ud11_Resuelveproblemas\/frame_prim.swf\" target=\"_blank\" rel=\"noopener\">RESUELVE PROBLEMAS I<\/a><\/p>\n<p><a style=\"font-size: 14px;line-height: 22.4px;text-align: -webkit-center\" href=\"http:\/\/agrega.hezkuntza.net\/repositorio\/29062011\/25\/es-eu_2011020113_1230543\/index.html\" target=\"_blank\" rel=\"noopener\">NUESTRA GIRA TEATRAL<\/a><\/p>\n<p><a style=\"font-size: 14px;line-height: 22.4px;text-align: -webkit-center\" href=\"http:\/\/www.edu.xunta.es\/espazoAbalar\/sites\/espazoAbalar\/files\/datos\/1302265199\/contido\/index.html\" target=\"_blank\" rel=\"noopener\">NUESTRA GIRA TEATRAL<\/a><\/p>\n<p><a style=\"font-size: 14px;line-height: 22.4px;text-align: -webkit-center\" href=\"http:\/\/www.primaria.librosvivos.net\/archivosCMS\/3\/3\/16\/usuarios\/103294\/9\/5EP_Mat_es_ud12_ResuelveProblemas\/frame_prim.swf\" target=\"_blank\" rel=\"noopener\">RESUELVE PROBLEMAS II<\/a><\/p>\n<p><a style=\"font-size: 14px;line-height: 22.4px\" href=\"http:\/\/www.genmagic.org\/repositorio\/albums\/userpics\/tempel3c.swf\" target=\"_blank\" rel=\"noopener\">PROBLEMAS CON HORAS Y MINUTOS<\/a><\/p>\n<p><a style=\"font-size: 14px;line-height: 22.4px\" href=\"http:\/\/www.genmagic.org\/repositorio\/albums\/userpics\/anfal1c.swf\" target=\"_blank\" rel=\"noopener\">MINUTOS QUE FALTAN<\/a><\/p>\n<p><a style=\"font-size: 14px;line-height: 22.4px;text-align: -webkit-center\" href=\"http:\/\/www.primaria.librosvivos.net\/actividades\/flashActividadesPrimariaPub\/examen.swf?idejecucion=6428\" target=\"_blank\" rel=\"noopener\">AUTOEVALUACI\u00d3N DE LA UNIDAD<\/a><\/p>\n<p><a style=\"font-size: 14px;line-height: 22.4px;text-align: -webkit-center\" href=\"http:\/\/www.testeando.es\/test.asp?idA=67&amp;idT=edogmpns\" target=\"_blank\" rel=\"noopener\">TEST: TIEMPO<\/a><\/p>\n<p>ACTIVIDADES DE REPASO&nbsp;<a href=\"http:\/\/www.juntadeandalucia.es\/averroes\/centros-tic\/41009470\/helvia\/aula\/archivos\/repositorio\/0\/196\/html\/recursos\/la\/U14\/pages\/recursos\/143164_P196.html\" target=\"_blank\" rel=\"noopener\">1<\/a>&nbsp;<a href=\"http:\/\/www.juntadeandalucia.es\/averroes\/centros-tic\/41009470\/helvia\/aula\/archivos\/repositorio\/0\/196\/html\/recursos\/la\/U14\/pages\/recursos\/143164_P198.html\" target=\"_blank\" rel=\"noopener\">2<\/a>&nbsp;<a href=\"http:\/\/www.juntadeandalucia.es\/averroes\/centros-tic\/41009470\/helvia\/aula\/archivos\/repositorio\/0\/196\/html\/recursos\/la\/U14\/pages\/recursos\/143164_P199\/es_carcasa.html\" target=\"_blank\" rel=\"noopener\">3<\/a>&nbsp;<a href=\"http:\/\/www.juntadeandalucia.es\/averroes\/centros-tic\/41009470\/helvia\/aula\/archivos\/repositorio\/0\/196\/html\/recursos\/la\/U14\/pages\/recursos\/143164_P201.html\" target=\"_blank\" rel=\"noopener\">4<\/a>&nbsp;<a href=\"http:\/\/www.juntadeandalucia.es\/averroes\/centros-tic\/41009470\/helvia\/aula\/archivos\/repositorio\/0\/196\/html\/recursos\/la\/U14\/pages\/recursos\/143164_P204_1\/es_carcasa.html\" target=\"_blank\" rel=\"noopener\">5<\/a>&nbsp;<a href=\"http:\/\/www.juntadeandalucia.es\/averroes\/centros-tic\/41009470\/helvia\/aula\/archivos\/repositorio\/0\/196\/html\/recursos\/la\/U14\/pages\/recursos\/143164_P204_2\/es_carcasa.html\" target=\"_blank\" rel=\"noopener\">6<\/a>&nbsp;<a href=\"http:\/\/www.juntadeandalucia.es\/averroes\/centros-tic\/41009470\/helvia\/aula\/archivos\/repositorio\/0\/196\/html\/recursos\/la\/U14\/pages\/recursos\/143164_P204_3\/es_carcasa.html\" target=\"_blank\" rel=\"noopener\">7<\/a>&nbsp;<a href=\"http:\/\/www.juntadeandalucia.es\/averroes\/centros-tic\/41009470\/helvia\/aula\/archivos\/repositorio\/0\/196\/html\/recursos\/la\/U14\/pages\/recursos\/143164_P204_4\/es_carcasa.html\" target=\"_blank\" rel=\"noopener\">8<\/a>&nbsp;<a href=\"http:\/\/www.juntadeandalucia.es\/averroes\/centros-tic\/41009470\/helvia\/aula\/archivos\/repositorio\/0\/196\/html\/recursos\/la\/U14\/pages\/recursos\/143164_P204_5\/es_carcasa.html\" target=\"_blank\" rel=\"noopener\">9<\/a><\/p>\n<p><a style=\"font-size: 14px;line-height: 22.4px;text-align: -webkit-center\" href=\"http:\/\/www.ceiploreto.es\/sugerencias\/cplosangeles.juntaextremadura.net\/web\/matematicas_5\/tiempo_5\/actividad01.htm\" target=\"_blank\" rel=\"noopener\">REPASO: TIEMPO<\/a><\/p>\n","protected":false},"excerpt":{"rendered":"<p>Sistema sexagesimal Contenidos previos LECTURA DE LA HORA PR\u00c1CTICA DE LAS HORAS DIGITALES RELOJ ANAL\u00d3GICO-DIGITAL EL TIEMPO EN EL RELOJ MEDICI\u00d3N DEL TIEMPO MEDIDA DEL TIEMPO SD: MEDIR EL TIEMPO RELOJ DID\u00c1CTICO SD: LAS HORAS, LOS MINUTOS, LOS SEGUNDOS&#8230; (profesorado) SD: LAS HORAS, LOS MINUTOS, LOS SEGUNDOS&#8230; (alumnado) RELOJ ANAL\u00d3GICO \/ DIGITAL Unidades de media &hellip; <\/p>\n<p><a class=\"more-link btn\" href=\"https:\/\/blogsaverroes.juntadeandalucia.es\/ceipaznaitin\/matematicas-5o-tema-7\/\">Seguir leyendo<\/a><\/p>\n","protected":false},"author":2805,"featured_media":0,"parent":0,"menu_order":0,"comment_status":"closed","ping_status":"closed","template":"","meta":{"ngg_post_thumbnail":0,"footnotes":"","_mc_calendar":[]},"aioseo_notices":[],"_links":{"self":[{"href":"https:\/\/blogsaverroes.juntadeandalucia.es\/ceipaznaitin\/wp-json\/wp\/v2\/pages\/3844"}],"collection":[{"href":"https:\/\/blogsaverroes.juntadeandalucia.es\/ceipaznaitin\/wp-json\/wp\/v2\/pages"}],"about":[{"href":"https:\/\/blogsaverroes.juntadeandalucia.es\/ceipaznaitin\/wp-json\/wp\/v2\/types\/page"}],"author":[{"embeddable":true,"href":"https:\/\/blogsaverroes.juntadeandalucia.es\/ceipaznaitin\/wp-json\/wp\/v2\/users\/2805"}],"replies":[{"embeddable":true,"href":"https:\/\/blogsaverroes.juntadeandalucia.es\/ceipaznaitin\/wp-json\/wp\/v2\/comments?post=3844"}],"version-history":[{"count":9,"href":"https:\/\/blogsaverroes.juntadeandalucia.es\/ceipaznaitin\/wp-json\/wp\/v2\/pages\/3844\/revisions"}],"predecessor-version":[{"id":3855,"href":"https:\/\/blogsaverroes.juntadeandalucia.es\/ceipaznaitin\/wp-json\/wp\/v2\/pages\/3844\/revisions\/3855"}],"wp:attachment":[{"href":"https:\/\/blogsaverroes.juntadeandalucia.es\/ceipaznaitin\/wp-json\/wp\/v2\/media?parent=3844"}],"curies":[{"name":"wp","href":"https:\/\/api.w.org\/{rel}","templated":true}]}}