{"id":3856,"date":"2018-02-14T18:53:37","date_gmt":"2018-02-14T16:53:37","guid":{"rendered":"http:\/\/blogsaverroes.juntadeandalucia.es\/ceipaznaitin\/?page_id=3856"},"modified":"2018-02-14T19:07:46","modified_gmt":"2018-02-14T17:07:46","slug":"matematicas-6o-tema-7","status":"publish","type":"page","link":"https:\/\/blogsaverroes.juntadeandalucia.es\/ceipaznaitin\/matematicas-6o-tema-7\/","title":{"rendered":"Matem\u00e1ticas 6\u00ba Tema 7"},"content":{"rendered":"<p><strong>Rectas y \u00e1ngulos<\/strong><\/p>\n<p><strong>Contenidos previos<\/strong><\/p>\n<p><a style=\"font-size: 14px;line-height: 22.4px;text-align: -webkit-center\" href=\"http:\/\/bromera.com\/tl_files\/activitatsdigitals\/capicua_6c_PA\/C6_u05_63_0_opcions_circumferencies.swf\" target=\"_blank\" rel=\"noopener\">POSICI\u00d3N DE DOS CIRCUNFERENCIAS<\/a><\/p>\n<p><a class=\"Estilo2\" style=\"font-size: 14px;line-height: 22.4px;text-align: -webkit-center\" href=\"http:\/\/genmagic.org\/mates2\/gs1c.swf\" target=\"_blank\" rel=\"noopener\">UNIDADES DE MEDIDA DE \u00c1NGULOS<\/a><\/p>\n<p><a class=\"Estilo2\" style=\"font-size: 14px;line-height: 22.4px;text-align: -webkit-center\" href=\"http:\/\/www.primaria.librosvivos.net\/archivosCMS\/3\/3\/16\/usuarios\/103294\/9\/6EP_Mat_cas_ud11_SumaAngulos\/motorActividades.swf\" target=\"_blank\" rel=\"noopener\">SUMA DE \u00c1NGULOS<\/a><\/p>\n<p><a style=\"font-size: 14px;line-height: 22.4px;text-align: -webkit-center\" href=\"http:\/\/recursostic.educacion.es\/descartes\/web\/materiales_didacticos\/angulos\/00_index_angulo.htm\" target=\"_blank\" rel=\"noopener\">\u00c1NGULOS<\/a><\/p>\n<p><a style=\"font-size: 14px;line-height: 22.4px;text-align: -webkit-center\" href=\"http:\/\/rea.ceibal.edu.uy\/UserFiles\/P0001\/ODEA\/ORIGINAL\/091120_operacionesangulos.elp\/\" target=\"_blank\" rel=\"noopener\">OPERACIONES CON \u00c1NGULOS<\/a><\/p>\n<p><a style=\"font-size: 14px;line-height: 22.4px;text-align: -webkit-center\" href=\"http:\/\/proyectodescartes.org\/PI\/materiales_didacticos\/M_B3_Suma_angulos-JS\/index.html\" target=\"_blank\" rel=\"noopener\">SUMA DE \u00c1NGULOS III<\/a><\/p>\n<p><a style=\"font-size: 14px;line-height: 22.4px;text-align: -webkit-center\" href=\"http:\/\/bromera.com\/tl_files\/activitatsdigitals\/capicua_6c_PA\/C6_u04_47_3_respostesMultiples_sumaAngles.swf\" target=\"_blank\" rel=\"noopener\">CALCULA ESTAS SUMAS DE \u00c1NGULOS<\/a><\/p>\n<p><a class=\"Estilo2\" style=\"font-size: 14px;line-height: 22.4px;text-align: -webkit-center\" href=\"http:\/\/www.eltanquematematico.es\/angulos\/principal_p.html\" target=\"_blank\" rel=\"noopener\">SUMA Y RESTA DE \u00c1NGULOS I<\/a><\/p>\n<p><a style=\"font-size: 14px;line-height: 22.4px;text-align: -webkit-center\" href=\"http:\/\/www.polavide.es\/rec_polavide0708\/edilim\/SumaRestaAngulos\/Sumayrestadeangulos.html\" target=\"_blank\" rel=\"noopener\">SUMA Y RESTA DE \u00c1NGULOS II<\/a><\/p>\n<p><a style=\"font-size: 14px;line-height: 22.4px;text-align: -webkit-center\" href=\"http:\/\/repositorio.educa.jccm.es\/portal\/odes\/matematicas\/adicion_sustracion_angulos\/\" target=\"_blank\" rel=\"noopener\">ADICI\u00d3N Y SUSTRACCI\u00d3N DE \u00c1NGULOS<\/a><\/p>\n<p><strong>Posici\u00f3n en el plano de rectas y circunferencias<\/strong><\/p>\n<p><a style=\"font-size: 14px;line-height: 22.4px;text-align: -webkit-center\" href=\"http:\/\/www.primaria.librosvivos.net\/archivosCMS\/3\/3\/16\/usuarios\/103294\/9\/6EP_Mat_cas_ud13_Posiciones_rectas_circunferencias\/motorActividades.swf\" target=\"_blank\" rel=\"noopener\">POSICIONES DE RECTAS Y CIRCUNFERENCIAS<\/a><\/p>\n<p><a style=\"font-size: 14px;line-height: 22.4px;text-align: -webkit-center\" href=\"http:\/\/proyectodescartes.org\/uudd\/materiales_didacticos\/circulo-JS\/index.htm\" target=\"_blank\" rel=\"noopener\">LA CIRCUNFERENCIA Y EL C\u00cdRCULO I<\/a><\/p>\n<p><a style=\"font-size: 14px;line-height: 22.4px;text-align: -webkit-center\" href=\"http:\/\/www.ceiploreto.es\/sugerencias\/cp.beatrizgalindo.alcala\/archivos\/circuloycircunferencia\/menu.html\" target=\"_blank\" rel=\"noopener\">LA CIRCUNFERENCIA Y EL C\u00cdRCULO II<\/a><\/p>\n<p><a style=\"font-size: 14px;line-height: 22.4px\" href=\"http:\/\/www.portaleducativo.net\/ejercicios\/html5\/circunferencia-partes\/\" target=\"_blank\" rel=\"noopener\">CIRCUNFERENCIA Y SUS PARTES<\/a><\/p>\n<p><strong>\u00c1ngulos consecutivos, adyacentes y opuestos. \u00c1ngulos complementarios y suplementarios<\/strong><\/p>\n<p><a style=\"font-size: 14px;line-height: 22.4px;text-align: -webkit-center\" href=\"http:\/\/ww2.educarchile.cl\/UserFiles\/P0024\/File\/skoool\/18Feb2008\/tipo%20de%20angulos\/index.html\" target=\"_blank\" rel=\"noopener\">TIPOS DE \u00c1NGULOS I<\/a><\/p>\n<p><a style=\"font-size: 14px;line-height: 22.4px;text-align: -webkit-center\" href=\"http:\/\/ww2.educarchile.cl\/UserFiles\/P0024\/File\/skoool\/European_Spanish\/Junior_Cycle_Level_1\/maths\/Triangle%20Types\/index.html\" target=\"_blank\" rel=\"noopener\">TIPOS DE \u00c1NGULOS II<\/a><\/p>\n<p><a style=\"font-size: 14px;line-height: 22.4px;text-align: -webkit-center\" href=\"http:\/\/iesbdebraganza.juntaextremadura.net\/geometriainteractiva\/alumno.htm\" target=\"_blank\" rel=\"noopener\">GEOMETR\u00cdA INTERACTIVA<\/a><\/p>\n<p><a style=\"font-size: 14px;line-height: 22.4px;text-align: -webkit-center\" href=\"http:\/\/www.genmagic.org\/repositorio\/albums\/userpics\/angcsc.swf\" target=\"_blank\" rel=\"noopener\">\u00c1NGULOS COMPLEMENTARIOS Y SUPLEMENTARIOS -1-<\/a><\/p>\n<p><a style=\"font-size: 14px;line-height: 22.4px;text-align: -webkit-center\" href=\"http:\/\/www.genmagic.org\/repositorio\/albums\/userpics\/trobang1c.swf\" target=\"_blank\" rel=\"noopener\">CALCULA LOS \u00c1NGULOS -1-<\/a><\/p>\n<p><a style=\"font-size: 14px;line-height: 22.4px;text-align: -webkit-center\" href=\"http:\/\/www.ceiploreto.es\/sugerencias\/cplosangeles.juntaextremadura.net\/web\/edilim\/tercer_ciclo\/matematicas6\/angulos_6\/angulos_6.html\" target=\"_blank\" rel=\"noopener\">\u00c1NGULOS<\/a><\/p>\n<p><a style=\"font-size: 14px;line-height: 22.4px;text-align: -webkit-center\" href=\"http:\/\/www.ceiploreto.es\/sugerencias\/agrega-2curso\/Angulos_complementarios\/contenido\/ma004\/ma004_oa01\/index_es.html\" target=\"_blank\" rel=\"noopener\">\u00c1NGULOS COMPLEMENTARIOS<\/a><\/p>\n<p><a style=\"font-size: 14px;line-height: 22.4px;text-align: -webkit-center\" href=\"http:\/\/www.ceiploreto.es\/sugerencias\/agrega-2curso\/Angulos_complementarios\/index.html\" target=\"_blank\" rel=\"noopener\">\u00c1NGULOS COMPLEMENTARIOS<\/a><\/p>\n<p><a style=\"font-size: 14px;line-height: 22.4px;text-align: -webkit-center\" href=\"http:\/\/www.ceiploreto.es\/sugerencias\/agrega-2curso\/Angulos_suplementarios\/contenido\/ma004\/ma004_oa02\/index_es.html\" target=\"_blank\" rel=\"noopener\">\u00c1NGULOS SUPLEMENTARIOS<\/a><\/p>\n<p><a style=\"font-size: 14px;line-height: 22.4px;text-align: -webkit-center\" href=\"http:\/\/www.ceiploreto.es\/sugerencias\/agrega-2curso\/Angulos_suplementarios\/index.html\" target=\"_blank\" rel=\"noopener\">\u00c1NGULOS SUPLEMENTARIOS<\/a><\/p>\n<p><a style=\"font-size: 14px;line-height: 22.4px;text-align: -webkit-center\" href=\"http:\/\/agrega.educacion.es\/visualizar\/es\/es_2013010313_9114014\/false\" target=\"_blank\" rel=\"noopener\">SD: \u00c1NGULOS (profesorado)<\/a><\/p>\n<p><a style=\"font-size: 14px;line-height: 22.4px;text-align: -webkit-center\" href=\"http:\/\/agrega.educacion.es\/visualizar\/es\/es_2013021213_9080824\/false\" target=\"_blank\" rel=\"noopener\">SD: \u00c1NGULOS (alumnado)<\/a><\/p>\n<p><a style=\"font-size: 14px;line-height: 22.4px;text-align: -webkit-center\" href=\"http:\/\/bromera.com\/tl_files\/activitatsdigitals\/capicua_6c_PA\/C6_u04_50_3_respostesMultiples_angleCompl.swf\" target=\"_blank\" rel=\"noopener\">CALCULA LA MEDIDA DEL \u00c1NGULO COMPLEMENTARIO<\/a><\/p>\n<p><strong>Bisectriz de un \u00e1ngulo<\/strong><\/p>\n<p><a style=\"font-size: 14px;line-height: 22.4px;text-align: -webkit-center\" href=\"http:\/\/docentes.educacion.navarra.es\/msadaall\/geogebra\/reglaycompas.htm\" target=\"_blank\" rel=\"noopener\">CONSTRUCCIONES GEOM\u00c9TRICAS<\/a><\/p>\n<p><a style=\"font-size: 14px;line-height: 22.4px;text-align: -webkit-center\" href=\"http:\/\/repositorio.educa.jccm.es\/portal\/odes\/matematicas\/bisectriz_angulos\/\" target=\"_blank\" rel=\"noopener\">LA BISECTRIZ DE UN \u00c1NGULO<\/a><\/p>\n<p><a style=\"font-size: 14px;line-height: 22.4px;text-align: -webkit-center\" href=\"http:\/\/agrega.educacion.es\/\/repositorio\/10042011\/b9\/es_2011041012_9200145\/primaria_vuelo_en_formacion\/vuelo_en_formacion\/actividad.html\" target=\"_blank\" rel=\"noopener\">VUELO EN FORMACI\u00d3N<\/a><\/p>\n<p><a style=\"font-size: 14px;line-height: 22.4px;text-align: -webkit-center\" href=\"http:\/\/agrega.educacion.es\/\/repositorio\/10042011\/53\/es_2011041012_9200618\/primaria_bisectriz\/bisectriz\/actividad.html\" target=\"_blank\" rel=\"noopener\">CONSTRUCCI\u00d3N DE LA BISECTRIZ<\/a><\/p>\n<p><a style=\"font-size: 14px;line-height: 22.4px;text-align: -webkit-center\" href=\"http:\/\/www.ceiploreto.es\/sugerencias\/cplosangeles.juntaextremadura.net\/web\/edilim\/tercer_ciclo\/matematicas5\/angulos_5\/angulos_5.html\" target=\"_blank\" rel=\"noopener\">\u00c1NGULOS<\/a><\/p>\n<p><strong>Mediatriz de un segmento<\/strong><\/p>\n<p><a class=\"Estilo2\" style=\"font-size: 14px;line-height: 22.4px;text-align: -webkit-center\" href=\"http:\/\/roble.pntic.mec.es\/jarran2\/cabriweb\/0inicio\/mediatriz.htm\" target=\"_blank\" rel=\"noopener\">MEDIATRIZ DE UN SEGMENTO<\/a><\/p>\n<p><a style=\"font-size: 14px;line-height: 22.4px;text-align: -webkit-center\" href=\"http:\/\/agrega.educacion.es\/\/repositorio\/10042011\/63\/es_2011041012_9194750\/primaria_manteniendo_las_distancias\/manteniendo_las_distancias\/actividad.html\" target=\"_blank\" rel=\"noopener\">MANTENIENDO LAS DISTANCIAS<\/a><\/p>\n<p><a style=\"font-size: 14px;line-height: 22.4px;text-align: -webkit-center\" href=\"http:\/\/agrega.educacion.es\/\/repositorio\/10042011\/a0\/es_2011041012_9195310\/primaria_mediatriz\/mediatriz\/actividad.html\" target=\"_blank\" rel=\"noopener\">CONSTRUCCI\u00d3N DE LA MEDIATRIZ<\/a><\/p>\n<p><a style=\"font-size: 14px;line-height: 22.4px;text-align: -webkit-center\" href=\"http:\/\/eva.sepyc.gob.mx\/plataforma\/multimedia\/PA5_MA_B1_OA_21572\/\" target=\"_blank\" rel=\"noopener\">REGLA Y COMP\u00c1S<\/a><\/p>\n<p><a style=\"font-size: 14px;line-height: 22.4px;text-align: -webkit-center\" href=\"http:\/\/cte.seebc.gob.mx\/pta\/app\/quinto\/matematicas\/bloque1\/act4\/\" target=\"_blank\" rel=\"noopener\">DIVISI\u00d3N DE UN SEGMENTO: MEDIATRIZ<\/a><\/p>\n<p><strong>Alturas de un tri\u00e1ngulo. Ortocentro<\/strong><\/p>\n<p><a href=\"http:\/\/www.ceiploreto.es\/sugerencias\/varios\/ortocentro2.swf\" target=\"_blank\" rel=\"noopener\">ALTURAS DE UN TRI\u00c1NGULO. ORTOCENTRO<\/a><\/p>\n<p><a href=\"http:\/\/www.ceiploreto.es\/sugerencias\/varios\/ortocentro.swf\" target=\"_blank\" rel=\"noopener\">ORTOCENTRO<\/a><\/p>\n<p><strong>\u00a1Sin problemas!<\/strong><\/p>\n<p><a href=\"http:\/\/www.eltanquematematico.es\/angulos\/grados\/grados.swf\" target=\"_blank\" rel=\"noopener\">LOS \u00c1NGULOS Y SU MEDIDA<\/a><\/p>\n<p><a href=\"http:\/\/www.primaria.librosvivos.net\/archivosCMS\/3\/3\/16\/usuarios\/103294\/9\/6EP_Mat_es_ud11_ResuelveProblemas\/frame_prim.swf\" target=\"_blank\" rel=\"noopener\">RESUELVE PROBLEMAS<\/a><\/p>\n<p><a href=\"http:\/\/2633518-0.web-hosting.es\/blog\/manipulables\/geometria\/medirangulos.swf\" target=\"_blank\" rel=\"noopener\">\u00c1NGULOS Y SU MEDIDA<\/a><\/p>\n<p><strong>Calcular el 50% de una cantidad<\/strong><\/p>\n<p><a href=\"http:\/\/www.ceiploreto.es\/sugerencias\/Educarchile\/matematicas\/14_porcentajes_vida\/LearningObject\/index.html\" target=\"_blank\" rel=\"noopener\">PORCENTAJES EN LA VIDA COTIDIANA<\/a><\/p>\n<p><a href=\"http:\/\/www.eltanquematematico.es\/tantoporciento\/fraccionesytantopor100_p.html\" target=\"_blank\" rel=\"noopener\">EL TANTO POR CIENTO Y LAS FRACCIONES<\/a><\/p>\n<p><a href=\"http:\/\/www.eltanquematematico.es\/rellenahuecos\/fichas\/diciembre_p.html\" target=\"_blank\" rel=\"noopener\">CALCULAMOS EL 50% DE UNA CANTIDAD<\/a><\/p>\n<p><a class=\"Estilo2\" href=\"http:\/\/conteni2.educarex.es\/mats\/121407\/contenido\/matematicas\/ejercicios_interactivos_web\/unidad_9\/unidad9_angulos.html\" target=\"_blank\" rel=\"noopener\">REPASO LA UNIDAD<\/a><\/p>\n<p><a href=\"http:\/\/www.primaria.librosvivos.net\/actividades\/flashActividadesPrimariaPub\/examen.swf?idejecucion=7580\" target=\"_blank\" rel=\"noopener\">AUTOEVALUACI\u00d3N DE LA UNIDAD<\/a><\/p>\n<p>ACTIVIDADES DE REPASO &nbsp;<a href=\"http:\/\/www.juntadeandalucia.es\/averroes\/centros-tic\/41009470\/helvia\/aula\/archivos\/repositorio\/0\/193\/html\/recursos\/la\/U05\/pages\/recursos\/143304_P60.html\" target=\"_blank\" rel=\"noopener\">1<\/a> <a href=\"http:\/\/www.juntadeandalucia.es\/averroes\/centros-tic\/41009470\/helvia\/aula\/archivos\/repositorio\/0\/193\/html\/recursos\/la\/U05\/pages\/recursos\/143304_P61\/es_carcasa.html\" target=\"_blank\" rel=\"noopener\">2<\/a> <a href=\"http:\/\/www.juntadeandalucia.es\/averroes\/centros-tic\/41009470\/helvia\/aula\/archivos\/repositorio\/0\/193\/html\/recursos\/la\/U05\/pages\/recursos\/143304_P62\/es_carcasa.html\" target=\"_blank\" rel=\"noopener\">3<\/a> <a href=\"http:\/\/www.juntadeandalucia.es\/averroes\/centros-tic\/41009470\/helvia\/aula\/archivos\/repositorio\/0\/193\/html\/recursos\/la\/U05\/pages\/recursos\/143304_P63\/es_carcasa.html\" target=\"_blank\" rel=\"noopener\">4<\/a> <a href=\"http:\/\/www.juntadeandalucia.es\/averroes\/centros-tic\/41009470\/helvia\/aula\/archivos\/repositorio\/0\/193\/html\/recursos\/la\/U05\/pages\/recursos\/143304_P64.html\" target=\"_blank\" rel=\"noopener\">5<\/a> <a href=\"http:\/\/www.juntadeandalucia.es\/averroes\/centros-tic\/41009470\/helvia\/aula\/archivos\/repositorio\/0\/193\/html\/recursos\/la\/U05\/pages\/recursos\/143304_P65\/es_carcasa.html\" target=\"_blank\" rel=\"noopener\">6<\/a> <a href=\"http:\/\/www.juntadeandalucia.es\/averroes\/centros-tic\/41009470\/helvia\/aula\/archivos\/repositorio\/0\/193\/html\/recursos\/la\/U05\/pages\/recursos\/143304_P66.html\" target=\"_blank\" rel=\"noopener\">7<\/a> <a href=\"http:\/\/www.juntadeandalucia.es\/averroes\/centros-tic\/41009470\/helvia\/aula\/archivos\/repositorio\/0\/193\/html\/recursos\/la\/U05\/pages\/recursos\/143304_P67\/es_carcasa.html\" target=\"_blank\" rel=\"noopener\">8<\/a> <a href=\"http:\/\/www.juntadeandalucia.es\/averroes\/centros-tic\/41009470\/helvia\/aula\/archivos\/repositorio\/0\/193\/html\/recursos\/la\/U05\/pages\/recursos\/143304_P68\/es_carcasa.html\" target=\"_blank\" rel=\"noopener\">9<\/a> <a href=\"http:\/\/www.juntadeandalucia.es\/averroes\/centros-tic\/41009470\/helvia\/aula\/archivos\/repositorio\/0\/193\/html\/recursos\/la\/U05\/pages\/recursos\/143304_P69.html\" target=\"_blank\" rel=\"noopener\">10<\/a> <a href=\"http:\/\/www.juntadeandalucia.es\/averroes\/centros-tic\/41009470\/helvia\/aula\/archivos\/repositorio\/0\/193\/html\/recursos\/la\/U05\/pages\/recursos\/143304_P70_1\/es_carcasa.html\" target=\"_blank\" rel=\"noopener\">11<\/a> <a href=\"http:\/\/www.juntadeandalucia.es\/averroes\/centros-tic\/41009470\/helvia\/aula\/archivos\/repositorio\/0\/193\/html\/recursos\/la\/U05\/pages\/recursos\/143304_P70_2\/es_carcasa.html\" target=\"_blank\" rel=\"noopener\">12<\/a> <a href=\"http:\/\/www.juntadeandalucia.es\/averroes\/centros-tic\/41009470\/helvia\/aula\/archivos\/repositorio\/0\/193\/html\/recursos\/la\/U05\/pages\/recursos\/143304_P70_3\/es_carcasa.html\" target=\"_blank\" rel=\"noopener\">13<\/a> <a href=\"http:\/\/www.juntadeandalucia.es\/averroes\/centros-tic\/41009470\/helvia\/aula\/archivos\/repositorio\/0\/193\/html\/recursos\/la\/U05\/pages\/recursos\/143304_P70_4\/es_carcasa.html\" target=\"_blank\" rel=\"noopener\">14<\/a> <a href=\"http:\/\/www.juntadeandalucia.es\/averroes\/centros-tic\/41009470\/helvia\/aula\/archivos\/repositorio\/0\/193\/html\/recursos\/la\/U05\/pages\/recursos\/143304_P70_5\/es_carcasa.html\" target=\"_blank\" rel=\"noopener\">15<\/a> <a href=\"http:\/\/www.juntadeandalucia.es\/averroes\/centros-tic\/41009470\/helvia\/aula\/archivos\/repositorio\/0\/193\/html\/recursos\/la\/U05\/pages\/recursos\/143304_P72.html\" target=\"_blank\" rel=\"noopener\">16<\/a><\/p>\n<p><a href=\"http:\/\/www.ceiploreto.es\/sugerencias\/cplosangeles.juntaextremadura.net\/web\/matematicas_6\/angulos_6\/actividad01.htm\" target=\"_blank\" rel=\"noopener\">REPASO: MEDIDA DE \u00c1NGULOS<\/a><\/p>\n","protected":false},"excerpt":{"rendered":"<p>Rectas y \u00e1ngulos Contenidos previos POSICI\u00d3N DE DOS CIRCUNFERENCIAS UNIDADES DE MEDIDA DE \u00c1NGULOS SUMA DE \u00c1NGULOS \u00c1NGULOS OPERACIONES CON \u00c1NGULOS SUMA DE \u00c1NGULOS III CALCULA ESTAS SUMAS DE \u00c1NGULOS SUMA Y RESTA DE \u00c1NGULOS I SUMA Y RESTA DE \u00c1NGULOS II ADICI\u00d3N Y SUSTRACCI\u00d3N DE \u00c1NGULOS Posici\u00f3n en el plano de rectas y circunferencias &hellip; <\/p>\n<p><a class=\"more-link btn\" href=\"https:\/\/blogsaverroes.juntadeandalucia.es\/ceipaznaitin\/matematicas-6o-tema-7\/\">Seguir leyendo<\/a><\/p>\n","protected":false},"author":2805,"featured_media":0,"parent":0,"menu_order":0,"comment_status":"closed","ping_status":"closed","template":"","meta":{"ngg_post_thumbnail":0,"footnotes":"","_mc_calendar":[]},"aioseo_notices":[],"_links":{"self":[{"href":"https:\/\/blogsaverroes.juntadeandalucia.es\/ceipaznaitin\/wp-json\/wp\/v2\/pages\/3856"}],"collection":[{"href":"https:\/\/blogsaverroes.juntadeandalucia.es\/ceipaznaitin\/wp-json\/wp\/v2\/pages"}],"about":[{"href":"https:\/\/blogsaverroes.juntadeandalucia.es\/ceipaznaitin\/wp-json\/wp\/v2\/types\/page"}],"author":[{"embeddable":true,"href":"https:\/\/blogsaverroes.juntadeandalucia.es\/ceipaznaitin\/wp-json\/wp\/v2\/users\/2805"}],"replies":[{"embeddable":true,"href":"https:\/\/blogsaverroes.juntadeandalucia.es\/ceipaznaitin\/wp-json\/wp\/v2\/comments?post=3856"}],"version-history":[{"count":9,"href":"https:\/\/blogsaverroes.juntadeandalucia.es\/ceipaznaitin\/wp-json\/wp\/v2\/pages\/3856\/revisions"}],"predecessor-version":[{"id":3867,"href":"https:\/\/blogsaverroes.juntadeandalucia.es\/ceipaznaitin\/wp-json\/wp\/v2\/pages\/3856\/revisions\/3867"}],"wp:attachment":[{"href":"https:\/\/blogsaverroes.juntadeandalucia.es\/ceipaznaitin\/wp-json\/wp\/v2\/media?parent=3856"}],"curies":[{"name":"wp","href":"https:\/\/api.w.org\/{rel}","templated":true}]}}