{"id":3981,"date":"2018-02-15T11:45:22","date_gmt":"2018-02-15T09:45:22","guid":{"rendered":"http:\/\/blogsaverroes.juntadeandalucia.es\/ceipaznaitin\/?page_id=3981"},"modified":"2018-02-15T11:52:06","modified_gmt":"2018-02-15T09:52:06","slug":"matematicas-1o-tema-8","status":"publish","type":"page","link":"https:\/\/blogsaverroes.juntadeandalucia.es\/ceipaznaitin\/matematicas-1o-tema-8\/","title":{"rendered":"Matem\u00e1ticas 1\u00ba Tema 8"},"content":{"rendered":"<p><strong>Muchas felicidades<\/strong><\/p>\n<p><strong>N\u00fameros del 90 al 99<\/strong><\/p>\n<p><a style=\"font-size: 14px;line-height: 22.4px;text-align: -webkit-center\" href=\"http:\/\/www.ceiploreto.es\/sugerencias\/cp.juan.de.la.cosa\/matespdi\/01\/11\/04\/011104.swf\" target=\"_blank\" rel=\"noopener\">LOS N\u00daMEROS HASTA EL 99<\/a><\/p>\n<p><a style=\"font-size: 14px;line-height: 22.4px;text-align: -webkit-center\" href=\"http:\/\/primerodecarlos.com\/primerodecarlos.blogspot.com\/abril\/90_99\/visor.swf\" target=\"_blank\" rel=\"noopener\">ESCRIBE LOS N\u00daMEROS<\/a><\/p>\n<p><a style=\"font-size: 14px;line-height: 22.4px;text-align: -webkit-center\" href=\"http:\/\/primerodecarlos.com\/primerodecarlos.blogspot.com\/abril\/90_99_2\/visor.swf\" target=\"_blank\" rel=\"noopener\">CUENTA HACIA ATR\u00c1S<\/a><\/p>\n<p><a style=\"font-size: 14px;line-height: 22.4px;text-align: -webkit-center\" href=\"http:\/\/primerodecarlos.com\/mayo\/COMPLETA%20LA%20SERIE.swf\" target=\"_blank\" rel=\"noopener\">COMPLETA LA SERIE<\/a><\/p>\n<p><a style=\"font-size: 14px;line-height: 22.4px;text-align: -webkit-center\" href=\"http:\/\/www.genmagic.org\/menuprogram\/mates1\/animmat1c.swf\" target=\"_blank\" rel=\"noopener\">NUMERACI\u00d3N NIVEL 1<\/a><\/p>\n<p><a style=\"font-size: 14px;line-height: 22.4px;text-align: -webkit-center\" href=\"http:\/\/www.ceiploreto.es\/sugerencias\/cp.juan.de.la.cosa\/matespdi\/01\/13\/02\/011302.swf\" target=\"_blank\" rel=\"noopener\">LOS N\u00daMEROS HASTA EL 99<\/a><\/p>\n<p><a style=\"font-size: 14px;line-height: 22.4px;text-align: -webkit-center\" href=\"http:\/\/2633518-0.web-hosting.es\/blog\/manipulables\/numeracion\/agrupacuenta.swf\" target=\"_blank\" rel=\"noopener\">AGRUPA Y CUENTA<\/a><\/p>\n<p><a style=\"font-size: 14px;line-height: 22.4px;text-align: -webkit-center\" href=\"http:\/\/www.ceiploreto.es\/sugerencias\/A_1\/Recursosdidacticos\/PRIMERO\/datos\/02_Mates\/03_Recursos\/02_t\/actividades\/numeros\/03.htm\" target=\"_blank\" rel=\"noopener\">ANTERIOR Y POSTERIOR 1<\/a><\/p>\n<p><a style=\"font-size: 14px;line-height: 22.4px;text-align: -webkit-center\" href=\"http:\/\/www.cercifaf.org.pt\/mosaico.edu\/ca\/antseg3.html\" target=\"_blank\" rel=\"noopener\">ANTERIOR Y POSTERIOR 2<\/a><\/p>\n<p><a style=\"font-size: 14px;line-height: 22.4px;text-align: -webkit-center\" href=\"http:\/\/www.ceiploreto.es\/sugerencias\/juntadeandalucia\/Estrategias_numeracion\/abacontador.html\" target=\"_blank\" rel=\"noopener\">\u00c1BACO-CONTADOR<\/a><\/p>\n<p>UNE LOS PUNTOS&nbsp;<a style=\"font-size: 14px;line-height: 22.4px;text-align: -webkit-center\" href=\"http:\/\/www.educa.jcyl.es\/educacyl\/cm\/gallery\/Recursos%20Infinity\/juegos_jcyl\/juegos%202008\/unelospuntos\/lagunanegra_une.swf\" target=\"_blank\" rel=\"noopener\">1<\/a>&nbsp;<a href=\"http:\/\/www.educa.jcyl.es\/educacyl\/cm\/gallery\/Recursos%20Infinity\/juegos_jcyl\/juegos%202008\/unelospuntos\/hocesduraton_une.swf\" target=\"_blank\" rel=\"noopener\">2<\/a>&nbsp;<a href=\"http:\/\/www.educa.jcyl.es\/educacyl\/cm\/gallery\/Recursos%20Infinity\/juegos_jcyl\/juegos%202008\/unelospuntos\/lasmedulas_une.swf\" target=\"_blank\" rel=\"noopener\">3<\/a>&nbsp;<a href=\"http:\/\/www.educa.jcyl.es\/educacyl\/cm\/gallery\/Recursos%20Infinity\/juegos_jcyl\/juegos%202008\/unelospuntos\/picosurbion_une.swf\" target=\"_blank\" rel=\"noopener\">4<\/a>&nbsp;<a href=\"http:\/\/www.educa.jcyl.es\/educacyl\/cm\/gallery\/Recursos%20Infinity\/juegos_jcyl\/juegos%202008\/unelospuntos\/hayedopedrosa_une.swf\" target=\"_blank\" rel=\"noopener\">5<\/a>&nbsp;<a href=\"http:\/\/www.educa.jcyl.es\/educacyl\/cm\/gallery\/Recursos%20Infinity\/juegos_jcyl\/juegos%202008\/unelospuntos\/lastuerces_une.swf\" target=\"_blank\" rel=\"noopener\">6<\/a><\/p>\n<p>REPASO&nbsp;<a style=\"font-size: 14px;line-height: 22.4px;text-align: -webkit-center\" href=\"http:\/\/primerodecarlos.com\/primerodecarlos.blogspot.com\/abril\/hasta_99_4\/visor.swf\" target=\"_blank\" rel=\"noopener\">1<\/a>&nbsp;<a href=\"http:\/\/primerodecarlos.com\/primerodecarlos.blogspot.com\/abril\/hasta_99_anterior_posterior\/visor.swf\" target=\"_blank\" rel=\"noopener\">2<\/a>&nbsp;<a href=\"http:\/\/primerodecarlos.com\/primerodecarlos.blogspot.com\/abril\/hasta_99_9.swf\" target=\"_blank\" rel=\"noopener\">3<\/a>&nbsp;<a href=\"http:\/\/primerodecarlos.com\/primerodecarlos.blogspot.com\/abril\/hasta_99-ordena.swf\" target=\"_blank\" rel=\"noopener\">4<\/a>&nbsp;<a href=\"http:\/\/primerodecarlos.com\/mayo\/99_17.swf\" target=\"_blank\" rel=\"noopener\">5<\/a>&nbsp;<a href=\"http:\/\/primerodecarlos.com\/mayo\/ordena\/visor.swf\" target=\"_blank\" rel=\"noopener\">6<\/a>&nbsp;<a href=\"http:\/\/primerodecarlos.com\/primerodecarlos.blogspot.com\/abril\/hast_99_5.swf\" target=\"_blank\" rel=\"noopener\">7<\/a>&nbsp;<a href=\"http:\/\/primerodecarlos.com\/primerodecarlos.blogspot.com\/abril\/hasta_99_XIII\/visor.swf\" target=\"_blank\" rel=\"noopener\">8<\/a>&nbsp;<a href=\"http:\/\/primerodecarlos.com\/mayo\/99_16.swf\" target=\"_blank\" rel=\"noopener\">9<\/a>&nbsp;<a href=\"http:\/\/primerodecarlos.com\/junio\/anterior_posterior\/visor.swf\" target=\"_blank\" rel=\"noopener\">10<\/a>&nbsp;<a href=\"http:\/\/primerodecarlos.com\/junio\/decenas_unidades\/visor.swf\" target=\"_blank\" rel=\"noopener\">11<\/a>&nbsp;<a href=\"http:\/\/primerodecarlos.com\/junio\/numeracion_99.swf\" target=\"_blank\" rel=\"noopener\">12<\/a>&nbsp;<a href=\"http:\/\/primerodecarlos.com\/mayo\/crucigrama.swf\" target=\"_blank\" rel=\"noopener\">13<\/a><\/p>\n<p><a style=\"font-size: 14px;line-height: 22.4px\" href=\"http:\/\/www.chiscos.net\/xestor\/chs\/limfleming\/series1\/series1.html\" target=\"_blank\" rel=\"noopener\">N\u00daMEROS HASTA 100<\/a><\/p>\n<p><a style=\"font-size: 14px;line-height: 22.4px;text-align: -webkit-center\" href=\"http:\/\/clic.xtec.cat\/db\/jclicApplet.jsp?project=http:\/\/clic.xtec.cat\/projects\/numera\/jclic\/numera.jclic.zip&amp;lang=es\" target=\"_blank\" rel=\"noopener\">La numeraci\u00f3n del 1 al 100<\/a><\/p>\n<p><a style=\"font-size: 14px;line-height: 22.4px;text-align: -webkit-center\" href=\"http:\/\/clic.xtec.cat\/db\/jclicApplet.jsp?project=http:\/\/clic.xtec.cat\/projects\/numerac\/jclic\/numerac.jclic.zip&amp;lang=es\" target=\"_blank\" rel=\"noopener\">Numeraci\u00f3n<\/a><\/p>\n<p><a style=\"font-size: 14px;line-height: 22.4px;text-align: -webkit-center\" href=\"http:\/\/www.catedu.es\/gestor_recursos\/repositorio\/clic\/686\/jclic\/686.htm\" target=\"_blank\" rel=\"noopener\">Numeraci\u00f3n del 0 al 100<\/a><\/p>\n<p><a style=\"font-size: 14px;line-height: 22.4px;text-align: -webkit-center\" href=\"http:\/\/clic.xtec.cat\/db\/jclicApplet.jsp?project=http:\/\/clic.xtec.cat\/projects\/calcul2es\/jclic\/calcul2es.jclic.zip&amp;lang=es\" target=\"_blank\" rel=\"noopener\">Jugamos a contar<\/a><\/p>\n<p><a style=\"font-size: 14px;line-height: 22.4px;text-align: -webkit-center\" href=\"http:\/\/clic.xtec.cat\/db\/jclicApplet.jsp?project=http:\/\/clic.xtec.cat\/projects\/numerac2\/jclic\/numerac2.jclic.zip&amp;lang=es\" target=\"_blank\" rel=\"noopener\">N\u00fameros hasta el 99<\/a><\/p>\n<p><a style=\"font-size: 14px;line-height: 22.4px;text-align: -webkit-center\" href=\"http:\/\/www.catedu.es\/gestor_recursos\/repositorio\/clic\/686\/jclic\/686.htm\" target=\"_blank\" rel=\"noopener\">0 a 100<\/a><\/p>\n<p><a style=\"font-size: 14px;line-height: 22.4px;text-align: -webkit-center\" href=\"http:\/\/clic.xtec.cat\/db\/jclicApplet.jsp?project=http:\/\/clic.xtec.cat\/projects\/l_abaces\/jclic\/l_abaces.jclic.zip&amp;lang=es&amp;title=L%27%C3%A0bac\" target=\"_blank\" rel=\"noopener\">El \u00e1baco<\/a><\/p>\n<p><strong>Comparaci\u00f3n de n\u00fameros de dos cifras<\/strong><\/p>\n<p><a style=\"font-size: 14px;line-height: 22.4px;text-align: -webkit-center\" href=\"http:\/\/www.ceiploreto.es\/sugerencias\/cp.juan.de.la.cosa\/Actividadespdimates2\/01\/02\/02\/010202.swf\" target=\"_blank\" rel=\"noopener\">COMPARACI\u00d3N DE N\u00daMEROS DE DOS CIFRAS 1<\/a><\/p>\n<p><a style=\"font-size: 14px;line-height: 22.4px;text-align: -webkit-center\" href=\"http:\/\/cplosangeles.juntaextremadura.net\/web\/edilim\/curso_2\/matematicas\/numeros02\/numeros02.html\" target=\"_blank\" rel=\"noopener\">COMPARACI\u00d3N DE N\u00daMEROS DE DOS CIFRAS 2<\/a><\/p>\n<p><a style=\"font-size: 14px;line-height: 22.4px;text-align: -webkit-center\" href=\"http:\/\/www.ceiploreto.es\/sugerencias\/cp.juan.de.la.cosa\/1_2\/mates\/actividades\/09\/03\/visor.html\" target=\"_blank\" rel=\"noopener\">COMPARACI\u00d3N DE N\u00daMEROS<\/a><\/p>\n<p><strong>Suma de tres n\u00fameros (2 cif.)<\/strong><\/p>\n<p><a style=\"font-size: 14px;line-height: 22.4px;text-align: -webkit-center\" href=\"http:\/\/www.vedoque.com\/juegos\/jardin-senderos-bifurcan.swf\" target=\"_blank\" rel=\"noopener\">EL JARD\u00cdN DE LOS SENDEROS QUE SE BIFURCAN<\/a><\/p>\n<p><a style=\"font-size: 14px;line-height: 22.4px;text-align: -webkit-center\" href=\"http:\/\/www.ceiploreto.es\/sugerencias\/A_1\/Recursosdidacticos\/PRIMERO\/datos\/02_Mates\/03_Recursos\/03_t\/actividades\/operaciones\/03.htm\" target=\"_blank\" rel=\"noopener\">SUMA DE TRES SUMANDOS SIN LLEVADA<\/a><\/p>\n<p><a style=\"font-size: 14px;line-height: 22.4px;text-align: -webkit-center\" href=\"http:\/\/www.ceiploreto.es\/sugerencias\/cp.juan.de.la.cosa\/matespdi\/01\/14\/02\/011402.swf\" target=\"_blank\" rel=\"noopener\">SUMAS DE TRES N\u00daMEROS<\/a><\/p>\n<p><strong>Pesa m\u00e1s y pesa menos<\/strong><\/p>\n<p><a style=\"font-size: 14px;line-height: 22.4px;text-align: -webkit-center\" href=\"http:\/\/www.ceiploreto.es\/sugerencias\/cp.juan.de.la.cosa\/1_2\/mates\/actividades\/07\/01\/visor.html\" target=\"_blank\" rel=\"noopener\">LA MASA<\/a><\/p>\n<p><a style=\"font-size: 14px;line-height: 22.4px;text-align: -webkit-center\" href=\"http:\/\/primerodecarlos.com\/primerodecarlos.blogspot.com\/noviembre\/ordena_pesos\/peso_1\/visor.swf\" target=\"_blank\" rel=\"noopener\">APRENDE<\/a><\/p>\n<p><a style=\"font-size: 14px;line-height: 22.4px;text-align: -webkit-center\" href=\"http:\/\/primerodecarlos.com\/primerodecarlos.blogspot.com\/noviembre\/ordena_pesos\/visor.swf\" target=\"_blank\" rel=\"noopener\">ORDENA PESOS<\/a><\/p>\n<p><strong>Resuelve problemas<\/strong><\/p>\n<p><a style=\"font-size: 14px;line-height: 22.4px;text-align: -webkit-center\" href=\"http:\/\/www.ceiploreto.es\/sugerencias\/cp.juan.de.la.cosa\/matespdi\/01\/11\/03\/011103.swf\" target=\"_blank\" rel=\"noopener\">PROBLEMA 1<\/a><\/p>\n<p><a style=\"font-size: 14px;line-height: 22.4px;text-align: -webkit-center\" href=\"http:\/\/www.primaria.librosvivos.net\/archivosCMS\/3\/3\/16\/usuarios\/103294\/9\/1epcmcp_ud12_ap_cas\/actividad.swf\" target=\"_blank\" rel=\"noopener\">APRENDO A PENSAR<\/a><\/p>\n<p><a style=\"font-size: 14px;line-height: 22.4px;text-align: -webkit-center\" href=\"http:\/\/www.ceiploreto.es\/sugerencias\/cp.juan.de.la.cosa\/1_2\/mates\/actividades\/14\/03\/visor.html\" target=\"_blank\" rel=\"noopener\">PROBLEMA 2<br \/>\n<\/a><\/p>\n<p><a href=\"http:\/\/www.primaria.librosvivos.net\/archivosCMS\/3\/3\/16\/usuarios\/103294\/9\/mate1ep_ud12_e_cas\/carcasa.swf\" target=\"_blank\" rel=\"noopener\">REPASO<\/a><\/p>\n<p><a href=\"http:\/\/www.ceiploreto.es\/sugerencias\/A_1\/Recursosdidacticos\/PRIMERO\/datos\/02_Mates\/03_Recursos\/02_t\/mates_rdi_trimes_2_t_geom.htm\" target=\"_blank\" rel=\"noopener\">GEOMETR\u00cdA 2\u00ba TRIMESTRE<\/a><\/p>\n","protected":false},"excerpt":{"rendered":"<p>Muchas felicidades N\u00fameros del 90 al 99 LOS N\u00daMEROS HASTA EL 99 ESCRIBE LOS N\u00daMEROS CUENTA HACIA ATR\u00c1S COMPLETA LA SERIE NUMERACI\u00d3N NIVEL 1 LOS N\u00daMEROS HASTA EL 99 AGRUPA Y CUENTA ANTERIOR Y POSTERIOR 1 ANTERIOR Y POSTERIOR 2 \u00c1BACO-CONTADOR UNE LOS PUNTOS&nbsp;1&nbsp;2&nbsp;3&nbsp;4&nbsp;5&nbsp;6 REPASO&nbsp;1&nbsp;2&nbsp;3&nbsp;4&nbsp;5&nbsp;6&nbsp;7&nbsp;8&nbsp;9&nbsp;10&nbsp;11&nbsp;12&nbsp;13 N\u00daMEROS HASTA 100 La numeraci\u00f3n del 1 al 100 Numeraci\u00f3n &hellip; <\/p>\n<p><a class=\"more-link btn\" href=\"https:\/\/blogsaverroes.juntadeandalucia.es\/ceipaznaitin\/matematicas-1o-tema-8\/\">Seguir leyendo<\/a><\/p>\n","protected":false},"author":2805,"featured_media":0,"parent":0,"menu_order":0,"comment_status":"closed","ping_status":"closed","template":"","meta":{"ngg_post_thumbnail":0,"footnotes":"","_mc_calendar":[]},"aioseo_notices":[],"_links":{"self":[{"href":"https:\/\/blogsaverroes.juntadeandalucia.es\/ceipaznaitin\/wp-json\/wp\/v2\/pages\/3981"}],"collection":[{"href":"https:\/\/blogsaverroes.juntadeandalucia.es\/ceipaznaitin\/wp-json\/wp\/v2\/pages"}],"about":[{"href":"https:\/\/blogsaverroes.juntadeandalucia.es\/ceipaznaitin\/wp-json\/wp\/v2\/types\/page"}],"author":[{"embeddable":true,"href":"https:\/\/blogsaverroes.juntadeandalucia.es\/ceipaznaitin\/wp-json\/wp\/v2\/users\/2805"}],"replies":[{"embeddable":true,"href":"https:\/\/blogsaverroes.juntadeandalucia.es\/ceipaznaitin\/wp-json\/wp\/v2\/comments?post=3981"}],"version-history":[{"count":8,"href":"https:\/\/blogsaverroes.juntadeandalucia.es\/ceipaznaitin\/wp-json\/wp\/v2\/pages\/3981\/revisions"}],"predecessor-version":[{"id":3991,"href":"https:\/\/blogsaverroes.juntadeandalucia.es\/ceipaznaitin\/wp-json\/wp\/v2\/pages\/3981\/revisions\/3991"}],"wp:attachment":[{"href":"https:\/\/blogsaverroes.juntadeandalucia.es\/ceipaznaitin\/wp-json\/wp\/v2\/media?parent=3981"}],"curies":[{"name":"wp","href":"https:\/\/api.w.org\/{rel}","templated":true}]}}